{"id":13173,"date":"2019-10-30T15:32:30","date_gmt":"2019-10-30T15:32:30","guid":{"rendered":"https:\/\/ruckstuhlsport.ch\/non%20class\u00e9\/aerateur-de-gazon-manuel\/"},"modified":"2024-04-25T09:46:27","modified_gmt":"2024-04-25T07:46:27","slug":"aerateur-gazon-main","status":"publish","type":"product","link":"https:\/\/ruckstuhlsport.ch\/fr\/greenkeeping\/outils-dentretien\/aerateur-gazon-main\/","title":{"rendered":"A\u00e9rateur de gazon manuel"},"content":{"rendered":"","protected":false},"excerpt":{"rendered":"<p>Pour l&rsquo;a\u00e9ration du sol avec 5 louchets creuses interchangeables et un bac qui r\u00e9cup\u00e8re les morceaux de terre coup\u00e9s<\/p>\n<ul>\n<li>Dimensions des carottes 100 x 12,7 mm<\/li>\n<li>bac en plastique<\/li>\n<\/ul>\n","protected":false},"featured_media":2391,"template":"","meta":{"_crdt_document":"","_uag_custom_page_level_css":"","site-sidebar-layout":"default","site-content-layout":"default","ast-site-content-layout":"default","site-content-style":"default","site-sidebar-style":"default","ast-global-header-display":"","ast-banner-title-visibility":"","ast-main-header-display":"","ast-hfb-above-header-display":"","ast-hfb-below-header-display":"","ast-hfb-mobile-header-display":"","site-post-title":"","ast-breadcrumbs-content":"","ast-featured-img":"","footer-sml-layout":"","ast-disable-related-posts":"","theme-transparent-header-meta":"default","adv-header-id-meta":"","stick-header-meta":"default","header-above-stick-meta":"","header-main-stick-meta":"","header-below-stick-meta":"","astra-migrate-meta-layouts":"default","ast-page-background-enabled":"default","ast-page-background-meta":{"desktop":{"background-color":"","background-image":"","background-repeat":"repeat","background-position":"center center","background-size":"auto","background-attachment":"scroll","background-type":"","background-media":"","overlay-type":"","overlay-color":"","overlay-opacity":"","overlay-gradient":""},"tablet":{"background-color":"","background-image":"","background-repeat":"repeat","background-position":"center center","background-size":"auto","background-attachment":"scroll","background-type":"","background-media":"","overlay-type":"","overlay-color":"","overlay-opacity":"","overlay-gradient":""},"mobile":{"background-color":"","background-image":"","background-repeat":"repeat","background-position":"center center","background-size":"auto","background-attachment":"scroll","background-type":"","background-media":"","overlay-type":"","overlay-color":"","overlay-opacity":"","overlay-gradient":""}},"ast-content-background-meta":{"desktop":{"background-color":"var(--ast-global-color-5)","background-image":"","background-repeat":"repeat","background-position":"center center","background-size":"auto","background-attachment":"scroll","background-type":"","background-media":"","overlay-type":"","overlay-color":"","overlay-opacity":"","overlay-gradient":""},"tablet":{"background-color":"var(--ast-global-color-5)","background-image":"","background-repeat":"repeat","background-position":"center center","background-size":"auto","background-attachment":"scroll","background-type":"","background-media":"","overlay-type":"","overlay-color":"","overlay-opacity":"","overlay-gradient":""},"mobile":{"background-color":"var(--ast-global-color-5)","background-image":"","background-repeat":"repeat","background-position":"center center","background-size":"auto","background-attachment":"scroll","background-type":"","background-media":"","overlay-type":"","overlay-color":"","overlay-opacity":"","overlay-gradient":""}}},"product_brand":[],"product_cat":[1232,906,1929],"product_tag":[],"class_list":{"0":"post-13173","1":"product","2":"type-product","3":"status-publish","4":"has-post-thumbnail","6":"product_cat-outils-dentretien","7":"product_cat-greenkeeping","8":"product_cat-aerateurs","9":"product_shipping_class-defaut","10":"desktop-align-center","11":"tablet-align-center","12":"mobile-align-center","13":"ast-product-gallery-layout-horizontal","14":"ast-product-gallery-with-no-image","15":"ast-product-tabs-layout-horizontal","17":"first","18":"onbackorder","19":"taxable","20":"shipping-taxable","21":"purchasable","22":"product-type-simple"},"uagb_featured_image_src":{"full":["https:\/\/ruckstuhlsport.ch\/wp-content\/uploads\/hand-aerifizierer-RS80200-e1603880121164.jpg",480,456,false],"thumbnail":["https:\/\/ruckstuhlsport.ch\/wp-content\/uploads\/hand-aerifizierer-RS80200-e1603880121164-150x150.jpg",150,150,true],"medium":["https:\/\/ruckstuhlsport.ch\/wp-content\/uploads\/hand-aerifizierer-RS80200-e1603880121164-300x285.jpg",300,285,true],"medium_large":["https:\/\/ruckstuhlsport.ch\/wp-content\/uploads\/hand-aerifizierer-RS80200-e1603880121164.jpg",480,456,false],"large":["https:\/\/ruckstuhlsport.ch\/wp-content\/uploads\/hand-aerifizierer-RS80200-e1603880121164.jpg",480,456,false],"1536x1536":["https:\/\/ruckstuhlsport.ch\/wp-content\/uploads\/hand-aerifizierer-RS80200-e1603880121164.jpg",480,456,false],"2048x2048":["https:\/\/ruckstuhlsport.ch\/wp-content\/uploads\/hand-aerifizierer-RS80200-e1603880121164.jpg",480,456,false],"woocommerce_thumbnail":["https:\/\/ruckstuhlsport.ch\/wp-content\/uploads\/hand-aerifizierer-RS80200-e1603880121164-300x285.jpg",300,285,true],"woocommerce_single":["https:\/\/ruckstuhlsport.ch\/wp-content\/uploads\/hand-aerifizierer-RS80200-e1603880121164.jpg",480,456,false],"woocommerce_gallery_thumbnail":["https:\/\/ruckstuhlsport.ch\/wp-content\/uploads\/hand-aerifizierer-RS80200-e1603880121164-100x100.jpg",100,100,true],"wc_order_status_icon":["https:\/\/ruckstuhlsport.ch\/wp-content\/uploads\/hand-aerifizierer-RS80200-e1603880121164.jpg",32,30,false],"dgwt-wcas-product-suggestion":["https:\/\/ruckstuhlsport.ch\/wp-content\/uploads\/hand-aerifizierer-RS80200-e1603880121164-64x61.jpg",64,61,true]},"uagb_author_info":{"display_name":"admin","author_link":"https:\/\/ruckstuhlsport.ch\/fr\/author\/"},"uagb_comment_info":0,"uagb_excerpt":"Pour l'a\u00e9ration du sol avec 5 louchets creuses interchangeables et un bac qui r\u00e9cup\u00e8re les morceaux de terre coup\u00e9s Dimensions des carottes 100 x 12,7 mm bac en plastique","_links":{"self":[{"href":"https:\/\/ruckstuhlsport.ch\/fr\/wp-json\/wp\/v2\/product\/13173","targetHints":{"allow":["GET"]}}],"collection":[{"href":"https:\/\/ruckstuhlsport.ch\/fr\/wp-json\/wp\/v2\/product"}],"about":[{"href":"https:\/\/ruckstuhlsport.ch\/fr\/wp-json\/wp\/v2\/types\/product"}],"wp:featuredmedia":[{"embeddable":true,"href":"https:\/\/ruckstuhlsport.ch\/fr\/wp-json\/wp\/v2\/media\/2391"}],"wp:attachment":[{"href":"https:\/\/ruckstuhlsport.ch\/fr\/wp-json\/wp\/v2\/media?parent=13173"}],"wp:term":[{"taxonomy":"product_brand","embeddable":true,"href":"https:\/\/ruckstuhlsport.ch\/fr\/wp-json\/wp\/v2\/product_brand?post=13173"},{"taxonomy":"product_cat","embeddable":true,"href":"https:\/\/ruckstuhlsport.ch\/fr\/wp-json\/wp\/v2\/product_cat?post=13173"},{"taxonomy":"product_tag","embeddable":true,"href":"https:\/\/ruckstuhlsport.ch\/fr\/wp-json\/wp\/v2\/product_tag?post=13173"}],"curies":[{"name":"wp","href":"https:\/\/api.w.org\/{rel}","templated":true}]}}