{"id":13208,"date":"2020-09-30T11:29:21","date_gmt":"2020-09-30T09:29:21","guid":{"rendered":"https:\/\/ruckstuhlsport.ch\/unkategorisiert\/rateau-a-tamis\/"},"modified":"2024-10-10T16:34:39","modified_gmt":"2024-10-10T14:34:39","slug":"rateau-tamis","status":"publish","type":"product","link":"https:\/\/ruckstuhlsport.ch\/fr\/greenkeeping\/rateaux\/rateau-tamis\/","title":{"rendered":"R\u00e2teau \u00e0 tamis"},"content":{"rendered":"","protected":false},"excerpt":{"rendered":"<ul>\n<li>t\u00eate de r\u00e2teau de 61 cm de large<\/li>\n<li>avec manche en aluminium de 168 cm de long<\/li>\n<li>Gr\u00e2ce aux dents de tamis sp\u00e9ciales, vous pouvez facilement \u00e9liminer la salet\u00e9 dans le sable<\/li>\n<li>Id\u00e9al pour tous les sports de plage et les fosses de saut<\/li>\n<\/ul>\n","protected":false},"featured_media":11736,"template":"","meta":{"_crdt_document":"","_uag_custom_page_level_css":"","site-sidebar-layout":"default","site-content-layout":"default","ast-site-content-layout":"default","site-content-style":"default","site-sidebar-style":"default","ast-global-header-display":"","ast-banner-title-visibility":"","ast-main-header-display":"","ast-hfb-above-header-display":"","ast-hfb-below-header-display":"","ast-hfb-mobile-header-display":"","site-post-title":"","ast-breadcrumbs-content":"","ast-featured-img":"","footer-sml-layout":"","ast-disable-related-posts":"","theme-transparent-header-meta":"default","adv-header-id-meta":"","stick-header-meta":"default","header-above-stick-meta":"","header-main-stick-meta":"","header-below-stick-meta":"","astra-migrate-meta-layouts":"default","ast-page-background-enabled":"default","ast-page-background-meta":{"desktop":{"background-color":"","background-image":"","background-repeat":"repeat","background-position":"center center","background-size":"auto","background-attachment":"scroll","background-type":"","background-media":"","overlay-type":"","overlay-color":"","overlay-opacity":"","overlay-gradient":""},"tablet":{"background-color":"","background-image":"","background-repeat":"repeat","background-position":"center center","background-size":"auto","background-attachment":"scroll","background-type":"","background-media":"","overlay-type":"","overlay-color":"","overlay-opacity":"","overlay-gradient":""},"mobile":{"background-color":"","background-image":"","background-repeat":"repeat","background-position":"center center","background-size":"auto","background-attachment":"scroll","background-type":"","background-media":"","overlay-type":"","overlay-color":"","overlay-opacity":"","overlay-gradient":""}},"ast-content-background-meta":{"desktop":{"background-color":"var(--ast-global-color-5)","background-image":"","background-repeat":"repeat","background-position":"center center","background-size":"auto","background-attachment":"scroll","background-type":"","background-media":"","overlay-type":"","overlay-color":"","overlay-opacity":"","overlay-gradient":""},"tablet":{"background-color":"var(--ast-global-color-5)","background-image":"","background-repeat":"repeat","background-position":"center center","background-size":"auto","background-attachment":"scroll","background-type":"","background-media":"","overlay-type":"","overlay-color":"","overlay-opacity":"","overlay-gradient":""},"mobile":{"background-color":"var(--ast-global-color-5)","background-image":"","background-repeat":"repeat","background-position":"center center","background-size":"auto","background-attachment":"scroll","background-type":"","background-media":"","overlay-type":"","overlay-color":"","overlay-opacity":"","overlay-gradient":""}}},"product_brand":[],"product_cat":[1228,906],"product_tag":[],"class_list":{"0":"post-13208","1":"product","2":"type-product","3":"status-publish","4":"has-post-thumbnail","6":"product_cat-rateaux","7":"product_cat-greenkeeping","8":"product_shipping_class-marchandise-volumineuse","9":"pa_ausfuehrung-avec-manche-fr","10":"pa_material-metal","11":"desktop-align-center","12":"tablet-align-center","13":"mobile-align-center","14":"ast-product-gallery-layout-horizontal","15":"ast-product-gallery-with-no-image","16":"ast-product-tabs-layout-horizontal","18":"first","19":"onbackorder","20":"taxable","21":"shipping-taxable","22":"purchasable","23":"product-type-simple"},"uagb_featured_image_src":{"full":["https:\/\/ruckstuhlsport.ch\/wp-content\/uploads\/Siebrechen-1.jpg",540,294,false],"thumbnail":["https:\/\/ruckstuhlsport.ch\/wp-content\/uploads\/Siebrechen-1-150x150.jpg",150,150,true],"medium":["https:\/\/ruckstuhlsport.ch\/wp-content\/uploads\/Siebrechen-1-300x163.jpg",300,163,true],"medium_large":["https:\/\/ruckstuhlsport.ch\/wp-content\/uploads\/Siebrechen-1.jpg",540,294,false],"large":["https:\/\/ruckstuhlsport.ch\/wp-content\/uploads\/Siebrechen-1.jpg",540,294,false],"1536x1536":["https:\/\/ruckstuhlsport.ch\/wp-content\/uploads\/Siebrechen-1.jpg",540,294,false],"2048x2048":["https:\/\/ruckstuhlsport.ch\/wp-content\/uploads\/Siebrechen-1.jpg",540,294,false],"woocommerce_thumbnail":["https:\/\/ruckstuhlsport.ch\/wp-content\/uploads\/Siebrechen-1-300x163.jpg",300,163,true],"woocommerce_single":["https:\/\/ruckstuhlsport.ch\/wp-content\/uploads\/Siebrechen-1.jpg",540,294,false],"woocommerce_gallery_thumbnail":["https:\/\/ruckstuhlsport.ch\/wp-content\/uploads\/Siebrechen-1-100x100.jpg",100,100,true],"wc_order_status_icon":["https:\/\/ruckstuhlsport.ch\/wp-content\/uploads\/Siebrechen-1.jpg",32,17,false],"dgwt-wcas-product-suggestion":["https:\/\/ruckstuhlsport.ch\/wp-content\/uploads\/Siebrechen-1-64x35.jpg",64,35,true]},"uagb_author_info":{"display_name":"admin","author_link":"https:\/\/ruckstuhlsport.ch\/fr\/author\/"},"uagb_comment_info":0,"uagb_excerpt":"t\u00eate de r\u00e2teau de 61 cm de large avec manche en aluminium de 168 cm de long Gr\u00e2ce aux dents de tamis sp\u00e9ciales, vous pouvez facilement \u00e9liminer la salet\u00e9 dans le sable Id\u00e9al pour tous les sports de plage et les fosses de saut","_links":{"self":[{"href":"https:\/\/ruckstuhlsport.ch\/fr\/wp-json\/wp\/v2\/product\/13208","targetHints":{"allow":["GET"]}}],"collection":[{"href":"https:\/\/ruckstuhlsport.ch\/fr\/wp-json\/wp\/v2\/product"}],"about":[{"href":"https:\/\/ruckstuhlsport.ch\/fr\/wp-json\/wp\/v2\/types\/product"}],"wp:featuredmedia":[{"embeddable":true,"href":"https:\/\/ruckstuhlsport.ch\/fr\/wp-json\/wp\/v2\/media\/11736"}],"wp:attachment":[{"href":"https:\/\/ruckstuhlsport.ch\/fr\/wp-json\/wp\/v2\/media?parent=13208"}],"wp:term":[{"taxonomy":"product_brand","embeddable":true,"href":"https:\/\/ruckstuhlsport.ch\/fr\/wp-json\/wp\/v2\/product_brand?post=13208"},{"taxonomy":"product_cat","embeddable":true,"href":"https:\/\/ruckstuhlsport.ch\/fr\/wp-json\/wp\/v2\/product_cat?post=13208"},{"taxonomy":"product_tag","embeddable":true,"href":"https:\/\/ruckstuhlsport.ch\/fr\/wp-json\/wp\/v2\/product_tag?post=13208"}],"curies":[{"name":"wp","href":"https:\/\/api.w.org\/{rel}","templated":true}]}}