{"id":13240,"date":"2020-09-21T10:28:21","date_gmt":"2021-09-10T05:59:13","guid":{"rendered":"https:\/\/ruckstuhlsport.ch\/unkategorisiert\/filet-de-but-handball-pro-pp-5-mm\/"},"modified":"2025-02-11T00:02:12","modified_gmt":"2025-02-10T23:02:12","slug":"filet-but-handball-pro-pp-5mm","status":"publish","type":"product","link":"https:\/\/ruckstuhlsport.ch\/fr\/handball\/filets-de-but-handball\/filet-but-handball-pro-pp-5mm\/","title":{"rendered":"Filet de but handball Pro, PP 5 mm"},"content":{"rendered":"","protected":false},"excerpt":{"rendered":"<ul>\n<li>Filet pour buts de 3 x 2 m<\/li>\n<li>Dimensions: 3.10 x 2.10 m (L x H)<\/li>\n<li>Profondeur en haut: 80 cm<\/li>\n<li>Profondeur en bas: 100 cm<\/li>\n<li>Mat\u00e9riau : polypropyl\u00e8ne (PP)<\/li>\n<li>\u00c9paisseur du mat\u00e9riau : environ 5 mm<\/li>\n<li>Qualit\u00e9: sans n\u0153uds<\/li>\n<li>Mailles: 100 mm<\/li>\n<li>Couleurs: vert ou blanc<\/li>\n<li>avec bords renforc\u00e9s et une corde de tension \u00f8 6 mm int\u00e9gr\u00e9 dans le toit<\/li>\n<li><strong>En plus<\/strong> avec corde de tension au-dessus\/en dessous et lib\u00e9ration rapide<\/li>\n<\/ul>\n","protected":false},"featured_media":15186,"template":"","meta":{"_crdt_document":"","_uag_custom_page_level_css":"","site-sidebar-layout":"default","site-content-layout":"default","ast-site-content-layout":"default","site-content-style":"default","site-sidebar-style":"default","ast-global-header-display":"","ast-banner-title-visibility":"","ast-main-header-display":"","ast-hfb-above-header-display":"","ast-hfb-below-header-display":"","ast-hfb-mobile-header-display":"","site-post-title":"","ast-breadcrumbs-content":"","ast-featured-img":"","footer-sml-layout":"","ast-disable-related-posts":"","theme-transparent-header-meta":"default","adv-header-id-meta":"","stick-header-meta":"default","header-above-stick-meta":"","header-main-stick-meta":"","header-below-stick-meta":"","astra-migrate-meta-layouts":"default","ast-page-background-enabled":"default","ast-page-background-meta":{"desktop":{"background-color":"","background-image":"","background-repeat":"repeat","background-position":"center center","background-size":"auto","background-attachment":"scroll","background-type":"","background-media":"","overlay-type":"","overlay-color":"","overlay-opacity":"","overlay-gradient":""},"tablet":{"background-color":"","background-image":"","background-repeat":"repeat","background-position":"center center","background-size":"auto","background-attachment":"scroll","background-type":"","background-media":"","overlay-type":"","overlay-color":"","overlay-opacity":"","overlay-gradient":""},"mobile":{"background-color":"","background-image":"","background-repeat":"repeat","background-position":"center center","background-size":"auto","background-attachment":"scroll","background-type":"","background-media":"","overlay-type":"","overlay-color":"","overlay-opacity":"","overlay-gradient":""}},"ast-content-background-meta":{"desktop":{"background-color":"var(--ast-global-color-5)","background-image":"","background-repeat":"repeat","background-position":"center center","background-size":"auto","background-attachment":"scroll","background-type":"","background-media":"","overlay-type":"","overlay-color":"","overlay-opacity":"","overlay-gradient":""},"tablet":{"background-color":"var(--ast-global-color-5)","background-image":"","background-repeat":"repeat","background-position":"center center","background-size":"auto","background-attachment":"scroll","background-type":"","background-media":"","overlay-type":"","overlay-color":"","overlay-opacity":"","overlay-gradient":""},"mobile":{"background-color":"var(--ast-global-color-5)","background-image":"","background-repeat":"repeat","background-position":"center center","background-size":"auto","background-attachment":"scroll","background-type":"","background-media":"","overlay-type":"","overlay-color":"","overlay-opacity":"","overlay-gradient":""}}},"product_brand":[],"product_cat":[1486,932,989,990,1798,938],"product_tag":[],"class_list":{"0":"post-13240","1":"product","2":"type-product","3":"status-publish","4":"has-post-thumbnail","6":"product_cat-filets-de-but-handball","7":"product_cat-football","8":"product_cat-equipement-terrain-foot","9":"product_cat-filets-de-but","10":"product_cat-filets-buts-de-handball","11":"product_cat-handball","12":"product_shipping_class-defaut","13":"pa_farbe-blanc","14":"pa_farbe-vert","15":"pa_groesse-3-10-x-2-10-m-fr","16":"pa_maschenweite-100-mm-fr","17":"pa_material-polypropylene-pp","18":"pa_materialstaerke-5-0-mm-fr","19":"pa_qualitaet-sans-noeuds","20":"pa_tiefe-0-80-1-00-m-fr","21":"desktop-align-center","22":"tablet-align-center","23":"mobile-align-center","24":"ast-product-gallery-layout-horizontal","25":"ast-product-gallery-with-no-image","26":"ast-product-single-variable","27":"ast-product-tabs-layout-horizontal","29":"first","30":"onbackorder","31":"taxable","32":"shipping-taxable","33":"purchasable","34":"product-type-variable"},"uagb_featured_image_src":{"full":["https:\/\/ruckstuhlsport.ch\/wp-content\/uploads\/handball-tornetz-310x210-80x100-einfarbig-gruen-quadrat-PP-5mm-100MW.jpg",1000,1000,false],"thumbnail":["https:\/\/ruckstuhlsport.ch\/wp-content\/uploads\/handball-tornetz-310x210-80x100-einfarbig-gruen-quadrat-PP-5mm-100MW-150x150.jpg",150,150,true],"medium":["https:\/\/ruckstuhlsport.ch\/wp-content\/uploads\/handball-tornetz-310x210-80x100-einfarbig-gruen-quadrat-PP-5mm-100MW-300x300.jpg",300,300,true],"medium_large":["https:\/\/ruckstuhlsport.ch\/wp-content\/uploads\/handball-tornetz-310x210-80x100-einfarbig-gruen-quadrat-PP-5mm-100MW-768x768.jpg",768,768,true],"large":["https:\/\/ruckstuhlsport.ch\/wp-content\/uploads\/handball-tornetz-310x210-80x100-einfarbig-gruen-quadrat-PP-5mm-100MW.jpg",1000,1000,false],"1536x1536":["https:\/\/ruckstuhlsport.ch\/wp-content\/uploads\/handball-tornetz-310x210-80x100-einfarbig-gruen-quadrat-PP-5mm-100MW.jpg",1000,1000,false],"2048x2048":["https:\/\/ruckstuhlsport.ch\/wp-content\/uploads\/handball-tornetz-310x210-80x100-einfarbig-gruen-quadrat-PP-5mm-100MW.jpg",1000,1000,false],"woocommerce_thumbnail":["https:\/\/ruckstuhlsport.ch\/wp-content\/uploads\/handball-tornetz-310x210-80x100-einfarbig-gruen-quadrat-PP-5mm-100MW-300x300.jpg",300,300,true],"woocommerce_single":["https:\/\/ruckstuhlsport.ch\/wp-content\/uploads\/handball-tornetz-310x210-80x100-einfarbig-gruen-quadrat-PP-5mm-100MW-600x600.jpg",600,600,true],"woocommerce_gallery_thumbnail":["https:\/\/ruckstuhlsport.ch\/wp-content\/uploads\/handball-tornetz-310x210-80x100-einfarbig-gruen-quadrat-PP-5mm-100MW-100x100.jpg",100,100,true],"wc_order_status_icon":["https:\/\/ruckstuhlsport.ch\/wp-content\/uploads\/handball-tornetz-310x210-80x100-einfarbig-gruen-quadrat-PP-5mm-100MW.jpg",32,32,false],"dgwt-wcas-product-suggestion":["https:\/\/ruckstuhlsport.ch\/wp-content\/uploads\/handball-tornetz-310x210-80x100-einfarbig-gruen-quadrat-PP-5mm-100MW-64x64.jpg",64,64,true]},"uagb_author_info":{"display_name":"admin","author_link":"https:\/\/ruckstuhlsport.ch\/fr\/author\/"},"uagb_comment_info":0,"uagb_excerpt":"Filet pour buts de 3 x 2 m Dimensions: 3.10 x 2.10 m (L x H) Profondeur en haut: 80 cm Profondeur en bas: 100 cm Mat\u00e9riau : polypropyl\u00e8ne (PP) \u00c9paisseur du mat\u00e9riau : environ 5 mm Qualit\u00e9: sans n\u0153uds Mailles: 100 mm Couleurs: vert ou blanc avec bords renforc\u00e9s et une corde de tension\u2026","_links":{"self":[{"href":"https:\/\/ruckstuhlsport.ch\/fr\/wp-json\/wp\/v2\/product\/13240","targetHints":{"allow":["GET"]}}],"collection":[{"href":"https:\/\/ruckstuhlsport.ch\/fr\/wp-json\/wp\/v2\/product"}],"about":[{"href":"https:\/\/ruckstuhlsport.ch\/fr\/wp-json\/wp\/v2\/types\/product"}],"wp:featuredmedia":[{"embeddable":true,"href":"https:\/\/ruckstuhlsport.ch\/fr\/wp-json\/wp\/v2\/media\/15186"}],"wp:attachment":[{"href":"https:\/\/ruckstuhlsport.ch\/fr\/wp-json\/wp\/v2\/media?parent=13240"}],"wp:term":[{"taxonomy":"product_brand","embeddable":true,"href":"https:\/\/ruckstuhlsport.ch\/fr\/wp-json\/wp\/v2\/product_brand?post=13240"},{"taxonomy":"product_cat","embeddable":true,"href":"https:\/\/ruckstuhlsport.ch\/fr\/wp-json\/wp\/v2\/product_cat?post=13240"},{"taxonomy":"product_tag","embeddable":true,"href":"https:\/\/ruckstuhlsport.ch\/fr\/wp-json\/wp\/v2\/product_tag?post=13240"}],"curies":[{"name":"wp","href":"https:\/\/api.w.org\/{rel}","templated":true}]}}