{"id":13263,"date":"2020-09-16T09:44:56","date_gmt":"2020-09-16T07:44:56","guid":{"rendered":"https:\/\/ruckstuhlsport.ch\/non%20class\u00e9\/mini-but-de-football-3-00-x-1-00-m-entierement-soude\/"},"modified":"2025-08-03T00:01:12","modified_gmt":"2025-08-02T22:01:12","slug":"mini-but-football-3x1m-entierement-soude","status":"publish","type":"product","link":"https:\/\/ruckstuhlsport.ch\/fr\/football\/equipement-terrain-foot\/buts-de-football\/mini-buts-football\/mini-but-football-3x1m-entierement-soude\/","title":{"rendered":"Mini-but de football 3.00 x 1.00 m, enti\u00e8rement soud\u00e9"},"content":{"rendered":"<p>Le mini-but de football de 3.00 x 1.00 m est enti\u00e8rement soud\u00e9 et construit d&rsquo;un profil\u00e9 en aluminium avec un diam\u00e8tre de 80 mm. Par cons\u00e9quence, ce mini-but est tr\u00e8s stable et donc le but id\u00e9al pour les enfants. Gr\u00e2ce aux crochets de fixation en forme H inclus, il n&rsquo;y a pas de risque pour les joueurs de se blesser. En plus des crochets de fixation pour le filet, le filet de but est \u00e9galement compris dans la livraison.<\/p>\n","protected":false},"excerpt":{"rendered":"<ul>\n<li>Dimension: 3.00 x 1.00 m<\/li>\n<li>Support de filet: supports fixe<\/li>\n<li>Profil: profil en aluminium rond (\u00f8 80 mm)<\/li>\n<li>Couleur des profil\u00e9s: alu brut<\/li>\n<li>Cadre au sol: profil en aluminium rond (\u00f8 80 mm)<\/li>\n<li>Soudage: enti\u00e8rement soud\u00e9<\/li>\n<li>Fixation du filet: Crochets en forme H en plastique<\/li>\n<li>Contenu de la livraison: mini but, crochets de filet, filet de but<\/li>\n<\/ul>\n","protected":false},"featured_media":6081,"template":"","meta":{"_crdt_document":"","_uag_custom_page_level_css":"","site-sidebar-layout":"default","site-content-layout":"default","ast-site-content-layout":"default","site-content-style":"default","site-sidebar-style":"default","ast-global-header-display":"","ast-banner-title-visibility":"","ast-main-header-display":"","ast-hfb-above-header-display":"","ast-hfb-below-header-display":"","ast-hfb-mobile-header-display":"","site-post-title":"","ast-breadcrumbs-content":"","ast-featured-img":"","footer-sml-layout":"","ast-disable-related-posts":"","theme-transparent-header-meta":"default","adv-header-id-meta":"","stick-header-meta":"default","header-above-stick-meta":"","header-main-stick-meta":"","header-below-stick-meta":"","astra-migrate-meta-layouts":"default","ast-page-background-enabled":"default","ast-page-background-meta":{"desktop":{"background-color":"","background-image":"","background-repeat":"repeat","background-position":"center center","background-size":"auto","background-attachment":"scroll","background-type":"","background-media":"","overlay-type":"","overlay-color":"","overlay-opacity":"","overlay-gradient":""},"tablet":{"background-color":"","background-image":"","background-repeat":"repeat","background-position":"center center","background-size":"auto","background-attachment":"scroll","background-type":"","background-media":"","overlay-type":"","overlay-color":"","overlay-opacity":"","overlay-gradient":""},"mobile":{"background-color":"","background-image":"","background-repeat":"repeat","background-position":"center center","background-size":"auto","background-attachment":"scroll","background-type":"","background-media":"","overlay-type":"","overlay-color":"","overlay-opacity":"","overlay-gradient":""}},"ast-content-background-meta":{"desktop":{"background-color":"var(--ast-global-color-5)","background-image":"","background-repeat":"repeat","background-position":"center center","background-size":"auto","background-attachment":"scroll","background-type":"","background-media":"","overlay-type":"","overlay-color":"","overlay-opacity":"","overlay-gradient":""},"tablet":{"background-color":"var(--ast-global-color-5)","background-image":"","background-repeat":"repeat","background-position":"center center","background-size":"auto","background-attachment":"scroll","background-type":"","background-media":"","overlay-type":"","overlay-color":"","overlay-opacity":"","overlay-gradient":""},"mobile":{"background-color":"var(--ast-global-color-5)","background-image":"","background-repeat":"repeat","background-position":"center center","background-size":"auto","background-attachment":"scroll","background-type":"","background-media":"","overlay-type":"","overlay-color":"","overlay-opacity":"","overlay-gradient":""}}},"product_brand":[],"product_cat":[1497,932,989,1496,933,972],"product_tag":[1967],"class_list":{"0":"post-13263","1":"product","2":"type-product","3":"status-publish","4":"has-post-thumbnail","6":"product_cat-mini-buts-football","7":"product_cat-football","8":"product_cat-equipement-terrain-foot","9":"product_cat-buts-de-football","10":"product_cat-materiel-dentrainement-de-football","11":"product_cat-mini-buts","12":"product_tag-ecole","13":"product_shipping_class-but-de-football","14":"pa_ausfuehrung-entierement-soude","15":"pa_befestigung-autoportant","16":"pa_farbe-alu-fr","17":"pa_groesse-3-00-x-1-00-m-fr","18":"pa_netzaufhaengung-supports-de-filet","19":"pa_netzhaken-crochets-en-forme-h","20":"desktop-align-center","21":"tablet-align-center","22":"mobile-align-center","23":"ast-product-gallery-layout-horizontal","24":"ast-product-gallery-with-no-image","25":"ast-product-tabs-layout-horizontal","27":"first","28":"onbackorder","29":"taxable","30":"shipping-taxable","31":"purchasable","32":"product-type-simple"},"uagb_featured_image_src":{"full":["https:\/\/ruckstuhlsport.ch\/wp-content\/uploads\/Mini-Tor-300x100cm-vollverschweisst-e1603831601890.jpg",600,459,false],"thumbnail":["https:\/\/ruckstuhlsport.ch\/wp-content\/uploads\/Mini-Tor-300x100cm-vollverschweisst-e1603831601890-150x150.jpg",150,150,true],"medium":["https:\/\/ruckstuhlsport.ch\/wp-content\/uploads\/Mini-Tor-300x100cm-vollverschweisst-e1603831601890-300x230.jpg",300,230,true],"medium_large":["https:\/\/ruckstuhlsport.ch\/wp-content\/uploads\/Mini-Tor-300x100cm-vollverschweisst-e1603831601890.jpg",600,459,false],"large":["https:\/\/ruckstuhlsport.ch\/wp-content\/uploads\/Mini-Tor-300x100cm-vollverschweisst-e1603831601890.jpg",600,459,false],"1536x1536":["https:\/\/ruckstuhlsport.ch\/wp-content\/uploads\/Mini-Tor-300x100cm-vollverschweisst-e1603831601890.jpg",600,459,false],"2048x2048":["https:\/\/ruckstuhlsport.ch\/wp-content\/uploads\/Mini-Tor-300x100cm-vollverschweisst-e1603831601890.jpg",600,459,false],"woocommerce_thumbnail":["https:\/\/ruckstuhlsport.ch\/wp-content\/uploads\/Mini-Tor-300x100cm-vollverschweisst-e1603831601890-300x230.jpg",300,230,true],"woocommerce_single":["https:\/\/ruckstuhlsport.ch\/wp-content\/uploads\/Mini-Tor-300x100cm-vollverschweisst-e1603831601890.jpg",600,459,false],"woocommerce_gallery_thumbnail":["https:\/\/ruckstuhlsport.ch\/wp-content\/uploads\/Mini-Tor-300x100cm-vollverschweisst-e1603831601890-100x100.jpg",100,100,true],"wc_order_status_icon":["https:\/\/ruckstuhlsport.ch\/wp-content\/uploads\/Mini-Tor-300x100cm-vollverschweisst-e1603831601890.jpg",32,24,false],"dgwt-wcas-product-suggestion":["https:\/\/ruckstuhlsport.ch\/wp-content\/uploads\/Mini-Tor-300x100cm-vollverschweisst-e1603831601890-64x49.jpg",64,49,true]},"uagb_author_info":{"display_name":"admin","author_link":"https:\/\/ruckstuhlsport.ch\/fr\/author\/"},"uagb_comment_info":0,"uagb_excerpt":"Dimension: 3.00 x 1.00 m Support de filet: supports fixe Profil: profil en aluminium rond (\u00f8 80 mm) Couleur des profil\u00e9s: alu brut Cadre au sol: profil en aluminium rond (\u00f8 80 mm) Soudage: enti\u00e8rement soud\u00e9 Fixation du filet: Crochets en forme H en plastique Contenu de la livraison: mini but, crochets de filet, filet\u2026","_links":{"self":[{"href":"https:\/\/ruckstuhlsport.ch\/fr\/wp-json\/wp\/v2\/product\/13263","targetHints":{"allow":["GET"]}}],"collection":[{"href":"https:\/\/ruckstuhlsport.ch\/fr\/wp-json\/wp\/v2\/product"}],"about":[{"href":"https:\/\/ruckstuhlsport.ch\/fr\/wp-json\/wp\/v2\/types\/product"}],"wp:featuredmedia":[{"embeddable":true,"href":"https:\/\/ruckstuhlsport.ch\/fr\/wp-json\/wp\/v2\/media\/6081"}],"wp:attachment":[{"href":"https:\/\/ruckstuhlsport.ch\/fr\/wp-json\/wp\/v2\/media?parent=13263"}],"wp:term":[{"taxonomy":"product_brand","embeddable":true,"href":"https:\/\/ruckstuhlsport.ch\/fr\/wp-json\/wp\/v2\/product_brand?post=13263"},{"taxonomy":"product_cat","embeddable":true,"href":"https:\/\/ruckstuhlsport.ch\/fr\/wp-json\/wp\/v2\/product_cat?post=13263"},{"taxonomy":"product_tag","embeddable":true,"href":"https:\/\/ruckstuhlsport.ch\/fr\/wp-json\/wp\/v2\/product_tag?post=13263"}],"curies":[{"name":"wp","href":"https:\/\/api.w.org\/{rel}","templated":true}]}}