{"id":13276,"date":"2020-09-16T11:02:39","date_gmt":"2020-09-16T09:02:39","guid":{"rendered":"https:\/\/ruckstuhlsport.ch\/non%20class\u00e9\/mini-but-de-football-1-20-x-0-80-m-alu\/"},"modified":"2024-11-08T10:44:24","modified_gmt":"2024-11-08T09:44:24","slug":"mini-but-football-120x80m-alu","status":"publish","type":"product","link":"https:\/\/ruckstuhlsport.ch\/fr\/football\/equipement-terrain-foot\/buts-de-football\/but-anti-vandalisme\/mini-but-football-120x80m-alu\/","title":{"rendered":"Mini-but de football 1.20 x 0.80 m, Alu"},"content":{"rendered":"<h4>Pourquoi choisir ce mini-but ?<\/h4>\n<p>Notre mini-but en aluminium est le choix parfait pour les situations o\u00f9 l&rsquo;espace est limit\u00e9, mais o\u00f9 un but de football s\u00fbr et durable est n\u00e9cessaire. Il combine une qualit\u00e9 \u00e9lev\u00e9e avec une protection de premier ordre contre le vandalisme, afin de garantir un investissement \u00e0 long terme dans la s\u00e9curit\u00e9 des jeux. Quatre plaques sont soud\u00e9 au cadre au sol pour la fixation au sol. Une fois le mini-but install\u00e9e, il ne n\u00e9cessite plus aucun entretien.<\/p>\n<p>&nbsp;<\/p>\n","protected":false},"excerpt":{"rendered":"<p>Notre mini-but de 1,20 x 0,80 m en aluminium est la solution id\u00e9ale pour les terrains d&rsquo;\u00e9cole, les parcs publics ou tout autre endroit o\u00f9 l&rsquo;espace est limit\u00e9 mais o\u00f9 l&rsquo;on veut quand m\u00eame jouer au football. Ce mini but sp\u00e9cial fait partie de notre s\u00e9rie anti-vandalisme et offre une protection robuste contre les actes de vandalisme gr\u00e2ce \u00e0 sa construction en aluminium de haute qualit\u00e9, enti\u00e8rement soud\u00e9e.<\/p>\n<h4>Caract\u00e9ristiques du mini-but :<\/h4>\n<ul>\n<li><strong>Dimensions<\/strong>: 1,20 x 0,80 m (l x h)<\/li>\n<li><strong>Profondeur du but en bas<\/strong>: 70 cm<\/li>\n<li><strong>S\u00e9curit\u00e9 <\/strong> : la construction enti\u00e8rement soud\u00e9e garantit une grande stabilit\u00e9 et une protection contre le vandalisme.<\/li>\n<li><strong>Mat\u00e9riau <\/strong> : Fabriqu\u00e9 en aluminium haute r\u00e9sistance pour une long\u00e9vit\u00e9 et une r\u00e9sistance accrues.<\/li>\n<li><strong>Fixation<\/strong>: 4 plaques soud\u00e9 au cadre au sol<\/li>\n<li><strong>Design <\/strong> : fonctionnel et esth\u00e9tique, parfait pour les \u00e9coles, les parcs et autres lieux publics.<\/li>\n<\/ul>\n","protected":false},"featured_media":6106,"template":"","meta":{"_crdt_document":"","_uag_custom_page_level_css":"","site-sidebar-layout":"default","site-content-layout":"default","ast-site-content-layout":"default","site-content-style":"default","site-sidebar-style":"default","ast-global-header-display":"","ast-banner-title-visibility":"","ast-main-header-display":"","ast-hfb-above-header-display":"","ast-hfb-below-header-display":"","ast-hfb-mobile-header-display":"","site-post-title":"","ast-breadcrumbs-content":"","ast-featured-img":"","footer-sml-layout":"","ast-disable-related-posts":"","theme-transparent-header-meta":"default","adv-header-id-meta":"","stick-header-meta":"default","header-above-stick-meta":"","header-main-stick-meta":"","header-below-stick-meta":"","astra-migrate-meta-layouts":"default","ast-page-background-enabled":"default","ast-page-background-meta":{"desktop":{"background-color":"","background-image":"","background-repeat":"repeat","background-position":"center center","background-size":"auto","background-attachment":"scroll","background-type":"","background-media":"","overlay-type":"","overlay-color":"","overlay-opacity":"","overlay-gradient":""},"tablet":{"background-color":"","background-image":"","background-repeat":"repeat","background-position":"center center","background-size":"auto","background-attachment":"scroll","background-type":"","background-media":"","overlay-type":"","overlay-color":"","overlay-opacity":"","overlay-gradient":""},"mobile":{"background-color":"","background-image":"","background-repeat":"repeat","background-position":"center center","background-size":"auto","background-attachment":"scroll","background-type":"","background-media":"","overlay-type":"","overlay-color":"","overlay-opacity":"","overlay-gradient":""}},"ast-content-background-meta":{"desktop":{"background-color":"var(--ast-global-color-5)","background-image":"","background-repeat":"repeat","background-position":"center center","background-size":"auto","background-attachment":"scroll","background-type":"","background-media":"","overlay-type":"","overlay-color":"","overlay-opacity":"","overlay-gradient":""},"tablet":{"background-color":"var(--ast-global-color-5)","background-image":"","background-repeat":"repeat","background-position":"center center","background-size":"auto","background-attachment":"scroll","background-type":"","background-media":"","overlay-type":"","overlay-color":"","overlay-opacity":"","overlay-gradient":""},"mobile":{"background-color":"var(--ast-global-color-5)","background-image":"","background-repeat":"repeat","background-position":"center center","background-size":"auto","background-attachment":"scroll","background-type":"","background-media":"","overlay-type":"","overlay-color":"","overlay-opacity":"","overlay-gradient":""}}},"product_brand":[],"product_cat":[1511,932,989,1496],"product_tag":[1967],"class_list":{"0":"post-13276","1":"product","2":"type-product","3":"status-publish","4":"has-post-thumbnail","6":"product_cat-but-anti-vandalisme","7":"product_cat-football","8":"product_cat-equipement-terrain-foot","9":"product_cat-buts-de-football","10":"product_tag-ecole","11":"product_shipping_class-camion-fr","12":"pa_ausfuehrung-entierement-soude","13":"pa_befestigung-autoportant","14":"pa_farbe-alu-fr","15":"pa_groesse-1-20-x-0-80-m","16":"desktop-align-center","17":"tablet-align-center","18":"mobile-align-center","19":"ast-product-gallery-layout-horizontal","20":"ast-product-gallery-with-no-image","21":"ast-product-tabs-layout-horizontal","23":"first","24":"onbackorder","25":"taxable","26":"shipping-taxable","27":"purchasable","28":"product-type-simple"},"uagb_featured_image_src":{"full":["https:\/\/ruckstuhlsport.ch\/wp-content\/uploads\/Mini-Tor-120x80cm-Stahl-Anti-Vandalismus-e1603831414982.jpg",600,445,false],"thumbnail":["https:\/\/ruckstuhlsport.ch\/wp-content\/uploads\/Mini-Tor-120x80cm-Stahl-Anti-Vandalismus-e1603831414982-150x150.jpg",150,150,true],"medium":["https:\/\/ruckstuhlsport.ch\/wp-content\/uploads\/Mini-Tor-120x80cm-Stahl-Anti-Vandalismus-e1603831414982-300x223.jpg",300,223,true],"medium_large":["https:\/\/ruckstuhlsport.ch\/wp-content\/uploads\/Mini-Tor-120x80cm-Stahl-Anti-Vandalismus-e1603831414982.jpg",600,445,false],"large":["https:\/\/ruckstuhlsport.ch\/wp-content\/uploads\/Mini-Tor-120x80cm-Stahl-Anti-Vandalismus-e1603831414982.jpg",600,445,false],"1536x1536":["https:\/\/ruckstuhlsport.ch\/wp-content\/uploads\/Mini-Tor-120x80cm-Stahl-Anti-Vandalismus-e1603831414982.jpg",600,445,false],"2048x2048":["https:\/\/ruckstuhlsport.ch\/wp-content\/uploads\/Mini-Tor-120x80cm-Stahl-Anti-Vandalismus-e1603831414982.jpg",600,445,false],"woocommerce_thumbnail":["https:\/\/ruckstuhlsport.ch\/wp-content\/uploads\/Mini-Tor-120x80cm-Stahl-Anti-Vandalismus-e1603831414982-300x223.jpg",300,223,true],"woocommerce_single":["https:\/\/ruckstuhlsport.ch\/wp-content\/uploads\/Mini-Tor-120x80cm-Stahl-Anti-Vandalismus-e1603831414982.jpg",600,445,false],"woocommerce_gallery_thumbnail":["https:\/\/ruckstuhlsport.ch\/wp-content\/uploads\/Mini-Tor-120x80cm-Stahl-Anti-Vandalismus-e1603831414982-100x100.jpg",100,100,true],"wc_order_status_icon":["https:\/\/ruckstuhlsport.ch\/wp-content\/uploads\/Mini-Tor-120x80cm-Stahl-Anti-Vandalismus-e1603831414982.jpg",32,24,false],"dgwt-wcas-product-suggestion":["https:\/\/ruckstuhlsport.ch\/wp-content\/uploads\/Mini-Tor-120x80cm-Stahl-Anti-Vandalismus-e1603831414982-64x47.jpg",64,47,true]},"uagb_author_info":{"display_name":"admin","author_link":"https:\/\/ruckstuhlsport.ch\/fr\/author\/"},"uagb_comment_info":0,"uagb_excerpt":"Notre mini-but de 1,20 x 0,80 m en aluminium est la solution id\u00e9ale pour les terrains d'\u00e9cole, les parcs publics ou tout autre endroit o\u00f9 l'espace est limit\u00e9 mais o\u00f9 l'on veut quand m\u00eame jouer au football. Ce mini but sp\u00e9cial fait partie de notre s\u00e9rie anti-vandalisme et offre une protection robuste contre les actes\u2026","_links":{"self":[{"href":"https:\/\/ruckstuhlsport.ch\/fr\/wp-json\/wp\/v2\/product\/13276","targetHints":{"allow":["GET"]}}],"collection":[{"href":"https:\/\/ruckstuhlsport.ch\/fr\/wp-json\/wp\/v2\/product"}],"about":[{"href":"https:\/\/ruckstuhlsport.ch\/fr\/wp-json\/wp\/v2\/types\/product"}],"wp:featuredmedia":[{"embeddable":true,"href":"https:\/\/ruckstuhlsport.ch\/fr\/wp-json\/wp\/v2\/media\/6106"}],"wp:attachment":[{"href":"https:\/\/ruckstuhlsport.ch\/fr\/wp-json\/wp\/v2\/media?parent=13276"}],"wp:term":[{"taxonomy":"product_brand","embeddable":true,"href":"https:\/\/ruckstuhlsport.ch\/fr\/wp-json\/wp\/v2\/product_brand?post=13276"},{"taxonomy":"product_cat","embeddable":true,"href":"https:\/\/ruckstuhlsport.ch\/fr\/wp-json\/wp\/v2\/product_cat?post=13276"},{"taxonomy":"product_tag","embeddable":true,"href":"https:\/\/ruckstuhlsport.ch\/fr\/wp-json\/wp\/v2\/product_tag?post=13276"}],"curies":[{"name":"wp","href":"https:\/\/api.w.org\/{rel}","templated":true}]}}