{"id":13277,"date":"2020-09-16T11:12:51","date_gmt":"2020-09-16T09:12:51","guid":{"rendered":"https:\/\/ruckstuhlsport.ch\/non%20class\u00e9\/mini-but-de-football-1-80-x-1-20-m-en-acier\/"},"modified":"2024-11-08T10:44:13","modified_gmt":"2024-11-08T09:44:13","slug":"mini-but-football-180x120cm-acier","status":"publish","type":"product","link":"https:\/\/ruckstuhlsport.ch\/fr\/football\/equipement-terrain-foot\/buts-de-football\/but-anti-vandalisme\/mini-but-football-180x120cm-acier\/","title":{"rendered":"Mini-but de football 1.80 x 1.20 m, en acier"},"content":{"rendered":"<p>Le mini-but de football de 1.50 x 1.00 m est enti\u00e8rement en acier et donc prot\u00e9g\u00e9 en toute s\u00e9curit\u00e9 contre les vandales. Une fois le mini-but install\u00e9e, il ne n\u00e9cessite plus aucun entretien. La profondeur de ce mini-but s&rsquo;\u00e9l\u00e8ve \u00e0 90 cm<\/p>\n","protected":false},"excerpt":{"rendered":"<ul>\n<li>Dimensions: 1.80 x 1.20 m<\/li>\n<li>Profondeur: 90 cm<\/li>\n<li>Mat\u00e9riel: enti\u00e8rement en aluminium<\/li>\n<li>le haut est ouvert<\/li>\n<\/ul>\n","protected":false},"featured_media":6112,"template":"","meta":{"_crdt_document":"","_uag_custom_page_level_css":"","site-sidebar-layout":"default","site-content-layout":"default","ast-site-content-layout":"default","site-content-style":"default","site-sidebar-style":"default","ast-global-header-display":"","ast-banner-title-visibility":"","ast-main-header-display":"","ast-hfb-above-header-display":"","ast-hfb-below-header-display":"","ast-hfb-mobile-header-display":"","site-post-title":"","ast-breadcrumbs-content":"","ast-featured-img":"","footer-sml-layout":"","ast-disable-related-posts":"","theme-transparent-header-meta":"default","adv-header-id-meta":"","stick-header-meta":"default","header-above-stick-meta":"","header-main-stick-meta":"","header-below-stick-meta":"","astra-migrate-meta-layouts":"default","ast-page-background-enabled":"default","ast-page-background-meta":{"desktop":{"background-color":"","background-image":"","background-repeat":"repeat","background-position":"center center","background-size":"auto","background-attachment":"scroll","background-type":"","background-media":"","overlay-type":"","overlay-color":"","overlay-opacity":"","overlay-gradient":""},"tablet":{"background-color":"","background-image":"","background-repeat":"repeat","background-position":"center center","background-size":"auto","background-attachment":"scroll","background-type":"","background-media":"","overlay-type":"","overlay-color":"","overlay-opacity":"","overlay-gradient":""},"mobile":{"background-color":"","background-image":"","background-repeat":"repeat","background-position":"center center","background-size":"auto","background-attachment":"scroll","background-type":"","background-media":"","overlay-type":"","overlay-color":"","overlay-opacity":"","overlay-gradient":""}},"ast-content-background-meta":{"desktop":{"background-color":"var(--ast-global-color-5)","background-image":"","background-repeat":"repeat","background-position":"center center","background-size":"auto","background-attachment":"scroll","background-type":"","background-media":"","overlay-type":"","overlay-color":"","overlay-opacity":"","overlay-gradient":""},"tablet":{"background-color":"var(--ast-global-color-5)","background-image":"","background-repeat":"repeat","background-position":"center center","background-size":"auto","background-attachment":"scroll","background-type":"","background-media":"","overlay-type":"","overlay-color":"","overlay-opacity":"","overlay-gradient":""},"mobile":{"background-color":"var(--ast-global-color-5)","background-image":"","background-repeat":"repeat","background-position":"center center","background-size":"auto","background-attachment":"scroll","background-type":"","background-media":"","overlay-type":"","overlay-color":"","overlay-opacity":"","overlay-gradient":""}}},"product_brand":[],"product_cat":[1511,932,989,1496],"product_tag":[1967],"class_list":{"0":"post-13277","1":"product","2":"type-product","3":"status-publish","4":"has-post-thumbnail","6":"product_cat-but-anti-vandalisme","7":"product_cat-football","8":"product_cat-equipement-terrain-foot","9":"product_cat-buts-de-football","10":"product_tag-ecole","11":"product_shipping_class-defaut","12":"pa_ausfuehrung-entierement-soude","13":"pa_befestigung-autoportant","14":"pa_farbe-en-acier","15":"pa_groesse-1-80-x-1-20-m","16":"desktop-align-center","17":"tablet-align-center","18":"mobile-align-center","19":"ast-product-gallery-layout-horizontal","20":"ast-product-gallery-with-no-image","21":"ast-product-tabs-layout-horizontal","23":"first","24":"onbackorder","25":"taxable","26":"shipping-taxable","27":"purchasable","28":"product-type-simple"},"uagb_featured_image_src":{"full":["https:\/\/ruckstuhlsport.ch\/wp-content\/uploads\/Mini-Tor-180x120cm-Stahl-Anti-Vandalismus-e1603831364272.jpg",600,480,false],"thumbnail":["https:\/\/ruckstuhlsport.ch\/wp-content\/uploads\/Mini-Tor-180x120cm-Stahl-Anti-Vandalismus-e1603831364272-150x150.jpg",150,150,true],"medium":["https:\/\/ruckstuhlsport.ch\/wp-content\/uploads\/Mini-Tor-180x120cm-Stahl-Anti-Vandalismus-e1603831364272-300x240.jpg",300,240,true],"medium_large":["https:\/\/ruckstuhlsport.ch\/wp-content\/uploads\/Mini-Tor-180x120cm-Stahl-Anti-Vandalismus-e1603831364272.jpg",600,480,false],"large":["https:\/\/ruckstuhlsport.ch\/wp-content\/uploads\/Mini-Tor-180x120cm-Stahl-Anti-Vandalismus-e1603831364272.jpg",600,480,false],"1536x1536":["https:\/\/ruckstuhlsport.ch\/wp-content\/uploads\/Mini-Tor-180x120cm-Stahl-Anti-Vandalismus-e1603831364272.jpg",600,480,false],"2048x2048":["https:\/\/ruckstuhlsport.ch\/wp-content\/uploads\/Mini-Tor-180x120cm-Stahl-Anti-Vandalismus-e1603831364272.jpg",600,480,false],"woocommerce_thumbnail":["https:\/\/ruckstuhlsport.ch\/wp-content\/uploads\/Mini-Tor-180x120cm-Stahl-Anti-Vandalismus-e1603831364272-300x240.jpg",300,240,true],"woocommerce_single":["https:\/\/ruckstuhlsport.ch\/wp-content\/uploads\/Mini-Tor-180x120cm-Stahl-Anti-Vandalismus-e1603831364272.jpg",600,480,false],"woocommerce_gallery_thumbnail":["https:\/\/ruckstuhlsport.ch\/wp-content\/uploads\/Mini-Tor-180x120cm-Stahl-Anti-Vandalismus-e1603831364272-100x100.jpg",100,100,true],"wc_order_status_icon":["https:\/\/ruckstuhlsport.ch\/wp-content\/uploads\/Mini-Tor-180x120cm-Stahl-Anti-Vandalismus-e1603831364272.jpg",32,26,false],"dgwt-wcas-product-suggestion":["https:\/\/ruckstuhlsport.ch\/wp-content\/uploads\/Mini-Tor-180x120cm-Stahl-Anti-Vandalismus-e1603831364272-64x51.jpg",64,51,true]},"uagb_author_info":{"display_name":"admin","author_link":"https:\/\/ruckstuhlsport.ch\/fr\/author\/"},"uagb_comment_info":0,"uagb_excerpt":"Dimensions: 1.80 x 1.20 m Profondeur: 90 cm Mat\u00e9riel: enti\u00e8rement en aluminium le haut est ouvert","_links":{"self":[{"href":"https:\/\/ruckstuhlsport.ch\/fr\/wp-json\/wp\/v2\/product\/13277","targetHints":{"allow":["GET"]}}],"collection":[{"href":"https:\/\/ruckstuhlsport.ch\/fr\/wp-json\/wp\/v2\/product"}],"about":[{"href":"https:\/\/ruckstuhlsport.ch\/fr\/wp-json\/wp\/v2\/types\/product"}],"wp:featuredmedia":[{"embeddable":true,"href":"https:\/\/ruckstuhlsport.ch\/fr\/wp-json\/wp\/v2\/media\/6112"}],"wp:attachment":[{"href":"https:\/\/ruckstuhlsport.ch\/fr\/wp-json\/wp\/v2\/media?parent=13277"}],"wp:term":[{"taxonomy":"product_brand","embeddable":true,"href":"https:\/\/ruckstuhlsport.ch\/fr\/wp-json\/wp\/v2\/product_brand?post=13277"},{"taxonomy":"product_cat","embeddable":true,"href":"https:\/\/ruckstuhlsport.ch\/fr\/wp-json\/wp\/v2\/product_cat?post=13277"},{"taxonomy":"product_tag","embeddable":true,"href":"https:\/\/ruckstuhlsport.ch\/fr\/wp-json\/wp\/v2\/product_tag?post=13277"}],"curies":[{"name":"wp","href":"https:\/\/api.w.org\/{rel}","templated":true}]}}