{"id":13280,"date":"2020-09-16T11:26:27","date_gmt":"2020-09-16T09:26:27","guid":{"rendered":"https:\/\/ruckstuhlsport.ch\/non%20class\u00e9\/mini-but-de-football-5-00-x-2-00-m-en-alu\/"},"modified":"2024-11-08T10:44:02","modified_gmt":"2024-11-08T09:44:02","slug":"mini-but-500x200cm-alu","status":"publish","type":"product","link":"https:\/\/ruckstuhlsport.ch\/fr\/football\/equipement-terrain-foot\/buts-de-football\/but-anti-vandalisme\/mini-but-500x200cm-alu\/","title":{"rendered":"Mini-but de football 5.00 x 2.00 m, en alu"},"content":{"rendered":"<p>Le mini-but de football de 5.00 x 2.00 m est enti\u00e8rement en alu et donc prot\u00e9g\u00e9 en toute s\u00e9curit\u00e9 contre les vandales. Quatre plaques sont soud\u00e9 au cadre au sol pour la fixation au sol. Une fois le mini-but install\u00e9e, il ne n\u00e9cessite plus aucun entretien. La profondeur de ce mini-but s&rsquo;\u00e9l\u00e8ve \u00e0 80 cm<\/p>\n","protected":false},"excerpt":{"rendered":"<ul>\n<li>Dimensions: 5.00 x 2.00 m<\/li>\n<li>Profondeur: 80 cm<\/li>\n<li>Mat\u00e9riel: enti\u00e8rement en aluminium<\/li>\n<li>Fixation: 4 plaques soud\u00e9 au cadre au sol<\/li>\n<\/ul>\n<p>(L&rsquo;image montre le mini-but dans les dimensions de 3.00 x 2.00 m)<\/p>\n","protected":false},"featured_media":6115,"template":"","meta":{"_crdt_document":"","_uag_custom_page_level_css":"","site-sidebar-layout":"default","site-content-layout":"default","ast-site-content-layout":"default","site-content-style":"default","site-sidebar-style":"default","ast-global-header-display":"","ast-banner-title-visibility":"","ast-main-header-display":"","ast-hfb-above-header-display":"","ast-hfb-below-header-display":"","ast-hfb-mobile-header-display":"","site-post-title":"","ast-breadcrumbs-content":"","ast-featured-img":"","footer-sml-layout":"","ast-disable-related-posts":"","theme-transparent-header-meta":"default","adv-header-id-meta":"","stick-header-meta":"default","header-above-stick-meta":"","header-main-stick-meta":"","header-below-stick-meta":"","astra-migrate-meta-layouts":"default","ast-page-background-enabled":"default","ast-page-background-meta":{"desktop":{"background-color":"","background-image":"","background-repeat":"repeat","background-position":"center center","background-size":"auto","background-attachment":"scroll","background-type":"","background-media":"","overlay-type":"","overlay-color":"","overlay-opacity":"","overlay-gradient":""},"tablet":{"background-color":"","background-image":"","background-repeat":"repeat","background-position":"center center","background-size":"auto","background-attachment":"scroll","background-type":"","background-media":"","overlay-type":"","overlay-color":"","overlay-opacity":"","overlay-gradient":""},"mobile":{"background-color":"","background-image":"","background-repeat":"repeat","background-position":"center center","background-size":"auto","background-attachment":"scroll","background-type":"","background-media":"","overlay-type":"","overlay-color":"","overlay-opacity":"","overlay-gradient":""}},"ast-content-background-meta":{"desktop":{"background-color":"var(--ast-global-color-5)","background-image":"","background-repeat":"repeat","background-position":"center center","background-size":"auto","background-attachment":"scroll","background-type":"","background-media":"","overlay-type":"","overlay-color":"","overlay-opacity":"","overlay-gradient":""},"tablet":{"background-color":"var(--ast-global-color-5)","background-image":"","background-repeat":"repeat","background-position":"center center","background-size":"auto","background-attachment":"scroll","background-type":"","background-media":"","overlay-type":"","overlay-color":"","overlay-opacity":"","overlay-gradient":""},"mobile":{"background-color":"var(--ast-global-color-5)","background-image":"","background-repeat":"repeat","background-position":"center center","background-size":"auto","background-attachment":"scroll","background-type":"","background-media":"","overlay-type":"","overlay-color":"","overlay-opacity":"","overlay-gradient":""}}},"product_brand":[],"product_cat":[1511,932,989,1496],"product_tag":[1967],"class_list":{"0":"post-13280","1":"product","2":"type-product","3":"status-publish","4":"has-post-thumbnail","6":"product_cat-but-anti-vandalisme","7":"product_cat-football","8":"product_cat-equipement-terrain-foot","9":"product_cat-buts-de-football","10":"product_tag-ecole","11":"product_shipping_class-but-de-football","12":"pa_ausfuehrung-entierement-soude","13":"pa_befestigung-autoportant","14":"pa_farbe-alu-fr","15":"pa_groesse-5-00-x-2-00-m","16":"desktop-align-center","17":"tablet-align-center","18":"mobile-align-center","19":"ast-product-gallery-layout-horizontal","20":"ast-product-gallery-with-no-image","21":"ast-product-tabs-layout-horizontal","23":"first","24":"onbackorder","25":"taxable","26":"shipping-taxable","27":"purchasable","28":"product-type-simple"},"uagb_featured_image_src":{"full":["https:\/\/ruckstuhlsport.ch\/wp-content\/uploads\/Mini-Tor-300x200m-Alu-Anti-Vandalismus-e1603831343543.jpg",600,477,false],"thumbnail":["https:\/\/ruckstuhlsport.ch\/wp-content\/uploads\/Mini-Tor-300x200m-Alu-Anti-Vandalismus-e1603831343543-150x150.jpg",150,150,true],"medium":["https:\/\/ruckstuhlsport.ch\/wp-content\/uploads\/Mini-Tor-300x200m-Alu-Anti-Vandalismus-e1603831343543-300x239.jpg",300,239,true],"medium_large":["https:\/\/ruckstuhlsport.ch\/wp-content\/uploads\/Mini-Tor-300x200m-Alu-Anti-Vandalismus-e1603831343543.jpg",600,477,false],"large":["https:\/\/ruckstuhlsport.ch\/wp-content\/uploads\/Mini-Tor-300x200m-Alu-Anti-Vandalismus-e1603831343543.jpg",600,477,false],"1536x1536":["https:\/\/ruckstuhlsport.ch\/wp-content\/uploads\/Mini-Tor-300x200m-Alu-Anti-Vandalismus-e1603831343543.jpg",600,477,false],"2048x2048":["https:\/\/ruckstuhlsport.ch\/wp-content\/uploads\/Mini-Tor-300x200m-Alu-Anti-Vandalismus-e1603831343543.jpg",600,477,false],"woocommerce_thumbnail":["https:\/\/ruckstuhlsport.ch\/wp-content\/uploads\/Mini-Tor-300x200m-Alu-Anti-Vandalismus-e1603831343543-300x239.jpg",300,239,true],"woocommerce_single":["https:\/\/ruckstuhlsport.ch\/wp-content\/uploads\/Mini-Tor-300x200m-Alu-Anti-Vandalismus-e1603831343543.jpg",600,477,false],"woocommerce_gallery_thumbnail":["https:\/\/ruckstuhlsport.ch\/wp-content\/uploads\/Mini-Tor-300x200m-Alu-Anti-Vandalismus-e1603831343543-100x100.jpg",100,100,true],"wc_order_status_icon":["https:\/\/ruckstuhlsport.ch\/wp-content\/uploads\/Mini-Tor-300x200m-Alu-Anti-Vandalismus-e1603831343543.jpg",32,25,false],"dgwt-wcas-product-suggestion":["https:\/\/ruckstuhlsport.ch\/wp-content\/uploads\/Mini-Tor-300x200m-Alu-Anti-Vandalismus-e1603831343543-64x51.jpg",64,51,true]},"uagb_author_info":{"display_name":"admin","author_link":"https:\/\/ruckstuhlsport.ch\/fr\/author\/"},"uagb_comment_info":0,"uagb_excerpt":"Dimensions: 5.00 x 2.00 m Profondeur: 80 cm Mat\u00e9riel: enti\u00e8rement en aluminium Fixation: 4 plaques soud\u00e9 au cadre au sol (L'image montre le mini-but dans les dimensions de 3.00 x 2.00 m)","_links":{"self":[{"href":"https:\/\/ruckstuhlsport.ch\/fr\/wp-json\/wp\/v2\/product\/13280","targetHints":{"allow":["GET"]}}],"collection":[{"href":"https:\/\/ruckstuhlsport.ch\/fr\/wp-json\/wp\/v2\/product"}],"about":[{"href":"https:\/\/ruckstuhlsport.ch\/fr\/wp-json\/wp\/v2\/types\/product"}],"wp:featuredmedia":[{"embeddable":true,"href":"https:\/\/ruckstuhlsport.ch\/fr\/wp-json\/wp\/v2\/media\/6115"}],"wp:attachment":[{"href":"https:\/\/ruckstuhlsport.ch\/fr\/wp-json\/wp\/v2\/media?parent=13280"}],"wp:term":[{"taxonomy":"product_brand","embeddable":true,"href":"https:\/\/ruckstuhlsport.ch\/fr\/wp-json\/wp\/v2\/product_brand?post=13280"},{"taxonomy":"product_cat","embeddable":true,"href":"https:\/\/ruckstuhlsport.ch\/fr\/wp-json\/wp\/v2\/product_cat?post=13280"},{"taxonomy":"product_tag","embeddable":true,"href":"https:\/\/ruckstuhlsport.ch\/fr\/wp-json\/wp\/v2\/product_tag?post=13280"}],"curies":[{"name":"wp","href":"https:\/\/api.w.org\/{rel}","templated":true}]}}