{"id":13281,"date":"2020-09-16T11:34:01","date_gmt":"2020-09-16T09:34:01","guid":{"rendered":"https:\/\/ruckstuhlsport.ch\/non%20class\u00e9\/but-de-football-3-00-x-2-00-m-avec-panier-de-basketball\/"},"modified":"2024-11-08T10:44:01","modified_gmt":"2024-11-08T09:44:01","slug":"but-de-football-3x2m-avec-panier-basket","status":"publish","type":"product","link":"https:\/\/ruckstuhlsport.ch\/fr\/basketball-fr\/installation-basketball\/but-de-football-3x2m-avec-panier-basket\/","title":{"rendered":"But de football 3.00 x 2.00 m avec panier de basket-ball"},"content":{"rendered":"<p>But de football et panier de basket-ball en un Le mini-but de 3.00 x 2.00 m est enti\u00e8rement fabriqu\u00e9 en aluminium et un panier de basket est mont\u00e9 sur la barre transversale du but. Le but enti\u00e8rement soud\u00e9 est prot\u00e9g\u00e9 contre les vandales. La profondeur de ce mini-but s&rsquo;\u00e9l\u00e8ve \u00e0 80 cm<\/p>\n<p>Cinq plaques sont soud\u00e9 au cadre au sol pour la fixation au sol. Une fois le mini-but install\u00e9e, il ne n\u00e9cessite plus aucun entretien.<\/p>\n<p>Le panier de basket est \u00e0 la hauteur correcte de 3.05 m et se trouve \u00e0 60 cm devant le but. La planche basket mesure 90 x 60 cm<\/p>\n","protected":false},"excerpt":{"rendered":"<p>Id\u00e9al pour une utilisation polyvalente du terrain de sport. Ce But de football (3.00 x 2.00 m) avec une profondeur de but de 80 cm et un panier de basket-ball \u00e0 3.05 m de hauteur offre une double possibilit\u00e9 de jeu. <\/p>\n<ul>\n<li>Dimensions: 3.00 x 2.00 m<\/li>\n<li>Profondeur: 80 cm<\/li>\n<li>Construction en aluminium robuste et durable<\/li>\n<li>avec panier basket sur la hauteur de 3.05 m<\/li>\n<li>Fixation solide par 5 plaques soud\u00e9es au profil\u00e9 de sol<\/li>\n<li>Filet inclus pour une utilisation imm\u00e9diate<\/li>\n<\/ul>\n","protected":false},"featured_media":6145,"template":"","meta":{"_crdt_document":"","_uag_custom_page_level_css":"","site-sidebar-layout":"default","site-content-layout":"default","ast-site-content-layout":"default","site-content-style":"default","site-sidebar-style":"default","ast-global-header-display":"","ast-banner-title-visibility":"","ast-main-header-display":"","ast-hfb-above-header-display":"","ast-hfb-below-header-display":"","ast-hfb-mobile-header-display":"","site-post-title":"","ast-breadcrumbs-content":"","ast-featured-img":"","footer-sml-layout":"","ast-disable-related-posts":"","theme-transparent-header-meta":"default","adv-header-id-meta":"","stick-header-meta":"default","header-above-stick-meta":"","header-main-stick-meta":"","header-below-stick-meta":"","astra-migrate-meta-layouts":"set","ast-page-background-enabled":"default","ast-page-background-meta":{"desktop":{"background-color":"","background-image":"","background-repeat":"repeat","background-position":"center center","background-size":"auto","background-attachment":"scroll","background-type":"","background-media":"","overlay-type":"","overlay-color":"","overlay-opacity":"","overlay-gradient":""},"tablet":{"background-color":"","background-image":"","background-repeat":"repeat","background-position":"center center","background-size":"auto","background-attachment":"scroll","background-type":"","background-media":"","overlay-type":"","overlay-color":"","overlay-opacity":"","overlay-gradient":""},"mobile":{"background-color":"","background-image":"","background-repeat":"repeat","background-position":"center center","background-size":"auto","background-attachment":"scroll","background-type":"","background-media":"","overlay-type":"","overlay-color":"","overlay-opacity":"","overlay-gradient":""}},"ast-content-background-meta":{"desktop":{"background-color":"var(--ast-global-color-5)","background-image":"","background-repeat":"repeat","background-position":"center center","background-size":"auto","background-attachment":"scroll","background-type":"","background-media":"","overlay-type":"","overlay-color":"","overlay-opacity":"","overlay-gradient":""},"tablet":{"background-color":"var(--ast-global-color-5)","background-image":"","background-repeat":"repeat","background-position":"center center","background-size":"auto","background-attachment":"scroll","background-type":"","background-media":"","overlay-type":"","overlay-color":"","overlay-opacity":"","overlay-gradient":""},"mobile":{"background-color":"var(--ast-global-color-5)","background-image":"","background-repeat":"repeat","background-position":"center center","background-size":"auto","background-attachment":"scroll","background-type":"","background-media":"","overlay-type":"","overlay-color":"","overlay-opacity":"","overlay-gradient":""}}},"product_brand":[],"product_cat":[951,932,989,1496,1511,947],"product_tag":[1967],"class_list":{"0":"post-13281","1":"product","2":"type-product","3":"status-publish","4":"has-post-thumbnail","6":"product_cat-installation-basketball","7":"product_cat-football","8":"product_cat-equipement-terrain-foot","9":"product_cat-buts-de-football","10":"product_cat-but-anti-vandalisme","11":"product_cat-basketball-fr","12":"product_tag-ecole","13":"product_shipping_class-marchandise-volumineuse","14":"pa_ausfuehrung-entierement-soude","15":"pa_befestigung-autoportant","16":"pa_farbe-alu-fr","17":"pa_groesse-3-00-x-2-00-m-fr","18":"pa_hoehe-305-cm-fr","19":"desktop-align-center","20":"tablet-align-center","21":"mobile-align-center","22":"ast-product-gallery-layout-horizontal","23":"ast-product-tabs-layout-horizontal","25":"first","26":"onbackorder","27":"taxable","28":"shipping-taxable","29":"purchasable","30":"product-type-simple"},"uagb_featured_image_src":{"full":["https:\/\/ruckstuhlsport.ch\/wp-content\/uploads\/Mini-Tor-Kombo-300x200m-Alu-Anti-Vandalismus-Basketball-e1603746162830.jpg",600,478,false],"thumbnail":["https:\/\/ruckstuhlsport.ch\/wp-content\/uploads\/Mini-Tor-Kombo-300x200m-Alu-Anti-Vandalismus-Basketball-e1603746162830-150x150.jpg",150,150,true],"medium":["https:\/\/ruckstuhlsport.ch\/wp-content\/uploads\/Mini-Tor-Kombo-300x200m-Alu-Anti-Vandalismus-Basketball-e1603746162830-300x239.jpg",300,239,true],"medium_large":["https:\/\/ruckstuhlsport.ch\/wp-content\/uploads\/Mini-Tor-Kombo-300x200m-Alu-Anti-Vandalismus-Basketball-e1603746162830.jpg",600,478,false],"large":["https:\/\/ruckstuhlsport.ch\/wp-content\/uploads\/Mini-Tor-Kombo-300x200m-Alu-Anti-Vandalismus-Basketball-e1603746162830.jpg",600,478,false],"1536x1536":["https:\/\/ruckstuhlsport.ch\/wp-content\/uploads\/Mini-Tor-Kombo-300x200m-Alu-Anti-Vandalismus-Basketball-e1603746162830.jpg",600,478,false],"2048x2048":["https:\/\/ruckstuhlsport.ch\/wp-content\/uploads\/Mini-Tor-Kombo-300x200m-Alu-Anti-Vandalismus-Basketball-e1603746162830.jpg",600,478,false],"woocommerce_thumbnail":["https:\/\/ruckstuhlsport.ch\/wp-content\/uploads\/Mini-Tor-Kombo-300x200m-Alu-Anti-Vandalismus-Basketball-e1603746162830-300x239.jpg",300,239,true],"woocommerce_single":["https:\/\/ruckstuhlsport.ch\/wp-content\/uploads\/Mini-Tor-Kombo-300x200m-Alu-Anti-Vandalismus-Basketball-e1603746162830.jpg",600,478,false],"woocommerce_gallery_thumbnail":["https:\/\/ruckstuhlsport.ch\/wp-content\/uploads\/Mini-Tor-Kombo-300x200m-Alu-Anti-Vandalismus-Basketball-e1603746162830-100x100.jpg",100,100,true],"wc_order_status_icon":["https:\/\/ruckstuhlsport.ch\/wp-content\/uploads\/Mini-Tor-Kombo-300x200m-Alu-Anti-Vandalismus-Basketball-e1603746162830.jpg",32,25,false],"dgwt-wcas-product-suggestion":["https:\/\/ruckstuhlsport.ch\/wp-content\/uploads\/Mini-Tor-Kombo-300x200m-Alu-Anti-Vandalismus-Basketball-e1603746162830-64x51.jpg",64,51,true]},"uagb_author_info":{"display_name":"admin","author_link":"https:\/\/ruckstuhlsport.ch\/fr\/author\/"},"uagb_comment_info":0,"uagb_excerpt":"Id\u00e9al pour une utilisation polyvalente du terrain de sport. Ce But de football (3.00 x 2.00 m) avec une profondeur de but de 80 cm et un panier de basket-ball \u00e0 3.05 m de hauteur offre une double possibilit\u00e9 de jeu. Dimensions: 3.00 x 2.00 m Profondeur: 80 cm Construction en aluminium robuste et durable\u2026","_links":{"self":[{"href":"https:\/\/ruckstuhlsport.ch\/fr\/wp-json\/wp\/v2\/product\/13281","targetHints":{"allow":["GET"]}}],"collection":[{"href":"https:\/\/ruckstuhlsport.ch\/fr\/wp-json\/wp\/v2\/product"}],"about":[{"href":"https:\/\/ruckstuhlsport.ch\/fr\/wp-json\/wp\/v2\/types\/product"}],"wp:featuredmedia":[{"embeddable":true,"href":"https:\/\/ruckstuhlsport.ch\/fr\/wp-json\/wp\/v2\/media\/6145"}],"wp:attachment":[{"href":"https:\/\/ruckstuhlsport.ch\/fr\/wp-json\/wp\/v2\/media?parent=13281"}],"wp:term":[{"taxonomy":"product_brand","embeddable":true,"href":"https:\/\/ruckstuhlsport.ch\/fr\/wp-json\/wp\/v2\/product_brand?post=13281"},{"taxonomy":"product_cat","embeddable":true,"href":"https:\/\/ruckstuhlsport.ch\/fr\/wp-json\/wp\/v2\/product_cat?post=13281"},{"taxonomy":"product_tag","embeddable":true,"href":"https:\/\/ruckstuhlsport.ch\/fr\/wp-json\/wp\/v2\/product_tag?post=13281"}],"curies":[{"name":"wp","href":"https:\/\/api.w.org\/{rel}","templated":true}]}}