{"id":13289,"date":"2020-09-22T08:50:46","date_gmt":"2020-09-22T06:50:46","guid":{"rendered":"https:\/\/ruckstuhlsport.ch\/non%20class\u00e9\/installation-de-basketball\/"},"modified":"2024-08-15T16:19:57","modified_gmt":"2024-08-15T14:19:57","slug":"poteau-basketball","status":"publish","type":"product","link":"https:\/\/ruckstuhlsport.ch\/fr\/basketball-fr\/installation-basketball\/poteau-basketball\/","title":{"rendered":"Poteau de basketball"},"content":{"rendered":"","protected":false},"excerpt":{"rendered":"<ul>\n<li>Poteaux solides en acier galvanis\u00e9<\/li>\n<li>Hauteur du panier 305 cm<\/li>\n<li>avec <a href=\"https:\/\/ruckstuhlsport.ch\/basketball\/basketballbretter\/basketballbrett-aluminium\/\">panneau de basketball en aluminium 90 x 120 cm<\/a><\/li>\n<li>panier et filet de basketball inclus<\/li>\n<li>Projection: 120 cm<\/li>\n<li>avec socle \u00e0 b\u00e9tonner<\/li>\n<li>Le poteau est viss\u00e9 sur le socle<\/li>\n<\/ul>\n","protected":false},"featured_media":18974,"template":"","meta":{"_crdt_document":"","_uag_custom_page_level_css":"","site-sidebar-layout":"default","site-content-layout":"default","ast-site-content-layout":"default","site-content-style":"default","site-sidebar-style":"default","ast-global-header-display":"","ast-banner-title-visibility":"","ast-main-header-display":"","ast-hfb-above-header-display":"","ast-hfb-below-header-display":"","ast-hfb-mobile-header-display":"","site-post-title":"","ast-breadcrumbs-content":"","ast-featured-img":"","footer-sml-layout":"","ast-disable-related-posts":"","theme-transparent-header-meta":"default","adv-header-id-meta":"","stick-header-meta":"default","header-above-stick-meta":"","header-main-stick-meta":"","header-below-stick-meta":"","astra-migrate-meta-layouts":"set","ast-page-background-enabled":"default","ast-page-background-meta":{"desktop":{"background-color":"","background-image":"","background-repeat":"repeat","background-position":"center center","background-size":"auto","background-attachment":"scroll","background-type":"","background-media":"","overlay-type":"","overlay-color":"","overlay-opacity":"","overlay-gradient":""},"tablet":{"background-color":"","background-image":"","background-repeat":"repeat","background-position":"center center","background-size":"auto","background-attachment":"scroll","background-type":"","background-media":"","overlay-type":"","overlay-color":"","overlay-opacity":"","overlay-gradient":""},"mobile":{"background-color":"","background-image":"","background-repeat":"repeat","background-position":"center center","background-size":"auto","background-attachment":"scroll","background-type":"","background-media":"","overlay-type":"","overlay-color":"","overlay-opacity":"","overlay-gradient":""}},"ast-content-background-meta":{"desktop":{"background-color":"var(--ast-global-color-5)","background-image":"","background-repeat":"repeat","background-position":"center center","background-size":"auto","background-attachment":"scroll","background-type":"","background-media":"","overlay-type":"","overlay-color":"","overlay-opacity":"","overlay-gradient":""},"tablet":{"background-color":"var(--ast-global-color-5)","background-image":"","background-repeat":"repeat","background-position":"center center","background-size":"auto","background-attachment":"scroll","background-type":"","background-media":"","overlay-type":"","overlay-color":"","overlay-opacity":"","overlay-gradient":""},"mobile":{"background-color":"var(--ast-global-color-5)","background-image":"","background-repeat":"repeat","background-position":"center center","background-size":"auto","background-attachment":"scroll","background-type":"","background-media":"","overlay-type":"","overlay-color":"","overlay-opacity":"","overlay-gradient":""}}},"product_brand":[],"product_cat":[951,947],"product_tag":[],"class_list":{"0":"post-13289","1":"product","2":"type-product","3":"status-publish","4":"has-post-thumbnail","6":"product_cat-installation-basketball","7":"product_cat-basketball-fr","8":"product_shipping_class-camion-fr","9":"pa_befestigung-betonne","10":"pa_hoehe-305-cm-fr","11":"desktop-align-center","12":"tablet-align-center","13":"mobile-align-center","14":"ast-product-gallery-layout-horizontal","15":"ast-product-tabs-layout-horizontal","17":"first","18":"onbackorder","19":"taxable","20":"shipping-taxable","21":"purchasable","22":"product-type-simple"},"uagb_featured_image_src":{"full":["https:\/\/ruckstuhlsport.ch\/wp-content\/uploads\/Basketballpfosten-sockel-einbetonieren.jpg",1531,1531,false],"thumbnail":["https:\/\/ruckstuhlsport.ch\/wp-content\/uploads\/Basketballpfosten-sockel-einbetonieren-150x150.jpg",150,150,true],"medium":["https:\/\/ruckstuhlsport.ch\/wp-content\/uploads\/Basketballpfosten-sockel-einbetonieren-300x300.jpg",300,300,true],"medium_large":["https:\/\/ruckstuhlsport.ch\/wp-content\/uploads\/Basketballpfosten-sockel-einbetonieren-768x768.jpg",768,768,true],"large":["https:\/\/ruckstuhlsport.ch\/wp-content\/uploads\/Basketballpfosten-sockel-einbetonieren-1024x1024.jpg",1024,1024,true],"1536x1536":["https:\/\/ruckstuhlsport.ch\/wp-content\/uploads\/Basketballpfosten-sockel-einbetonieren.jpg",1531,1531,false],"2048x2048":["https:\/\/ruckstuhlsport.ch\/wp-content\/uploads\/Basketballpfosten-sockel-einbetonieren.jpg",1531,1531,false],"woocommerce_thumbnail":["https:\/\/ruckstuhlsport.ch\/wp-content\/uploads\/Basketballpfosten-sockel-einbetonieren-300x300.jpg",300,300,true],"woocommerce_single":["https:\/\/ruckstuhlsport.ch\/wp-content\/uploads\/Basketballpfosten-sockel-einbetonieren-600x600.jpg",600,600,true],"woocommerce_gallery_thumbnail":["https:\/\/ruckstuhlsport.ch\/wp-content\/uploads\/Basketballpfosten-sockel-einbetonieren-100x100.jpg",100,100,true],"wc_order_status_icon":["https:\/\/ruckstuhlsport.ch\/wp-content\/uploads\/Basketballpfosten-sockel-einbetonieren-32x32.jpg",32,32,true],"dgwt-wcas-product-suggestion":["https:\/\/ruckstuhlsport.ch\/wp-content\/uploads\/Basketballpfosten-sockel-einbetonieren-64x64.jpg",64,64,true]},"uagb_author_info":{"display_name":"admin","author_link":"https:\/\/ruckstuhlsport.ch\/fr\/author\/"},"uagb_comment_info":0,"uagb_excerpt":"Poteaux solides en acier galvanis\u00e9 Hauteur du panier 305 cm avec panneau de basketball en aluminium 90 x 120 cm panier et filet de basketball inclus Projection: 120 cm avec socle \u00e0 b\u00e9tonner Le poteau est viss\u00e9 sur le socle","_links":{"self":[{"href":"https:\/\/ruckstuhlsport.ch\/fr\/wp-json\/wp\/v2\/product\/13289","targetHints":{"allow":["GET"]}}],"collection":[{"href":"https:\/\/ruckstuhlsport.ch\/fr\/wp-json\/wp\/v2\/product"}],"about":[{"href":"https:\/\/ruckstuhlsport.ch\/fr\/wp-json\/wp\/v2\/types\/product"}],"wp:featuredmedia":[{"embeddable":true,"href":"https:\/\/ruckstuhlsport.ch\/fr\/wp-json\/wp\/v2\/media\/18974"}],"wp:attachment":[{"href":"https:\/\/ruckstuhlsport.ch\/fr\/wp-json\/wp\/v2\/media?parent=13289"}],"wp:term":[{"taxonomy":"product_brand","embeddable":true,"href":"https:\/\/ruckstuhlsport.ch\/fr\/wp-json\/wp\/v2\/product_brand?post=13289"},{"taxonomy":"product_cat","embeddable":true,"href":"https:\/\/ruckstuhlsport.ch\/fr\/wp-json\/wp\/v2\/product_cat?post=13289"},{"taxonomy":"product_tag","embeddable":true,"href":"https:\/\/ruckstuhlsport.ch\/fr\/wp-json\/wp\/v2\/product_tag?post=13289"}],"curies":[{"name":"wp","href":"https:\/\/api.w.org\/{rel}","templated":true}]}}