{"id":13311,"date":"2019-11-21T17:56:33","date_gmt":"2021-09-10T09:07:14","guid":{"rendered":"https:\/\/ruckstuhlsport.ch\/non%20class\u00e9\/mur-de-but-de-precision\/"},"modified":"2023-12-30T10:42:49","modified_gmt":"2023-12-30T09:42:49","slug":"mur-but-precision","status":"publish","type":"product","link":"https:\/\/ruckstuhlsport.ch\/fr\/football\/materiel-dentrainement-de-football\/murs-de-tir\/mur-but-precision\/","title":{"rendered":"Mur de but de Precision"},"content":{"rendered":"","protected":false},"excerpt":{"rendered":"<p>Mat\u00e9riau en toile robuste avec \u0153illets et mat\u00e9riel de fixation.<\/p>\n<ul>\n<li>avec 5 cibles (\u00f8 50cm)<\/li>\n<li>mat\u00e9riel de fixation inclus<\/li>\n<li>en PVC<\/li>\n<\/ul>\n","protected":false},"featured_media":6721,"template":"","meta":{"_crdt_document":"","_uag_custom_page_level_css":"","site-sidebar-layout":"default","site-content-layout":"default","ast-site-content-layout":"default","site-content-style":"default","site-sidebar-style":"default","ast-global-header-display":"","ast-banner-title-visibility":"","ast-main-header-display":"","ast-hfb-above-header-display":"","ast-hfb-below-header-display":"","ast-hfb-mobile-header-display":"","site-post-title":"","ast-breadcrumbs-content":"","ast-featured-img":"","footer-sml-layout":"","ast-disable-related-posts":"","theme-transparent-header-meta":"default","adv-header-id-meta":"","stick-header-meta":"default","header-above-stick-meta":"","header-main-stick-meta":"","header-below-stick-meta":"","astra-migrate-meta-layouts":"default","ast-page-background-enabled":"default","ast-page-background-meta":{"desktop":{"background-color":"","background-image":"","background-repeat":"repeat","background-position":"center center","background-size":"auto","background-attachment":"scroll","background-type":"","background-media":"","overlay-type":"","overlay-color":"","overlay-opacity":"","overlay-gradient":""},"tablet":{"background-color":"","background-image":"","background-repeat":"repeat","background-position":"center center","background-size":"auto","background-attachment":"scroll","background-type":"","background-media":"","overlay-type":"","overlay-color":"","overlay-opacity":"","overlay-gradient":""},"mobile":{"background-color":"","background-image":"","background-repeat":"repeat","background-position":"center center","background-size":"auto","background-attachment":"scroll","background-type":"","background-media":"","overlay-type":"","overlay-color":"","overlay-opacity":"","overlay-gradient":""}},"ast-content-background-meta":{"desktop":{"background-color":"var(--ast-global-color-5)","background-image":"","background-repeat":"repeat","background-position":"center center","background-size":"auto","background-attachment":"scroll","background-type":"","background-media":"","overlay-type":"","overlay-color":"","overlay-opacity":"","overlay-gradient":""},"tablet":{"background-color":"var(--ast-global-color-5)","background-image":"","background-repeat":"repeat","background-position":"center center","background-size":"auto","background-attachment":"scroll","background-type":"","background-media":"","overlay-type":"","overlay-color":"","overlay-opacity":"","overlay-gradient":""},"mobile":{"background-color":"var(--ast-global-color-5)","background-image":"","background-repeat":"repeat","background-position":"center center","background-size":"auto","background-attachment":"scroll","background-type":"","background-media":"","overlay-type":"","overlay-color":"","overlay-opacity":"","overlay-gradient":""}}},"product_brand":[],"product_cat":[932,933,1522],"product_tag":[],"class_list":{"0":"post-13311","1":"product","2":"type-product","3":"status-publish","4":"has-post-thumbnail","6":"product_cat-football","7":"product_cat-materiel-dentrainement-de-football","8":"product_cat-murs-de-tir","9":"product_shipping_class-defaut","10":"pa_groesse-3-x-2-m-fr","11":"pa_groesse-4-x-2-m-fr","12":"pa_groesse-5-00-x-2-00-m","13":"pa_groesse-6-x-2-m-fr","14":"pa_groesse-7-32-x-2-44-m-fr","15":"desktop-align-center","16":"tablet-align-center","17":"mobile-align-center","18":"ast-product-gallery-layout-horizontal","19":"ast-product-single-variable","20":"ast-product-tabs-layout-horizontal","22":"first","23":"onbackorder","24":"taxable","25":"shipping-taxable","26":"purchasable","27":"product-type-variable"},"uagb_featured_image_src":{"full":["https:\/\/ruckstuhlsport.ch\/wp-content\/uploads\/torwand-precision.jpg",600,398,false],"thumbnail":["https:\/\/ruckstuhlsport.ch\/wp-content\/uploads\/torwand-precision-150x150.jpg",150,150,true],"medium":["https:\/\/ruckstuhlsport.ch\/wp-content\/uploads\/torwand-precision-300x199.jpg",300,199,true],"medium_large":["https:\/\/ruckstuhlsport.ch\/wp-content\/uploads\/torwand-precision.jpg",600,398,false],"large":["https:\/\/ruckstuhlsport.ch\/wp-content\/uploads\/torwand-precision.jpg",600,398,false],"1536x1536":["https:\/\/ruckstuhlsport.ch\/wp-content\/uploads\/torwand-precision.jpg",600,398,false],"2048x2048":["https:\/\/ruckstuhlsport.ch\/wp-content\/uploads\/torwand-precision.jpg",600,398,false],"woocommerce_thumbnail":["https:\/\/ruckstuhlsport.ch\/wp-content\/uploads\/torwand-precision-300x199.jpg",300,199,true],"woocommerce_single":["https:\/\/ruckstuhlsport.ch\/wp-content\/uploads\/torwand-precision.jpg",600,398,false],"woocommerce_gallery_thumbnail":["https:\/\/ruckstuhlsport.ch\/wp-content\/uploads\/torwand-precision-100x100.jpg",100,100,true],"wc_order_status_icon":["https:\/\/ruckstuhlsport.ch\/wp-content\/uploads\/torwand-precision.jpg",32,21,false],"dgwt-wcas-product-suggestion":["https:\/\/ruckstuhlsport.ch\/wp-content\/uploads\/torwand-precision-64x42.jpg",64,42,true]},"uagb_author_info":{"display_name":"admin","author_link":"https:\/\/ruckstuhlsport.ch\/fr\/author\/"},"uagb_comment_info":0,"uagb_excerpt":"Mat\u00e9riau en toile robuste avec \u0153illets et mat\u00e9riel de fixation. avec 5 cibles (\u00f8 50cm) mat\u00e9riel de fixation inclus en PVC","_links":{"self":[{"href":"https:\/\/ruckstuhlsport.ch\/fr\/wp-json\/wp\/v2\/product\/13311","targetHints":{"allow":["GET"]}}],"collection":[{"href":"https:\/\/ruckstuhlsport.ch\/fr\/wp-json\/wp\/v2\/product"}],"about":[{"href":"https:\/\/ruckstuhlsport.ch\/fr\/wp-json\/wp\/v2\/types\/product"}],"wp:featuredmedia":[{"embeddable":true,"href":"https:\/\/ruckstuhlsport.ch\/fr\/wp-json\/wp\/v2\/media\/6721"}],"wp:attachment":[{"href":"https:\/\/ruckstuhlsport.ch\/fr\/wp-json\/wp\/v2\/media?parent=13311"}],"wp:term":[{"taxonomy":"product_brand","embeddable":true,"href":"https:\/\/ruckstuhlsport.ch\/fr\/wp-json\/wp\/v2\/product_brand?post=13311"},{"taxonomy":"product_cat","embeddable":true,"href":"https:\/\/ruckstuhlsport.ch\/fr\/wp-json\/wp\/v2\/product_cat?post=13311"},{"taxonomy":"product_tag","embeddable":true,"href":"https:\/\/ruckstuhlsport.ch\/fr\/wp-json\/wp\/v2\/product_tag?post=13311"}],"curies":[{"name":"wp","href":"https:\/\/api.w.org\/{rel}","templated":true}]}}