{"id":13328,"date":"2021-02-09T11:04:09","date_gmt":"2021-02-09T10:04:09","guid":{"rendered":"https:\/\/ruckstuhlsport.ch\/non%20class\u00e9\/but-de-football-5-00-x-2-00-m-mobile-crochets-en-plastique\/"},"modified":"2026-02-11T12:37:36","modified_gmt":"2026-02-11T11:37:36","slug":"but-football-5x2m-entierement-soude","status":"publish","type":"product","link":"https:\/\/ruckstuhlsport.ch\/fr\/football\/equipement-terrain-foot\/buts-de-football\/buts-football-junior\/but-football-5x2m-entierement-soude\/","title":{"rendered":"But de football 5.00 x 2.00 m, autoportant, plastique Crochets de filet"},"content":{"rendered":"<p>Ce But de football autoportant enti\u00e8rement soud\u00e9 de 5,00 x 2,00 m est conforme aux directives de l&rsquo;ASF. La profondeur en haut mesure 0.8 m et celle d&rsquo;en bas 1.5 m. Le cadre au sol est construit d&rsquo;un profil en alu de 80 x 40 mm.<\/p>\n<p>Si vous optez pour l&rsquo;option des crochets en H en plastique, le filet de but est fix\u00e9 par les crochets en plastique fournies. Une rainure dans le profil\u00e9 ovale est pr\u00e9vue \u00e0 cet effet.<\/p>\n<p>Veuillez noter que les but de football mobiles mobiles doivent \u00eatre ancr\u00e9s dans le sol de mani\u00e8re appropri\u00e9e afin qu&rsquo;ils ne puissent pas basculer. Pour cette raison, nous vous recommandons d&rsquo;\u00e9quiper les buts avec <a href=\"https:\/\/ruckstuhlsport.ch\/fr\/accessoires-buts-football\/\">l&rsquo;ancrage au sol ou d&rsquo;un lestage pour buts de football<\/a><\/p>\n<p>Le But de football de 5.00 x 2.00 m est livr\u00e9 sans filet de but. Vous trouverez les <a href=\"https:\/\/ruckstuhlsport.ch\/fr\/filets-de-but\/?pa_groesse=5-15-x-2-05-m&#038;pa_tiefe=0-80-1-50-m\" target=\"_blank\" rel=\"noopener noreferrer\">filet compatibles<\/a> pour ce but sous l&rsquo;onglet \u00ab\u00a0Acc\u00e9ssoires\u00a0\u00bb.<\/p>\n<p>Les frais de livraison des buts de football enti\u00e8rement soud\u00e9s d\u00e9pendent fortement de la quantit\u00e9 et de l&rsquo;adresse de livraison. Pour que nous puissions vous donner les co\u00fbts effectifs, y compris y compris les frais de transport, veuillez nous envoyer une demande de prix.<\/p>\n","protected":false},"excerpt":{"rendered":"<ul>\n<li>Attention: le cadre au sol sur la photo ne correspond pas au cadre r\u00e9el.<\/li>\n<li>Dimensions: 5.00 x 2.00 m<\/li>\n<li>Profondeur en haut: 0.80 m<\/li>\n<li>Profondeur en bas: 1.50 m<\/li>\n<li><strong>conforme aux sp\u00e9cifications de l&rsquo;ASF <\/strong><\/li>\n<li>Suspension du filet: support de filet<\/li>\n<li>Profil: profile ovale en aluminium (120 x 100 mm)<\/li>\n<li>Couleur: Alu brut ou blanc<\/li>\n<li>Cadre au sol: 80 x 40 mm (le cadre au sol sur la photo ne correspond pas au cadre r\u00e9el.)<\/li>\n<li>Soudage: enti\u00e8rement soud\u00e9<\/li>\n<li>Fixation du filet: Crochets en forme H en plastique<\/li>\n<li>Le prix indiqu\u00e9 se r\u00e9f\u00e8re au prix unitaire pour une commande d&rsquo;au moins 2 portes (livraison non comprise).<\/li>\n<li>\n<\/li>\n<\/ul>\n","protected":false},"featured_media":6066,"template":"","meta":{"_crdt_document":"","_uag_custom_page_level_css":"","site-sidebar-layout":"default","site-content-layout":"default","ast-site-content-layout":"default","site-content-style":"default","site-sidebar-style":"default","ast-global-header-display":"","ast-banner-title-visibility":"","ast-main-header-display":"","ast-hfb-above-header-display":"","ast-hfb-below-header-display":"","ast-hfb-mobile-header-display":"","site-post-title":"","ast-breadcrumbs-content":"","ast-featured-img":"","footer-sml-layout":"","ast-disable-related-posts":"","theme-transparent-header-meta":"default","adv-header-id-meta":"","stick-header-meta":"default","header-above-stick-meta":"","header-main-stick-meta":"","header-below-stick-meta":"","astra-migrate-meta-layouts":"default","ast-page-background-enabled":"default","ast-page-background-meta":{"desktop":{"background-color":"","background-image":"","background-repeat":"repeat","background-position":"center center","background-size":"auto","background-attachment":"scroll","background-type":"","background-media":"","overlay-type":"","overlay-color":"","overlay-opacity":"","overlay-gradient":""},"tablet":{"background-color":"","background-image":"","background-repeat":"repeat","background-position":"center center","background-size":"auto","background-attachment":"scroll","background-type":"","background-media":"","overlay-type":"","overlay-color":"","overlay-opacity":"","overlay-gradient":""},"mobile":{"background-color":"","background-image":"","background-repeat":"repeat","background-position":"center center","background-size":"auto","background-attachment":"scroll","background-type":"","background-media":"","overlay-type":"","overlay-color":"","overlay-opacity":"","overlay-gradient":""}},"ast-content-background-meta":{"desktop":{"background-color":"var(--ast-global-color-5)","background-image":"","background-repeat":"repeat","background-position":"center center","background-size":"auto","background-attachment":"scroll","background-type":"","background-media":"","overlay-type":"","overlay-color":"","overlay-opacity":"","overlay-gradient":""},"tablet":{"background-color":"var(--ast-global-color-5)","background-image":"","background-repeat":"repeat","background-position":"center center","background-size":"auto","background-attachment":"scroll","background-type":"","background-media":"","overlay-type":"","overlay-color":"","overlay-opacity":"","overlay-gradient":""},"mobile":{"background-color":"var(--ast-global-color-5)","background-image":"","background-repeat":"repeat","background-position":"center center","background-size":"auto","background-attachment":"scroll","background-type":"","background-media":"","overlay-type":"","overlay-color":"","overlay-opacity":"","overlay-gradient":""}}},"product_brand":[],"product_cat":[1540,932,989,1496],"product_tag":[],"class_list":{"0":"post-13328","1":"product","2":"type-product","3":"status-publish","4":"has-post-thumbnail","6":"product_cat-buts-football-junior","7":"product_cat-football","8":"product_cat-equipement-terrain-foot","9":"product_cat-buts-de-football","10":"product_shipping_class-but-de-football","11":"pa_ausfuehrung-entierement-soude","12":"pa_befestigung-autoportant","13":"pa_farbe-alu-fr","14":"pa_farbe-blanc","15":"pa_netzaufhaengung-supports-de-filet","16":"pa_netzhaken-crochets-en-forme-h","17":"pa_tiefe-0-80-1-50-m-fr","18":"pa_torbefestigung-beschwerung-ancrage-au-sol","19":"pa_torbefestigung-beschwerung-poids-mobile-2-x-65-kg","20":"pa_torbefestigung-beschwerung-sans","21":"pa_zusatzoptionen-2-roues-arrieres","22":"pa_zusatzoptionen-2-roues-laterales-poignee","23":"pa_zusatzoptionen-poignees","24":"pa_zusatzoptionen-roues-pliants-lateraux","25":"pa_zusatzoptionen-sans","26":"desktop-align-center","27":"tablet-align-center","28":"mobile-align-center","29":"ast-product-gallery-layout-horizontal","30":"ast-product-single-variable","31":"ast-product-tabs-layout-horizontal","33":"first","34":"onbackorder","35":"taxable","36":"shipping-taxable","37":"purchasable","38":"product-type-variable"},"uagb_featured_image_src":{"full":["https:\/\/ruckstuhlsport.ch\/wp-content\/uploads\/Fussballtor-500x200cm-freistehend-e1603831762238.jpg",600,531,false],"thumbnail":["https:\/\/ruckstuhlsport.ch\/wp-content\/uploads\/Fussballtor-500x200cm-freistehend-e1603831762238-150x150.jpg",150,150,true],"medium":["https:\/\/ruckstuhlsport.ch\/wp-content\/uploads\/Fussballtor-500x200cm-freistehend-e1603831762238-300x266.jpg",300,266,true],"medium_large":["https:\/\/ruckstuhlsport.ch\/wp-content\/uploads\/Fussballtor-500x200cm-freistehend-e1603831762238.jpg",600,531,false],"large":["https:\/\/ruckstuhlsport.ch\/wp-content\/uploads\/Fussballtor-500x200cm-freistehend-e1603831762238.jpg",600,531,false],"1536x1536":["https:\/\/ruckstuhlsport.ch\/wp-content\/uploads\/Fussballtor-500x200cm-freistehend-e1603831762238.jpg",600,531,false],"2048x2048":["https:\/\/ruckstuhlsport.ch\/wp-content\/uploads\/Fussballtor-500x200cm-freistehend-e1603831762238.jpg",600,531,false],"woocommerce_thumbnail":["https:\/\/ruckstuhlsport.ch\/wp-content\/uploads\/Fussballtor-500x200cm-freistehend-e1603831762238-300x266.jpg",300,266,true],"woocommerce_single":["https:\/\/ruckstuhlsport.ch\/wp-content\/uploads\/Fussballtor-500x200cm-freistehend-e1603831762238.jpg",600,531,false],"woocommerce_gallery_thumbnail":["https:\/\/ruckstuhlsport.ch\/wp-content\/uploads\/Fussballtor-500x200cm-freistehend-e1603831762238-100x100.jpg",100,100,true],"wc_order_status_icon":["https:\/\/ruckstuhlsport.ch\/wp-content\/uploads\/Fussballtor-500x200cm-freistehend-e1603831762238.jpg",32,28,false],"dgwt-wcas-product-suggestion":["https:\/\/ruckstuhlsport.ch\/wp-content\/uploads\/Fussballtor-500x200cm-freistehend-e1603831762238-64x57.jpg",64,57,true]},"uagb_author_info":{"display_name":"admin","author_link":"https:\/\/ruckstuhlsport.ch\/fr\/author\/"},"uagb_comment_info":0,"uagb_excerpt":"Attention: le cadre au sol sur la photo ne correspond pas au cadre r\u00e9el. Dimensions: 5.00 x 2.00 m Profondeur en haut: 0.80 m Profondeur en bas: 1.50 m conforme aux sp\u00e9cifications de l'ASF Suspension du filet: support de filet Profil: profile ovale en aluminium (120 x 100 mm) Couleur: Alu brut ou blanc Cadre\u2026","_links":{"self":[{"href":"https:\/\/ruckstuhlsport.ch\/fr\/wp-json\/wp\/v2\/product\/13328","targetHints":{"allow":["GET"]}}],"collection":[{"href":"https:\/\/ruckstuhlsport.ch\/fr\/wp-json\/wp\/v2\/product"}],"about":[{"href":"https:\/\/ruckstuhlsport.ch\/fr\/wp-json\/wp\/v2\/types\/product"}],"wp:featuredmedia":[{"embeddable":true,"href":"https:\/\/ruckstuhlsport.ch\/fr\/wp-json\/wp\/v2\/media\/6066"}],"wp:attachment":[{"href":"https:\/\/ruckstuhlsport.ch\/fr\/wp-json\/wp\/v2\/media?parent=13328"}],"wp:term":[{"taxonomy":"product_brand","embeddable":true,"href":"https:\/\/ruckstuhlsport.ch\/fr\/wp-json\/wp\/v2\/product_brand?post=13328"},{"taxonomy":"product_cat","embeddable":true,"href":"https:\/\/ruckstuhlsport.ch\/fr\/wp-json\/wp\/v2\/product_cat?post=13328"},{"taxonomy":"product_tag","embeddable":true,"href":"https:\/\/ruckstuhlsport.ch\/fr\/wp-json\/wp\/v2\/product_tag?post=13328"}],"curies":[{"name":"wp","href":"https:\/\/api.w.org\/{rel}","templated":true}]}}