{"id":13404,"date":"2021-02-03T20:10:18","date_gmt":"2021-02-03T19:10:18","guid":{"rendered":"https:\/\/ruckstuhlsport.ch\/non%20class\u00e9\/but-de-football-7-32-x-2-44-m-mobile-crochets-en-plastique\/"},"modified":"2025-09-19T08:45:10","modified_gmt":"2025-09-19T06:45:10","slug":"but-football-732x244-mobile-entierement-soude","status":"publish","type":"product","link":"https:\/\/ruckstuhlsport.ch\/fr\/football\/equipement-terrain-foot\/buts-de-football\/buts-football-adulte\/but-football-732x244-mobile-entierement-soude\/","title":{"rendered":"But de football 7.32 x 2.44 m, mobile, crochets en plastique"},"content":{"rendered":"<p>Le but de football enti\u00e8rement soud\u00e9 de 7,32 x 2,44 m pour les grands terrains se caract\u00e9rise par une excellente stabilit\u00e9. Le profil oval en aluminium utilis\u00e9 (120 x 100 mm) est en outre renforc\u00e9 dans les coins, ce qui fait de ce but de football l&rsquo;une des plus durables. Les supports de filet en profil\u00e9s d&rsquo;aluminium de 50 mm d&rsquo;\u00e9paisseur contribuent en outre \u00e0 l&rsquo;\u00e9norme stabilit\u00e9.<\/p>\n<p>Gr\u00e2ce aux options suppl\u00e9mentaires, telles que les roues de transport mont\u00e9es sur le c\u00f4t\u00e9, vous pouvez facilement d\u00e9placer le but d&rsquo;un terrain d&rsquo;entra\u00eenement \u00e0 un autre.<\/p>\n<p>Avec ce but de football mobile, le filet de but est fix\u00e9 par les crochets \u00ab\u00a0H\u00a0\u00bb en plastique inclus dans la livraison. Une rainure dans le profil\u00e9 ovale est pr\u00e9vue \u00e0 cet effet.<\/p>\n<p>Le cadre au sol de 2 m de profondeur est constitu\u00e9 d&rsquo;un profil\u00e9 en aluminium de 80 x 40 mm. Le filet est fix\u00e9 \u00e0 l&rsquo;aide de crochets en plastique au cadre du sol.<\/p>\n<p>Equipez ce but de football de 7,32 x 2,44 m avec des <a href=\"https:\/\/ruckstuhlsport.ch\/fr\/accessoires-buts-football\/\">ancrages au sol ou d&rsquo;un poids de lestage pour buts de football<\/a>afin de respecter les directives de la ASF.<\/p>\n<p>Le <a href=\"https:\/\/ruckstuhlsport.ch\/fr\/filets-buts-football-adulte\/\" target=\"_blank\" rel=\"noopener noreferrer\">filet de but de football<\/a> n&rsquo;est pas compris dans la livraison. Vous trouverez les filet compatibles pour ce but sous l&rsquo;onglet \u00ab\u00a0Acc\u00e9ssoires\u00a0\u00bb.<\/p>\n<p>Les frais de livraison des buts de football enti\u00e8rement soud\u00e9s d\u00e9pendent fortement de la quantit\u00e9 et de l&rsquo;adresse de livraison. Pour que nous puissions vous donner les co\u00fbts effectifs, y compris les frais de transport, veuillez nous envoyer une demande de prix.<\/p>\n","protected":false},"excerpt":{"rendered":"<ul>\n<li>Dimensions: 7.32 x 2.44 m<\/li>\n<li>Profondeur en haut: 0.80 m<\/li>\n<li>Profondeur en bas: 2.00 m<\/li>\n<li><strong>conforme aux sp\u00e9cifications de l&rsquo;ASF <\/strong><\/li>\n<li>Suspension du filet: support de filet<\/li>\n<li>Profil: profile ovale en aluminium (120 x 100 mm)<\/li>\n<li>Couleur: Alu brut ou blanc<\/li>\n<li>Cadre au sol: 80 x 40 mm<\/li>\n<li>Soudage: enti\u00e8rement soud\u00e9<\/li>\n<li>Fixation du filet: Crochets en forme H en plastique<\/li>\n<li><a href=\"#tab-description\">Plus d&rsquo;informations<\/a><\/li>\n<\/ul>\n","protected":false},"featured_media":6018,"template":"","meta":{"_crdt_document":"","_uag_custom_page_level_css":"","site-sidebar-layout":"default","site-content-layout":"default","ast-site-content-layout":"default","site-content-style":"default","site-sidebar-style":"default","ast-global-header-display":"","ast-banner-title-visibility":"","ast-main-header-display":"","ast-hfb-above-header-display":"","ast-hfb-below-header-display":"","ast-hfb-mobile-header-display":"","site-post-title":"","ast-breadcrumbs-content":"","ast-featured-img":"","footer-sml-layout":"","ast-disable-related-posts":"","theme-transparent-header-meta":"default","adv-header-id-meta":"","stick-header-meta":"default","header-above-stick-meta":"","header-main-stick-meta":"","header-below-stick-meta":"","astra-migrate-meta-layouts":"default","ast-page-background-enabled":"default","ast-page-background-meta":{"desktop":{"background-color":"","background-image":"","background-repeat":"repeat","background-position":"center center","background-size":"auto","background-attachment":"scroll","background-type":"","background-media":"","overlay-type":"","overlay-color":"","overlay-opacity":"","overlay-gradient":""},"tablet":{"background-color":"","background-image":"","background-repeat":"repeat","background-position":"center center","background-size":"auto","background-attachment":"scroll","background-type":"","background-media":"","overlay-type":"","overlay-color":"","overlay-opacity":"","overlay-gradient":""},"mobile":{"background-color":"","background-image":"","background-repeat":"repeat","background-position":"center center","background-size":"auto","background-attachment":"scroll","background-type":"","background-media":"","overlay-type":"","overlay-color":"","overlay-opacity":"","overlay-gradient":""}},"ast-content-background-meta":{"desktop":{"background-color":"var(--ast-global-color-5)","background-image":"","background-repeat":"repeat","background-position":"center center","background-size":"auto","background-attachment":"scroll","background-type":"","background-media":"","overlay-type":"","overlay-color":"","overlay-opacity":"","overlay-gradient":""},"tablet":{"background-color":"var(--ast-global-color-5)","background-image":"","background-repeat":"repeat","background-position":"center center","background-size":"auto","background-attachment":"scroll","background-type":"","background-media":"","overlay-type":"","overlay-color":"","overlay-opacity":"","overlay-gradient":""},"mobile":{"background-color":"var(--ast-global-color-5)","background-image":"","background-repeat":"repeat","background-position":"center center","background-size":"auto","background-attachment":"scroll","background-type":"","background-media":"","overlay-type":"","overlay-color":"","overlay-opacity":"","overlay-gradient":""}}},"product_brand":[],"product_cat":[1543,932,1496],"product_tag":[],"class_list":{"0":"post-13404","1":"product","2":"type-product","3":"status-publish","4":"has-post-thumbnail","6":"product_cat-buts-football-adulte","7":"product_cat-football","8":"product_cat-buts-de-football","9":"product_shipping_class-but-de-football","10":"pa_ausfuehrung-partiellement-soude","11":"pa_befestigung-autoportant","12":"pa_farbe-alu-fr","13":"pa_farbe-blanc","14":"pa_groesse-7-32-x-2-44-m-fr","15":"pa_netzaufhaengung-supports-de-filet","16":"pa_netzhaken-crochets-en-forme-h","17":"pa_tiefe-0-80-2-00-m-fr","18":"pa_zusatzoptionen-2-roues-arrieres","19":"pa_zusatzoptionen-2-roues-laterales-poignee","20":"pa_zusatzoptionen-poignees","21":"pa_zusatzoptionen-roues-pliants-lateraux","22":"pa_zusatzoptionen-sans","23":"desktop-align-center","24":"tablet-align-center","25":"mobile-align-center","26":"ast-product-gallery-layout-horizontal","27":"ast-product-single-variable","28":"ast-product-tabs-layout-horizontal","30":"first","31":"onbackorder","32":"taxable","33":"shipping-taxable","34":"purchasable","35":"product-type-variable"},"uagb_featured_image_src":{"full":["https:\/\/ruckstuhlsport.ch\/wp-content\/uploads\/Fussballtor-732x244cm-freistehend-Netzbuegel-transportraeder-TEF-e1603831815710.jpg",1000,795,false],"thumbnail":["https:\/\/ruckstuhlsport.ch\/wp-content\/uploads\/Fussballtor-732x244cm-freistehend-Netzbuegel-transportraeder-TEF-e1603831815710-150x150.jpg",150,150,true],"medium":["https:\/\/ruckstuhlsport.ch\/wp-content\/uploads\/Fussballtor-732x244cm-freistehend-Netzbuegel-transportraeder-TEF-e1603831815710-300x239.jpg",300,239,true],"medium_large":["https:\/\/ruckstuhlsport.ch\/wp-content\/uploads\/Fussballtor-732x244cm-freistehend-Netzbuegel-transportraeder-TEF-e1603831815710-768x611.jpg",768,611,true],"large":["https:\/\/ruckstuhlsport.ch\/wp-content\/uploads\/Fussballtor-732x244cm-freistehend-Netzbuegel-transportraeder-TEF-e1603831815710.jpg",1000,795,false],"1536x1536":["https:\/\/ruckstuhlsport.ch\/wp-content\/uploads\/Fussballtor-732x244cm-freistehend-Netzbuegel-transportraeder-TEF-e1603831815710.jpg",1000,795,false],"2048x2048":["https:\/\/ruckstuhlsport.ch\/wp-content\/uploads\/Fussballtor-732x244cm-freistehend-Netzbuegel-transportraeder-TEF-e1603831815710.jpg",1000,795,false],"woocommerce_thumbnail":["https:\/\/ruckstuhlsport.ch\/wp-content\/uploads\/Fussballtor-732x244cm-freistehend-Netzbuegel-transportraeder-TEF-e1603831815710-300x239.jpg",300,239,true],"woocommerce_single":["https:\/\/ruckstuhlsport.ch\/wp-content\/uploads\/Fussballtor-732x244cm-freistehend-Netzbuegel-transportraeder-TEF-e1603831815710-600x477.jpg",600,477,true],"woocommerce_gallery_thumbnail":["https:\/\/ruckstuhlsport.ch\/wp-content\/uploads\/Fussballtor-732x244cm-freistehend-Netzbuegel-transportraeder-TEF-e1603831815710-100x100.jpg",100,100,true],"wc_order_status_icon":["https:\/\/ruckstuhlsport.ch\/wp-content\/uploads\/Fussballtor-732x244cm-freistehend-Netzbuegel-transportraeder-TEF-e1603831815710.jpg",32,25,false],"dgwt-wcas-product-suggestion":["https:\/\/ruckstuhlsport.ch\/wp-content\/uploads\/Fussballtor-732x244cm-freistehend-Netzbuegel-transportraeder-TEF-e1603831815710-64x51.jpg",64,51,true]},"uagb_author_info":{"display_name":"admin","author_link":"https:\/\/ruckstuhlsport.ch\/fr\/author\/"},"uagb_comment_info":0,"uagb_excerpt":"Dimensions: 7.32 x 2.44 m Profondeur en haut: 0.80 m Profondeur en bas: 2.00 m conforme aux sp\u00e9cifications de l'ASF Suspension du filet: support de filet Profil: profile ovale en aluminium (120 x 100 mm) Couleur: Alu brut ou blanc Cadre au sol: 80 x 40 mm Soudage: enti\u00e8rement soud\u00e9 Fixation du filet: Crochets en\u2026","_links":{"self":[{"href":"https:\/\/ruckstuhlsport.ch\/fr\/wp-json\/wp\/v2\/product\/13404","targetHints":{"allow":["GET"]}}],"collection":[{"href":"https:\/\/ruckstuhlsport.ch\/fr\/wp-json\/wp\/v2\/product"}],"about":[{"href":"https:\/\/ruckstuhlsport.ch\/fr\/wp-json\/wp\/v2\/types\/product"}],"wp:featuredmedia":[{"embeddable":true,"href":"https:\/\/ruckstuhlsport.ch\/fr\/wp-json\/wp\/v2\/media\/6018"}],"wp:attachment":[{"href":"https:\/\/ruckstuhlsport.ch\/fr\/wp-json\/wp\/v2\/media?parent=13404"}],"wp:term":[{"taxonomy":"product_brand","embeddable":true,"href":"https:\/\/ruckstuhlsport.ch\/fr\/wp-json\/wp\/v2\/product_brand?post=13404"},{"taxonomy":"product_cat","embeddable":true,"href":"https:\/\/ruckstuhlsport.ch\/fr\/wp-json\/wp\/v2\/product_cat?post=13404"},{"taxonomy":"product_tag","embeddable":true,"href":"https:\/\/ruckstuhlsport.ch\/fr\/wp-json\/wp\/v2\/product_tag?post=13404"}],"curies":[{"name":"wp","href":"https:\/\/api.w.org\/{rel}","templated":true}]}}