{"id":13434,"date":"2020-07-30T12:26:26","date_gmt":"2021-09-10T12:28:13","guid":{"rendered":"https:\/\/ruckstuhlsport.ch\/unkategorisiert\/but-de-football-7-32-x-2-44-m-douilles-support-du-filet\/"},"modified":"2023-12-30T10:43:29","modified_gmt":"2023-12-30T09:43:29","slug":"but-football-732x244-douilles-support-filet","status":"publish","type":"product","link":"https:\/\/ruckstuhlsport.ch\/fr\/football\/equipement-terrain-foot\/buts-de-football\/buts-football-adulte\/but-football-732x244-douilles-support-filet\/","title":{"rendered":"But de football 7.32 x 2.44 m, douilles, support du filet"},"content":{"rendered":"<p>Ce but de football de 7,32 x 2,44 m, ins\u00e9r\u00e9 dans des douilles de sol, convainc par ses profil\u00e9s ovales en aluminium tr\u00e8s r\u00e9sistants. Gr\u00e2ce au solide profil\u00e9 en aluminium laqu\u00e9 blanc (120 \u00d7 100), vous pouvez compter sur un <strong>but de football de qualit\u00e9<\/strong>pendant des ann\u00e9es. En plus, les joints d&rsquo;angle sp\u00e9cialement con\u00e7us conf\u00e8rent au but de football une excellente stabilit\u00e9 et lui permettent de r\u00e9sister \u00e0 des charges \u00e9lev\u00e9es.<\/p>\n<p>Les deux profils de poteau sont \u00e9quip\u00e9s d&rsquo;un rail permettant de fixer facilement les support de filet. Les renforts suppl\u00e9mentaires entre la barre transversale et le support du filet offrent encore plus de stabilit\u00e9.<\/p>\n<p>L&rsquo;option des crochets de filet frais\u00e9s vous donne \u00e9galement l&rsquo;avantage de ne pas avoir besoin de crochets de filet en plastique. Comme les crochets du filet sont frais\u00e9s dans le profil ovale, le filet de but peut \u00eatre facilement fix\u00e9 au cadre du but. Un ruban d&rsquo;\u00e9tanch\u00e9it\u00e9 est \u00e9galement fourni pour que le filet de but soit solidement fix\u00e9. Les buts avec crochets de filet frais\u00e9s sont disponibles avec un cadre inf\u00e9rieur abaissable en profil\u00e9 d&rsquo;aluminium de 40 x 40 mm avec une \u00e9paisseur de 3 mm. Les \u0153illets soud\u00e9s permettent de fixer le filet avec un c\u00e2ble en acier ou des tiges.<\/p>\n<p>Si vous optez pour l&rsquo;option des crochets en plastique pour filet en H, le filet de but est fix\u00e9 par les crochets en plastique fournies. Une rainure dans le profil\u00e9 ovale est pr\u00e9vue \u00e0 cet effet. Dans ce cas, le cadre de sol abaissable est constitu\u00e9 d&rsquo;un tube rond en aluminium d&rsquo;un diam\u00e8tre de 35 mm et d&rsquo;une \u00e9paisseur de 2 mm. Gr\u00e2ce \u00e0 son profil t\u00e9lescopique, le filet de but peut \u00eatre facilement tendu.<\/p>\n<p>Les douilles de sol et le filet de but ne sont pas inclus dans la livraison.<br \/>\nVous pouvez les trouver sous l&rsquo;onglet \u00ab\u00a0Accessoires\u00a0\u00bb.<\/p>\n","protected":false},"excerpt":{"rendered":"<ul>\n<li>Dimensions: 7.32 x 2.44 m<\/li>\n<li>Profondeur en haut: 0.80 m<\/li>\n<li>Profondeur en bas: 2.00 m<\/li>\n<li>Suspension du filet: support de filet<\/li>\n<li>Profil: profile ovale en aluminium (120 x 100 mm)<\/li>\n<li>Couleur: blanc<\/li>\n<li>Cadre de sol: \u00e0 choix<\/li>\n<li>Soudage: coins soud\u00e9s<\/li>\n<li>Fixation du filet: crochets frais\u00e9s dans le profil ou crochets en forme H en plastique<\/li>\n<li>Contenu de la livraison : but de football, supports de filet, fixation de filet<\/li>\n<li><a href=\"https:\/\/ruckstuhlsport.ch\/tornetze-grossfeldtore\/?pa_tiefe=0-80-2-00-m\">Filet de but de football disponible s\u00e9par\u00e9ment<\/a><\/li>\n<li><a href=\"#tab-description\">Plus des informations<\/a><\/li>\n<\/ul>\n","protected":false},"featured_media":5763,"template":"","meta":{"_crdt_document":"","_uag_custom_page_level_css":"","site-sidebar-layout":"default","site-content-layout":"default","ast-site-content-layout":"default","site-content-style":"default","site-sidebar-style":"default","ast-global-header-display":"","ast-banner-title-visibility":"","ast-main-header-display":"","ast-hfb-above-header-display":"","ast-hfb-below-header-display":"","ast-hfb-mobile-header-display":"","site-post-title":"","ast-breadcrumbs-content":"","ast-featured-img":"","footer-sml-layout":"","ast-disable-related-posts":"","theme-transparent-header-meta":"default","adv-header-id-meta":"","stick-header-meta":"default","header-above-stick-meta":"","header-main-stick-meta":"","header-below-stick-meta":"","astra-migrate-meta-layouts":"default","ast-page-background-enabled":"default","ast-page-background-meta":{"desktop":{"background-color":"","background-image":"","background-repeat":"repeat","background-position":"center center","background-size":"auto","background-attachment":"scroll","background-type":"","background-media":"","overlay-type":"","overlay-color":"","overlay-opacity":"","overlay-gradient":""},"tablet":{"background-color":"","background-image":"","background-repeat":"repeat","background-position":"center center","background-size":"auto","background-attachment":"scroll","background-type":"","background-media":"","overlay-type":"","overlay-color":"","overlay-opacity":"","overlay-gradient":""},"mobile":{"background-color":"","background-image":"","background-repeat":"repeat","background-position":"center center","background-size":"auto","background-attachment":"scroll","background-type":"","background-media":"","overlay-type":"","overlay-color":"","overlay-opacity":"","overlay-gradient":""}},"ast-content-background-meta":{"desktop":{"background-color":"var(--ast-global-color-5)","background-image":"","background-repeat":"repeat","background-position":"center center","background-size":"auto","background-attachment":"scroll","background-type":"","background-media":"","overlay-type":"","overlay-color":"","overlay-opacity":"","overlay-gradient":""},"tablet":{"background-color":"var(--ast-global-color-5)","background-image":"","background-repeat":"repeat","background-position":"center center","background-size":"auto","background-attachment":"scroll","background-type":"","background-media":"","overlay-type":"","overlay-color":"","overlay-opacity":"","overlay-gradient":""},"mobile":{"background-color":"var(--ast-global-color-5)","background-image":"","background-repeat":"repeat","background-position":"center center","background-size":"auto","background-attachment":"scroll","background-type":"","background-media":"","overlay-type":"","overlay-color":"","overlay-opacity":"","overlay-gradient":""}}},"product_brand":[],"product_cat":[932,1496,1543],"product_tag":[],"class_list":{"0":"post-13434","1":"product","2":"type-product","3":"status-publish","4":"has-post-thumbnail","6":"product_cat-football","7":"product_cat-buts-de-football","8":"product_cat-buts-football-adulte","9":"product_shipping_class-but-de-football","10":"pa_ausfuehrung-coins-soudee","11":"pa_befestigung-autoportant","12":"pa_bodenrahmen-avec-cable-en-acier","13":"pa_bodenrahmen-avec-tiges","14":"pa_bodenrahmen-avec-tube-rond","15":"pa_bodenrahmen-sans","16":"pa_bodenrahmen-seulement-avec-des-oeillets","17":"pa_farbe-blanc","18":"pa_groesse-7-32-x-2-44-m-fr","19":"pa_netzaufhaengung-supports-de-filet","20":"pa_netzhaken-crochets-en-forme-h","21":"pa_netzhaken-crochets-fraises","22":"pa_tiefe-0-80-2-00-m-fr","23":"desktop-align-center","24":"tablet-align-center","25":"mobile-align-center","26":"ast-product-gallery-layout-horizontal","27":"ast-product-gallery-with-no-image","28":"ast-product-single-variable","29":"ast-product-tabs-layout-horizontal","31":"first","32":"onbackorder","33":"taxable","34":"shipping-taxable","35":"purchasable","36":"product-type-variable"},"uagb_featured_image_src":{"full":["https:\/\/ruckstuhlsport.ch\/wp-content\/uploads\/Fussballtor-732x244cm-Bodenhuelsen-Netzbuegel-TEF-e1603833413993.jpg",1000,882,false],"thumbnail":["https:\/\/ruckstuhlsport.ch\/wp-content\/uploads\/Fussballtor-732x244cm-Bodenhuelsen-Netzbuegel-TEF-e1603833413993-150x150.jpg",150,150,true],"medium":["https:\/\/ruckstuhlsport.ch\/wp-content\/uploads\/Fussballtor-732x244cm-Bodenhuelsen-Netzbuegel-TEF-e1603833413993-300x265.jpg",300,265,true],"medium_large":["https:\/\/ruckstuhlsport.ch\/wp-content\/uploads\/Fussballtor-732x244cm-Bodenhuelsen-Netzbuegel-TEF-e1603833413993-768x677.jpg",768,677,true],"large":["https:\/\/ruckstuhlsport.ch\/wp-content\/uploads\/Fussballtor-732x244cm-Bodenhuelsen-Netzbuegel-TEF-e1603833413993.jpg",1000,882,false],"1536x1536":["https:\/\/ruckstuhlsport.ch\/wp-content\/uploads\/Fussballtor-732x244cm-Bodenhuelsen-Netzbuegel-TEF-e1603833413993.jpg",1000,882,false],"2048x2048":["https:\/\/ruckstuhlsport.ch\/wp-content\/uploads\/Fussballtor-732x244cm-Bodenhuelsen-Netzbuegel-TEF-e1603833413993.jpg",1000,882,false],"woocommerce_thumbnail":["https:\/\/ruckstuhlsport.ch\/wp-content\/uploads\/Fussballtor-732x244cm-Bodenhuelsen-Netzbuegel-TEF-e1603833413993-300x265.jpg",300,265,true],"woocommerce_single":["https:\/\/ruckstuhlsport.ch\/wp-content\/uploads\/Fussballtor-732x244cm-Bodenhuelsen-Netzbuegel-TEF-e1603833413993-600x529.jpg",600,529,true],"woocommerce_gallery_thumbnail":["https:\/\/ruckstuhlsport.ch\/wp-content\/uploads\/Fussballtor-732x244cm-Bodenhuelsen-Netzbuegel-TEF-e1603833413993-100x100.jpg",100,100,true],"wc_order_status_icon":["https:\/\/ruckstuhlsport.ch\/wp-content\/uploads\/Fussballtor-732x244cm-Bodenhuelsen-Netzbuegel-TEF-e1603833413993.jpg",32,28,false],"dgwt-wcas-product-suggestion":["https:\/\/ruckstuhlsport.ch\/wp-content\/uploads\/Fussballtor-732x244cm-Bodenhuelsen-Netzbuegel-TEF-e1603833413993-64x56.jpg",64,56,true]},"uagb_author_info":{"display_name":"admin","author_link":"https:\/\/ruckstuhlsport.ch\/fr\/author\/"},"uagb_comment_info":0,"uagb_excerpt":"Dimensions: 7.32 x 2.44 m Profondeur en haut: 0.80 m Profondeur en bas: 2.00 m Suspension du filet: support de filet Profil: profile ovale en aluminium (120 x 100 mm) Couleur: blanc Cadre de sol: \u00e0 choix Soudage: coins soud\u00e9s Fixation du filet: crochets frais\u00e9s dans le profil ou crochets en forme H en plastique\u2026","_links":{"self":[{"href":"https:\/\/ruckstuhlsport.ch\/fr\/wp-json\/wp\/v2\/product\/13434","targetHints":{"allow":["GET"]}}],"collection":[{"href":"https:\/\/ruckstuhlsport.ch\/fr\/wp-json\/wp\/v2\/product"}],"about":[{"href":"https:\/\/ruckstuhlsport.ch\/fr\/wp-json\/wp\/v2\/types\/product"}],"wp:featuredmedia":[{"embeddable":true,"href":"https:\/\/ruckstuhlsport.ch\/fr\/wp-json\/wp\/v2\/media\/5763"}],"wp:attachment":[{"href":"https:\/\/ruckstuhlsport.ch\/fr\/wp-json\/wp\/v2\/media?parent=13434"}],"wp:term":[{"taxonomy":"product_brand","embeddable":true,"href":"https:\/\/ruckstuhlsport.ch\/fr\/wp-json\/wp\/v2\/product_brand?post=13434"},{"taxonomy":"product_cat","embeddable":true,"href":"https:\/\/ruckstuhlsport.ch\/fr\/wp-json\/wp\/v2\/product_cat?post=13434"},{"taxonomy":"product_tag","embeddable":true,"href":"https:\/\/ruckstuhlsport.ch\/fr\/wp-json\/wp\/v2\/product_tag?post=13434"}],"curies":[{"name":"wp","href":"https:\/\/api.w.org\/{rel}","templated":true}]}}