{"id":13475,"date":"2021-02-23T20:30:59","date_gmt":"2021-02-23T19:30:59","guid":{"rendered":"https:\/\/ruckstuhlsport.ch\/non%20class\u00e9\/double-beche\/"},"modified":"2025-09-19T08:45:56","modified_gmt":"2025-09-19T06:45:56","slug":"double-beche","status":"publish","type":"product","link":"https:\/\/ruckstuhlsport.ch\/fr\/greenkeeping\/pelles\/double-beche\/","title":{"rendered":"Double b\u00eache"},"content":{"rendered":"","protected":false},"excerpt":{"rendered":"<ul>\n<li>Creusement simple d&rsquo;un trous dans le sol<\/li>\n<li>pour les trous d&rsquo;un diam\u00e8tre de 170 mm ou plus<\/li>\n<li>deux b\u00eaches en acier tremp\u00e9 1400 x 250 mm<\/li>\n<li>incl. Manche en bois de h\u00eatre \u00f8 40 x 1000 mm<\/li>\n<\/ul>\n","protected":false},"featured_media":9361,"template":"","meta":{"_crdt_document":"","_uag_custom_page_level_css":"","site-sidebar-layout":"default","site-content-layout":"default","ast-site-content-layout":"default","site-content-style":"default","site-sidebar-style":"default","ast-global-header-display":"","ast-banner-title-visibility":"","ast-main-header-display":"","ast-hfb-above-header-display":"","ast-hfb-below-header-display":"","ast-hfb-mobile-header-display":"","site-post-title":"","ast-breadcrumbs-content":"","ast-featured-img":"","footer-sml-layout":"","ast-disable-related-posts":"","theme-transparent-header-meta":"default","adv-header-id-meta":"","stick-header-meta":"default","header-above-stick-meta":"","header-main-stick-meta":"","header-below-stick-meta":"","astra-migrate-meta-layouts":"default","ast-page-background-enabled":"default","ast-page-background-meta":{"desktop":{"background-color":"","background-image":"","background-repeat":"repeat","background-position":"center center","background-size":"auto","background-attachment":"scroll","background-type":"","background-media":"","overlay-type":"","overlay-color":"","overlay-opacity":"","overlay-gradient":""},"tablet":{"background-color":"","background-image":"","background-repeat":"repeat","background-position":"center center","background-size":"auto","background-attachment":"scroll","background-type":"","background-media":"","overlay-type":"","overlay-color":"","overlay-opacity":"","overlay-gradient":""},"mobile":{"background-color":"","background-image":"","background-repeat":"repeat","background-position":"center center","background-size":"auto","background-attachment":"scroll","background-type":"","background-media":"","overlay-type":"","overlay-color":"","overlay-opacity":"","overlay-gradient":""}},"ast-content-background-meta":{"desktop":{"background-color":"var(--ast-global-color-5)","background-image":"","background-repeat":"repeat","background-position":"center center","background-size":"auto","background-attachment":"scroll","background-type":"","background-media":"","overlay-type":"","overlay-color":"","overlay-opacity":"","overlay-gradient":""},"tablet":{"background-color":"var(--ast-global-color-5)","background-image":"","background-repeat":"repeat","background-position":"center center","background-size":"auto","background-attachment":"scroll","background-type":"","background-media":"","overlay-type":"","overlay-color":"","overlay-opacity":"","overlay-gradient":""},"mobile":{"background-color":"var(--ast-global-color-5)","background-image":"","background-repeat":"repeat","background-position":"center center","background-size":"auto","background-attachment":"scroll","background-type":"","background-media":"","overlay-type":"","overlay-color":"","overlay-opacity":"","overlay-gradient":""}}},"product_brand":[],"product_cat":[1225,906],"product_tag":[],"class_list":{"0":"post-13475","1":"product","2":"type-product","3":"status-publish","4":"has-post-thumbnail","6":"product_cat-pelles","7":"product_cat-greenkeeping","8":"product_shipping_class-marchandise-volumineuse","9":"desktop-align-center","10":"tablet-align-center","11":"mobile-align-center","12":"ast-product-gallery-layout-horizontal","13":"ast-product-gallery-with-no-image","14":"ast-product-tabs-layout-horizontal","16":"first","17":"onbackorder","18":"taxable","19":"shipping-taxable","20":"purchasable","21":"product-type-simple"},"uagb_featured_image_src":{"full":["https:\/\/ruckstuhlsport.ch\/wp-content\/uploads\/doppelspaten-ab-170mm.jpg",600,600,false],"thumbnail":["https:\/\/ruckstuhlsport.ch\/wp-content\/uploads\/doppelspaten-ab-170mm-150x150.jpg",150,150,true],"medium":["https:\/\/ruckstuhlsport.ch\/wp-content\/uploads\/doppelspaten-ab-170mm-300x300.jpg",300,300,true],"medium_large":["https:\/\/ruckstuhlsport.ch\/wp-content\/uploads\/doppelspaten-ab-170mm.jpg",600,600,false],"large":["https:\/\/ruckstuhlsport.ch\/wp-content\/uploads\/doppelspaten-ab-170mm.jpg",600,600,false],"1536x1536":["https:\/\/ruckstuhlsport.ch\/wp-content\/uploads\/doppelspaten-ab-170mm.jpg",600,600,false],"2048x2048":["https:\/\/ruckstuhlsport.ch\/wp-content\/uploads\/doppelspaten-ab-170mm.jpg",600,600,false],"woocommerce_thumbnail":["https:\/\/ruckstuhlsport.ch\/wp-content\/uploads\/doppelspaten-ab-170mm-300x300.jpg",300,300,true],"woocommerce_single":["https:\/\/ruckstuhlsport.ch\/wp-content\/uploads\/doppelspaten-ab-170mm.jpg",600,600,false],"woocommerce_gallery_thumbnail":["https:\/\/ruckstuhlsport.ch\/wp-content\/uploads\/doppelspaten-ab-170mm-100x100.jpg",100,100,true],"wc_order_status_icon":["https:\/\/ruckstuhlsport.ch\/wp-content\/uploads\/doppelspaten-ab-170mm.jpg",32,32,false],"dgwt-wcas-product-suggestion":["https:\/\/ruckstuhlsport.ch\/wp-content\/uploads\/doppelspaten-ab-170mm-64x64.jpg",64,64,true]},"uagb_author_info":{"display_name":"admin","author_link":"https:\/\/ruckstuhlsport.ch\/fr\/author\/"},"uagb_comment_info":0,"uagb_excerpt":"Creusement simple d'un trous dans le sol pour les trous d'un diam\u00e8tre de 170 mm ou plus deux b\u00eaches en acier tremp\u00e9 1400 x 250 mm incl. Manche en bois de h\u00eatre \u00f8 40 x 1000 mm","_links":{"self":[{"href":"https:\/\/ruckstuhlsport.ch\/fr\/wp-json\/wp\/v2\/product\/13475","targetHints":{"allow":["GET"]}}],"collection":[{"href":"https:\/\/ruckstuhlsport.ch\/fr\/wp-json\/wp\/v2\/product"}],"about":[{"href":"https:\/\/ruckstuhlsport.ch\/fr\/wp-json\/wp\/v2\/types\/product"}],"wp:featuredmedia":[{"embeddable":true,"href":"https:\/\/ruckstuhlsport.ch\/fr\/wp-json\/wp\/v2\/media\/9361"}],"wp:attachment":[{"href":"https:\/\/ruckstuhlsport.ch\/fr\/wp-json\/wp\/v2\/media?parent=13475"}],"wp:term":[{"taxonomy":"product_brand","embeddable":true,"href":"https:\/\/ruckstuhlsport.ch\/fr\/wp-json\/wp\/v2\/product_brand?post=13475"},{"taxonomy":"product_cat","embeddable":true,"href":"https:\/\/ruckstuhlsport.ch\/fr\/wp-json\/wp\/v2\/product_cat?post=13475"},{"taxonomy":"product_tag","embeddable":true,"href":"https:\/\/ruckstuhlsport.ch\/fr\/wp-json\/wp\/v2\/product_tag?post=13475"}],"curies":[{"name":"wp","href":"https:\/\/api.w.org\/{rel}","templated":true}]}}