{"id":13495,"date":"2019-11-01T16:18:39","date_gmt":"2019-11-01T16:18:39","guid":{"rendered":"https:\/\/ruckstuhlsport.ch\/non%20class\u00e9\/installation-de-tennis-mobile\/"},"modified":"2023-12-30T10:28:47","modified_gmt":"2023-12-30T09:28:47","slug":"installation-tennis-mobile","status":"publish","type":"product","link":"https:\/\/ruckstuhlsport.ch\/fr\/tennis\/equipement-courts-tennis\/poteaux-de-filet-de-tennis\/installation-tennis-mobile\/","title":{"rendered":"Installation de tennis mobile"},"content":{"rendered":"<p>Cette installation de tennis autoportante est la mieux adapt\u00e9e lorsque des poteaux fixes ne sont pas possibles.<br \/>\nGr\u00e2ce aux roues de transport, l&rsquo;unit\u00e9 peut \u00eatre facilement retir\u00e9e et offre ainsi de l&rsquo;espace pour d&rsquo;autres utilisations.<\/p>\n","protected":false},"excerpt":{"rendered":"<ul>\n<li>installation de tennis mobile avec filet de tennis<\/li>\n<li>Longueur totale 12.7 m<\/li>\n<li>Mobile avec rouleaux de transport et freins<\/li>\n<li>enti\u00e8rement en aluminium<\/li>\n<\/ul>\n","protected":false},"featured_media":6193,"template":"","meta":{"_crdt_document":"","_uag_custom_page_level_css":"","site-sidebar-layout":"default","site-content-layout":"default","ast-site-content-layout":"default","site-content-style":"default","site-sidebar-style":"default","ast-global-header-display":"","ast-banner-title-visibility":"","ast-main-header-display":"","ast-hfb-above-header-display":"","ast-hfb-below-header-display":"","ast-hfb-mobile-header-display":"","site-post-title":"","ast-breadcrumbs-content":"","ast-featured-img":"","footer-sml-layout":"","ast-disable-related-posts":"","theme-transparent-header-meta":"default","adv-header-id-meta":"","stick-header-meta":"default","header-above-stick-meta":"","header-main-stick-meta":"","header-below-stick-meta":"","astra-migrate-meta-layouts":"default","ast-page-background-enabled":"default","ast-page-background-meta":{"desktop":{"background-color":"","background-image":"","background-repeat":"repeat","background-position":"center center","background-size":"auto","background-attachment":"scroll","background-type":"","background-media":"","overlay-type":"","overlay-color":"","overlay-opacity":"","overlay-gradient":""},"tablet":{"background-color":"","background-image":"","background-repeat":"repeat","background-position":"center center","background-size":"auto","background-attachment":"scroll","background-type":"","background-media":"","overlay-type":"","overlay-color":"","overlay-opacity":"","overlay-gradient":""},"mobile":{"background-color":"","background-image":"","background-repeat":"repeat","background-position":"center center","background-size":"auto","background-attachment":"scroll","background-type":"","background-media":"","overlay-type":"","overlay-color":"","overlay-opacity":"","overlay-gradient":""}},"ast-content-background-meta":{"desktop":{"background-color":"var(--ast-global-color-5)","background-image":"","background-repeat":"repeat","background-position":"center center","background-size":"auto","background-attachment":"scroll","background-type":"","background-media":"","overlay-type":"","overlay-color":"","overlay-opacity":"","overlay-gradient":""},"tablet":{"background-color":"var(--ast-global-color-5)","background-image":"","background-repeat":"repeat","background-position":"center center","background-size":"auto","background-attachment":"scroll","background-type":"","background-media":"","overlay-type":"","overlay-color":"","overlay-opacity":"","overlay-gradient":""},"mobile":{"background-color":"var(--ast-global-color-5)","background-image":"","background-repeat":"repeat","background-position":"center center","background-size":"auto","background-attachment":"scroll","background-type":"","background-media":"","overlay-type":"","overlay-color":"","overlay-opacity":"","overlay-gradient":""}}},"product_brand":[],"product_cat":[1301,934,1296],"product_tag":[],"class_list":{"0":"post-13495","1":"product","2":"type-product","3":"status-publish","4":"has-post-thumbnail","6":"product_cat-poteaux-de-filet-de-tennis","7":"product_cat-tennis","8":"product_cat-equipement-courts-tennis","9":"product_shipping_class-marchandise-volumineuse","10":"pa_befestigung-autoportant","11":"pa_farbe-allemagne","12":"pa_farbe-alu-fr","13":"pa_farbe-anodise","14":"pa_farbe-anthracite","15":"pa_farbe-aspect-bois","16":"pa_farbe-beige-fr","17":"pa_farbe-blanc","18":"pa_farbe-blanc-fr","19":"pa_farbe-blanc-bleu","20":"pa_farbe-blanc-noir","21":"pa_farbe-blanc-rouge","22":"pa_farbe-blanc-vert","23":"pa_farbe-blanc-rouge-fr","24":"pa_farbe-bleu","25":"pa_farbe-bleu-fr","26":"pa_farbe-bleu-blanc","27":"pa_farbe-bleu-jaune","28":"pa_farbe-bleu-jaune-blanc-orange","29":"pa_farbe-bleu-rouge","30":"pa_farbe-bleu-vert","31":"pa_farbe-bleu-clair","32":"pa_farbe-bleu-fonce","33":"pa_farbe-bleu-fonce-fr","34":"pa_farbe-brun","35":"pa_farbe-danemark","36":"pa_farbe-en-acier","37":"pa_farbe-finlande","38":"pa_farbe-galvanise","39":"pa_farbe-gris-fr","40":"pa_farbe-gris","41":"pa_farbe-jaune-fr","42":"pa_farbe-jaune","43":"pa_farbe-jaune-noir","44":"pa_farbe-jaune-orange","45":"pa_farbe-jaune-rouge","46":"pa_farbe-jaune-rouge-blanc-bleu","47":"pa_farbe-jaune-fluo","48":"pa_farbe-jaune-fonce","49":"pa_farbe-noir","50":"pa_farbe-noir-fr","51":"pa_farbe-noir-blanc","52":"pa_farbe-noir-gris","53":"pa_farbe-orange-fr","54":"pa_farbe-orange-blanc","55":"pa_farbe-orange-jaune","56":"pa_farbe-orange-fluo","57":"pa_farbe-rose","58":"pa_farbe-rose-fr","59":"pa_farbe-rose-fluo","60":"pa_farbe-rouge","61":"pa_farbe-rouge-fr","62":"pa_farbe-rouge-blanc","63":"pa_farbe-rouge-noir","64":"pa_farbe-rouge-fonce","65":"pa_farbe-rouge-blanc-fr","66":"pa_farbe-rouge-orange-fluo","67":"pa_farbe-suedois","68":"pa_farbe-suisse","69":"pa_farbe-vert","70":"pa_farbe-vert-fr","71":"pa_farbe-vert-blanc","72":"pa_farbe-vert-fluorescent","73":"pa_farbe-vert-fonce","74":"pa_farbe-violet","75":"pa_form-carre","76":"desktop-align-center","77":"tablet-align-center","78":"mobile-align-center","79":"ast-product-gallery-layout-horizontal","80":"ast-product-gallery-with-no-image","81":"ast-product-tabs-layout-horizontal","83":"first","84":"onbackorder","85":"taxable","86":"shipping-taxable","87":"purchasable","88":"product-type-simple"},"uagb_featured_image_src":{"full":["https:\/\/ruckstuhlsport.ch\/wp-content\/uploads\/kindertennisanlage-komplett-e1603746511368.jpg",600,463,false],"thumbnail":["https:\/\/ruckstuhlsport.ch\/wp-content\/uploads\/kindertennisanlage-komplett-e1603746511368-150x150.jpg",150,150,true],"medium":["https:\/\/ruckstuhlsport.ch\/wp-content\/uploads\/kindertennisanlage-komplett-e1603746511368-300x232.jpg",300,232,true],"medium_large":["https:\/\/ruckstuhlsport.ch\/wp-content\/uploads\/kindertennisanlage-komplett-e1603746511368.jpg",600,463,false],"large":["https:\/\/ruckstuhlsport.ch\/wp-content\/uploads\/kindertennisanlage-komplett-e1603746511368.jpg",600,463,false],"1536x1536":["https:\/\/ruckstuhlsport.ch\/wp-content\/uploads\/kindertennisanlage-komplett-e1603746511368.jpg",600,463,false],"2048x2048":["https:\/\/ruckstuhlsport.ch\/wp-content\/uploads\/kindertennisanlage-komplett-e1603746511368.jpg",600,463,false],"woocommerce_thumbnail":["https:\/\/ruckstuhlsport.ch\/wp-content\/uploads\/kindertennisanlage-komplett-e1603746511368-300x232.jpg",300,232,true],"woocommerce_single":["https:\/\/ruckstuhlsport.ch\/wp-content\/uploads\/kindertennisanlage-komplett-e1603746511368.jpg",600,463,false],"woocommerce_gallery_thumbnail":["https:\/\/ruckstuhlsport.ch\/wp-content\/uploads\/kindertennisanlage-komplett-e1603746511368-100x100.jpg",100,100,true],"wc_order_status_icon":["https:\/\/ruckstuhlsport.ch\/wp-content\/uploads\/kindertennisanlage-komplett-e1603746511368.jpg",32,25,false],"dgwt-wcas-product-suggestion":["https:\/\/ruckstuhlsport.ch\/wp-content\/uploads\/kindertennisanlage-komplett-e1603746511368-64x49.jpg",64,49,true]},"uagb_author_info":{"display_name":"admin","author_link":"https:\/\/ruckstuhlsport.ch\/fr\/author\/"},"uagb_comment_info":0,"uagb_excerpt":"installation de tennis mobile avec filet de tennis Longueur totale 12.7 m Mobile avec rouleaux de transport et freins enti\u00e8rement en aluminium","_links":{"self":[{"href":"https:\/\/ruckstuhlsport.ch\/fr\/wp-json\/wp\/v2\/product\/13495","targetHints":{"allow":["GET"]}}],"collection":[{"href":"https:\/\/ruckstuhlsport.ch\/fr\/wp-json\/wp\/v2\/product"}],"about":[{"href":"https:\/\/ruckstuhlsport.ch\/fr\/wp-json\/wp\/v2\/types\/product"}],"wp:featuredmedia":[{"embeddable":true,"href":"https:\/\/ruckstuhlsport.ch\/fr\/wp-json\/wp\/v2\/media\/6193"}],"wp:attachment":[{"href":"https:\/\/ruckstuhlsport.ch\/fr\/wp-json\/wp\/v2\/media?parent=13495"}],"wp:term":[{"taxonomy":"product_brand","embeddable":true,"href":"https:\/\/ruckstuhlsport.ch\/fr\/wp-json\/wp\/v2\/product_brand?post=13495"},{"taxonomy":"product_cat","embeddable":true,"href":"https:\/\/ruckstuhlsport.ch\/fr\/wp-json\/wp\/v2\/product_cat?post=13495"},{"taxonomy":"product_tag","embeddable":true,"href":"https:\/\/ruckstuhlsport.ch\/fr\/wp-json\/wp\/v2\/product_tag?post=13495"}],"curies":[{"name":"wp","href":"https:\/\/api.w.org\/{rel}","templated":true}]}}