{"id":13502,"date":"2019-11-01T16:18:19","date_gmt":"2019-11-01T16:18:19","guid":{"rendered":"https:\/\/ruckstuhlsport.ch\/unkategorisiert\/filet-de-badminton-entrainement-o-1-2-mm\/"},"modified":"2023-12-30T10:28:50","modified_gmt":"2023-12-30T09:28:50","slug":"filet-badminton-entrainement-1-2-mm","status":"publish","type":"product","link":"https:\/\/ruckstuhlsport.ch\/fr\/badminton-fr\/filets-de-badminton\/filet-badminton-entrainement-1-2-mm\/","title":{"rendered":"Filet de badminton Entra\u00eenement, \u00f8 1.2 mm"},"content":{"rendered":"","protected":false},"excerpt":{"rendered":"<ul>\n<li>Dimensions: 6.02 m x 0.76 m<\/li>\n<li>Mat\u00e9riel: nylon<\/li>\n<li>\u00c9paisseur du mat\u00e9riau: environ 1.2 mm<\/li>\n<li>Mailles: 18 mm<\/li>\n<li>Bordure en haut: 38 mm en polyester<\/li>\n<li>Bordures en bas et lat\u00e9rales: 20 mm en polyester<\/li>\n<li>Corde de tension: Corde en PP de 6 mm, 6.6 m de long<\/li>\n<li>avec des cordes de tension lat\u00e9rales<\/li>\n<\/ul>\n","protected":false},"featured_media":5280,"template":"","meta":{"_crdt_document":"","_uag_custom_page_level_css":"","site-sidebar-layout":"default","site-content-layout":"default","ast-site-content-layout":"default","site-content-style":"default","site-sidebar-style":"default","ast-global-header-display":"","ast-banner-title-visibility":"","ast-main-header-display":"","ast-hfb-above-header-display":"","ast-hfb-below-header-display":"","ast-hfb-mobile-header-display":"","site-post-title":"","ast-breadcrumbs-content":"","ast-featured-img":"","footer-sml-layout":"","ast-disable-related-posts":"","theme-transparent-header-meta":"default","adv-header-id-meta":"","stick-header-meta":"default","header-above-stick-meta":"","header-main-stick-meta":"","header-below-stick-meta":"","astra-migrate-meta-layouts":"default","ast-page-background-enabled":"default","ast-page-background-meta":{"desktop":{"background-color":"","background-image":"","background-repeat":"repeat","background-position":"center center","background-size":"auto","background-attachment":"scroll","background-type":"","background-media":"","overlay-type":"","overlay-color":"","overlay-opacity":"","overlay-gradient":""},"tablet":{"background-color":"","background-image":"","background-repeat":"repeat","background-position":"center center","background-size":"auto","background-attachment":"scroll","background-type":"","background-media":"","overlay-type":"","overlay-color":"","overlay-opacity":"","overlay-gradient":""},"mobile":{"background-color":"","background-image":"","background-repeat":"repeat","background-position":"center center","background-size":"auto","background-attachment":"scroll","background-type":"","background-media":"","overlay-type":"","overlay-color":"","overlay-opacity":"","overlay-gradient":""}},"ast-content-background-meta":{"desktop":{"background-color":"var(--ast-global-color-5)","background-image":"","background-repeat":"repeat","background-position":"center center","background-size":"auto","background-attachment":"scroll","background-type":"","background-media":"","overlay-type":"","overlay-color":"","overlay-opacity":"","overlay-gradient":""},"tablet":{"background-color":"var(--ast-global-color-5)","background-image":"","background-repeat":"repeat","background-position":"center center","background-size":"auto","background-attachment":"scroll","background-type":"","background-media":"","overlay-type":"","overlay-color":"","overlay-opacity":"","overlay-gradient":""},"mobile":{"background-color":"var(--ast-global-color-5)","background-image":"","background-repeat":"repeat","background-position":"center center","background-size":"auto","background-attachment":"scroll","background-type":"","background-media":"","overlay-type":"","overlay-color":"","overlay-opacity":"","overlay-gradient":""}}},"product_brand":[],"product_cat":[948,946],"product_tag":[],"class_list":{"0":"post-13502","1":"product","2":"type-product","3":"status-publish","4":"has-post-thumbnail","6":"product_cat-filets-de-badminton","7":"product_cat-badminton-fr","8":"product_shipping_class-defaut","9":"pa_material-nylon-fr","10":"pa_materialstaerke-1-2-mm-fr","11":"pa_spannseil-pp-o-5-mm","12":"desktop-align-center","13":"tablet-align-center","14":"mobile-align-center","15":"ast-product-gallery-layout-horizontal","16":"ast-product-gallery-with-no-image","17":"ast-product-tabs-layout-horizontal","19":"first","20":"instock","21":"taxable","22":"shipping-taxable","23":"purchasable","24":"product-type-simple"},"uagb_featured_image_src":{"full":["https:\/\/ruckstuhlsport.ch\/wp-content\/uploads\/badmintonnetz-training-nylon1.2mm-TEB7120-e1603834565595.jpg",800,768,false],"thumbnail":["https:\/\/ruckstuhlsport.ch\/wp-content\/uploads\/badmintonnetz-training-nylon1.2mm-TEB7120-e1603834565595-150x150.jpg",150,150,true],"medium":["https:\/\/ruckstuhlsport.ch\/wp-content\/uploads\/badmintonnetz-training-nylon1.2mm-TEB7120-e1603834565595-300x288.jpg",300,288,true],"medium_large":["https:\/\/ruckstuhlsport.ch\/wp-content\/uploads\/badmintonnetz-training-nylon1.2mm-TEB7120-e1603834565595-768x737.jpg",768,737,true],"large":["https:\/\/ruckstuhlsport.ch\/wp-content\/uploads\/badmintonnetz-training-nylon1.2mm-TEB7120-e1603834565595.jpg",800,768,false],"1536x1536":["https:\/\/ruckstuhlsport.ch\/wp-content\/uploads\/badmintonnetz-training-nylon1.2mm-TEB7120-e1603834565595.jpg",800,768,false],"2048x2048":["https:\/\/ruckstuhlsport.ch\/wp-content\/uploads\/badmintonnetz-training-nylon1.2mm-TEB7120-e1603834565595.jpg",800,768,false],"woocommerce_thumbnail":["https:\/\/ruckstuhlsport.ch\/wp-content\/uploads\/badmintonnetz-training-nylon1.2mm-TEB7120-e1603834565595-300x288.jpg",300,288,true],"woocommerce_single":["https:\/\/ruckstuhlsport.ch\/wp-content\/uploads\/badmintonnetz-training-nylon1.2mm-TEB7120-e1603834565595-600x576.jpg",600,576,true],"woocommerce_gallery_thumbnail":["https:\/\/ruckstuhlsport.ch\/wp-content\/uploads\/badmintonnetz-training-nylon1.2mm-TEB7120-e1603834565595-100x100.jpg",100,100,true],"wc_order_status_icon":["https:\/\/ruckstuhlsport.ch\/wp-content\/uploads\/badmintonnetz-training-nylon1.2mm-TEB7120-e1603834565595.jpg",32,32,false],"dgwt-wcas-product-suggestion":["https:\/\/ruckstuhlsport.ch\/wp-content\/uploads\/badmintonnetz-training-nylon1.2mm-TEB7120-e1603834565595-64x61.jpg",64,61,true]},"uagb_author_info":{"display_name":"admin","author_link":"https:\/\/ruckstuhlsport.ch\/fr\/author\/"},"uagb_comment_info":0,"uagb_excerpt":"Dimensions: 6.02 m x 0.76 m Mat\u00e9riel: nylon \u00c9paisseur du mat\u00e9riau: environ 1.2 mm Mailles: 18 mm Bordure en haut: 38 mm en polyester Bordures en bas et lat\u00e9rales: 20 mm en polyester Corde de tension: Corde en PP de 6 mm, 6.6 m de long avec des cordes de tension lat\u00e9rales","_links":{"self":[{"href":"https:\/\/ruckstuhlsport.ch\/fr\/wp-json\/wp\/v2\/product\/13502","targetHints":{"allow":["GET"]}}],"collection":[{"href":"https:\/\/ruckstuhlsport.ch\/fr\/wp-json\/wp\/v2\/product"}],"about":[{"href":"https:\/\/ruckstuhlsport.ch\/fr\/wp-json\/wp\/v2\/types\/product"}],"wp:featuredmedia":[{"embeddable":true,"href":"https:\/\/ruckstuhlsport.ch\/fr\/wp-json\/wp\/v2\/media\/5280"}],"wp:attachment":[{"href":"https:\/\/ruckstuhlsport.ch\/fr\/wp-json\/wp\/v2\/media?parent=13502"}],"wp:term":[{"taxonomy":"product_brand","embeddable":true,"href":"https:\/\/ruckstuhlsport.ch\/fr\/wp-json\/wp\/v2\/product_brand?post=13502"},{"taxonomy":"product_cat","embeddable":true,"href":"https:\/\/ruckstuhlsport.ch\/fr\/wp-json\/wp\/v2\/product_cat?post=13502"},{"taxonomy":"product_tag","embeddable":true,"href":"https:\/\/ruckstuhlsport.ch\/fr\/wp-json\/wp\/v2\/product_tag?post=13502"}],"curies":[{"name":"wp","href":"https:\/\/api.w.org\/{rel}","templated":true}]}}