{"id":13539,"date":"2019-11-01T16:18:49","date_gmt":"2019-11-01T16:18:49","guid":{"rendered":"https:\/\/ruckstuhlsport.ch\/unkategorisiert\/porte-parasol-pour-poteau-de-cloture\/"},"modified":"2023-12-30T10:28:59","modified_gmt":"2023-12-30T09:28:59","slug":"porte-parasol-poteau-cloture","status":"publish","type":"product","link":"https:\/\/ruckstuhlsport.ch\/fr\/tennis\/equipment-installations-sportives-fr\/parasols\/porte-parasol-poteau-cloture\/","title":{"rendered":"Porte-parasol pour poteau de cl\u00f4ture"},"content":{"rendered":"","protected":false},"excerpt":{"rendered":"<ul>\n<li>pour parasols jusqu&rsquo;\u00e0 \u00f8 25mm<\/li>\n<li>pour poteaux de cl\u00f4ture jusqu&rsquo;\u00e0 \u00f8 30 mm<\/li>\n<li>160 mm de long avec vis de verrouillage<\/li>\n<\/ul>\n","protected":false},"featured_media":4692,"template":"","meta":{"_crdt_document":"","_uag_custom_page_level_css":"","site-sidebar-layout":"default","site-content-layout":"default","ast-site-content-layout":"default","site-content-style":"default","site-sidebar-style":"default","ast-global-header-display":"","ast-banner-title-visibility":"","ast-main-header-display":"","ast-hfb-above-header-display":"","ast-hfb-below-header-display":"","ast-hfb-mobile-header-display":"","site-post-title":"","ast-breadcrumbs-content":"","ast-featured-img":"","footer-sml-layout":"","ast-disable-related-posts":"","theme-transparent-header-meta":"default","adv-header-id-meta":"","stick-header-meta":"default","header-above-stick-meta":"","header-main-stick-meta":"","header-below-stick-meta":"","astra-migrate-meta-layouts":"default","ast-page-background-enabled":"default","ast-page-background-meta":{"desktop":{"background-color":"","background-image":"","background-repeat":"repeat","background-position":"center center","background-size":"auto","background-attachment":"scroll","background-type":"","background-media":"","overlay-type":"","overlay-color":"","overlay-opacity":"","overlay-gradient":""},"tablet":{"background-color":"","background-image":"","background-repeat":"repeat","background-position":"center center","background-size":"auto","background-attachment":"scroll","background-type":"","background-media":"","overlay-type":"","overlay-color":"","overlay-opacity":"","overlay-gradient":""},"mobile":{"background-color":"","background-image":"","background-repeat":"repeat","background-position":"center center","background-size":"auto","background-attachment":"scroll","background-type":"","background-media":"","overlay-type":"","overlay-color":"","overlay-opacity":"","overlay-gradient":""}},"ast-content-background-meta":{"desktop":{"background-color":"var(--ast-global-color-5)","background-image":"","background-repeat":"repeat","background-position":"center center","background-size":"auto","background-attachment":"scroll","background-type":"","background-media":"","overlay-type":"","overlay-color":"","overlay-opacity":"","overlay-gradient":""},"tablet":{"background-color":"var(--ast-global-color-5)","background-image":"","background-repeat":"repeat","background-position":"center center","background-size":"auto","background-attachment":"scroll","background-type":"","background-media":"","overlay-type":"","overlay-color":"","overlay-opacity":"","overlay-gradient":""},"mobile":{"background-color":"var(--ast-global-color-5)","background-image":"","background-repeat":"repeat","background-position":"center center","background-size":"auto","background-attachment":"scroll","background-type":"","background-media":"","overlay-type":"","overlay-color":"","overlay-opacity":"","overlay-gradient":""}}},"product_brand":[],"product_cat":[1311,934,1046],"product_tag":[],"class_list":{"0":"post-13539","1":"product","2":"type-product","3":"status-publish","4":"has-post-thumbnail","6":"product_cat-parasols","7":"product_cat-tennis","8":"product_cat-equipment-installations-sportives-fr","9":"product_shipping_class-defaut","10":"desktop-align-center","11":"tablet-align-center","12":"mobile-align-center","13":"ast-product-gallery-layout-horizontal","14":"ast-product-gallery-with-no-image","15":"ast-product-tabs-layout-horizontal","17":"first","18":"instock","19":"taxable","20":"shipping-taxable","21":"purchasable","22":"product-type-simple"},"uagb_featured_image_src":{"full":["https:\/\/ruckstuhlsport.ch\/wp-content\/uploads\/schirmhalter-zaunpfosten-befestigung-TE9150-e1603869269789.jpg",600,568,false],"thumbnail":["https:\/\/ruckstuhlsport.ch\/wp-content\/uploads\/schirmhalter-zaunpfosten-befestigung-TE9150-e1603869269789-150x150.jpg",150,150,true],"medium":["https:\/\/ruckstuhlsport.ch\/wp-content\/uploads\/schirmhalter-zaunpfosten-befestigung-TE9150-e1603869269789-300x284.jpg",300,284,true],"medium_large":["https:\/\/ruckstuhlsport.ch\/wp-content\/uploads\/schirmhalter-zaunpfosten-befestigung-TE9150-e1603869269789.jpg",600,568,false],"large":["https:\/\/ruckstuhlsport.ch\/wp-content\/uploads\/schirmhalter-zaunpfosten-befestigung-TE9150-e1603869269789.jpg",600,568,false],"1536x1536":["https:\/\/ruckstuhlsport.ch\/wp-content\/uploads\/schirmhalter-zaunpfosten-befestigung-TE9150-e1603869269789.jpg",600,568,false],"2048x2048":["https:\/\/ruckstuhlsport.ch\/wp-content\/uploads\/schirmhalter-zaunpfosten-befestigung-TE9150-e1603869269789.jpg",600,568,false],"woocommerce_thumbnail":["https:\/\/ruckstuhlsport.ch\/wp-content\/uploads\/schirmhalter-zaunpfosten-befestigung-TE9150-e1603869269789-300x284.jpg",300,284,true],"woocommerce_single":["https:\/\/ruckstuhlsport.ch\/wp-content\/uploads\/schirmhalter-zaunpfosten-befestigung-TE9150-e1603869269789.jpg",600,568,false],"woocommerce_gallery_thumbnail":["https:\/\/ruckstuhlsport.ch\/wp-content\/uploads\/schirmhalter-zaunpfosten-befestigung-TE9150-e1603869269789-100x100.jpg",100,100,true],"wc_order_status_icon":["https:\/\/ruckstuhlsport.ch\/wp-content\/uploads\/schirmhalter-zaunpfosten-befestigung-TE9150-e1603869269789.jpg",32,30,false],"dgwt-wcas-product-suggestion":["https:\/\/ruckstuhlsport.ch\/wp-content\/uploads\/schirmhalter-zaunpfosten-befestigung-TE9150-e1603869269789-64x61.jpg",64,61,true]},"uagb_author_info":{"display_name":"admin","author_link":"https:\/\/ruckstuhlsport.ch\/fr\/author\/"},"uagb_comment_info":0,"uagb_excerpt":"pour parasols jusqu'\u00e0 \u00f8 25mm pour poteaux de cl\u00f4ture jusqu'\u00e0 \u00f8 30 mm 160 mm de long avec vis de verrouillage","_links":{"self":[{"href":"https:\/\/ruckstuhlsport.ch\/fr\/wp-json\/wp\/v2\/product\/13539","targetHints":{"allow":["GET"]}}],"collection":[{"href":"https:\/\/ruckstuhlsport.ch\/fr\/wp-json\/wp\/v2\/product"}],"about":[{"href":"https:\/\/ruckstuhlsport.ch\/fr\/wp-json\/wp\/v2\/types\/product"}],"wp:featuredmedia":[{"embeddable":true,"href":"https:\/\/ruckstuhlsport.ch\/fr\/wp-json\/wp\/v2\/media\/4692"}],"wp:attachment":[{"href":"https:\/\/ruckstuhlsport.ch\/fr\/wp-json\/wp\/v2\/media?parent=13539"}],"wp:term":[{"taxonomy":"product_brand","embeddable":true,"href":"https:\/\/ruckstuhlsport.ch\/fr\/wp-json\/wp\/v2\/product_brand?post=13539"},{"taxonomy":"product_cat","embeddable":true,"href":"https:\/\/ruckstuhlsport.ch\/fr\/wp-json\/wp\/v2\/product_cat?post=13539"},{"taxonomy":"product_tag","embeddable":true,"href":"https:\/\/ruckstuhlsport.ch\/fr\/wp-json\/wp\/v2\/product_tag?post=13539"}],"curies":[{"name":"wp","href":"https:\/\/api.w.org\/{rel}","templated":true}]}}