{"id":13691,"date":"2021-09-03T07:18:13","date_gmt":"2021-09-03T05:18:13","guid":{"rendered":"https:\/\/ruckstuhlsport.ch\/non%20class\u00e9\/support-de-filet-pour-buts-de-football\/"},"modified":"2026-04-14T07:39:02","modified_gmt":"2026-04-14T05:39:02","slug":"support-filet-but-football","status":"publish","type":"product","link":"https:\/\/ruckstuhlsport.ch\/fr\/football\/equipement-terrain-foot\/buts-de-football\/accessoires-buts-football\/support-filet-but-football\/","title":{"rendered":"Support de filet pour buts de football"},"content":{"rendered":"","protected":false},"excerpt":{"rendered":"<ul>\n<li>pour la fixation au cadre de but de football<\/li>\n<li>Anneau de filet et barre transversale<\/li>\n<li>kit de fixation inclus<\/li>\n<li>Choix du c\u00f4t\u00e9 du point de vue du gardien de but (Support sur l&rsquo;image = \u00e0 droite)<\/li>\n<li>Veuillez noter que les \u00e9crous \u00e0 fente doivent toujours \u00eatre dans le cadre du but pour une fixation correcte au but.<\/li>\n<\/ul>\n","protected":false},"featured_media":13680,"template":"","meta":{"_crdt_document":"","_uag_custom_page_level_css":"","site-sidebar-layout":"default","site-content-layout":"default","ast-site-content-layout":"default","site-content-style":"default","site-sidebar-style":"default","ast-global-header-display":"","ast-banner-title-visibility":"","ast-main-header-display":"","ast-hfb-above-header-display":"","ast-hfb-below-header-display":"","ast-hfb-mobile-header-display":"","site-post-title":"","ast-breadcrumbs-content":"","ast-featured-img":"","footer-sml-layout":"","ast-disable-related-posts":"","theme-transparent-header-meta":"default","adv-header-id-meta":"","stick-header-meta":"default","header-above-stick-meta":"","header-main-stick-meta":"","header-below-stick-meta":"","astra-migrate-meta-layouts":"default","ast-page-background-enabled":"default","ast-page-background-meta":{"desktop":{"background-color":"","background-image":"","background-repeat":"repeat","background-position":"center center","background-size":"auto","background-attachment":"scroll","background-type":"","background-media":"","overlay-type":"","overlay-color":"","overlay-opacity":"","overlay-gradient":""},"tablet":{"background-color":"","background-image":"","background-repeat":"repeat","background-position":"center center","background-size":"auto","background-attachment":"scroll","background-type":"","background-media":"","overlay-type":"","overlay-color":"","overlay-opacity":"","overlay-gradient":""},"mobile":{"background-color":"","background-image":"","background-repeat":"repeat","background-position":"center center","background-size":"auto","background-attachment":"scroll","background-type":"","background-media":"","overlay-type":"","overlay-color":"","overlay-opacity":"","overlay-gradient":""}},"ast-content-background-meta":{"desktop":{"background-color":"var(--ast-global-color-5)","background-image":"","background-repeat":"repeat","background-position":"center center","background-size":"auto","background-attachment":"scroll","background-type":"","background-media":"","overlay-type":"","overlay-color":"","overlay-opacity":"","overlay-gradient":""},"tablet":{"background-color":"var(--ast-global-color-5)","background-image":"","background-repeat":"repeat","background-position":"center center","background-size":"auto","background-attachment":"scroll","background-type":"","background-media":"","overlay-type":"","overlay-color":"","overlay-opacity":"","overlay-gradient":""},"mobile":{"background-color":"var(--ast-global-color-5)","background-image":"","background-repeat":"repeat","background-position":"center center","background-size":"auto","background-attachment":"scroll","background-type":"","background-media":"","overlay-type":"","overlay-color":"","overlay-opacity":"","overlay-gradient":""}}},"product_brand":[],"product_cat":[1523,932,1496],"product_tag":[],"class_list":{"0":"post-13691","1":"product","2":"type-product","3":"status-publish","4":"has-post-thumbnail","6":"product_cat-accessoires-buts-football","7":"product_cat-football","8":"product_cat-buts-de-football","9":"product_shipping_class-defaut","10":"pa_ausfuehrung-droite","11":"pa_ausfuehrung-gauche","12":"desktop-align-center","13":"tablet-align-center","14":"mobile-align-center","15":"ast-product-gallery-layout-horizontal","16":"ast-product-gallery-with-no-image","17":"ast-product-single-variable","18":"ast-product-tabs-layout-horizontal","20":"first","21":"onbackorder","22":"taxable","23":"shipping-taxable","24":"purchasable","25":"product-type-variable"},"uagb_featured_image_src":{"full":["https:\/\/ruckstuhlsport.ch\/wp-content\/uploads\/netzbuegel-fussballtor-2.jpg",896,896,false],"thumbnail":["https:\/\/ruckstuhlsport.ch\/wp-content\/uploads\/netzbuegel-fussballtor-2-150x150.jpg",150,150,true],"medium":["https:\/\/ruckstuhlsport.ch\/wp-content\/uploads\/netzbuegel-fussballtor-2-300x300.jpg",300,300,true],"medium_large":["https:\/\/ruckstuhlsport.ch\/wp-content\/uploads\/netzbuegel-fussballtor-2-768x768.jpg",768,768,true],"large":["https:\/\/ruckstuhlsport.ch\/wp-content\/uploads\/netzbuegel-fussballtor-2.jpg",896,896,false],"1536x1536":["https:\/\/ruckstuhlsport.ch\/wp-content\/uploads\/netzbuegel-fussballtor-2.jpg",896,896,false],"2048x2048":["https:\/\/ruckstuhlsport.ch\/wp-content\/uploads\/netzbuegel-fussballtor-2.jpg",896,896,false],"woocommerce_thumbnail":["https:\/\/ruckstuhlsport.ch\/wp-content\/uploads\/netzbuegel-fussballtor-2-300x300.jpg",300,300,true],"woocommerce_single":["https:\/\/ruckstuhlsport.ch\/wp-content\/uploads\/netzbuegel-fussballtor-2-600x600.jpg",600,600,true],"woocommerce_gallery_thumbnail":["https:\/\/ruckstuhlsport.ch\/wp-content\/uploads\/netzbuegel-fussballtor-2-100x100.jpg",100,100,true],"wc_order_status_icon":["https:\/\/ruckstuhlsport.ch\/wp-content\/uploads\/netzbuegel-fussballtor-2.jpg",32,32,false],"dgwt-wcas-product-suggestion":["https:\/\/ruckstuhlsport.ch\/wp-content\/uploads\/netzbuegel-fussballtor-2-64x64.jpg",64,64,true]},"uagb_author_info":{"display_name":"admin","author_link":"https:\/\/ruckstuhlsport.ch\/fr\/author\/"},"uagb_comment_info":0,"uagb_excerpt":"pour la fixation au cadre de but de football Anneau de filet et barre transversale kit de fixation inclus Choix du c\u00f4t\u00e9 du point de vue du gardien de but (Support sur l'image = \u00e0 droite) Veuillez noter que les \u00e9crous \u00e0 fente doivent toujours \u00eatre dans le cadre du but pour une fixation correcte\u2026","_links":{"self":[{"href":"https:\/\/ruckstuhlsport.ch\/fr\/wp-json\/wp\/v2\/product\/13691","targetHints":{"allow":["GET"]}}],"collection":[{"href":"https:\/\/ruckstuhlsport.ch\/fr\/wp-json\/wp\/v2\/product"}],"about":[{"href":"https:\/\/ruckstuhlsport.ch\/fr\/wp-json\/wp\/v2\/types\/product"}],"wp:featuredmedia":[{"embeddable":true,"href":"https:\/\/ruckstuhlsport.ch\/fr\/wp-json\/wp\/v2\/media\/13680"}],"wp:attachment":[{"href":"https:\/\/ruckstuhlsport.ch\/fr\/wp-json\/wp\/v2\/media?parent=13691"}],"wp:term":[{"taxonomy":"product_brand","embeddable":true,"href":"https:\/\/ruckstuhlsport.ch\/fr\/wp-json\/wp\/v2\/product_brand?post=13691"},{"taxonomy":"product_cat","embeddable":true,"href":"https:\/\/ruckstuhlsport.ch\/fr\/wp-json\/wp\/v2\/product_cat?post=13691"},{"taxonomy":"product_tag","embeddable":true,"href":"https:\/\/ruckstuhlsport.ch\/fr\/wp-json\/wp\/v2\/product_tag?post=13691"}],"curies":[{"name":"wp","href":"https:\/\/api.w.org\/{rel}","templated":true}]}}