{"id":13694,"date":"2019-11-04T12:51:37","date_gmt":"2019-11-04T11:51:37","guid":{"rendered":"https:\/\/ruckstuhlsport.ch\/non class\u00e9\/lance-balles-tennis-lobster-elite-liberty\/"},"modified":"2023-12-30T10:29:00","modified_gmt":"2023-12-30T09:29:00","slug":"lance-balles-lobster-elite-liberty","status":"publish","type":"product","link":"https:\/\/ruckstuhlsport.ch\/fr\/tennis\/materiel-dentrainement-tennis\/machine-lance-balles-tennis\/lance-balles-lobster-elite-liberty\/","title":{"rendered":"Lance-balles tennis Lobster Elite Liberty"},"content":{"rendered":"<figure id=\"attachment_8559\" aria-describedby=\"caption-attachment-8559\" style=\"width: 286px\" class=\"wp-caption alignright\"><img decoding=\"async\" class=\"size-full wp-image-8559\" src=\"https:\/\/ruckstuhlsport.ch\/wp-content\/uploads\/lobster-elite-liberty-zufaellige-horizontale-ausladung.gif\" alt=\"Visualisation de l'oscillation horizontale al\u00e9atoire de la machine lance-balles de tennis Lobster Elite Liberty\" width=\"286\" height=\"98\"><figcaption id=\"caption-attachment-8559\" class=\"wp-caption-text\">Visualisation de l&rsquo;oscillation horizontale al\u00e9atoire de la machine lance-balles de tennis Lobster Elite Liberty<\/figcaption><\/figure>\n<p>Cette machine lance-balles est capable de d\u00e9fier les joueurs d\u00e9butants \u00e0 confirm\u00e9s. Offrant des vitesses de balles jusqu&rsquo;\u00e0 110km\/h associ\u00e9es \u00e0 des effets redoutables de lift ou de slice. Son bac de 150 balles et sa batterie permettent de grandes sessions d&rsquo;entra\u00eenement sur le terrain.<\/p>\n<p>Appr\u00e9ciez de jouer contre l&rsquo;elite liberty et ses fonctions telle l&rsquo;oscillation horizontale compl\u00e8te ou l&rsquo;\u00e9l\u00e9vation \u00e0 50\u00b0 qui permet le travail des smashs.<\/p>\n<p>Si vous \u00eates en qu\u00eate d&rsquo;une machine avec plus d&rsquo;options, optez pour la machine lance-balles tennis <a href=\"https:\/\/ruckstuhlsport.ch\/tennis\/trainingsmaterial-fuers-tennis\/ballwurfmaschinen\/ballmaschine-lobster-elite-1\/\">Lobster Elite One.<\/a><\/p>\n","protected":false},"excerpt":{"rendered":"<ul>\n<li>Oscillation al\u00e9atoire: horizontale<\/li>\n<li>Effet : Topspin, Backspin<\/li>\n<li>Vitesse : 35 &#8211; 105 km\/h<\/li>\n<li>Contenance bac : 150 balles<\/li>\n<li>Fr\u00e9quence: 2 &#8211; 12 secondes<\/li>\n<li>El\u00e9vation: manuelle, 0 &#8211; 50 degr\u00e8s<\/li>\n<li>Alimentation: batterie<\/li>\n<li>Autonomie: 2 &#8211; 4 heures<\/li>\n<li>Chargeur Standard: inclus<\/li>\n<li>Chargeur premium: en option<\/li>\n<li>T\u00e9l\u00e9commande: en option<\/li>\n<li>Poids: 16kg<\/li>\n<\/ul>\n","protected":false},"featured_media":18067,"template":"","meta":{"_crdt_document":"","_uag_custom_page_level_css":"","site-sidebar-layout":"default","site-content-layout":"default","ast-site-content-layout":"default","site-content-style":"default","site-sidebar-style":"default","ast-global-header-display":"","ast-banner-title-visibility":"","ast-main-header-display":"","ast-hfb-above-header-display":"","ast-hfb-below-header-display":"","ast-hfb-mobile-header-display":"","site-post-title":"","ast-breadcrumbs-content":"","ast-featured-img":"","footer-sml-layout":"","ast-disable-related-posts":"","theme-transparent-header-meta":"default","adv-header-id-meta":"","stick-header-meta":"default","header-above-stick-meta":"","header-main-stick-meta":"","header-below-stick-meta":"","astra-migrate-meta-layouts":"default","ast-page-background-enabled":"default","ast-page-background-meta":{"desktop":{"background-color":"","background-image":"","background-repeat":"repeat","background-position":"center center","background-size":"auto","background-attachment":"scroll","background-type":"","background-media":"","overlay-type":"","overlay-color":"","overlay-opacity":"","overlay-gradient":""},"tablet":{"background-color":"","background-image":"","background-repeat":"repeat","background-position":"center center","background-size":"auto","background-attachment":"scroll","background-type":"","background-media":"","overlay-type":"","overlay-color":"","overlay-opacity":"","overlay-gradient":""},"mobile":{"background-color":"","background-image":"","background-repeat":"repeat","background-position":"center center","background-size":"auto","background-attachment":"scroll","background-type":"","background-media":"","overlay-type":"","overlay-color":"","overlay-opacity":"","overlay-gradient":""}},"ast-content-background-meta":{"desktop":{"background-color":"var(--ast-global-color-5)","background-image":"","background-repeat":"repeat","background-position":"center center","background-size":"auto","background-attachment":"scroll","background-type":"","background-media":"","overlay-type":"","overlay-color":"","overlay-opacity":"","overlay-gradient":""},"tablet":{"background-color":"var(--ast-global-color-5)","background-image":"","background-repeat":"repeat","background-position":"center center","background-size":"auto","background-attachment":"scroll","background-type":"","background-media":"","overlay-type":"","overlay-color":"","overlay-opacity":"","overlay-gradient":""},"mobile":{"background-color":"var(--ast-global-color-5)","background-image":"","background-repeat":"repeat","background-position":"center center","background-size":"auto","background-attachment":"scroll","background-type":"","background-media":"","overlay-type":"","overlay-color":"","overlay-opacity":"","overlay-gradient":""}}},"product_brand":[],"product_cat":[1339,934,935],"product_tag":[],"class_list":{"0":"post-13694","1":"product","2":"type-product","3":"status-publish","4":"has-post-thumbnail","6":"product_cat-machine-lance-balles-tennis","7":"product_cat-tennis","8":"product_cat-materiel-dentrainement-tennis","9":"desktop-align-center","10":"tablet-align-center","11":"mobile-align-center","12":"ast-product-gallery-layout-horizontal","13":"ast-product-tabs-layout-horizontal","15":"first","16":"onbackorder","17":"taxable","18":"shipping-taxable","19":"purchasable","20":"product-type-simple"},"uagb_featured_image_src":{"full":["https:\/\/ruckstuhlsport.ch\/wp-content\/uploads\/lobster_elite_liberty_mit_ladegeraet_und_fernbedienung-1.png",1000,1000,false],"thumbnail":["https:\/\/ruckstuhlsport.ch\/wp-content\/uploads\/lobster_elite_liberty_mit_ladegeraet_und_fernbedienung-1-150x150.png",150,150,true],"medium":["https:\/\/ruckstuhlsport.ch\/wp-content\/uploads\/lobster_elite_liberty_mit_ladegeraet_und_fernbedienung-1-300x300.png",300,300,true],"medium_large":["https:\/\/ruckstuhlsport.ch\/wp-content\/uploads\/lobster_elite_liberty_mit_ladegeraet_und_fernbedienung-1-768x768.png",768,768,true],"large":["https:\/\/ruckstuhlsport.ch\/wp-content\/uploads\/lobster_elite_liberty_mit_ladegeraet_und_fernbedienung-1.png",1000,1000,false],"1536x1536":["https:\/\/ruckstuhlsport.ch\/wp-content\/uploads\/lobster_elite_liberty_mit_ladegeraet_und_fernbedienung-1.png",1000,1000,false],"2048x2048":["https:\/\/ruckstuhlsport.ch\/wp-content\/uploads\/lobster_elite_liberty_mit_ladegeraet_und_fernbedienung-1.png",1000,1000,false],"woocommerce_thumbnail":["https:\/\/ruckstuhlsport.ch\/wp-content\/uploads\/lobster_elite_liberty_mit_ladegeraet_und_fernbedienung-1-300x300.png",300,300,true],"woocommerce_single":["https:\/\/ruckstuhlsport.ch\/wp-content\/uploads\/lobster_elite_liberty_mit_ladegeraet_und_fernbedienung-1-600x600.png",600,600,true],"woocommerce_gallery_thumbnail":["https:\/\/ruckstuhlsport.ch\/wp-content\/uploads\/lobster_elite_liberty_mit_ladegeraet_und_fernbedienung-1-100x100.png",100,100,true],"wc_order_status_icon":["https:\/\/ruckstuhlsport.ch\/wp-content\/uploads\/lobster_elite_liberty_mit_ladegeraet_und_fernbedienung-1-32x32.png",32,32,true],"dgwt-wcas-product-suggestion":["https:\/\/ruckstuhlsport.ch\/wp-content\/uploads\/lobster_elite_liberty_mit_ladegeraet_und_fernbedienung-1-64x64.png",64,64,true]},"uagb_author_info":{"display_name":"admin","author_link":"https:\/\/ruckstuhlsport.ch\/fr\/author\/"},"uagb_comment_info":0,"uagb_excerpt":"Oscillation al\u00e9atoire: horizontale Effet : Topspin, Backspin Vitesse : 35 - 105 km\/h Contenance bac : 150 balles Fr\u00e9quence: 2 - 12 secondes El\u00e9vation: manuelle, 0 - 50 degr\u00e8s Alimentation: batterie Autonomie: 2 - 4 heures Chargeur Standard: inclus Chargeur premium: en option T\u00e9l\u00e9commande: en option Poids: 16kg","_links":{"self":[{"href":"https:\/\/ruckstuhlsport.ch\/fr\/wp-json\/wp\/v2\/product\/13694","targetHints":{"allow":["GET"]}}],"collection":[{"href":"https:\/\/ruckstuhlsport.ch\/fr\/wp-json\/wp\/v2\/product"}],"about":[{"href":"https:\/\/ruckstuhlsport.ch\/fr\/wp-json\/wp\/v2\/types\/product"}],"wp:featuredmedia":[{"embeddable":true,"href":"https:\/\/ruckstuhlsport.ch\/fr\/wp-json\/wp\/v2\/media\/18067"}],"wp:attachment":[{"href":"https:\/\/ruckstuhlsport.ch\/fr\/wp-json\/wp\/v2\/media?parent=13694"}],"wp:term":[{"taxonomy":"product_brand","embeddable":true,"href":"https:\/\/ruckstuhlsport.ch\/fr\/wp-json\/wp\/v2\/product_brand?post=13694"},{"taxonomy":"product_cat","embeddable":true,"href":"https:\/\/ruckstuhlsport.ch\/fr\/wp-json\/wp\/v2\/product_cat?post=13694"},{"taxonomy":"product_tag","embeddable":true,"href":"https:\/\/ruckstuhlsport.ch\/fr\/wp-json\/wp\/v2\/product_tag?post=13694"}],"curies":[{"name":"wp","href":"https:\/\/api.w.org\/{rel}","templated":true}]}}