{"id":13695,"date":"2019-11-01T16:18:20","date_gmt":"2019-11-01T15:18:20","guid":{"rendered":"https:\/\/ruckstuhlsport.ch\/non%20class\u00e9\/lance-balles-tennis-lobster-elite-1\/"},"modified":"2023-12-30T10:29:01","modified_gmt":"2023-12-30T09:29:01","slug":"lance-balles-tennis-lobster-elite-one","status":"publish","type":"product","link":"https:\/\/ruckstuhlsport.ch\/fr\/tennis\/materiel-dentrainement-tennis\/machine-lance-balles-tennis\/lance-balles-tennis-lobster-elite-one\/","title":{"rendered":"Lance-balles tennis Lobster Elite 1"},"content":{"rendered":"<p>Si vous souhaitez am\u00e9liorer votre tennis tout en vous amusant avec avec une machine portable financi\u00e8rement abordable, alors l&rsquo;elite one est le choix parfait!<\/p>\n<p>L&rsquo;Elite One est con\u00e7u pour une dur\u00e9e d&rsquo;utilisation maximale et offre une autonomie \u00e9tendue de 4 \u00e0 8 heures.<\/p>\n<p>Profitez des caract\u00e9ristiques uniques de cette machine lance-balles de tennis Lobster Elite One, telles que :<\/p>\n<figure id=\"attachment_3401\" aria-describedby=\"caption-attachment-3401\" style=\"width: 286px\" class=\"wp-caption alignright\"><img decoding=\"async\" class=\"wp-image-3401 size-full\" src=\"https:\/\/ruckstuhlsport.ch\/wp-content\/uploads\/auswurfwinkel-zufall-horizontal.gif\" alt=\"Oscillation : horizontale al\u00e9atoire.\" width=\"286\" height=\"98\"><figcaption id=\"caption-attachment-3401\" class=\"wp-caption-text\">Oscillation: horizontale al\u00e9atoire<\/figcaption><\/figure>\n<ul>\n<li>l&rsquo;oscillation al\u00e9atoire compl\u00e8te vous permet d&rsquo;am\u00e9liorer vos coup-droits et revers.<\/li>\n<li>lobs \u00e0 60\u00b0 degr\u00e9s (aucun autre lanceur de balles \u00e0 batterie ne vous offre cette possibilit\u00e9)<\/li>\n<li>Am\u00e9liorez votre r\u00e9action gr\u00e2ce \u00e0 la vitesse de la balle, qui peut atteindre 130 km\/h.<\/li>\n<li>Perfectionnez vos coups, quelle que soit la fa\u00e7on dont votre adversaire les joue, gr\u00e2ce aux r\u00e9glages de topspin et de backspin.<\/li>\n<\/ul>\n<p>Ces options ne vous suffisent pas ? Vous avez besoin d&rsquo;une triple oscillation al\u00e9atoire pour vous poursuivre sur tout le terrain ? Alors nous avons le <a href=\"https:\/\/ruckstuhlsport.ch\/tennis\/trainingsmaterial-fuers-tennis\/ballwurfmaschinen\/ballmaschine-lobster-elite-2\/\">Lobster Elite Two<\/a> dans notre gamme. Vous allez l&rsquo;aimer.<\/p>\n","protected":false},"excerpt":{"rendered":"<ul>\n<li>Oscillation al\u00e9atoire: horizontale<\/li>\n<li>Effet : Topspin, Backspin<\/li>\n<li>Vitesse: 16 &#8211; 129 km\/h<\/li>\n<li>Contenance bac : 150 balles<\/li>\n<li>Fr\u00e9quence: 2 &#8211; 12 secondes<\/li>\n<li>El\u00e9vation: \u00e9lectronique, 0 &#8211; 60 degr\u00e8s<\/li>\n<li>Alimentation: batterie<\/li>\n<li>Autonomie: 4 &#8211; 8 heures<\/li>\n<li>Chargeur Standard: inclus<\/li>\n<li>Chargeur premium: en option<\/li>\n<li>T\u00e9l\u00e9commande: en option<\/li>\n<li>Poids: 19kg<\/li>\n<\/ul>\n","protected":false},"featured_media":18069,"template":"","meta":{"_crdt_document":"","_uag_custom_page_level_css":"","site-sidebar-layout":"default","site-content-layout":"default","ast-site-content-layout":"default","site-content-style":"default","site-sidebar-style":"default","ast-global-header-display":"","ast-banner-title-visibility":"","ast-main-header-display":"","ast-hfb-above-header-display":"","ast-hfb-below-header-display":"","ast-hfb-mobile-header-display":"","site-post-title":"","ast-breadcrumbs-content":"","ast-featured-img":"","footer-sml-layout":"","ast-disable-related-posts":"","theme-transparent-header-meta":"default","adv-header-id-meta":"","stick-header-meta":"default","header-above-stick-meta":"","header-main-stick-meta":"","header-below-stick-meta":"","astra-migrate-meta-layouts":"default","ast-page-background-enabled":"default","ast-page-background-meta":{"desktop":{"background-color":"","background-image":"","background-repeat":"repeat","background-position":"center center","background-size":"auto","background-attachment":"scroll","background-type":"","background-media":"","overlay-type":"","overlay-color":"","overlay-opacity":"","overlay-gradient":""},"tablet":{"background-color":"","background-image":"","background-repeat":"repeat","background-position":"center center","background-size":"auto","background-attachment":"scroll","background-type":"","background-media":"","overlay-type":"","overlay-color":"","overlay-opacity":"","overlay-gradient":""},"mobile":{"background-color":"","background-image":"","background-repeat":"repeat","background-position":"center center","background-size":"auto","background-attachment":"scroll","background-type":"","background-media":"","overlay-type":"","overlay-color":"","overlay-opacity":"","overlay-gradient":""}},"ast-content-background-meta":{"desktop":{"background-color":"var(--ast-global-color-5)","background-image":"","background-repeat":"repeat","background-position":"center center","background-size":"auto","background-attachment":"scroll","background-type":"","background-media":"","overlay-type":"","overlay-color":"","overlay-opacity":"","overlay-gradient":""},"tablet":{"background-color":"var(--ast-global-color-5)","background-image":"","background-repeat":"repeat","background-position":"center center","background-size":"auto","background-attachment":"scroll","background-type":"","background-media":"","overlay-type":"","overlay-color":"","overlay-opacity":"","overlay-gradient":""},"mobile":{"background-color":"var(--ast-global-color-5)","background-image":"","background-repeat":"repeat","background-position":"center center","background-size":"auto","background-attachment":"scroll","background-type":"","background-media":"","overlay-type":"","overlay-color":"","overlay-opacity":"","overlay-gradient":""}}},"product_brand":[],"product_cat":[1339,934,935],"product_tag":[],"class_list":{"0":"post-13695","1":"product","2":"type-product","3":"status-publish","4":"has-post-thumbnail","6":"product_cat-machine-lance-balles-tennis","7":"product_cat-tennis","8":"product_cat-materiel-dentrainement-tennis","9":"desktop-align-center","10":"tablet-align-center","11":"mobile-align-center","12":"ast-product-gallery-layout-horizontal","13":"ast-product-tabs-layout-horizontal","15":"first","16":"onbackorder","17":"taxable","18":"shipping-taxable","19":"purchasable","20":"product-type-simple"},"uagb_featured_image_src":{"full":["https:\/\/ruckstuhlsport.ch\/wp-content\/uploads\/lobster_elite_1_mit_ladegeraet_und_fernbedienung.png",1000,1000,false],"thumbnail":["https:\/\/ruckstuhlsport.ch\/wp-content\/uploads\/lobster_elite_1_mit_ladegeraet_und_fernbedienung-150x150.png",150,150,true],"medium":["https:\/\/ruckstuhlsport.ch\/wp-content\/uploads\/lobster_elite_1_mit_ladegeraet_und_fernbedienung-300x300.png",300,300,true],"medium_large":["https:\/\/ruckstuhlsport.ch\/wp-content\/uploads\/lobster_elite_1_mit_ladegeraet_und_fernbedienung-768x768.png",768,768,true],"large":["https:\/\/ruckstuhlsport.ch\/wp-content\/uploads\/lobster_elite_1_mit_ladegeraet_und_fernbedienung.png",1000,1000,false],"1536x1536":["https:\/\/ruckstuhlsport.ch\/wp-content\/uploads\/lobster_elite_1_mit_ladegeraet_und_fernbedienung.png",1000,1000,false],"2048x2048":["https:\/\/ruckstuhlsport.ch\/wp-content\/uploads\/lobster_elite_1_mit_ladegeraet_und_fernbedienung.png",1000,1000,false],"woocommerce_thumbnail":["https:\/\/ruckstuhlsport.ch\/wp-content\/uploads\/lobster_elite_1_mit_ladegeraet_und_fernbedienung-300x300.png",300,300,true],"woocommerce_single":["https:\/\/ruckstuhlsport.ch\/wp-content\/uploads\/lobster_elite_1_mit_ladegeraet_und_fernbedienung-600x600.png",600,600,true],"woocommerce_gallery_thumbnail":["https:\/\/ruckstuhlsport.ch\/wp-content\/uploads\/lobster_elite_1_mit_ladegeraet_und_fernbedienung-100x100.png",100,100,true],"wc_order_status_icon":["https:\/\/ruckstuhlsport.ch\/wp-content\/uploads\/lobster_elite_1_mit_ladegeraet_und_fernbedienung-32x32.png",32,32,true],"dgwt-wcas-product-suggestion":["https:\/\/ruckstuhlsport.ch\/wp-content\/uploads\/lobster_elite_1_mit_ladegeraet_und_fernbedienung-64x64.png",64,64,true]},"uagb_author_info":{"display_name":"admin","author_link":"https:\/\/ruckstuhlsport.ch\/fr\/author\/"},"uagb_comment_info":0,"uagb_excerpt":"Oscillation al\u00e9atoire: horizontale Effet : Topspin, Backspin Vitesse: 16 - 129 km\/h Contenance bac : 150 balles Fr\u00e9quence: 2 - 12 secondes El\u00e9vation: \u00e9lectronique, 0 - 60 degr\u00e8s Alimentation: batterie Autonomie: 4 - 8 heures Chargeur Standard: inclus Chargeur premium: en option T\u00e9l\u00e9commande: en option Poids: 19kg","_links":{"self":[{"href":"https:\/\/ruckstuhlsport.ch\/fr\/wp-json\/wp\/v2\/product\/13695","targetHints":{"allow":["GET"]}}],"collection":[{"href":"https:\/\/ruckstuhlsport.ch\/fr\/wp-json\/wp\/v2\/product"}],"about":[{"href":"https:\/\/ruckstuhlsport.ch\/fr\/wp-json\/wp\/v2\/types\/product"}],"wp:featuredmedia":[{"embeddable":true,"href":"https:\/\/ruckstuhlsport.ch\/fr\/wp-json\/wp\/v2\/media\/18069"}],"wp:attachment":[{"href":"https:\/\/ruckstuhlsport.ch\/fr\/wp-json\/wp\/v2\/media?parent=13695"}],"wp:term":[{"taxonomy":"product_brand","embeddable":true,"href":"https:\/\/ruckstuhlsport.ch\/fr\/wp-json\/wp\/v2\/product_brand?post=13695"},{"taxonomy":"product_cat","embeddable":true,"href":"https:\/\/ruckstuhlsport.ch\/fr\/wp-json\/wp\/v2\/product_cat?post=13695"},{"taxonomy":"product_tag","embeddable":true,"href":"https:\/\/ruckstuhlsport.ch\/fr\/wp-json\/wp\/v2\/product_tag?post=13695"}],"curies":[{"name":"wp","href":"https:\/\/api.w.org\/{rel}","templated":true}]}}