{"id":13696,"date":"2019-11-01T16:18:20","date_gmt":"2019-11-01T15:18:20","guid":{"rendered":"https:\/\/ruckstuhlsport.ch\/non%20class\u00e9\/lance-balles-tennis-lobster-elite-2\/"},"modified":"2024-05-21T14:25:44","modified_gmt":"2024-05-21T12:25:44","slug":"lance-balles-lobster-elite-2","status":"publish","type":"product","link":"https:\/\/ruckstuhlsport.ch\/fr\/tennis\/materiel-dentrainement-tennis\/machine-lance-balles-tennis\/lance-balles-lobster-elite-2\/","title":{"rendered":"Lance-balles tennis Lobster Elite 2"},"content":{"rendered":"<p>En plus des possibilit\u00e9s offertes par le Lobster Elite 1, la machine Lobster Elite 2 vous permet de faire varier les balles de fa\u00e7on al\u00e9atoire sur l&rsquo;horizontale et la verticale. Alors que la plupart des lance-balles \u00e9quip\u00e9s d&rsquo;une batterie n&rsquo;ont qu&rsquo;une d\u00e9viation horizontale al\u00e9atoire, avec le Lobster Elite Two vous b\u00e9n\u00e9ficiez d&rsquo;une d\u00e9viation verticale al\u00e9atoire. Cela vous donne l&rsquo;occasion suppl\u00e9mentaire d&rsquo;entra\u00eener votre condition physique. Bien s\u00fbr, vous avez toujours la possibilit\u00e9 de placer les balles de fa\u00e7on al\u00e9atoire uniquement sur le plan horizontal ou vertical.<\/p>\n<figure id=\"attachment_3404\" aria-describedby=\"caption-attachment-3404\" style=\"width: 286px\" class=\"wp-caption alignright\"><img decoding=\"async\" class=\"size-full wp-image-3404\" src=\"https:\/\/ruckstuhlsport.ch\/wp-content\/uploads\/auswurfwinkel-zufall-horizontal-vertikal.gif\" alt=\"Oscillation al\u00e9atoire: horizontale, verticale, horizontale &amp; verticale\" width=\"286\" height=\"98\"><figcaption id=\"caption-attachment-3404\" class=\"wp-caption-text\">Oscillation al\u00e9atoire: horizontale, verticale, horizontale &amp; vertikale<\/figcaption><\/figure>\n<p>Aper\u00e7u des points forts:<\/p>\n<ul>\n<li>La triple d\u00e9viation al\u00e9atoire vous permet de simuler un match car les balles sont r\u00e9parties sur l&rsquo;ensemble du terrain.<\/li>\n<li>Am\u00e9liorez votre r\u00e9action et votre vitesse.<\/li>\n<li>Les lobs \u00e9lev\u00e9s et les tirs jusqu&rsquo;\u00e0 130 km\/h propulsent votre jeu vers de nouveaux sommets.<\/li>\n<li>Am\u00e9liorez votre coup droit et votre revers.<\/li>\n<\/ul>\n<p>Le <a href=\"https:\/\/ruckstuhlsport.ch\/tennis\/trainingsmaterial-fuers-tennis\/ballwurfmaschinen\/ballmaschine-lobster-elite-3\/\">Lobster Elite 3<\/a> vous offre encore plus de fonctions.<\/p>\n","protected":false},"excerpt":{"rendered":"<ul>\n<li>Oscillation al\u00e9atoire: horizontale, verticale, horizontale &amp; verticale<\/li>\n<li>Effet : Topspin, Backspin<\/li>\n<li>Vitesse: 16 &#8211; 129 km\/h<\/li>\n<li>Contenance bac: 150 balles<\/li>\n<li>Fr\u00e9quence: 2 &#8211; 10 secondes<\/li>\n<li>El\u00e9vation: \u00e9lectronique, 0 &#8211; 60 degr\u00e8s<\/li>\n<li>Alimentation: batterie<\/li>\n<li>Autonomie: 4 &#8211; 8 heures<\/li>\n<li style=\"font-size: 16px;\">Poids: 19kg<\/li>\n<li>Chargeur Standard: inclus<\/li>\n<li>Chargeur premium: en option<\/li>\n<li>T\u00e9l\u00e9commande: en option<\/li>\n<\/ul>\n","protected":false},"featured_media":18069,"template":"","meta":{"_crdt_document":"","_uag_custom_page_level_css":"","site-sidebar-layout":"default","site-content-layout":"default","ast-site-content-layout":"default","site-content-style":"default","site-sidebar-style":"default","ast-global-header-display":"","ast-banner-title-visibility":"","ast-main-header-display":"","ast-hfb-above-header-display":"","ast-hfb-below-header-display":"","ast-hfb-mobile-header-display":"","site-post-title":"","ast-breadcrumbs-content":"","ast-featured-img":"","footer-sml-layout":"","ast-disable-related-posts":"","theme-transparent-header-meta":"default","adv-header-id-meta":"","stick-header-meta":"default","header-above-stick-meta":"","header-main-stick-meta":"","header-below-stick-meta":"","astra-migrate-meta-layouts":"default","ast-page-background-enabled":"default","ast-page-background-meta":{"desktop":{"background-color":"","background-image":"","background-repeat":"repeat","background-position":"center center","background-size":"auto","background-attachment":"scroll","background-type":"","background-media":"","overlay-type":"","overlay-color":"","overlay-opacity":"","overlay-gradient":""},"tablet":{"background-color":"","background-image":"","background-repeat":"repeat","background-position":"center center","background-size":"auto","background-attachment":"scroll","background-type":"","background-media":"","overlay-type":"","overlay-color":"","overlay-opacity":"","overlay-gradient":""},"mobile":{"background-color":"","background-image":"","background-repeat":"repeat","background-position":"center center","background-size":"auto","background-attachment":"scroll","background-type":"","background-media":"","overlay-type":"","overlay-color":"","overlay-opacity":"","overlay-gradient":""}},"ast-content-background-meta":{"desktop":{"background-color":"var(--ast-global-color-5)","background-image":"","background-repeat":"repeat","background-position":"center center","background-size":"auto","background-attachment":"scroll","background-type":"","background-media":"","overlay-type":"","overlay-color":"","overlay-opacity":"","overlay-gradient":""},"tablet":{"background-color":"var(--ast-global-color-5)","background-image":"","background-repeat":"repeat","background-position":"center center","background-size":"auto","background-attachment":"scroll","background-type":"","background-media":"","overlay-type":"","overlay-color":"","overlay-opacity":"","overlay-gradient":""},"mobile":{"background-color":"var(--ast-global-color-5)","background-image":"","background-repeat":"repeat","background-position":"center center","background-size":"auto","background-attachment":"scroll","background-type":"","background-media":"","overlay-type":"","overlay-color":"","overlay-opacity":"","overlay-gradient":""}}},"product_brand":[],"product_cat":[1339,934,935],"product_tag":[],"class_list":{"0":"post-13696","1":"product","2":"type-product","3":"status-publish","4":"has-post-thumbnail","6":"product_cat-machine-lance-balles-tennis","7":"product_cat-tennis","8":"product_cat-materiel-dentrainement-tennis","9":"product_shipping_class-marchandise-volumineuse","10":"desktop-align-center","11":"tablet-align-center","12":"mobile-align-center","13":"ast-product-gallery-layout-horizontal","14":"ast-product-tabs-layout-horizontal","16":"first","17":"onbackorder","18":"taxable","19":"shipping-taxable","20":"purchasable","21":"product-type-simple"},"uagb_featured_image_src":{"full":["https:\/\/ruckstuhlsport.ch\/wp-content\/uploads\/lobster_elite_1_mit_ladegeraet_und_fernbedienung.png",1000,1000,false],"thumbnail":["https:\/\/ruckstuhlsport.ch\/wp-content\/uploads\/lobster_elite_1_mit_ladegeraet_und_fernbedienung-150x150.png",150,150,true],"medium":["https:\/\/ruckstuhlsport.ch\/wp-content\/uploads\/lobster_elite_1_mit_ladegeraet_und_fernbedienung-300x300.png",300,300,true],"medium_large":["https:\/\/ruckstuhlsport.ch\/wp-content\/uploads\/lobster_elite_1_mit_ladegeraet_und_fernbedienung-768x768.png",768,768,true],"large":["https:\/\/ruckstuhlsport.ch\/wp-content\/uploads\/lobster_elite_1_mit_ladegeraet_und_fernbedienung.png",1000,1000,false],"1536x1536":["https:\/\/ruckstuhlsport.ch\/wp-content\/uploads\/lobster_elite_1_mit_ladegeraet_und_fernbedienung.png",1000,1000,false],"2048x2048":["https:\/\/ruckstuhlsport.ch\/wp-content\/uploads\/lobster_elite_1_mit_ladegeraet_und_fernbedienung.png",1000,1000,false],"woocommerce_thumbnail":["https:\/\/ruckstuhlsport.ch\/wp-content\/uploads\/lobster_elite_1_mit_ladegeraet_und_fernbedienung-300x300.png",300,300,true],"woocommerce_single":["https:\/\/ruckstuhlsport.ch\/wp-content\/uploads\/lobster_elite_1_mit_ladegeraet_und_fernbedienung-600x600.png",600,600,true],"woocommerce_gallery_thumbnail":["https:\/\/ruckstuhlsport.ch\/wp-content\/uploads\/lobster_elite_1_mit_ladegeraet_und_fernbedienung-100x100.png",100,100,true],"wc_order_status_icon":["https:\/\/ruckstuhlsport.ch\/wp-content\/uploads\/lobster_elite_1_mit_ladegeraet_und_fernbedienung-32x32.png",32,32,true],"dgwt-wcas-product-suggestion":["https:\/\/ruckstuhlsport.ch\/wp-content\/uploads\/lobster_elite_1_mit_ladegeraet_und_fernbedienung-64x64.png",64,64,true]},"uagb_author_info":{"display_name":"admin","author_link":"https:\/\/ruckstuhlsport.ch\/fr\/author\/"},"uagb_comment_info":0,"uagb_excerpt":"Oscillation al\u00e9atoire: horizontale, verticale, horizontale &amp; verticale Effet : Topspin, Backspin Vitesse: 16 - 129 km\/h Contenance bac: 150 balles Fr\u00e9quence: 2 - 10 secondes El\u00e9vation: \u00e9lectronique, 0 - 60 degr\u00e8s Alimentation: batterie Autonomie: 4 - 8 heures Poids: 19kg Chargeur Standard: inclus Chargeur premium: en option T\u00e9l\u00e9commande: en option","_links":{"self":[{"href":"https:\/\/ruckstuhlsport.ch\/fr\/wp-json\/wp\/v2\/product\/13696","targetHints":{"allow":["GET"]}}],"collection":[{"href":"https:\/\/ruckstuhlsport.ch\/fr\/wp-json\/wp\/v2\/product"}],"about":[{"href":"https:\/\/ruckstuhlsport.ch\/fr\/wp-json\/wp\/v2\/types\/product"}],"wp:featuredmedia":[{"embeddable":true,"href":"https:\/\/ruckstuhlsport.ch\/fr\/wp-json\/wp\/v2\/media\/18069"}],"wp:attachment":[{"href":"https:\/\/ruckstuhlsport.ch\/fr\/wp-json\/wp\/v2\/media?parent=13696"}],"wp:term":[{"taxonomy":"product_brand","embeddable":true,"href":"https:\/\/ruckstuhlsport.ch\/fr\/wp-json\/wp\/v2\/product_brand?post=13696"},{"taxonomy":"product_cat","embeddable":true,"href":"https:\/\/ruckstuhlsport.ch\/fr\/wp-json\/wp\/v2\/product_cat?post=13696"},{"taxonomy":"product_tag","embeddable":true,"href":"https:\/\/ruckstuhlsport.ch\/fr\/wp-json\/wp\/v2\/product_tag?post=13696"}],"curies":[{"name":"wp","href":"https:\/\/api.w.org\/{rel}","templated":true}]}}