{"id":13697,"date":"2019-11-01T16:18:20","date_gmt":"2019-11-01T15:18:20","guid":{"rendered":"https:\/\/ruckstuhlsport.ch\/non%20class\u00e9\/lance-balles-tennis-lobster-elite-3\/"},"modified":"2023-12-30T10:29:10","modified_gmt":"2023-12-30T09:29:10","slug":"lance-balles-lobster-elite-3","status":"publish","type":"product","link":"https:\/\/ruckstuhlsport.ch\/fr\/tennis\/materiel-dentrainement-tennis\/machine-lance-balles-tennis\/lance-balles-lobster-elite-3\/","title":{"rendered":"Lance-balles tennis Lobster Elite 3"},"content":{"rendered":"<p>Avec la machine lance-balles de tennis Lobster Elite 3, vous avez tout ce que vous voulez dans un partenaire d&rsquo;entra\u00eenement. En plus de l&rsquo;oscillation horizontale et verticale al\u00e9atoire, cette machine lance-balles offre \u00e9galement une fonction \u00e0 deux lignes (Two-Line Function). La fonction \u00e0 deux lignes peut \u00eatre r\u00e9gl\u00e9e sur large ou \u00e9troite, ce qui vous permet d&rsquo;entra\u00eener votre endurance en m\u00eame temps.<\/p>\n<figure id=\"attachment_3404\" aria-describedby=\"caption-attachment-3404\" style=\"width: 286px\" class=\"wp-caption alignleft\"><img decoding=\"async\" class=\"wp-image-3404 size-full\" src=\"https:\/\/ruckstuhlsport.ch\/wp-content\/uploads\/auswurfwinkel-zufall-horizontal-vertikal.gif\" alt=\"Oscillation al\u00e9atoire: horizontale, verticale, horizontale &amp; verticale\" width=\"286\" height=\"98\"><figcaption id=\"caption-attachment-3404\" class=\"wp-caption-text\">Oscillation al\u00e9atoire: horizontale, verticale, horizontale &amp; verticale<\/figcaption><\/figure>\n<figure id=\"attachment_3407\" aria-describedby=\"caption-attachment-3407\" style=\"width: 291px\" class=\"wp-caption alignleft\"><img decoding=\"async\" class=\"size-full wp-image-3407\" src=\"https:\/\/ruckstuhlsport.ch\/wp-content\/uploads\/auswurfwinkel-duale-two-line.gif\" alt=\"Oscillation: Two-Line\" width=\"291\" height=\"104\"><figcaption id=\"caption-attachment-3407\" class=\"wp-caption-text\">Oscillation: Two-Line<\/figcaption><\/figure>\n<p>&nbsp;<\/p>\n<p>&nbsp;<\/p>\n<p>&nbsp;<\/p>\n<p>&nbsp;<\/p>\n<ul>\n<li>Augmentez la qualit\u00e9 de vos entra\u00eenements avec cette machine \u00e0 balles qui simule un match professionnel.<\/li>\n<li>Gr\u00e2ce \u00e0 la large gamme de fonctions du Lobster Elite 3, vous pouvez am\u00e9liorer votre qualit\u00e9 de jeu \u00e0 plusieurs reprises.<\/li>\n<\/ul>\n<p>Vous recherchez encore plus de fonctions ? Alors, jetez un coup d&rsquo;\u0153il au <a href=\"https:\/\/ruckstuhlsport.ch\/tennis\/trainingsmaterial-fuers-tennis\/ballwurfmaschinen\/ballmaschine-lobster-elite-grand-4\/\">Lobster Elite 4.<\/a><\/p>\n","protected":false},"excerpt":{"rendered":"<ul>\n<li>Oscillation al\u00e9atoire: horizontale, verticale, horizontale &amp; verticale<\/li>\n<li>oscillation Two-Line: \u00e9troit, large<\/li>\n<li style=\"font-size: 16px;\">Effet : Topspin, Backspin<\/li>\n<li>Vitesse: 16 &#8211; 129 km\/h<\/li>\n<li style=\"font-size: 16px;\">Contenance bac: 150 balles<\/li>\n<li>Fr\u00e9quence: 2 &#8211; 12 secondes<\/li>\n<li>El\u00e9vation: \u00e9lectronique, 0 &#8211; 60 degr\u00e8s<\/li>\n<li>Alimentation: batterie<\/li>\n<li style=\"font-size: 16px;\">Autonomie: 4 &#8211; 8 heures<\/li>\n<li>Poids: 19kg<\/li>\n<li>Chargeur Standard: inclus<\/li>\n<li>Chargeur premium: en option<\/li>\n<li>T\u00e9l\u00e9commande: en option<\/li>\n<\/ul>\n","protected":false},"featured_media":18075,"template":"","meta":{"_crdt_document":"","_uag_custom_page_level_css":"","site-sidebar-layout":"default","site-content-layout":"default","ast-site-content-layout":"default","site-content-style":"default","site-sidebar-style":"default","ast-global-header-display":"","ast-banner-title-visibility":"","ast-main-header-display":"","ast-hfb-above-header-display":"","ast-hfb-below-header-display":"","ast-hfb-mobile-header-display":"","site-post-title":"","ast-breadcrumbs-content":"","ast-featured-img":"","footer-sml-layout":"","ast-disable-related-posts":"","theme-transparent-header-meta":"default","adv-header-id-meta":"","stick-header-meta":"default","header-above-stick-meta":"","header-main-stick-meta":"","header-below-stick-meta":"","astra-migrate-meta-layouts":"default","ast-page-background-enabled":"default","ast-page-background-meta":{"desktop":{"background-color":"","background-image":"","background-repeat":"repeat","background-position":"center center","background-size":"auto","background-attachment":"scroll","background-type":"","background-media":"","overlay-type":"","overlay-color":"","overlay-opacity":"","overlay-gradient":""},"tablet":{"background-color":"","background-image":"","background-repeat":"repeat","background-position":"center center","background-size":"auto","background-attachment":"scroll","background-type":"","background-media":"","overlay-type":"","overlay-color":"","overlay-opacity":"","overlay-gradient":""},"mobile":{"background-color":"","background-image":"","background-repeat":"repeat","background-position":"center center","background-size":"auto","background-attachment":"scroll","background-type":"","background-media":"","overlay-type":"","overlay-color":"","overlay-opacity":"","overlay-gradient":""}},"ast-content-background-meta":{"desktop":{"background-color":"var(--ast-global-color-5)","background-image":"","background-repeat":"repeat","background-position":"center center","background-size":"auto","background-attachment":"scroll","background-type":"","background-media":"","overlay-type":"","overlay-color":"","overlay-opacity":"","overlay-gradient":""},"tablet":{"background-color":"var(--ast-global-color-5)","background-image":"","background-repeat":"repeat","background-position":"center center","background-size":"auto","background-attachment":"scroll","background-type":"","background-media":"","overlay-type":"","overlay-color":"","overlay-opacity":"","overlay-gradient":""},"mobile":{"background-color":"var(--ast-global-color-5)","background-image":"","background-repeat":"repeat","background-position":"center center","background-size":"auto","background-attachment":"scroll","background-type":"","background-media":"","overlay-type":"","overlay-color":"","overlay-opacity":"","overlay-gradient":""}}},"product_brand":[],"product_cat":[1339,934,935],"product_tag":[],"class_list":{"0":"post-13697","1":"product","2":"type-product","3":"status-publish","4":"has-post-thumbnail","6":"product_cat-machine-lance-balles-tennis","7":"product_cat-tennis","8":"product_cat-materiel-dentrainement-tennis","9":"desktop-align-center","10":"tablet-align-center","11":"mobile-align-center","12":"ast-product-gallery-layout-horizontal","13":"ast-product-tabs-layout-horizontal","15":"first","16":"onbackorder","17":"taxable","18":"shipping-taxable","19":"purchasable","20":"product-type-simple"},"uagb_featured_image_src":{"full":["https:\/\/ruckstuhlsport.ch\/wp-content\/uploads\/lobster_elite_3_mit_ladegeraet_und_10funktionen_fernbedienung.png",1000,1000,false],"thumbnail":["https:\/\/ruckstuhlsport.ch\/wp-content\/uploads\/lobster_elite_3_mit_ladegeraet_und_10funktionen_fernbedienung-150x150.png",150,150,true],"medium":["https:\/\/ruckstuhlsport.ch\/wp-content\/uploads\/lobster_elite_3_mit_ladegeraet_und_10funktionen_fernbedienung-300x300.png",300,300,true],"medium_large":["https:\/\/ruckstuhlsport.ch\/wp-content\/uploads\/lobster_elite_3_mit_ladegeraet_und_10funktionen_fernbedienung-768x768.png",768,768,true],"large":["https:\/\/ruckstuhlsport.ch\/wp-content\/uploads\/lobster_elite_3_mit_ladegeraet_und_10funktionen_fernbedienung.png",1000,1000,false],"1536x1536":["https:\/\/ruckstuhlsport.ch\/wp-content\/uploads\/lobster_elite_3_mit_ladegeraet_und_10funktionen_fernbedienung.png",1000,1000,false],"2048x2048":["https:\/\/ruckstuhlsport.ch\/wp-content\/uploads\/lobster_elite_3_mit_ladegeraet_und_10funktionen_fernbedienung.png",1000,1000,false],"woocommerce_thumbnail":["https:\/\/ruckstuhlsport.ch\/wp-content\/uploads\/lobster_elite_3_mit_ladegeraet_und_10funktionen_fernbedienung-300x300.png",300,300,true],"woocommerce_single":["https:\/\/ruckstuhlsport.ch\/wp-content\/uploads\/lobster_elite_3_mit_ladegeraet_und_10funktionen_fernbedienung-600x600.png",600,600,true],"woocommerce_gallery_thumbnail":["https:\/\/ruckstuhlsport.ch\/wp-content\/uploads\/lobster_elite_3_mit_ladegeraet_und_10funktionen_fernbedienung-100x100.png",100,100,true],"wc_order_status_icon":["https:\/\/ruckstuhlsport.ch\/wp-content\/uploads\/lobster_elite_3_mit_ladegeraet_und_10funktionen_fernbedienung-32x32.png",32,32,true],"dgwt-wcas-product-suggestion":["https:\/\/ruckstuhlsport.ch\/wp-content\/uploads\/lobster_elite_3_mit_ladegeraet_und_10funktionen_fernbedienung-64x64.png",64,64,true]},"uagb_author_info":{"display_name":"admin","author_link":"https:\/\/ruckstuhlsport.ch\/fr\/author\/"},"uagb_comment_info":0,"uagb_excerpt":"Oscillation al\u00e9atoire: horizontale, verticale, horizontale &amp; verticale oscillation Two-Line: \u00e9troit, large Effet : Topspin, Backspin Vitesse: 16 - 129 km\/h Contenance bac: 150 balles Fr\u00e9quence: 2 - 12 secondes El\u00e9vation: \u00e9lectronique, 0 - 60 degr\u00e8s Alimentation: batterie Autonomie: 4 - 8 heures Poids: 19kg Chargeur Standard: inclus Chargeur premium: en option T\u00e9l\u00e9commande: en option","_links":{"self":[{"href":"https:\/\/ruckstuhlsport.ch\/fr\/wp-json\/wp\/v2\/product\/13697","targetHints":{"allow":["GET"]}}],"collection":[{"href":"https:\/\/ruckstuhlsport.ch\/fr\/wp-json\/wp\/v2\/product"}],"about":[{"href":"https:\/\/ruckstuhlsport.ch\/fr\/wp-json\/wp\/v2\/types\/product"}],"wp:featuredmedia":[{"embeddable":true,"href":"https:\/\/ruckstuhlsport.ch\/fr\/wp-json\/wp\/v2\/media\/18075"}],"wp:attachment":[{"href":"https:\/\/ruckstuhlsport.ch\/fr\/wp-json\/wp\/v2\/media?parent=13697"}],"wp:term":[{"taxonomy":"product_brand","embeddable":true,"href":"https:\/\/ruckstuhlsport.ch\/fr\/wp-json\/wp\/v2\/product_brand?post=13697"},{"taxonomy":"product_cat","embeddable":true,"href":"https:\/\/ruckstuhlsport.ch\/fr\/wp-json\/wp\/v2\/product_cat?post=13697"},{"taxonomy":"product_tag","embeddable":true,"href":"https:\/\/ruckstuhlsport.ch\/fr\/wp-json\/wp\/v2\/product_tag?post=13697"}],"curies":[{"name":"wp","href":"https:\/\/api.w.org\/{rel}","templated":true}]}}