{"id":13698,"date":"2019-11-04T12:53:17","date_gmt":"2019-11-04T11:53:17","guid":{"rendered":"https:\/\/ruckstuhlsport.ch\/non%20class\u00e9\/lance-balles-tennis-lobster-elite-grand-4\/"},"modified":"2024-07-07T15:54:28","modified_gmt":"2024-07-07T13:54:28","slug":"lance-balles-lobster-elite-4","status":"publish","type":"product","link":"https:\/\/ruckstuhlsport.ch\/fr\/tennis\/materiel-dentrainement-tennis\/machine-lance-balles-tennis\/lance-balles-lobster-elite-4\/","title":{"rendered":"Lance-balles tennis Lobster Elite Grand 4"},"content":{"rendered":"<p>La lance-balles Lobster de la Grande S\u00e9rie sont \u00e9quip\u00e9s de la technologie la plus moderne, que l&rsquo;on ne trouve pas dans les autres lanceurs de balles. Cela a un effet positif sur vos s\u00e9ances d&rsquo;entra\u00eenement car vous avez l&rsquo;impression de vous entra\u00eener contre un professionnel.<\/p>\n<p>La machine lance-balles de tennis Lobster Elite Grand 4 rend vos entra\u00eenements plus vari\u00e9s que jamais. Gr\u00e2ce \u00e0 une oscillation compl\u00e8tement al\u00e9atoire, cette machine lance-balles joue les balles sur tout le terrain, en changeant la vitesse, la trajectoire et l&rsquo;oscillation de la balle.<\/p>\n<p>Les 6 exercices pr\u00e9-programm\u00e9s offrent une vari\u00e9t\u00e9 suffisante.<\/p>\n<ul>\n<li>Grinder<\/li>\n<li>All Courter<\/li>\n<li>Power Baseliner<\/li>\n<li>Moonballer<\/li>\n<li>Slicer<\/li>\n<li>Lefty<\/li>\n<\/ul>\n<p>Comme ces exercices simulent les styles de jeu de tennis les plus populaires, le Lobster Elite Grand 4 vous pr\u00e9pare \u00e9galement \u00e0 affronter les adversaires les plus difficiles en appuyant sur un bouton !<\/p>\n<p>Comme le Lobster Elite 3, le Lobster Elite Grand 4 dispose de la fonction Two-Line, mais avec trois r\u00e9glages : \u00e9troit, moyen, large. Cette fonction vous offre un entra\u00eenement plus complet. Vous pouvez ainsi entra\u00eener votre coup droit et votre revers depuis la ligne de fond et am\u00e9liorer \u00e9galement votre jeu de jambes.<\/p>\n<p>Si les 6 exercices pr\u00e9programm\u00e9s ne sont pas assez vari\u00e9s, vous devriez jeter un coup d&rsquo;\u0153il au <a href=\"https:\/\/ruckstuhlsport.ch\/tennis\/trainingsmaterial-fuers-tennis\/ballwurfmaschinen\/ballmaschine-lobster-elite-grand-5\/\">Lobster Elite Grand 5.<\/a> Vous pouvez m\u00eame programmer vos propres exercices avec cette machine \u00e0 lancer des balles.<\/p>\n","protected":false},"excerpt":{"rendered":"<ul>\n<li>Oscillation al\u00e9atoire: horizontale, verticale, horizontale &amp; verticale, compl\u00e8tement al\u00e9atoire<\/li>\n<li>Oscillation Two-Line: \u00e9troit, moyen, large<\/li>\n<li>Exercices pr\u00e9-programm\u00e9s: power baseliner, all-courter, grinder, moonballer, slicer, lefty<\/li>\n<li>Programmation des propres exercices: pas possible<\/li>\n<li style=\"font-size: 16px;\">Effet : Topspin, Backspin<\/li>\n<li>Vitesse: 16 &#8211; 129 km\/h<\/li>\n<li style=\"font-size: 16px;\">Contenance bac: 150 balles<\/li>\n<li>Fr\u00e9quence: 2 &#8211; 9 secondes<\/li>\n<li>El\u00e9vation: \u00e9lectronique, 0 &#8211; 50 degr\u00e8s<\/li>\n<li>Alimentation: batterie<\/li>\n<li>Autonomie: 4 &#8211; 8 heures<\/li>\n<li>Poids: 20kg<\/li>\n<li>Chargeur Standard: inclus<\/li>\n<li>Chargeur premium: en option<\/li>\n<li>T\u00e9l\u00e9commande: en option<\/li>\n<\/ul>\n","protected":false},"featured_media":18078,"template":"","meta":{"_crdt_document":"","_uag_custom_page_level_css":"","site-sidebar-layout":"default","site-content-layout":"default","ast-site-content-layout":"default","site-content-style":"default","site-sidebar-style":"default","ast-global-header-display":"","ast-banner-title-visibility":"","ast-main-header-display":"","ast-hfb-above-header-display":"","ast-hfb-below-header-display":"","ast-hfb-mobile-header-display":"","site-post-title":"","ast-breadcrumbs-content":"","ast-featured-img":"","footer-sml-layout":"","ast-disable-related-posts":"","theme-transparent-header-meta":"default","adv-header-id-meta":"","stick-header-meta":"default","header-above-stick-meta":"","header-main-stick-meta":"","header-below-stick-meta":"","astra-migrate-meta-layouts":"default","ast-page-background-enabled":"default","ast-page-background-meta":{"desktop":{"background-color":"","background-image":"","background-repeat":"repeat","background-position":"center center","background-size":"auto","background-attachment":"scroll","background-type":"","background-media":"","overlay-type":"","overlay-color":"","overlay-opacity":"","overlay-gradient":""},"tablet":{"background-color":"","background-image":"","background-repeat":"repeat","background-position":"center center","background-size":"auto","background-attachment":"scroll","background-type":"","background-media":"","overlay-type":"","overlay-color":"","overlay-opacity":"","overlay-gradient":""},"mobile":{"background-color":"","background-image":"","background-repeat":"repeat","background-position":"center center","background-size":"auto","background-attachment":"scroll","background-type":"","background-media":"","overlay-type":"","overlay-color":"","overlay-opacity":"","overlay-gradient":""}},"ast-content-background-meta":{"desktop":{"background-color":"var(--ast-global-color-5)","background-image":"","background-repeat":"repeat","background-position":"center center","background-size":"auto","background-attachment":"scroll","background-type":"","background-media":"","overlay-type":"","overlay-color":"","overlay-opacity":"","overlay-gradient":""},"tablet":{"background-color":"var(--ast-global-color-5)","background-image":"","background-repeat":"repeat","background-position":"center center","background-size":"auto","background-attachment":"scroll","background-type":"","background-media":"","overlay-type":"","overlay-color":"","overlay-opacity":"","overlay-gradient":""},"mobile":{"background-color":"var(--ast-global-color-5)","background-image":"","background-repeat":"repeat","background-position":"center center","background-size":"auto","background-attachment":"scroll","background-type":"","background-media":"","overlay-type":"","overlay-color":"","overlay-opacity":"","overlay-gradient":""}}},"product_brand":[],"product_cat":[1339,934,935],"product_tag":[],"class_list":{"0":"post-13698","1":"product","2":"type-product","3":"status-publish","4":"has-post-thumbnail","6":"product_cat-machine-lance-balles-tennis","7":"product_cat-tennis","8":"product_cat-materiel-dentrainement-tennis","9":"product_shipping_class-marchandise-volumineuse","10":"desktop-align-center","11":"tablet-align-center","12":"mobile-align-center","13":"ast-product-gallery-layout-horizontal","14":"ast-product-tabs-layout-horizontal","16":"first","17":"onbackorder","18":"taxable","19":"shipping-taxable","20":"purchasable","21":"product-type-simple"},"uagb_featured_image_src":{"full":["https:\/\/ruckstuhlsport.ch\/wp-content\/uploads\/lobster_elite_grand_4_mit_ladegeraet_und_20funktionen_fernbedienung.png",1000,1000,false],"thumbnail":["https:\/\/ruckstuhlsport.ch\/wp-content\/uploads\/lobster_elite_grand_4_mit_ladegeraet_und_20funktionen_fernbedienung-150x150.png",150,150,true],"medium":["https:\/\/ruckstuhlsport.ch\/wp-content\/uploads\/lobster_elite_grand_4_mit_ladegeraet_und_20funktionen_fernbedienung-300x300.png",300,300,true],"medium_large":["https:\/\/ruckstuhlsport.ch\/wp-content\/uploads\/lobster_elite_grand_4_mit_ladegeraet_und_20funktionen_fernbedienung-768x768.png",768,768,true],"large":["https:\/\/ruckstuhlsport.ch\/wp-content\/uploads\/lobster_elite_grand_4_mit_ladegeraet_und_20funktionen_fernbedienung.png",1000,1000,false],"1536x1536":["https:\/\/ruckstuhlsport.ch\/wp-content\/uploads\/lobster_elite_grand_4_mit_ladegeraet_und_20funktionen_fernbedienung.png",1000,1000,false],"2048x2048":["https:\/\/ruckstuhlsport.ch\/wp-content\/uploads\/lobster_elite_grand_4_mit_ladegeraet_und_20funktionen_fernbedienung.png",1000,1000,false],"woocommerce_thumbnail":["https:\/\/ruckstuhlsport.ch\/wp-content\/uploads\/lobster_elite_grand_4_mit_ladegeraet_und_20funktionen_fernbedienung-300x300.png",300,300,true],"woocommerce_single":["https:\/\/ruckstuhlsport.ch\/wp-content\/uploads\/lobster_elite_grand_4_mit_ladegeraet_und_20funktionen_fernbedienung-600x600.png",600,600,true],"woocommerce_gallery_thumbnail":["https:\/\/ruckstuhlsport.ch\/wp-content\/uploads\/lobster_elite_grand_4_mit_ladegeraet_und_20funktionen_fernbedienung-100x100.png",100,100,true],"wc_order_status_icon":["https:\/\/ruckstuhlsport.ch\/wp-content\/uploads\/lobster_elite_grand_4_mit_ladegeraet_und_20funktionen_fernbedienung-32x32.png",32,32,true],"dgwt-wcas-product-suggestion":["https:\/\/ruckstuhlsport.ch\/wp-content\/uploads\/lobster_elite_grand_4_mit_ladegeraet_und_20funktionen_fernbedienung-64x64.png",64,64,true]},"uagb_author_info":{"display_name":"admin","author_link":"https:\/\/ruckstuhlsport.ch\/fr\/author\/"},"uagb_comment_info":0,"uagb_excerpt":"Oscillation al\u00e9atoire: horizontale, verticale, horizontale &amp; verticale, compl\u00e8tement al\u00e9atoire Oscillation Two-Line: \u00e9troit, moyen, large Exercices pr\u00e9-programm\u00e9s: power baseliner, all-courter, grinder, moonballer, slicer, lefty Programmation des propres exercices: pas possible Effet : Topspin, Backspin Vitesse: 16 - 129 km\/h Contenance bac: 150 balles Fr\u00e9quence: 2 - 9 secondes El\u00e9vation: \u00e9lectronique, 0 - 50 degr\u00e8s Alimentation: batterie\u2026","_links":{"self":[{"href":"https:\/\/ruckstuhlsport.ch\/fr\/wp-json\/wp\/v2\/product\/13698","targetHints":{"allow":["GET"]}}],"collection":[{"href":"https:\/\/ruckstuhlsport.ch\/fr\/wp-json\/wp\/v2\/product"}],"about":[{"href":"https:\/\/ruckstuhlsport.ch\/fr\/wp-json\/wp\/v2\/types\/product"}],"wp:featuredmedia":[{"embeddable":true,"href":"https:\/\/ruckstuhlsport.ch\/fr\/wp-json\/wp\/v2\/media\/18078"}],"wp:attachment":[{"href":"https:\/\/ruckstuhlsport.ch\/fr\/wp-json\/wp\/v2\/media?parent=13698"}],"wp:term":[{"taxonomy":"product_brand","embeddable":true,"href":"https:\/\/ruckstuhlsport.ch\/fr\/wp-json\/wp\/v2\/product_brand?post=13698"},{"taxonomy":"product_cat","embeddable":true,"href":"https:\/\/ruckstuhlsport.ch\/fr\/wp-json\/wp\/v2\/product_cat?post=13698"},{"taxonomy":"product_tag","embeddable":true,"href":"https:\/\/ruckstuhlsport.ch\/fr\/wp-json\/wp\/v2\/product_tag?post=13698"}],"curies":[{"name":"wp","href":"https:\/\/api.w.org\/{rel}","templated":true}]}}