{"id":13699,"date":"2019-11-04T12:51:39","date_gmt":"2019-11-04T11:51:39","guid":{"rendered":"https:\/\/ruckstuhlsport.ch\/non%20class\u00e9\/machine-lance-balles-lobster-elite-grand-5\/"},"modified":"2023-12-30T10:29:12","modified_gmt":"2023-12-30T09:29:12","slug":"machine-lance-balles-lobster-elite-grand-5","status":"publish","type":"product","link":"https:\/\/ruckstuhlsport.ch\/fr\/tennis\/materiel-dentrainement-tennis\/machine-lance-balles-tennis\/machine-lance-balles-lobster-elite-grand-5\/","title":{"rendered":"Machine lance-balles Lobster Elite Grand 5"},"content":{"rendered":"&#13;\n<p class=\"wp-block-paragraph\">La machine \u00e0 balles Lobster Elite Grand 5 est l&rsquo;une des machines \u00e0 balles de tennis les plus avanc\u00e9es technologiquement sur le march\u00e9. Utilisez les exercices pr\u00e9programm\u00e9s pour votre entra\u00eenement, adaptez-les ou cr\u00e9ez vos propres exercices. Gr\u00e2ce \u00e0 l&rsquo;oscillation compl\u00e9tement al\u00e9atoire, vous laissez la vitesse, l&rsquo;effet et l&rsquo;intervalle du ballon au hasard et simulez un match.<\/p>&#13;\n&#13;\n<h2 class=\"wp-block-heading\">Exercices pr\u00e9programm\u00e9s<\/h2>&#13;\n&#13;\n<p class=\"wp-block-paragraph\">Par rapport au Lobster Elite 4, avec le Lobster Elite Grand 5, vous disposez de 12 exercices pr\u00e9programm\u00e9s et pas seulement de 6 :<\/p>&#13;\n\r\n<div class=\"wp-block-columns is-layout-flex wp-container-core-columns-is-layout-7387b849 wp-block-columns-is-layout-flex\">\r\n<div class=\"wp-block-column is-layout-flow wp-block-column-is-layout-flow\" style=\"flex-basis: 20%;\">&#13;\n<ul class=\"wp-block-list\">&#13;\n<li>Power Baseliner<\/li>&#13;\n<li>All-Courter<\/li>&#13;\n<li>Grinder<\/li>&#13;\n<li>Moonballer<\/li>&#13;\n<li>Slicer<\/li>&#13;\n<li>Lefty<\/li>&#13;\n<\/ul>&#13;\n<\/div>\r\n\r\n\r\n\r\n<div class=\"wp-block-column is-layout-flow wp-block-column-is-layout-flow\">&#13;\n<ul class=\"wp-block-list\">&#13;\n<li>Forehand Plus<\/li>&#13;\n<li>Attack\/Defend<\/li>&#13;\n<li>Approach<\/li>&#13;\n<li>Beginner<\/li>&#13;\n<li>Intermediate<\/li>&#13;\n<li>Advanced<\/li>&#13;\n<\/ul>&#13;\n<p>Eine \u00dcbersicht der vorprogrammierten Drills auf Lobster Ballmaschinen finden\u00a0 Sie auf der Seite:\u00a0<a href=\"https:\/\/ruckstuhlsport.ch\/vorprogrammierte-drills-bei-ballwurfmaschinen-von-lobster\/\">Vorprogrammierte Drills bei Ballwurfmaschinen von Lobster<\/a><\/p>&#13;\n<\/div>\r\n<\/div>\r\n&#13;\n<h2 class=\"wp-block-heading\">Programmation des exercise persnnels<\/h2>&#13;\n&#13;\n<p class=\"wp-block-paragraph\">Le Lobster Elite Grand 5 vous permet \u00e9galement de programmer jusqu&rsquo;\u00e0 6 exercices personnels. Vous pouvez d\u00e9finir jusqu&rsquo;\u00e0 6 tirs par exercice, pour lesquels vous pouvez s\u00e9lectionner 1 des 6 positions de balle sur le terrain. Le Spin, la vitesse et l&rsquo;intervalle de la balle peuvent \u00eatre r\u00e9gl\u00e9s individuellement pour chacune de ces positions de la balle, les possibilit\u00e9s sont presque illimit\u00e9es. Vous pourrez ainsi adapter l&rsquo;entra\u00eenement exactement \u00e0 vos points faibles afin de devenir encore meilleur.<\/p>&#13;\n&#13;\n<h2 class=\"wp-block-heading\">S&rsquo;entra\u00eener \u00e0 tout moment et en tout lieu<\/h2>&#13;\n&#13;\n<p class=\"wp-block-paragraph\">En plus de tous les avantages qu&rsquo;elles offrent, les machines \u00e0 balles de tennis de Lobster convainquent \u00e9galement par leur maniabilit\u00e9. Gr\u00e2ce aux roues surdimensionn\u00e9es, vous pouvez conduire la machine \u00e0 balles sur n&rsquo;importe quelle surface. Le transport du lanceur de balles en voiture est encore plus facile gr\u00e2ce \u00e0 la poign\u00e9e pliable et au magasin de balles amovible.<\/p>&#13;\n&#13;\n<h2 class=\"wp-block-heading\">La machine \u00e0 5 boules Lobster Elite Grand ne vous suffit pas ?<\/h2>&#13;\n&#13;\n<p class=\"wp-block-paragraph\"><span style=\"font-size: 16px;\">Les 6 positions de balle programmables sur le terrain ne vous suffisent pas ? Jetez un coup d&rsquo;\u0153il au mod\u00e8le<a href=\"https:\/\/ruckstuhlsport.ch\/tennis\/trainingsmaterial-fuers-tennis\/ballwurfmaschinen\/ballmaschine-lobster-elite-grand-5-le\/\">Elite Grand 5 LE.<\/a> Avec ce lanceur de balles, vous disposez de 18 positions de balles programmables sur le terrain.<\/span><\/p>&#13;\n","protected":false},"excerpt":{"rendered":"<ul>\n<li>Oscillation al\u00e9atoire: horizontale, verticale, horizontale &amp; verticale, compl\u00e8tement al\u00e9atoire<\/li>\n<li>Oscillation Two-Line: \u00e9troit, moyen, large<\/li>\n<li>Exercices pr\u00e9programm\u00e9s: power baseliner, all-courter, grinder, moonballer, slicer, lefty, forehand plus, attack\/defend, approach, beginner, intermediate, advanced<\/li>\n<li>Programmation des propres exercices: 6 exercises de 6 tirs chacun avec un choix de 6 positions sur le court<\/li>\n<li style=\"font-size: 16px;\">Effet : Topspin, Backspin<\/li>\n<li>Vitesse: 16 &#8211; 129 km\/h<\/li>\n<li style=\"font-size: 16px;\">Contenance bac: 150 balles<\/li>\n<li>Fr\u00e9quence: 2 &#8211; 9 secondes<\/li>\n<li>El\u00e9vation: \u00e9lectronique, 0 &#8211; 60 degr\u00e8s<\/li>\n<li>Alimentation: batterie<\/li>\n<li>Autonomie: 4 &#8211; 8 heures<\/li>\n<li style=\"font-size: 16px;\">Poids: 20kg<\/li>\n<li>Chargeur Standard: inclus<\/li>\n<li>Chargeur premium: en option<\/li>\n<li>T\u00e9l\u00e9commande: en option<\/li>\n<\/ul>\n","protected":false},"featured_media":18080,"template":"","meta":{"_crdt_document":"","_uag_custom_page_level_css":"","site-sidebar-layout":"default","site-content-layout":"default","ast-site-content-layout":"default","site-content-style":"default","site-sidebar-style":"default","ast-global-header-display":"","ast-banner-title-visibility":"","ast-main-header-display":"","ast-hfb-above-header-display":"","ast-hfb-below-header-display":"","ast-hfb-mobile-header-display":"","site-post-title":"","ast-breadcrumbs-content":"","ast-featured-img":"","footer-sml-layout":"","ast-disable-related-posts":"","theme-transparent-header-meta":"default","adv-header-id-meta":"","stick-header-meta":"default","header-above-stick-meta":"","header-main-stick-meta":"","header-below-stick-meta":"","astra-migrate-meta-layouts":"default","ast-page-background-enabled":"default","ast-page-background-meta":{"desktop":{"background-color":"","background-image":"","background-repeat":"repeat","background-position":"center center","background-size":"auto","background-attachment":"scroll","background-type":"","background-media":"","overlay-type":"","overlay-color":"","overlay-opacity":"","overlay-gradient":""},"tablet":{"background-color":"","background-image":"","background-repeat":"repeat","background-position":"center center","background-size":"auto","background-attachment":"scroll","background-type":"","background-media":"","overlay-type":"","overlay-color":"","overlay-opacity":"","overlay-gradient":""},"mobile":{"background-color":"","background-image":"","background-repeat":"repeat","background-position":"center center","background-size":"auto","background-attachment":"scroll","background-type":"","background-media":"","overlay-type":"","overlay-color":"","overlay-opacity":"","overlay-gradient":""}},"ast-content-background-meta":{"desktop":{"background-color":"var(--ast-global-color-5)","background-image":"","background-repeat":"repeat","background-position":"center center","background-size":"auto","background-attachment":"scroll","background-type":"","background-media":"","overlay-type":"","overlay-color":"","overlay-opacity":"","overlay-gradient":""},"tablet":{"background-color":"var(--ast-global-color-5)","background-image":"","background-repeat":"repeat","background-position":"center center","background-size":"auto","background-attachment":"scroll","background-type":"","background-media":"","overlay-type":"","overlay-color":"","overlay-opacity":"","overlay-gradient":""},"mobile":{"background-color":"var(--ast-global-color-5)","background-image":"","background-repeat":"repeat","background-position":"center center","background-size":"auto","background-attachment":"scroll","background-type":"","background-media":"","overlay-type":"","overlay-color":"","overlay-opacity":"","overlay-gradient":""}}},"product_brand":[],"product_cat":[1339,934,935],"product_tag":[],"class_list":{"0":"post-13699","1":"product","2":"type-product","3":"status-publish","4":"has-post-thumbnail","6":"product_cat-machine-lance-balles-tennis","7":"product_cat-tennis","8":"product_cat-materiel-dentrainement-tennis","9":"desktop-align-center","10":"tablet-align-center","11":"mobile-align-center","12":"ast-product-gallery-layout-horizontal","13":"ast-product-tabs-layout-horizontal","15":"first","16":"onbackorder","17":"taxable","18":"shipping-taxable","19":"purchasable","20":"product-type-simple"},"uagb_featured_image_src":{"full":["https:\/\/ruckstuhlsport.ch\/wp-content\/uploads\/lobster_elite_grand_5_mit_ladegeraet_und_20funktionen_fernbedienung.png",1000,1000,false],"thumbnail":["https:\/\/ruckstuhlsport.ch\/wp-content\/uploads\/lobster_elite_grand_5_mit_ladegeraet_und_20funktionen_fernbedienung-150x150.png",150,150,true],"medium":["https:\/\/ruckstuhlsport.ch\/wp-content\/uploads\/lobster_elite_grand_5_mit_ladegeraet_und_20funktionen_fernbedienung-300x300.png",300,300,true],"medium_large":["https:\/\/ruckstuhlsport.ch\/wp-content\/uploads\/lobster_elite_grand_5_mit_ladegeraet_und_20funktionen_fernbedienung-768x768.png",768,768,true],"large":["https:\/\/ruckstuhlsport.ch\/wp-content\/uploads\/lobster_elite_grand_5_mit_ladegeraet_und_20funktionen_fernbedienung.png",1000,1000,false],"1536x1536":["https:\/\/ruckstuhlsport.ch\/wp-content\/uploads\/lobster_elite_grand_5_mit_ladegeraet_und_20funktionen_fernbedienung.png",1000,1000,false],"2048x2048":["https:\/\/ruckstuhlsport.ch\/wp-content\/uploads\/lobster_elite_grand_5_mit_ladegeraet_und_20funktionen_fernbedienung.png",1000,1000,false],"woocommerce_thumbnail":["https:\/\/ruckstuhlsport.ch\/wp-content\/uploads\/lobster_elite_grand_5_mit_ladegeraet_und_20funktionen_fernbedienung-300x300.png",300,300,true],"woocommerce_single":["https:\/\/ruckstuhlsport.ch\/wp-content\/uploads\/lobster_elite_grand_5_mit_ladegeraet_und_20funktionen_fernbedienung-600x600.png",600,600,true],"woocommerce_gallery_thumbnail":["https:\/\/ruckstuhlsport.ch\/wp-content\/uploads\/lobster_elite_grand_5_mit_ladegeraet_und_20funktionen_fernbedienung-100x100.png",100,100,true],"wc_order_status_icon":["https:\/\/ruckstuhlsport.ch\/wp-content\/uploads\/lobster_elite_grand_5_mit_ladegeraet_und_20funktionen_fernbedienung-32x32.png",32,32,true],"dgwt-wcas-product-suggestion":["https:\/\/ruckstuhlsport.ch\/wp-content\/uploads\/lobster_elite_grand_5_mit_ladegeraet_und_20funktionen_fernbedienung-64x64.png",64,64,true]},"uagb_author_info":{"display_name":"admin","author_link":"https:\/\/ruckstuhlsport.ch\/fr\/author\/"},"uagb_comment_info":0,"uagb_excerpt":"Oscillation al\u00e9atoire: horizontale, verticale, horizontale &amp; verticale, compl\u00e8tement al\u00e9atoire Oscillation Two-Line: \u00e9troit, moyen, large Exercices pr\u00e9programm\u00e9s: power baseliner, all-courter, grinder, moonballer, slicer, lefty, forehand plus, attack\/defend, approach, beginner, intermediate, advanced Programmation des propres exercices: 6 exercises de 6 tirs chacun avec un choix de 6 positions sur le court Effet : Topspin, Backspin Vitesse: 16\u2026","_links":{"self":[{"href":"https:\/\/ruckstuhlsport.ch\/fr\/wp-json\/wp\/v2\/product\/13699","targetHints":{"allow":["GET"]}}],"collection":[{"href":"https:\/\/ruckstuhlsport.ch\/fr\/wp-json\/wp\/v2\/product"}],"about":[{"href":"https:\/\/ruckstuhlsport.ch\/fr\/wp-json\/wp\/v2\/types\/product"}],"wp:featuredmedia":[{"embeddable":true,"href":"https:\/\/ruckstuhlsport.ch\/fr\/wp-json\/wp\/v2\/media\/18080"}],"wp:attachment":[{"href":"https:\/\/ruckstuhlsport.ch\/fr\/wp-json\/wp\/v2\/media?parent=13699"}],"wp:term":[{"taxonomy":"product_brand","embeddable":true,"href":"https:\/\/ruckstuhlsport.ch\/fr\/wp-json\/wp\/v2\/product_brand?post=13699"},{"taxonomy":"product_cat","embeddable":true,"href":"https:\/\/ruckstuhlsport.ch\/fr\/wp-json\/wp\/v2\/product_cat?post=13699"},{"taxonomy":"product_tag","embeddable":true,"href":"https:\/\/ruckstuhlsport.ch\/fr\/wp-json\/wp\/v2\/product_tag?post=13699"}],"curies":[{"name":"wp","href":"https:\/\/api.w.org\/{rel}","templated":true}]}}