{"id":13743,"date":"2021-09-23T09:28:10","date_gmt":"2021-09-23T07:28:10","guid":{"rendered":"https:\/\/ruckstuhlsport.ch\/?post_type=product&#038;p=13743"},"modified":"2025-09-19T09:00:26","modified_gmt":"2025-09-19T07:00:26","slug":"panneau-substitution-twin-mecanique","status":"publish","type":"product","link":"https:\/\/ruckstuhlsport.ch\/fr\/football\/panneau-substitution-twin-mecanique\/","title":{"rendered":"Panneau de substitution Twin, m\u00e9canique"},"content":{"rendered":"","protected":false},"excerpt":{"rendered":"<ul>\n<li class=\"prose max-w-none\" data-dynamic=\"description\">plastique r\u00e9sistant aux chocs<\/li>\n<li data-dynamic=\"description\">imperm\u00e9able<\/li>\n<li class=\"prose max-w-none\" data-dynamic=\"description\">pour afficher les substitutions<\/li>\n<li class=\"prose max-w-none\" data-dynamic=\"description\">avec chiffres de 0 \u00e0 99 en rouge et jaune sur les deux c\u00f4t\u00e9s<\/li>\n<li class=\"prose max-w-none\" data-dynamic=\"description\">Hauteur des chiffres: 26 cm<\/li>\n<li class=\"prose max-w-none\" data-dynamic=\"description\">les plaques de couleur individuelles sont fix\u00e9es avec des charni\u00e8res et peuvent \u00eatre rabattues<\/li>\n<li data-dynamic=\"description\"><span style=\"font-size: 16px;\">Dimensions: 84 x 40 x 2 cm (L x H x P)<\/span><\/li>\n<\/ul>\n","protected":false},"featured_media":13751,"template":"","meta":{"_crdt_document":"","_uag_custom_page_level_css":"","site-sidebar-layout":"default","site-content-layout":"default","ast-site-content-layout":"default","site-content-style":"default","site-sidebar-style":"default","ast-global-header-display":"","ast-banner-title-visibility":"","ast-main-header-display":"","ast-hfb-above-header-display":"","ast-hfb-below-header-display":"","ast-hfb-mobile-header-display":"","site-post-title":"","ast-breadcrumbs-content":"","ast-featured-img":"","footer-sml-layout":"","ast-disable-related-posts":"","theme-transparent-header-meta":"default","adv-header-id-meta":"","stick-header-meta":"default","header-above-stick-meta":"","header-main-stick-meta":"","header-below-stick-meta":"","astra-migrate-meta-layouts":"set","ast-page-background-enabled":"default","ast-page-background-meta":{"desktop":{"background-color":"","background-image":"","background-repeat":"repeat","background-position":"center center","background-size":"auto","background-attachment":"scroll","background-type":"","background-media":"","overlay-type":"","overlay-color":"","overlay-opacity":"","overlay-gradient":""},"tablet":{"background-color":"","background-image":"","background-repeat":"repeat","background-position":"center center","background-size":"auto","background-attachment":"scroll","background-type":"","background-media":"","overlay-type":"","overlay-color":"","overlay-opacity":"","overlay-gradient":""},"mobile":{"background-color":"","background-image":"","background-repeat":"repeat","background-position":"center center","background-size":"auto","background-attachment":"scroll","background-type":"","background-media":"","overlay-type":"","overlay-color":"","overlay-opacity":"","overlay-gradient":""}},"ast-content-background-meta":{"desktop":{"background-color":"var(--ast-global-color-5)","background-image":"","background-repeat":"repeat","background-position":"center center","background-size":"auto","background-attachment":"scroll","background-type":"","background-media":"","overlay-type":"","overlay-color":"","overlay-opacity":"","overlay-gradient":""},"tablet":{"background-color":"var(--ast-global-color-5)","background-image":"","background-repeat":"repeat","background-position":"center center","background-size":"auto","background-attachment":"scroll","background-type":"","background-media":"","overlay-type":"","overlay-color":"","overlay-opacity":"","overlay-gradient":""},"mobile":{"background-color":"var(--ast-global-color-5)","background-image":"","background-repeat":"repeat","background-position":"center center","background-size":"auto","background-attachment":"scroll","background-type":"","background-media":"","overlay-type":"","overlay-color":"","overlay-opacity":"","overlay-gradient":""}}},"product_brand":[],"product_cat":[932,1355,1731],"product_tag":[1267],"class_list":{"0":"post-13743","1":"product","2":"type-product","3":"status-publish","4":"has-post-thumbnail","6":"product_cat-football","7":"product_cat-arbitres-juges-de-lignes","8":"product_cat-panneaux-de-substitution","9":"product_tag-quickplay-fr","10":"product_shipping_class-defaut","11":"pa_ausfuehrung-recto-verso","12":"desktop-align-center","13":"tablet-align-center","14":"mobile-align-center","15":"ast-product-gallery-layout-horizontal","16":"ast-product-tabs-layout-horizontal","18":"first","19":"onbackorder","20":"taxable","21":"shipping-taxable","22":"purchasable","23":"product-type-simple"},"uagb_featured_image_src":{"full":["https:\/\/ruckstuhlsport.ch\/wp-content\/uploads\/auswechseltafel-mechanisch-Twin2.jpg",800,324,false],"thumbnail":["https:\/\/ruckstuhlsport.ch\/wp-content\/uploads\/auswechseltafel-mechanisch-Twin2-150x150.jpg",150,150,true],"medium":["https:\/\/ruckstuhlsport.ch\/wp-content\/uploads\/auswechseltafel-mechanisch-Twin2-300x122.jpg",300,122,true],"medium_large":["https:\/\/ruckstuhlsport.ch\/wp-content\/uploads\/auswechseltafel-mechanisch-Twin2-768x311.jpg",768,311,true],"large":["https:\/\/ruckstuhlsport.ch\/wp-content\/uploads\/auswechseltafel-mechanisch-Twin2.jpg",800,324,false],"1536x1536":["https:\/\/ruckstuhlsport.ch\/wp-content\/uploads\/auswechseltafel-mechanisch-Twin2.jpg",800,324,false],"2048x2048":["https:\/\/ruckstuhlsport.ch\/wp-content\/uploads\/auswechseltafel-mechanisch-Twin2.jpg",800,324,false],"woocommerce_thumbnail":["https:\/\/ruckstuhlsport.ch\/wp-content\/uploads\/auswechseltafel-mechanisch-Twin2-300x122.jpg",300,122,true],"woocommerce_single":["https:\/\/ruckstuhlsport.ch\/wp-content\/uploads\/auswechseltafel-mechanisch-Twin2-600x243.jpg",600,243,true],"woocommerce_gallery_thumbnail":["https:\/\/ruckstuhlsport.ch\/wp-content\/uploads\/auswechseltafel-mechanisch-Twin2-100x100.jpg",100,100,true],"wc_order_status_icon":["https:\/\/ruckstuhlsport.ch\/wp-content\/uploads\/auswechseltafel-mechanisch-Twin2.jpg",32,13,false],"dgwt-wcas-product-suggestion":["https:\/\/ruckstuhlsport.ch\/wp-content\/uploads\/auswechseltafel-mechanisch-Twin2-64x26.jpg",64,26,true]},"uagb_author_info":{"display_name":"admin","author_link":"https:\/\/ruckstuhlsport.ch\/fr\/author\/"},"uagb_comment_info":0,"uagb_excerpt":"plastique r\u00e9sistant aux chocs imperm\u00e9able pour afficher les substitutions avec chiffres de 0 \u00e0 99 en rouge et jaune sur les deux c\u00f4t\u00e9s Hauteur des chiffres: 26 cm les plaques de couleur individuelles sont fix\u00e9es avec des charni\u00e8res et peuvent \u00eatre rabattues Dimensions: 84 x 40 x 2 cm (L x H x P)","_links":{"self":[{"href":"https:\/\/ruckstuhlsport.ch\/fr\/wp-json\/wp\/v2\/product\/13743","targetHints":{"allow":["GET"]}}],"collection":[{"href":"https:\/\/ruckstuhlsport.ch\/fr\/wp-json\/wp\/v2\/product"}],"about":[{"href":"https:\/\/ruckstuhlsport.ch\/fr\/wp-json\/wp\/v2\/types\/product"}],"wp:featuredmedia":[{"embeddable":true,"href":"https:\/\/ruckstuhlsport.ch\/fr\/wp-json\/wp\/v2\/media\/13751"}],"wp:attachment":[{"href":"https:\/\/ruckstuhlsport.ch\/fr\/wp-json\/wp\/v2\/media?parent=13743"}],"wp:term":[{"taxonomy":"product_brand","embeddable":true,"href":"https:\/\/ruckstuhlsport.ch\/fr\/wp-json\/wp\/v2\/product_brand?post=13743"},{"taxonomy":"product_cat","embeddable":true,"href":"https:\/\/ruckstuhlsport.ch\/fr\/wp-json\/wp\/v2\/product_cat?post=13743"},{"taxonomy":"product_tag","embeddable":true,"href":"https:\/\/ruckstuhlsport.ch\/fr\/wp-json\/wp\/v2\/product_tag?post=13743"}],"curies":[{"name":"wp","href":"https:\/\/api.w.org\/{rel}","templated":true}]}}