{"id":13883,"date":"2021-10-01T11:34:27","date_gmt":"2021-10-01T09:34:27","guid":{"rendered":"https:\/\/ruckstuhlsport.ch\/?post_type=product&#038;p=13883"},"modified":"2025-09-19T09:00:28","modified_gmt":"2025-09-19T07:00:28","slug":"kit-entrainement-professional-gazon-synthetique","status":"publish","type":"product","link":"https:\/\/ruckstuhlsport.ch\/fr\/football\/kit-entrainement-professional-gazon-synthetique\/","title":{"rendered":"Kit d&rsquo;entra\u00eenement Professional pour gazon synth\u00e9tique"},"content":{"rendered":"","protected":false},"excerpt":{"rendered":"<p>Ce kit d&rsquo;entra\u00eenement a \u00e9t\u00e9 con\u00e7u pour l&rsquo;entra\u00eenement sur gazon synth\u00e9tique et contient les produits suivants:<\/p>\n<ul>\n<li>10x C\u00f4ne de marquage 50cm, rot<\/li>\n<li>5x Jalon de marquage, 100cm, jaune fluo<\/li>\n<li>1x Echelle de rythme 4m<\/li>\n<li>5x Cerceau \u00f8 60 cm, jaune<\/li>\n<li>5x Cerceau \u00f8 60 cm, rouge<\/li>\n<li>10x Piquet de slalom t\u00e9l\u00e9scopique, jaune<\/li>\n<li>10x Embase pour piquets de slalom<\/li>\n<li>6x Haie d\u2019entra\u00eenement Soft Junior, 20 cm<\/li>\n<li>1x Plots de marquage, kit de 50 pi\u00e8ces (<span class=\"ivpa_term ivpa_active ivpa_clicked ivpa_instock ivpa_hover\" data-term=\"15x-gelb-und-orange-10x-blau-und-weiss\">15x jaune et orange \/ 10x bleu et blanc<\/span>)<\/li>\n<li>1x Disque de marquage \u00f8 20cm, kit de 24 pi\u00e8ces, jaune \/ rouge<\/li>\n<\/ul>\n<p>De plus, \u00e0 l&rsquo;achat d&rsquo;un kit professionnel,<strong>vous recevez 10 gourdes gratuites !<\/strong><\/p>\n","protected":false},"featured_media":13888,"template":"","meta":{"_crdt_document":"","_uag_custom_page_level_css":"","site-sidebar-layout":"default","site-content-layout":"default","ast-site-content-layout":"default","site-content-style":"default","site-sidebar-style":"default","ast-global-header-display":"","ast-banner-title-visibility":"","ast-main-header-display":"","ast-hfb-above-header-display":"","ast-hfb-below-header-display":"","ast-hfb-mobile-header-display":"","site-post-title":"","ast-breadcrumbs-content":"","ast-featured-img":"","footer-sml-layout":"","ast-disable-related-posts":"","theme-transparent-header-meta":"default","adv-header-id-meta":"","stick-header-meta":"default","header-above-stick-meta":"","header-main-stick-meta":"","header-below-stick-meta":"","astra-migrate-meta-layouts":"default","ast-page-background-enabled":"default","ast-page-background-meta":{"desktop":{"background-color":"","background-image":"","background-repeat":"repeat","background-position":"center center","background-size":"auto","background-attachment":"scroll","background-type":"","background-media":"","overlay-type":"","overlay-color":"","overlay-opacity":"","overlay-gradient":""},"tablet":{"background-color":"","background-image":"","background-repeat":"repeat","background-position":"center center","background-size":"auto","background-attachment":"scroll","background-type":"","background-media":"","overlay-type":"","overlay-color":"","overlay-opacity":"","overlay-gradient":""},"mobile":{"background-color":"","background-image":"","background-repeat":"repeat","background-position":"center center","background-size":"auto","background-attachment":"scroll","background-type":"","background-media":"","overlay-type":"","overlay-color":"","overlay-opacity":"","overlay-gradient":""}},"ast-content-background-meta":{"desktop":{"background-color":"var(--ast-global-color-5)","background-image":"","background-repeat":"repeat","background-position":"center center","background-size":"auto","background-attachment":"scroll","background-type":"","background-media":"","overlay-type":"","overlay-color":"","overlay-opacity":"","overlay-gradient":""},"tablet":{"background-color":"var(--ast-global-color-5)","background-image":"","background-repeat":"repeat","background-position":"center center","background-size":"auto","background-attachment":"scroll","background-type":"","background-media":"","overlay-type":"","overlay-color":"","overlay-opacity":"","overlay-gradient":""},"mobile":{"background-color":"var(--ast-global-color-5)","background-image":"","background-repeat":"repeat","background-position":"center center","background-size":"auto","background-attachment":"scroll","background-type":"","background-media":"","overlay-type":"","overlay-color":"","overlay-opacity":"","overlay-gradient":""}}},"product_brand":[],"product_cat":[932,933,1797],"product_tag":[1267],"class_list":{"0":"post-13883","1":"product","2":"type-product","3":"status-publish","4":"has-post-thumbnail","6":"product_cat-football","7":"product_cat-materiel-dentrainement-de-football","8":"product_cat-kits-dentrainement","9":"product_tag-quickplay-fr","10":"product_shipping_class-marchandise-volumineuse","11":"desktop-align-center","12":"tablet-align-center","13":"mobile-align-center","14":"ast-product-gallery-layout-horizontal","15":"ast-product-gallery-with-no-image","16":"ast-product-single-variable","17":"ast-product-tabs-layout-horizontal","19":"first","20":"onbackorder","21":"sale","22":"taxable","23":"shipping-taxable","24":"purchasable","25":"product-type-variable"},"uagb_featured_image_src":{"full":["https:\/\/ruckstuhlsport.ch\/wp-content\/uploads\/trainingsset-professional-kunstrasen.jpg",1000,1000,false],"thumbnail":["https:\/\/ruckstuhlsport.ch\/wp-content\/uploads\/trainingsset-professional-kunstrasen-150x150.jpg",150,150,true],"medium":["https:\/\/ruckstuhlsport.ch\/wp-content\/uploads\/trainingsset-professional-kunstrasen-300x300.jpg",300,300,true],"medium_large":["https:\/\/ruckstuhlsport.ch\/wp-content\/uploads\/trainingsset-professional-kunstrasen-768x768.jpg",768,768,true],"large":["https:\/\/ruckstuhlsport.ch\/wp-content\/uploads\/trainingsset-professional-kunstrasen.jpg",1000,1000,false],"1536x1536":["https:\/\/ruckstuhlsport.ch\/wp-content\/uploads\/trainingsset-professional-kunstrasen.jpg",1000,1000,false],"2048x2048":["https:\/\/ruckstuhlsport.ch\/wp-content\/uploads\/trainingsset-professional-kunstrasen.jpg",1000,1000,false],"woocommerce_thumbnail":["https:\/\/ruckstuhlsport.ch\/wp-content\/uploads\/trainingsset-professional-kunstrasen-300x300.jpg",300,300,true],"woocommerce_single":["https:\/\/ruckstuhlsport.ch\/wp-content\/uploads\/trainingsset-professional-kunstrasen-600x600.jpg",600,600,true],"woocommerce_gallery_thumbnail":["https:\/\/ruckstuhlsport.ch\/wp-content\/uploads\/trainingsset-professional-kunstrasen-100x100.jpg",100,100,true],"wc_order_status_icon":["https:\/\/ruckstuhlsport.ch\/wp-content\/uploads\/trainingsset-professional-kunstrasen.jpg",32,32,false],"dgwt-wcas-product-suggestion":["https:\/\/ruckstuhlsport.ch\/wp-content\/uploads\/trainingsset-professional-kunstrasen-64x64.jpg",64,64,true]},"uagb_author_info":{"display_name":"admin","author_link":"https:\/\/ruckstuhlsport.ch\/fr\/author\/"},"uagb_comment_info":0,"uagb_excerpt":"Ce kit d'entra\u00eenement a \u00e9t\u00e9 con\u00e7u pour l'entra\u00eenement sur gazon synth\u00e9tique et contient les produits suivants: 10x C\u00f4ne de marquage 50cm, rot 5x Jalon de marquage, 100cm, jaune fluo 1x Echelle de rythme 4m 5x Cerceau \u00f8 60 cm, jaune 5x Cerceau \u00f8 60 cm, rouge 10x Piquet de slalom t\u00e9l\u00e9scopique, jaune 10x Embase pour\u2026","_links":{"self":[{"href":"https:\/\/ruckstuhlsport.ch\/fr\/wp-json\/wp\/v2\/product\/13883","targetHints":{"allow":["GET"]}}],"collection":[{"href":"https:\/\/ruckstuhlsport.ch\/fr\/wp-json\/wp\/v2\/product"}],"about":[{"href":"https:\/\/ruckstuhlsport.ch\/fr\/wp-json\/wp\/v2\/types\/product"}],"wp:featuredmedia":[{"embeddable":true,"href":"https:\/\/ruckstuhlsport.ch\/fr\/wp-json\/wp\/v2\/media\/13888"}],"wp:attachment":[{"href":"https:\/\/ruckstuhlsport.ch\/fr\/wp-json\/wp\/v2\/media?parent=13883"}],"wp:term":[{"taxonomy":"product_brand","embeddable":true,"href":"https:\/\/ruckstuhlsport.ch\/fr\/wp-json\/wp\/v2\/product_brand?post=13883"},{"taxonomy":"product_cat","embeddable":true,"href":"https:\/\/ruckstuhlsport.ch\/fr\/wp-json\/wp\/v2\/product_cat?post=13883"},{"taxonomy":"product_tag","embeddable":true,"href":"https:\/\/ruckstuhlsport.ch\/fr\/wp-json\/wp\/v2\/product_tag?post=13883"}],"curies":[{"name":"wp","href":"https:\/\/api.w.org\/{rel}","templated":true}]}}