{"id":13904,"date":"2021-10-01T12:06:02","date_gmt":"2021-10-01T10:06:02","guid":{"rendered":"https:\/\/ruckstuhlsport.ch\/?post_type=product&#038;p=13904"},"modified":"2025-09-19T09:02:46","modified_gmt":"2025-09-19T07:02:46","slug":"piquet-slalom-gazon-synthetique","status":"publish","type":"product","link":"https:\/\/ruckstuhlsport.ch\/fr\/materiel-dentrainement\/entrainement-a-la-course\/piquets-de-slalom\/piquet-slalom-gazon-synthetique\/","title":{"rendered":"Piquets de slalom t\u00e9l\u00e9scopique, gazon synth\u00e9tique"},"content":{"rendered":"<h3><strong>M\u00e9thode de formation innovante<\/strong><\/h3>\n<p>D\u00e9couvrez la derni\u00e8re innovation en mati\u00e8re d&rsquo;entra\u00eenement sportif : la barre de slalom t\u00e9lescopique pour gazon synth\u00e9tique. Con\u00e7u pour r\u00e9pondre aux besoins exigeants des athl\u00e8tes modernes, cet \u00e9quipement de pointe offre une solution flexible pour am\u00e9liorer l&rsquo;agilit\u00e9, la vitesse et la pr\u00e9cision. Gr\u00e2ce \u00e0 sa conception t\u00e9lescopique unique, elle s&rsquo;adapte facilement \u00e0 diff\u00e9rents entra\u00eenements, ce qui en fait l&rsquo;outil id\u00e9al pour les joueurs de tous \u00e2ges et de tous niveaux d&rsquo;aptitude.  <\/p>\n<h3><strong>Durabilit\u00e9 maximale et facilit\u00e9 d&rsquo;utilisation<\/strong><\/h3>\n<p>Fabriqu\u00e9e dans un mat\u00e9riau robuste et r\u00e9sistant aux intemp\u00e9ries, la perche de slalom t\u00e9lescopique promet long\u00e9vit\u00e9 et fiabilit\u00e9 sur n&rsquo;importe quelle pelouse artificielle. Sa conception l\u00e9g\u00e8re permet un transport sans effort et un montage rapide, ce qui vous permet de passer plus de temps \u00e0 vous entra\u00eener et moins de temps \u00e0 vous pr\u00e9parer. Les pieds vendus s\u00e9par\u00e9ment garantissent en outre une bonne stabilit\u00e9.  <\/p>\n<h3><strong>Augmentez vos performances<\/strong><\/h3>\n<p>L&rsquo;utilisation de notre barre de slalom t\u00e9lescopique aiguise la rapidit\u00e9 mentale et la prise de d\u00e9cision sur le terrain. Perfectionnez vos capacit\u00e9s de dribble, am\u00e9liorez votre jeu de jambes et augmentez votre vitesse de jeu globale en un temps record. <\/p>\n","protected":false},"excerpt":{"rendered":"<ul>\n<li>1x \u00f8 30mm piquets avec bouton clic et 1x \u00f8 25mm piquet avec bouton clic<\/li>\n<li>longueur totale assembl\u00e9e 1550mm<\/li>\n<li>compatible avec l&rsquo;<a href=\"https:\/\/ruckstuhlsport.ch\/fr\/materiel-dentrainement\/entrainement-a-la-course\/piquets-de-slalom\/embase-piquets-slalom\/\">embase pour piquets de slalom<\/a> (non-compris)<\/li>\n<\/ul>\n","protected":false},"featured_media":15353,"template":"","meta":{"_crdt_document":"","_uag_custom_page_level_css":"","site-sidebar-layout":"default","site-content-layout":"default","ast-site-content-layout":"default","site-content-style":"default","site-sidebar-style":"default","ast-global-header-display":"","ast-banner-title-visibility":"","ast-main-header-display":"","ast-hfb-above-header-display":"","ast-hfb-below-header-display":"","ast-hfb-mobile-header-display":"","site-post-title":"","ast-breadcrumbs-content":"","ast-featured-img":"","footer-sml-layout":"","ast-disable-related-posts":"","theme-transparent-header-meta":"default","adv-header-id-meta":"","stick-header-meta":"default","header-above-stick-meta":"","header-main-stick-meta":"","header-below-stick-meta":"","astra-migrate-meta-layouts":"default","ast-page-background-enabled":"default","ast-page-background-meta":{"desktop":{"background-color":"","background-image":"","background-repeat":"repeat","background-position":"center center","background-size":"auto","background-attachment":"scroll","background-type":"","background-media":"","overlay-type":"","overlay-color":"","overlay-opacity":"","overlay-gradient":""},"tablet":{"background-color":"","background-image":"","background-repeat":"repeat","background-position":"center center","background-size":"auto","background-attachment":"scroll","background-type":"","background-media":"","overlay-type":"","overlay-color":"","overlay-opacity":"","overlay-gradient":""},"mobile":{"background-color":"","background-image":"","background-repeat":"repeat","background-position":"center center","background-size":"auto","background-attachment":"scroll","background-type":"","background-media":"","overlay-type":"","overlay-color":"","overlay-opacity":"","overlay-gradient":""}},"ast-content-background-meta":{"desktop":{"background-color":"var(--ast-global-color-5)","background-image":"","background-repeat":"repeat","background-position":"center center","background-size":"auto","background-attachment":"scroll","background-type":"","background-media":"","overlay-type":"","overlay-color":"","overlay-opacity":"","overlay-gradient":""},"tablet":{"background-color":"var(--ast-global-color-5)","background-image":"","background-repeat":"repeat","background-position":"center center","background-size":"auto","background-attachment":"scroll","background-type":"","background-media":"","overlay-type":"","overlay-color":"","overlay-opacity":"","overlay-gradient":""},"mobile":{"background-color":"var(--ast-global-color-5)","background-image":"","background-repeat":"repeat","background-position":"center center","background-size":"auto","background-attachment":"scroll","background-type":"","background-media":"","overlay-type":"","overlay-color":"","overlay-opacity":"","overlay-gradient":""}}},"product_brand":[],"product_cat":[944,932,933,937,939,938,940,941,942,943,934,935,936],"product_tag":[],"class_list":{"0":"post-13904","1":"product","2":"type-product","3":"status-publish","4":"has-post-thumbnail","6":"product_cat-piquets-de-slalom","7":"product_cat-football","8":"product_cat-materiel-dentrainement-de-football","9":"product_cat-entrainement-de-course","10":"product_cat-foot-piquets-de-slalom","11":"product_cat-handball","12":"product_cat-entrainement-de-handball","13":"product_cat-entrainement-de-course-handball","14":"product_cat-materiel-dentrainement","15":"product_cat-entrainement-a-la-course","16":"product_cat-tennis","17":"product_cat-materiel-dentrainement-tennis","18":"product_cat-coordination","19":"product_shipping_class-marchandise-volumineuse","20":"pa_durchmesser-25-mm-fr","21":"pa_durchmesser-30-mm-fr","22":"pa_farbe-blanc","23":"pa_farbe-bleu","24":"pa_farbe-jaune","25":"pa_farbe-orange-fluo","26":"pa_farbe-rouge","27":"pa_hoehe-155-cm-telescopique","28":"pa_kippgelenk-non","29":"desktop-align-center","30":"tablet-align-center","31":"mobile-align-center","32":"ast-product-gallery-layout-horizontal","33":"ast-product-single-variable","34":"ast-product-tabs-layout-horizontal","36":"first","37":"onbackorder","38":"taxable","39":"shipping-taxable","40":"purchasable","41":"product-type-variable"},"uagb_featured_image_src":{"full":["https:\/\/ruckstuhlsport.ch\/wp-content\/uploads\/slalomstange-teleskop-gelb-mit-standfuss-schwarz.jpg",1000,1000,false],"thumbnail":["https:\/\/ruckstuhlsport.ch\/wp-content\/uploads\/slalomstange-teleskop-gelb-mit-standfuss-schwarz-150x150.jpg",150,150,true],"medium":["https:\/\/ruckstuhlsport.ch\/wp-content\/uploads\/slalomstange-teleskop-gelb-mit-standfuss-schwarz-300x300.jpg",300,300,true],"medium_large":["https:\/\/ruckstuhlsport.ch\/wp-content\/uploads\/slalomstange-teleskop-gelb-mit-standfuss-schwarz-768x768.jpg",768,768,true],"large":["https:\/\/ruckstuhlsport.ch\/wp-content\/uploads\/slalomstange-teleskop-gelb-mit-standfuss-schwarz.jpg",1000,1000,false],"1536x1536":["https:\/\/ruckstuhlsport.ch\/wp-content\/uploads\/slalomstange-teleskop-gelb-mit-standfuss-schwarz.jpg",1000,1000,false],"2048x2048":["https:\/\/ruckstuhlsport.ch\/wp-content\/uploads\/slalomstange-teleskop-gelb-mit-standfuss-schwarz.jpg",1000,1000,false],"woocommerce_thumbnail":["https:\/\/ruckstuhlsport.ch\/wp-content\/uploads\/slalomstange-teleskop-gelb-mit-standfuss-schwarz-300x300.jpg",300,300,true],"woocommerce_single":["https:\/\/ruckstuhlsport.ch\/wp-content\/uploads\/slalomstange-teleskop-gelb-mit-standfuss-schwarz-600x600.jpg",600,600,true],"woocommerce_gallery_thumbnail":["https:\/\/ruckstuhlsport.ch\/wp-content\/uploads\/slalomstange-teleskop-gelb-mit-standfuss-schwarz-100x100.jpg",100,100,true],"wc_order_status_icon":["https:\/\/ruckstuhlsport.ch\/wp-content\/uploads\/slalomstange-teleskop-gelb-mit-standfuss-schwarz.jpg",32,32,false],"dgwt-wcas-product-suggestion":["https:\/\/ruckstuhlsport.ch\/wp-content\/uploads\/slalomstange-teleskop-gelb-mit-standfuss-schwarz-64x64.jpg",64,64,true]},"uagb_author_info":{"display_name":"admin","author_link":"https:\/\/ruckstuhlsport.ch\/fr\/author\/"},"uagb_comment_info":0,"uagb_excerpt":"1x \u00f8 30mm piquets avec bouton clic et 1x \u00f8 25mm piquet avec bouton clic longueur totale assembl\u00e9e 1550mm compatible avec l'embase pour piquets de slalom (non-compris)","_links":{"self":[{"href":"https:\/\/ruckstuhlsport.ch\/fr\/wp-json\/wp\/v2\/product\/13904","targetHints":{"allow":["GET"]}}],"collection":[{"href":"https:\/\/ruckstuhlsport.ch\/fr\/wp-json\/wp\/v2\/product"}],"about":[{"href":"https:\/\/ruckstuhlsport.ch\/fr\/wp-json\/wp\/v2\/types\/product"}],"wp:featuredmedia":[{"embeddable":true,"href":"https:\/\/ruckstuhlsport.ch\/fr\/wp-json\/wp\/v2\/media\/15353"}],"wp:attachment":[{"href":"https:\/\/ruckstuhlsport.ch\/fr\/wp-json\/wp\/v2\/media?parent=13904"}],"wp:term":[{"taxonomy":"product_brand","embeddable":true,"href":"https:\/\/ruckstuhlsport.ch\/fr\/wp-json\/wp\/v2\/product_brand?post=13904"},{"taxonomy":"product_cat","embeddable":true,"href":"https:\/\/ruckstuhlsport.ch\/fr\/wp-json\/wp\/v2\/product_cat?post=13904"},{"taxonomy":"product_tag","embeddable":true,"href":"https:\/\/ruckstuhlsport.ch\/fr\/wp-json\/wp\/v2\/product_tag?post=13904"}],"curies":[{"name":"wp","href":"https:\/\/api.w.org\/{rel}","templated":true}]}}