{"id":15078,"date":"2021-11-04T14:53:13","date_gmt":"2021-11-04T13:53:13","guid":{"rendered":"https:\/\/ruckstuhlsport.ch\/?post_type=product&#038;p=15078"},"modified":"2025-09-19T09:02:58","modified_gmt":"2025-09-19T07:02:58","slug":"filet-de-but-foot-750-250-200-200cm-mailles-serrees","status":"publish","type":"product","link":"https:\/\/ruckstuhlsport.ch\/fr\/football\/equipement-terrain-foot\/filets-de-but\/filets-buts-football-adulte\/filet-de-but-foot-750-250-200-200cm-mailles-serrees\/","title":{"rendered":"Filet de but de football 5.15 x 2.05 m, 0.80\/1.50 m &#8211; mailles serr\u00e9es"},"content":{"rendered":"","protected":false},"excerpt":{"rendered":"<ul>\n<li>Dimensions: 7.50 x 2.50 m (L x H)<\/li>\n<li>Profondeur en haut: 2.00 m<\/li>\n<li>Profondeur en bas: 2.00 m<\/li>\n<li>Mat\u00e9riau : polypropyl\u00e8ne (PP)<\/li>\n<li>\u00c9paisseur du mat\u00e9riau : environ 4 mm<\/li>\n<li>Qualit\u00e9: sans n\u0153uds<\/li>\n<li>Mailles: 50 mm (mailles serr\u00e9es)<\/li>\n<li>Forme de mailles: carr\u00e9<\/li>\n<li>Couleurs: vert, blanc, bleu, rouge, jaune, noir<\/li>\n<li>avec bords renforc\u00e9s et une corde de tension \u00f8 6 mm int\u00e9gr\u00e9 dans le toit<\/li>\n<\/ul>\n","protected":false},"featured_media":15339,"template":"","meta":{"_crdt_document":"","_uag_custom_page_level_css":"","site-sidebar-layout":"default","site-content-layout":"default","ast-site-content-layout":"default","site-content-style":"default","site-sidebar-style":"default","ast-global-header-display":"","ast-banner-title-visibility":"","ast-main-header-display":"","ast-hfb-above-header-display":"","ast-hfb-below-header-display":"","ast-hfb-mobile-header-display":"","site-post-title":"","ast-breadcrumbs-content":"","ast-featured-img":"","footer-sml-layout":"","ast-disable-related-posts":"","theme-transparent-header-meta":"default","adv-header-id-meta":"","stick-header-meta":"default","header-above-stick-meta":"","header-main-stick-meta":"","header-below-stick-meta":"","astra-migrate-meta-layouts":"default","ast-page-background-enabled":"default","ast-page-background-meta":{"desktop":{"background-color":"","background-image":"","background-repeat":"repeat","background-position":"center center","background-size":"auto","background-attachment":"scroll","background-type":"","background-media":"","overlay-type":"","overlay-color":"","overlay-opacity":"","overlay-gradient":""},"tablet":{"background-color":"","background-image":"","background-repeat":"repeat","background-position":"center center","background-size":"auto","background-attachment":"scroll","background-type":"","background-media":"","overlay-type":"","overlay-color":"","overlay-opacity":"","overlay-gradient":""},"mobile":{"background-color":"","background-image":"","background-repeat":"repeat","background-position":"center center","background-size":"auto","background-attachment":"scroll","background-type":"","background-media":"","overlay-type":"","overlay-color":"","overlay-opacity":"","overlay-gradient":""}},"ast-content-background-meta":{"desktop":{"background-color":"var(--ast-global-color-5)","background-image":"","background-repeat":"repeat","background-position":"center center","background-size":"auto","background-attachment":"scroll","background-type":"","background-media":"","overlay-type":"","overlay-color":"","overlay-opacity":"","overlay-gradient":""},"tablet":{"background-color":"var(--ast-global-color-5)","background-image":"","background-repeat":"repeat","background-position":"center center","background-size":"auto","background-attachment":"scroll","background-type":"","background-media":"","overlay-type":"","overlay-color":"","overlay-opacity":"","overlay-gradient":""},"mobile":{"background-color":"var(--ast-global-color-5)","background-image":"","background-repeat":"repeat","background-position":"center center","background-size":"auto","background-attachment":"scroll","background-type":"","background-media":"","overlay-type":"","overlay-color":"","overlay-opacity":"","overlay-gradient":""}}},"product_brand":[],"product_cat":[1001,932,989,990],"product_tag":[],"class_list":{"0":"post-15078","1":"product","2":"type-product","3":"status-publish","4":"has-post-thumbnail","6":"product_cat-filets-buts-football-adulte","7":"product_cat-football","8":"product_cat-equipement-terrain-foot","9":"product_cat-filets-de-but","10":"product_shipping_class-defaut","11":"pa_farbe-blanc","12":"pa_farbe-bleu","13":"pa_farbe-jaune","14":"pa_farbe-noir","15":"pa_farbe-rouge","16":"pa_farbe-vert","17":"pa_groesse-7-50-x-2-50-m-fr","18":"pa_maschenform-carre","19":"pa_maschenweite-50-mm-fr","20":"pa_material-polypropylene-pp","21":"pa_materialstaerke-4-0-mm-fr","22":"pa_qualitaet-sans-noeuds","23":"pa_tiefe-2-00-2-00-m-fr","24":"desktop-align-center","25":"tablet-align-center","26":"mobile-align-center","27":"ast-product-gallery-layout-horizontal","28":"ast-product-single-variable","29":"ast-product-tabs-layout-horizontal","31":"first","32":"onbackorder","33":"taxable","34":"shipping-taxable","35":"purchasable","36":"product-type-variable"},"uagb_featured_image_src":{"full":["https:\/\/ruckstuhlsport.ch\/wp-content\/uploads\/fussball-tornetz-750x250-200x200-einfarbig-schwarz-rechteckig-engmaschig-PP.jpg",1000,1000,false],"thumbnail":["https:\/\/ruckstuhlsport.ch\/wp-content\/uploads\/fussball-tornetz-750x250-200x200-einfarbig-schwarz-rechteckig-engmaschig-PP-150x150.jpg",150,150,true],"medium":["https:\/\/ruckstuhlsport.ch\/wp-content\/uploads\/fussball-tornetz-750x250-200x200-einfarbig-schwarz-rechteckig-engmaschig-PP-300x300.jpg",300,300,true],"medium_large":["https:\/\/ruckstuhlsport.ch\/wp-content\/uploads\/fussball-tornetz-750x250-200x200-einfarbig-schwarz-rechteckig-engmaschig-PP-768x768.jpg",768,768,true],"large":["https:\/\/ruckstuhlsport.ch\/wp-content\/uploads\/fussball-tornetz-750x250-200x200-einfarbig-schwarz-rechteckig-engmaschig-PP.jpg",1000,1000,false],"1536x1536":["https:\/\/ruckstuhlsport.ch\/wp-content\/uploads\/fussball-tornetz-750x250-200x200-einfarbig-schwarz-rechteckig-engmaschig-PP.jpg",1000,1000,false],"2048x2048":["https:\/\/ruckstuhlsport.ch\/wp-content\/uploads\/fussball-tornetz-750x250-200x200-einfarbig-schwarz-rechteckig-engmaschig-PP.jpg",1000,1000,false],"woocommerce_thumbnail":["https:\/\/ruckstuhlsport.ch\/wp-content\/uploads\/fussball-tornetz-750x250-200x200-einfarbig-schwarz-rechteckig-engmaschig-PP-300x300.jpg",300,300,true],"woocommerce_single":["https:\/\/ruckstuhlsport.ch\/wp-content\/uploads\/fussball-tornetz-750x250-200x200-einfarbig-schwarz-rechteckig-engmaschig-PP-600x600.jpg",600,600,true],"woocommerce_gallery_thumbnail":["https:\/\/ruckstuhlsport.ch\/wp-content\/uploads\/fussball-tornetz-750x250-200x200-einfarbig-schwarz-rechteckig-engmaschig-PP-100x100.jpg",100,100,true],"wc_order_status_icon":["https:\/\/ruckstuhlsport.ch\/wp-content\/uploads\/fussball-tornetz-750x250-200x200-einfarbig-schwarz-rechteckig-engmaschig-PP.jpg",32,32,false],"dgwt-wcas-product-suggestion":["https:\/\/ruckstuhlsport.ch\/wp-content\/uploads\/fussball-tornetz-750x250-200x200-einfarbig-schwarz-rechteckig-engmaschig-PP-64x64.jpg",64,64,true]},"uagb_author_info":{"display_name":"admin","author_link":"https:\/\/ruckstuhlsport.ch\/fr\/author\/"},"uagb_comment_info":0,"uagb_excerpt":"Dimensions: 7.50 x 2.50 m (L x H) Profondeur en haut: 2.00 m Profondeur en bas: 2.00 m Mat\u00e9riau : polypropyl\u00e8ne (PP) \u00c9paisseur du mat\u00e9riau : environ 4 mm Qualit\u00e9: sans n\u0153uds Mailles: 50 mm (mailles serr\u00e9es) Forme de mailles: carr\u00e9 Couleurs: vert, blanc, bleu, rouge, jaune, noir avec bords renforc\u00e9s et une corde de\u2026","_links":{"self":[{"href":"https:\/\/ruckstuhlsport.ch\/fr\/wp-json\/wp\/v2\/product\/15078","targetHints":{"allow":["GET"]}}],"collection":[{"href":"https:\/\/ruckstuhlsport.ch\/fr\/wp-json\/wp\/v2\/product"}],"about":[{"href":"https:\/\/ruckstuhlsport.ch\/fr\/wp-json\/wp\/v2\/types\/product"}],"wp:featuredmedia":[{"embeddable":true,"href":"https:\/\/ruckstuhlsport.ch\/fr\/wp-json\/wp\/v2\/media\/15339"}],"wp:attachment":[{"href":"https:\/\/ruckstuhlsport.ch\/fr\/wp-json\/wp\/v2\/media?parent=15078"}],"wp:term":[{"taxonomy":"product_brand","embeddable":true,"href":"https:\/\/ruckstuhlsport.ch\/fr\/wp-json\/wp\/v2\/product_brand?post=15078"},{"taxonomy":"product_cat","embeddable":true,"href":"https:\/\/ruckstuhlsport.ch\/fr\/wp-json\/wp\/v2\/product_cat?post=15078"},{"taxonomy":"product_tag","embeddable":true,"href":"https:\/\/ruckstuhlsport.ch\/fr\/wp-json\/wp\/v2\/product_tag?post=15078"}],"curies":[{"name":"wp","href":"https:\/\/api.w.org\/{rel}","templated":true}]}}