{"id":15611,"date":"2021-10-05T13:27:16","date_gmt":"2021-10-05T11:27:16","guid":{"rendered":"https:\/\/ruckstuhlsport.ch\/non class\u00e9\/harnais-dentrainement-en-resistance\/"},"modified":"2023-12-30T10:29:40","modified_gmt":"2023-12-30T09:29:40","slug":"harnais-resistance-standard","status":"publish","type":"product","link":"https:\/\/ruckstuhlsport.ch\/fr\/materiel-dentrainement\/harnais-dentrainement\/harnais-resistance-standard\/","title":{"rendered":"Harnais d&rsquo;entra\u00eenement en r\u00e9sistance"},"content":{"rendered":"","protected":false},"excerpt":{"rendered":"<ul>\n<li>Harnais d&rsquo;entra\u00eenement en r\u00e9sistance<\/li>\n<li>avec poign\u00e9e en caoutchouc<\/li>\n<\/ul>\n","protected":false},"featured_media":13957,"template":"","meta":{"_crdt_document":"","_uag_custom_page_level_css":"","site-sidebar-layout":"default","site-content-layout":"default","ast-site-content-layout":"default","site-content-style":"default","site-sidebar-style":"default","ast-global-header-display":"","ast-banner-title-visibility":"","ast-main-header-display":"","ast-hfb-above-header-display":"","ast-hfb-below-header-display":"","ast-hfb-mobile-header-display":"","site-post-title":"","ast-breadcrumbs-content":"","ast-featured-img":"","footer-sml-layout":"","ast-disable-related-posts":"","theme-transparent-header-meta":"default","adv-header-id-meta":"","stick-header-meta":"default","header-above-stick-meta":"","header-main-stick-meta":"","header-below-stick-meta":"","astra-migrate-meta-layouts":"default","ast-page-background-enabled":"default","ast-page-background-meta":{"desktop":{"background-color":"","background-image":"","background-repeat":"repeat","background-position":"center center","background-size":"auto","background-attachment":"scroll","background-type":"","background-media":"","overlay-type":"","overlay-color":"","overlay-opacity":"","overlay-gradient":""},"tablet":{"background-color":"","background-image":"","background-repeat":"repeat","background-position":"center center","background-size":"auto","background-attachment":"scroll","background-type":"","background-media":"","overlay-type":"","overlay-color":"","overlay-opacity":"","overlay-gradient":""},"mobile":{"background-color":"","background-image":"","background-repeat":"repeat","background-position":"center center","background-size":"auto","background-attachment":"scroll","background-type":"","background-media":"","overlay-type":"","overlay-color":"","overlay-opacity":"","overlay-gradient":""}},"ast-content-background-meta":{"desktop":{"background-color":"var(--ast-global-color-5)","background-image":"","background-repeat":"repeat","background-position":"center center","background-size":"auto","background-attachment":"scroll","background-type":"","background-media":"","overlay-type":"","overlay-color":"","overlay-opacity":"","overlay-gradient":""},"tablet":{"background-color":"var(--ast-global-color-5)","background-image":"","background-repeat":"repeat","background-position":"center center","background-size":"auto","background-attachment":"scroll","background-type":"","background-media":"","overlay-type":"","overlay-color":"","overlay-opacity":"","overlay-gradient":""},"mobile":{"background-color":"var(--ast-global-color-5)","background-image":"","background-repeat":"repeat","background-position":"center center","background-size":"auto","background-attachment":"scroll","background-type":"","background-media":"","overlay-type":"","overlay-color":"","overlay-opacity":"","overlay-gradient":""}}},"product_brand":[],"product_cat":[933,1789,942,1790,935,1788],"product_tag":[],"class_list":{"0":"post-15611","1":"product","2":"type-product","3":"status-publish","4":"has-post-thumbnail","6":"product_cat-materiel-dentrainement-de-football","7":"product_cat-harnais-dentrainement-foot","8":"product_cat-materiel-dentrainement","9":"product_cat-harnais-dentrainement","10":"product_cat-materiel-dentrainement-tennis","11":"product_cat-vitesse-force-endurance-fr-2","12":"product_shipping_class-marchandise-volumineuse","13":"desktop-align-center","14":"tablet-align-center","15":"mobile-align-center","16":"ast-product-gallery-layout-horizontal","17":"ast-product-gallery-with-no-image","18":"ast-product-tabs-layout-horizontal","20":"first","21":"onbackorder","22":"taxable","23":"shipping-taxable","24":"purchasable","25":"product-type-simple"},"uagb_featured_image_src":{"full":["https:\/\/ruckstuhlsport.ch\/wp-content\/uploads\/widerstand-trainingsgurt-standard-einsatz.jpg",959,440,false],"thumbnail":["https:\/\/ruckstuhlsport.ch\/wp-content\/uploads\/widerstand-trainingsgurt-standard-einsatz-150x150.jpg",150,150,true],"medium":["https:\/\/ruckstuhlsport.ch\/wp-content\/uploads\/widerstand-trainingsgurt-standard-einsatz-300x138.jpg",300,138,true],"medium_large":["https:\/\/ruckstuhlsport.ch\/wp-content\/uploads\/widerstand-trainingsgurt-standard-einsatz-768x352.jpg",768,352,true],"large":["https:\/\/ruckstuhlsport.ch\/wp-content\/uploads\/widerstand-trainingsgurt-standard-einsatz.jpg",959,440,false],"1536x1536":["https:\/\/ruckstuhlsport.ch\/wp-content\/uploads\/widerstand-trainingsgurt-standard-einsatz.jpg",959,440,false],"2048x2048":["https:\/\/ruckstuhlsport.ch\/wp-content\/uploads\/widerstand-trainingsgurt-standard-einsatz.jpg",959,440,false],"woocommerce_thumbnail":["https:\/\/ruckstuhlsport.ch\/wp-content\/uploads\/widerstand-trainingsgurt-standard-einsatz-300x138.jpg",300,138,true],"woocommerce_single":["https:\/\/ruckstuhlsport.ch\/wp-content\/uploads\/widerstand-trainingsgurt-standard-einsatz-600x275.jpg",600,275,true],"woocommerce_gallery_thumbnail":["https:\/\/ruckstuhlsport.ch\/wp-content\/uploads\/widerstand-trainingsgurt-standard-einsatz-100x100.jpg",100,100,true],"wc_order_status_icon":["https:\/\/ruckstuhlsport.ch\/wp-content\/uploads\/widerstand-trainingsgurt-standard-einsatz.jpg",32,15,false],"dgwt-wcas-product-suggestion":["https:\/\/ruckstuhlsport.ch\/wp-content\/uploads\/widerstand-trainingsgurt-standard-einsatz-64x29.jpg",64,29,true]},"uagb_author_info":{"display_name":"admin","author_link":"https:\/\/ruckstuhlsport.ch\/fr\/author\/"},"uagb_comment_info":0,"uagb_excerpt":"Harnais d'entra\u00eenement en r\u00e9sistance avec poign\u00e9e en caoutchouc","_links":{"self":[{"href":"https:\/\/ruckstuhlsport.ch\/fr\/wp-json\/wp\/v2\/product\/15611","targetHints":{"allow":["GET"]}}],"collection":[{"href":"https:\/\/ruckstuhlsport.ch\/fr\/wp-json\/wp\/v2\/product"}],"about":[{"href":"https:\/\/ruckstuhlsport.ch\/fr\/wp-json\/wp\/v2\/types\/product"}],"wp:featuredmedia":[{"embeddable":true,"href":"https:\/\/ruckstuhlsport.ch\/fr\/wp-json\/wp\/v2\/media\/13957"}],"wp:attachment":[{"href":"https:\/\/ruckstuhlsport.ch\/fr\/wp-json\/wp\/v2\/media?parent=15611"}],"wp:term":[{"taxonomy":"product_brand","embeddable":true,"href":"https:\/\/ruckstuhlsport.ch\/fr\/wp-json\/wp\/v2\/product_brand?post=15611"},{"taxonomy":"product_cat","embeddable":true,"href":"https:\/\/ruckstuhlsport.ch\/fr\/wp-json\/wp\/v2\/product_cat?post=15611"},{"taxonomy":"product_tag","embeddable":true,"href":"https:\/\/ruckstuhlsport.ch\/fr\/wp-json\/wp\/v2\/product_tag?post=15611"}],"curies":[{"name":"wp","href":"https:\/\/api.w.org\/{rel}","templated":true}]}}