{"id":15613,"date":"2021-11-09T16:40:54","date_gmt":"2022-02-28T14:51:57","guid":{"rendered":"https:\/\/ruckstuhlsport.ch\/non%20class\u00e9\/filet-de-but-de-football-5-15-x-2-05-m-1-00-1-00-m-mailles-serrees\/"},"modified":"2026-02-11T12:37:49","modified_gmt":"2026-02-11T11:37:49","slug":"filet-foot-515x205cm-100-100cm-mailles-serrees","status":"publish","type":"product","link":"https:\/\/ruckstuhlsport.ch\/fr\/football\/filet-foot-515x205cm-100-100cm-mailles-serrees\/","title":{"rendered":"Filet de but de football 5.15 x 2.05 m, 1.00\/1.00 m \u00e0 mailles serr\u00e9es"},"content":{"rendered":"","protected":false},"excerpt":{"rendered":"<ul>\n<li>Dimensions: 5.15 x 2.05 m (L x H)<\/li>\n<li>Profondeur en haut: 1.00 m<\/li>\n<li>Profondeur en bas: 1.00 m<\/li>\n<li>Mat\u00e9riau : polypropyl\u00e8ne (PP)<\/li>\n<li>\u00c9paisseur du mat\u00e9riau : environ 4 mm<\/li>\n<li>Qualit\u00e9: sans n\u0153uds<\/li>\n<li>Mailles: 50 mm, mailles serr\u00e9es<\/li>\n<li>Forme de mailles: hexagonales<\/li>\n<li>Motif: droit<\/li>\n<li>Couleur : bicolore<\/li>\n<li>avec bords renforc\u00e9s et une corde de tension \u00f8 6 mm int\u00e9gr\u00e9 dans le toit<\/li>\n<\/ul>\n","protected":false},"featured_media":0,"template":"","meta":{"_crdt_document":"","_uag_custom_page_level_css":"","site-sidebar-layout":"default","site-content-layout":"default","ast-site-content-layout":"default","site-content-style":"default","site-sidebar-style":"default","ast-global-header-display":"","ast-banner-title-visibility":"","ast-main-header-display":"","ast-hfb-above-header-display":"","ast-hfb-below-header-display":"","ast-hfb-mobile-header-display":"","site-post-title":"","ast-breadcrumbs-content":"","ast-featured-img":"","footer-sml-layout":"","ast-disable-related-posts":"","theme-transparent-header-meta":"default","adv-header-id-meta":"","stick-header-meta":"default","header-above-stick-meta":"","header-main-stick-meta":"","header-below-stick-meta":"","astra-migrate-meta-layouts":"default","ast-page-background-enabled":"default","ast-page-background-meta":{"desktop":{"background-color":"","background-image":"","background-repeat":"repeat","background-position":"center center","background-size":"auto","background-attachment":"scroll","background-type":"","background-media":"","overlay-type":"","overlay-color":"","overlay-opacity":"","overlay-gradient":""},"tablet":{"background-color":"","background-image":"","background-repeat":"repeat","background-position":"center center","background-size":"auto","background-attachment":"scroll","background-type":"","background-media":"","overlay-type":"","overlay-color":"","overlay-opacity":"","overlay-gradient":""},"mobile":{"background-color":"","background-image":"","background-repeat":"repeat","background-position":"center center","background-size":"auto","background-attachment":"scroll","background-type":"","background-media":"","overlay-type":"","overlay-color":"","overlay-opacity":"","overlay-gradient":""}},"ast-content-background-meta":{"desktop":{"background-color":"var(--ast-global-color-5)","background-image":"","background-repeat":"repeat","background-position":"center center","background-size":"auto","background-attachment":"scroll","background-type":"","background-media":"","overlay-type":"","overlay-color":"","overlay-opacity":"","overlay-gradient":""},"tablet":{"background-color":"var(--ast-global-color-5)","background-image":"","background-repeat":"repeat","background-position":"center center","background-size":"auto","background-attachment":"scroll","background-type":"","background-media":"","overlay-type":"","overlay-color":"","overlay-opacity":"","overlay-gradient":""},"mobile":{"background-color":"var(--ast-global-color-5)","background-image":"","background-repeat":"repeat","background-position":"center center","background-size":"auto","background-attachment":"scroll","background-type":"","background-media":"","overlay-type":"","overlay-color":"","overlay-opacity":"","overlay-gradient":""}}},"product_brand":[],"product_cat":[932,989,990,991],"product_tag":[1968],"class_list":{"0":"post-15613","1":"product","2":"type-product","3":"status-publish","5":"product_cat-football","6":"product_cat-equipement-terrain-foot","7":"product_cat-filets-de-but","8":"product_cat-filet-football-buts-juniors","9":"product_tag-filet-de-but-en-nid-dabeille","10":"product_shipping_class-defaut","11":"pa_farbe-bleu-blanc","12":"pa_farbe-bleu-jaune","13":"pa_farbe-bleu-rouge","14":"pa_farbe-jaune-noir","15":"pa_farbe-noir-blanc","16":"pa_farbe-rouge-blanc","17":"pa_farbe-rouge-noir","18":"pa_farbe-vert-blanc","19":"pa_groesse-7-50-x-2-50-m-fr","20":"pa_maschenform-hexagonales","21":"pa_maschenweite-50-mm-fr","22":"pa_material-polypropylene-pp","23":"pa_muster-droit","24":"pa_qualitaet-sans-noeuds","25":"pa_tiefe-1-00-1-00-m-fr","26":"desktop-align-center","27":"tablet-align-center","28":"mobile-align-center","29":"ast-product-gallery-layout-horizontal","30":"ast-product-single-variable","31":"ast-product-tabs-layout-horizontal","33":"first","34":"onbackorder","35":"taxable","36":"shipping-taxable","37":"purchasable","38":"product-type-variable"},"uagb_featured_image_src":{"full":false,"thumbnail":false,"medium":false,"medium_large":false,"large":false,"1536x1536":false,"2048x2048":false,"woocommerce_thumbnail":false,"woocommerce_single":false,"woocommerce_gallery_thumbnail":false,"wc_order_status_icon":false,"dgwt-wcas-product-suggestion":false},"uagb_author_info":{"display_name":"admin","author_link":"https:\/\/ruckstuhlsport.ch\/fr\/author\/"},"uagb_comment_info":0,"uagb_excerpt":"Dimensions: 5.15 x 2.05 m (L x H) Profondeur en haut: 1.00 m Profondeur en bas: 1.00 m Mat\u00e9riau : polypropyl\u00e8ne (PP) \u00c9paisseur du mat\u00e9riau : environ 4 mm Qualit\u00e9: sans n\u0153uds Mailles: 50 mm, mailles serr\u00e9es Forme de mailles: hexagonales Motif: droit Couleur : bicolore avec bords renforc\u00e9s et une corde de tension \u00f8\u2026","_links":{"self":[{"href":"https:\/\/ruckstuhlsport.ch\/fr\/wp-json\/wp\/v2\/product\/15613","targetHints":{"allow":["GET"]}}],"collection":[{"href":"https:\/\/ruckstuhlsport.ch\/fr\/wp-json\/wp\/v2\/product"}],"about":[{"href":"https:\/\/ruckstuhlsport.ch\/fr\/wp-json\/wp\/v2\/types\/product"}],"wp:attachment":[{"href":"https:\/\/ruckstuhlsport.ch\/fr\/wp-json\/wp\/v2\/media?parent=15613"}],"wp:term":[{"taxonomy":"product_brand","embeddable":true,"href":"https:\/\/ruckstuhlsport.ch\/fr\/wp-json\/wp\/v2\/product_brand?post=15613"},{"taxonomy":"product_cat","embeddable":true,"href":"https:\/\/ruckstuhlsport.ch\/fr\/wp-json\/wp\/v2\/product_cat?post=15613"},{"taxonomy":"product_tag","embeddable":true,"href":"https:\/\/ruckstuhlsport.ch\/fr\/wp-json\/wp\/v2\/product_tag?post=15613"}],"curies":[{"name":"wp","href":"https:\/\/api.w.org\/{rel}","templated":true}]}}