{"id":15629,"date":"2019-11-04T12:54:57","date_gmt":"2019-11-04T12:54:57","guid":{"rendered":"https:\/\/ruckstuhlsport.ch\/non class\u00e9\/machine-lance-balles-de-la-serie-phenom-de-lobster-sports\/"},"modified":"2023-12-30T10:29:44","modified_gmt":"2023-12-30T09:29:44","slug":"machine-lance-balles-lobster-phenom","status":"publish","type":"product","link":"https:\/\/ruckstuhlsport.ch\/fr\/tennis\/materiel-dentrainement-tennis\/machine-lance-balles-tennis\/machine-lance-balles-lobster-phenom\/","title":{"rendered":"Machine lance balles de la s\u00e9rie Phenom de Lobster Sports"},"content":{"rendered":"<p>La machine \u00e0 balles automatique Lobster Phenom est livr\u00e9e avec 6 drills pr\u00e9enregistr\u00e9s qui simulent les types de jeu les plus courants : Grinder, All Courter, Power Baseliner, Moonballer, Slicer, et Lefty. Ces drills incroyables modifient la vitesse, le spin, l&rsquo;intervalle et la trajectoire de mani\u00e8re al\u00e9atoire pour vous pr\u00e9parer \u00e0 dominer votre adversaire lors du prochain match. Vous trouverez un aper\u00e7u des tirs pr\u00e9programm\u00e9s sur les lanceurs de balles Lobster sur la page : <a href=\"https:\/\/ruckstuhlsport.ch\/vorprogrammierte-drills-bei-ballwurfmaschinen-von-lobster\/\">Tirs pr\u00e9programm\u00e9s sur les lanceurs de balles de Lobster<\/a><\/p>\n<p>Outre ces programmes pr\u00e9programm\u00e9s, la machine \u00e0 balles Phenom de Lobster peut laisser la distribution des balles compl\u00e8tement au hasard. Les balles sont ainsi r\u00e9parties \u00e0 des vitesses diff\u00e9rentes sur tout le terrain, tandis que l&rsquo;angle de sortie, le spin et l&rsquo;intervalle entre les balles sont m\u00e9lang\u00e9s de mani\u00e8re sauvage. Gr\u00e2ce \u00e0 cette caract\u00e9ristique unique, qui simule de mani\u00e8re r\u00e9aliste un vrai match, le Phenom se distingue de toutes les machines \u00e0 balles \u00e9lectroniques de sa cat\u00e9gorie.<\/p>\n<p>Vous voulez encore plus de fonctions et m\u00eame programmer vos propres drills ? Alors la <a href=\"https:\/\/ruckstuhlsport.ch\/shop\/tennis\/trainingsmaterial-fuers-tennis\/ballwurfmaschinen\/ballmaschine-lobster-phenom-2\/\">machine lance-balles Phenom 2<\/a>est certainement la bonne.<\/p>\n<p>&nbsp;<\/p>\n","protected":false},"excerpt":{"rendered":"<ul>\n<li>Oscillation al\u00e9atoire: horizontale (gauche, centre, droite), verticale (court, centre, long), horizontale &amp; verticale, compl\u00e8tement al\u00e9atoire<\/li>\n<li>Oscillation Two-Line: \u00e9troit, moyen, large<\/li>\n<li>Exercices pr\u00e9-programm\u00e9s: power baseliner, all-courter, grinder, moonballer, slicer, lefty<\/li>\n<li>Programmation des propres exercices: pas possible<\/li>\n<li>Vitesse: 56\u2013 130 km\/h<\/li>\n<li>Fr\u00e9quence: 2-9 secondes<\/li>\n<li>Effet : Topspin, Backspin<\/li>\n<li>El\u00e9vation: \u00e9lectronique, 0 \u2013 50 degr\u00e8s<\/li>\n<li>Contenance bac: 250<\/li>\n<li>Alimentation: \u00e9lectricit\u00e9<\/li>\n<li>poids: 45kg<\/li>\n<li>Akku-Laufzeit 4-8 Stunden<\/li>\n<li>Schnell-Ladeger\u00e4t: inklusive<\/li>\n<li>T\u00e9l\u00e9commande: en option<\/li>\n<\/ul>\n","protected":false},"featured_media":18089,"template":"","meta":{"_crdt_document":"","_uag_custom_page_level_css":"","site-sidebar-layout":"default","site-content-layout":"default","ast-site-content-layout":"default","site-content-style":"default","site-sidebar-style":"default","ast-global-header-display":"","ast-banner-title-visibility":"","ast-main-header-display":"","ast-hfb-above-header-display":"","ast-hfb-below-header-display":"","ast-hfb-mobile-header-display":"","site-post-title":"","ast-breadcrumbs-content":"","ast-featured-img":"","footer-sml-layout":"","ast-disable-related-posts":"","theme-transparent-header-meta":"default","adv-header-id-meta":"","stick-header-meta":"default","header-above-stick-meta":"","header-main-stick-meta":"","header-below-stick-meta":"","astra-migrate-meta-layouts":"default","ast-page-background-enabled":"default","ast-page-background-meta":{"desktop":{"background-color":"","background-image":"","background-repeat":"repeat","background-position":"center center","background-size":"auto","background-attachment":"scroll","background-type":"","background-media":"","overlay-type":"","overlay-color":"","overlay-opacity":"","overlay-gradient":""},"tablet":{"background-color":"","background-image":"","background-repeat":"repeat","background-position":"center center","background-size":"auto","background-attachment":"scroll","background-type":"","background-media":"","overlay-type":"","overlay-color":"","overlay-opacity":"","overlay-gradient":""},"mobile":{"background-color":"","background-image":"","background-repeat":"repeat","background-position":"center center","background-size":"auto","background-attachment":"scroll","background-type":"","background-media":"","overlay-type":"","overlay-color":"","overlay-opacity":"","overlay-gradient":""}},"ast-content-background-meta":{"desktop":{"background-color":"var(--ast-global-color-5)","background-image":"","background-repeat":"repeat","background-position":"center center","background-size":"auto","background-attachment":"scroll","background-type":"","background-media":"","overlay-type":"","overlay-color":"","overlay-opacity":"","overlay-gradient":""},"tablet":{"background-color":"var(--ast-global-color-5)","background-image":"","background-repeat":"repeat","background-position":"center center","background-size":"auto","background-attachment":"scroll","background-type":"","background-media":"","overlay-type":"","overlay-color":"","overlay-opacity":"","overlay-gradient":""},"mobile":{"background-color":"var(--ast-global-color-5)","background-image":"","background-repeat":"repeat","background-position":"center center","background-size":"auto","background-attachment":"scroll","background-type":"","background-media":"","overlay-type":"","overlay-color":"","overlay-opacity":"","overlay-gradient":""}}},"product_brand":[],"product_cat":[934,935,1339],"product_tag":[],"class_list":{"0":"post-15629","1":"product","2":"type-product","3":"status-publish","4":"has-post-thumbnail","6":"product_cat-tennis","7":"product_cat-materiel-dentrainement-tennis","8":"product_cat-machine-lance-balles-tennis","9":"product_shipping_class-marchandise-volumineuse","10":"desktop-align-center","11":"tablet-align-center","12":"mobile-align-center","13":"ast-product-gallery-layout-horizontal","14":"ast-product-tabs-layout-horizontal","16":"first","17":"onbackorder","18":"taxable","19":"shipping-taxable","20":"purchasable","21":"product-type-simple"},"uagb_featured_image_src":{"full":["https:\/\/ruckstuhlsport.ch\/wp-content\/uploads\/Lobster_phenom_mit_20funktionen_fernbedienung.png",1000,1000,false],"thumbnail":["https:\/\/ruckstuhlsport.ch\/wp-content\/uploads\/Lobster_phenom_mit_20funktionen_fernbedienung-150x150.png",150,150,true],"medium":["https:\/\/ruckstuhlsport.ch\/wp-content\/uploads\/Lobster_phenom_mit_20funktionen_fernbedienung-300x300.png",300,300,true],"medium_large":["https:\/\/ruckstuhlsport.ch\/wp-content\/uploads\/Lobster_phenom_mit_20funktionen_fernbedienung-768x768.png",768,768,true],"large":["https:\/\/ruckstuhlsport.ch\/wp-content\/uploads\/Lobster_phenom_mit_20funktionen_fernbedienung.png",1000,1000,false],"1536x1536":["https:\/\/ruckstuhlsport.ch\/wp-content\/uploads\/Lobster_phenom_mit_20funktionen_fernbedienung.png",1000,1000,false],"2048x2048":["https:\/\/ruckstuhlsport.ch\/wp-content\/uploads\/Lobster_phenom_mit_20funktionen_fernbedienung.png",1000,1000,false],"woocommerce_thumbnail":["https:\/\/ruckstuhlsport.ch\/wp-content\/uploads\/Lobster_phenom_mit_20funktionen_fernbedienung-300x300.png",300,300,true],"woocommerce_single":["https:\/\/ruckstuhlsport.ch\/wp-content\/uploads\/Lobster_phenom_mit_20funktionen_fernbedienung-600x600.png",600,600,true],"woocommerce_gallery_thumbnail":["https:\/\/ruckstuhlsport.ch\/wp-content\/uploads\/Lobster_phenom_mit_20funktionen_fernbedienung-100x100.png",100,100,true],"wc_order_status_icon":["https:\/\/ruckstuhlsport.ch\/wp-content\/uploads\/Lobster_phenom_mit_20funktionen_fernbedienung-32x32.png",32,32,true],"dgwt-wcas-product-suggestion":["https:\/\/ruckstuhlsport.ch\/wp-content\/uploads\/Lobster_phenom_mit_20funktionen_fernbedienung-64x64.png",64,64,true]},"uagb_author_info":{"display_name":"admin","author_link":"https:\/\/ruckstuhlsport.ch\/fr\/author\/"},"uagb_comment_info":0,"uagb_excerpt":"Oscillation al\u00e9atoire: horizontale (gauche, centre, droite), verticale (court, centre, long), horizontale &amp; verticale, compl\u00e8tement al\u00e9atoire Oscillation Two-Line: \u00e9troit, moyen, large Exercices pr\u00e9-programm\u00e9s: power baseliner, all-courter, grinder, moonballer, slicer, lefty Programmation des propres exercices: pas possible Vitesse: 56\u2013 130 km\/h Fr\u00e9quence: 2-9 secondes Effet : Topspin, Backspin El\u00e9vation: \u00e9lectronique, 0 \u2013 50 degr\u00e8s Contenance bac: 250\u2026","_links":{"self":[{"href":"https:\/\/ruckstuhlsport.ch\/fr\/wp-json\/wp\/v2\/product\/15629","targetHints":{"allow":["GET"]}}],"collection":[{"href":"https:\/\/ruckstuhlsport.ch\/fr\/wp-json\/wp\/v2\/product"}],"about":[{"href":"https:\/\/ruckstuhlsport.ch\/fr\/wp-json\/wp\/v2\/types\/product"}],"wp:featuredmedia":[{"embeddable":true,"href":"https:\/\/ruckstuhlsport.ch\/fr\/wp-json\/wp\/v2\/media\/18089"}],"wp:attachment":[{"href":"https:\/\/ruckstuhlsport.ch\/fr\/wp-json\/wp\/v2\/media?parent=15629"}],"wp:term":[{"taxonomy":"product_brand","embeddable":true,"href":"https:\/\/ruckstuhlsport.ch\/fr\/wp-json\/wp\/v2\/product_brand?post=15629"},{"taxonomy":"product_cat","embeddable":true,"href":"https:\/\/ruckstuhlsport.ch\/fr\/wp-json\/wp\/v2\/product_cat?post=15629"},{"taxonomy":"product_tag","embeddable":true,"href":"https:\/\/ruckstuhlsport.ch\/fr\/wp-json\/wp\/v2\/product_tag?post=15629"}],"curies":[{"name":"wp","href":"https:\/\/api.w.org\/{rel}","templated":true}]}}