{"id":15630,"date":"2022-02-22T12:35:55","date_gmt":"2022-02-22T11:35:55","guid":{"rendered":"https:\/\/ruckstuhlsport.ch\/non%20class\u00e9\/turbo-balai-avec-moteur-honda\/"},"modified":"2023-12-30T10:29:44","modified_gmt":"2023-12-30T09:29:44","slug":"turbobalai-moteur-honda","status":"publish","type":"product","link":"https:\/\/ruckstuhlsport.ch\/fr\/tennis\/maintenance-de-courts\/machines\/turbobalai-moteur-honda\/","title":{"rendered":"Turbo-Balai avec moteur Honda"},"content":{"rendered":"","protected":false},"excerpt":{"rendered":"<p>L&rsquo;assistant id\u00e9al pour l&rsquo;entretien des courts de tennis est d\u00e9sormais disponible avec un moteur \u00e9lectrique !<\/p>\n<ul>\n<li>Largeur de travail: 900 mm<\/li>\n<li>grandes roues \u00e0 roulement \u00e0 rouleaux de 280 X 90 mm<\/li>\n<li>Roue d&rsquo;appui stable 160 X 40 avec jante en acier<\/li>\n<li>Rotation \u00e0 droite et \u00e0 gauche<\/li>\n<li>hauteur de la poign\u00e9e de guidage r\u00e9glable en continu<\/li>\n<li>segments de brosse faciles \u00e0 changer<\/li>\n<li>Moteur industriel Honda GXV 160 OHV<\/li>\n<\/ul>\n","protected":false},"featured_media":15593,"template":"","meta":{"_crdt_document":"","_uag_custom_page_level_css":"","site-sidebar-layout":"default","site-content-layout":"default","ast-site-content-layout":"default","site-content-style":"default","site-sidebar-style":"default","ast-global-header-display":"","ast-banner-title-visibility":"","ast-main-header-display":"","ast-hfb-above-header-display":"","ast-hfb-below-header-display":"","ast-hfb-mobile-header-display":"","site-post-title":"","ast-breadcrumbs-content":"","ast-featured-img":"","footer-sml-layout":"","ast-disable-related-posts":"","theme-transparent-header-meta":"default","adv-header-id-meta":"","stick-header-meta":"default","header-above-stick-meta":"","header-main-stick-meta":"","header-below-stick-meta":"","astra-migrate-meta-layouts":"default","ast-page-background-enabled":"default","ast-page-background-meta":{"desktop":{"background-color":"","background-image":"","background-repeat":"repeat","background-position":"center center","background-size":"auto","background-attachment":"scroll","background-type":"","background-media":"","overlay-type":"","overlay-color":"","overlay-opacity":"","overlay-gradient":""},"tablet":{"background-color":"","background-image":"","background-repeat":"repeat","background-position":"center center","background-size":"auto","background-attachment":"scroll","background-type":"","background-media":"","overlay-type":"","overlay-color":"","overlay-opacity":"","overlay-gradient":""},"mobile":{"background-color":"","background-image":"","background-repeat":"repeat","background-position":"center center","background-size":"auto","background-attachment":"scroll","background-type":"","background-media":"","overlay-type":"","overlay-color":"","overlay-opacity":"","overlay-gradient":""}},"ast-content-background-meta":{"desktop":{"background-color":"var(--ast-global-color-5)","background-image":"","background-repeat":"repeat","background-position":"center center","background-size":"auto","background-attachment":"scroll","background-type":"","background-media":"","overlay-type":"","overlay-color":"","overlay-opacity":"","overlay-gradient":""},"tablet":{"background-color":"var(--ast-global-color-5)","background-image":"","background-repeat":"repeat","background-position":"center center","background-size":"auto","background-attachment":"scroll","background-type":"","background-media":"","overlay-type":"","overlay-color":"","overlay-opacity":"","overlay-gradient":""},"mobile":{"background-color":"var(--ast-global-color-5)","background-image":"","background-repeat":"repeat","background-position":"center center","background-size":"auto","background-attachment":"scroll","background-type":"","background-media":"","overlay-type":"","overlay-color":"","overlay-opacity":"","overlay-gradient":""}}},"product_brand":[],"product_cat":[1561,934,1179],"product_tag":[],"class_list":{"0":"post-15630","1":"product","2":"type-product","3":"status-publish","4":"has-post-thumbnail","6":"product_cat-machines","7":"product_cat-tennis","8":"product_cat-maintenance-de-courts","9":"product_shipping_class-defaut","10":"desktop-align-center","11":"tablet-align-center","12":"mobile-align-center","13":"ast-product-gallery-layout-horizontal","14":"ast-product-gallery-with-no-image","15":"ast-product-tabs-layout-horizontal","17":"first","18":"onbackorder","19":"taxable","20":"shipping-taxable","21":"purchasable","22":"product-type-simple"},"uagb_featured_image_src":{"full":["https:\/\/ruckstuhlsport.ch\/wp-content\/uploads\/tennisplatzbesen-turbobesen-heitmann.jpg",426,387,false],"thumbnail":["https:\/\/ruckstuhlsport.ch\/wp-content\/uploads\/tennisplatzbesen-turbobesen-heitmann-150x150.jpg",150,150,true],"medium":["https:\/\/ruckstuhlsport.ch\/wp-content\/uploads\/tennisplatzbesen-turbobesen-heitmann-300x273.jpg",300,273,true],"medium_large":["https:\/\/ruckstuhlsport.ch\/wp-content\/uploads\/tennisplatzbesen-turbobesen-heitmann.jpg",426,387,false],"large":["https:\/\/ruckstuhlsport.ch\/wp-content\/uploads\/tennisplatzbesen-turbobesen-heitmann.jpg",426,387,false],"1536x1536":["https:\/\/ruckstuhlsport.ch\/wp-content\/uploads\/tennisplatzbesen-turbobesen-heitmann.jpg",426,387,false],"2048x2048":["https:\/\/ruckstuhlsport.ch\/wp-content\/uploads\/tennisplatzbesen-turbobesen-heitmann.jpg",426,387,false],"woocommerce_thumbnail":["https:\/\/ruckstuhlsport.ch\/wp-content\/uploads\/tennisplatzbesen-turbobesen-heitmann-300x273.jpg",300,273,true],"woocommerce_single":["https:\/\/ruckstuhlsport.ch\/wp-content\/uploads\/tennisplatzbesen-turbobesen-heitmann.jpg",426,387,false],"woocommerce_gallery_thumbnail":["https:\/\/ruckstuhlsport.ch\/wp-content\/uploads\/tennisplatzbesen-turbobesen-heitmann-100x100.jpg",100,100,true],"wc_order_status_icon":["https:\/\/ruckstuhlsport.ch\/wp-content\/uploads\/tennisplatzbesen-turbobesen-heitmann-32x32.jpg",32,32,true],"dgwt-wcas-product-suggestion":["https:\/\/ruckstuhlsport.ch\/wp-content\/uploads\/tennisplatzbesen-turbobesen-heitmann-64x58.jpg",64,58,true]},"uagb_author_info":{"display_name":"admin","author_link":"https:\/\/ruckstuhlsport.ch\/fr\/author\/"},"uagb_comment_info":0,"uagb_excerpt":"L'assistant id\u00e9al pour l'entretien des courts de tennis est d\u00e9sormais disponible avec un moteur \u00e9lectrique ! Largeur de travail: 900 mm grandes roues \u00e0 roulement \u00e0 rouleaux de 280 X 90 mm Roue d'appui stable 160 X 40 avec jante en acier Rotation \u00e0 droite et \u00e0 gauche hauteur de la poign\u00e9e de guidage r\u00e9glable\u2026","_links":{"self":[{"href":"https:\/\/ruckstuhlsport.ch\/fr\/wp-json\/wp\/v2\/product\/15630","targetHints":{"allow":["GET"]}}],"collection":[{"href":"https:\/\/ruckstuhlsport.ch\/fr\/wp-json\/wp\/v2\/product"}],"about":[{"href":"https:\/\/ruckstuhlsport.ch\/fr\/wp-json\/wp\/v2\/types\/product"}],"wp:featuredmedia":[{"embeddable":true,"href":"https:\/\/ruckstuhlsport.ch\/fr\/wp-json\/wp\/v2\/media\/15593"}],"wp:attachment":[{"href":"https:\/\/ruckstuhlsport.ch\/fr\/wp-json\/wp\/v2\/media?parent=15630"}],"wp:term":[{"taxonomy":"product_brand","embeddable":true,"href":"https:\/\/ruckstuhlsport.ch\/fr\/wp-json\/wp\/v2\/product_brand?post=15630"},{"taxonomy":"product_cat","embeddable":true,"href":"https:\/\/ruckstuhlsport.ch\/fr\/wp-json\/wp\/v2\/product_cat?post=15630"},{"taxonomy":"product_tag","embeddable":true,"href":"https:\/\/ruckstuhlsport.ch\/fr\/wp-json\/wp\/v2\/product_tag?post=15630"}],"curies":[{"name":"wp","href":"https:\/\/api.w.org\/{rel}","templated":true}]}}