{"id":15632,"date":"2021-07-15T11:13:33","date_gmt":"2021-07-15T09:13:33","guid":{"rendered":"https:\/\/ruckstuhlsport.ch\/non%20class\u00e9\/mannequin-coup-franc-pro-plastic\/"},"modified":"2025-09-19T08:53:31","modified_gmt":"2025-09-19T06:53:31","slug":"mannequin-coup-franc-pro-plastic","status":"publish","type":"product","link":"https:\/\/ruckstuhlsport.ch\/fr\/football\/materiel-dentrainement-de-football\/murs-de-coup-franc\/mannequin-coup-franc-pro-plastic\/","title":{"rendered":"Mannequin coup-franc Pro-Plastic"},"content":{"rendered":"","protected":false},"excerpt":{"rendered":"<p>Ces mannequins d&rsquo;entra\u00eenement de haute qualit\u00e9 sont utilis\u00e9s par de nombreuses \u00e9quipes professionnelles \u00e0 l&rsquo;entra\u00eenement.<br \/>\nLes mannequins d&rsquo;entra\u00eenement de haute qualit\u00e9 sont fabriqu\u00e9s en plastique jaune r\u00e9sistant aux chocs et aux UV et sont id\u00e9aux pour l&rsquo;entra\u00eenement des coups francs ou des dribbles.<\/p>\n<ul>\n<li>Hauteur de 180 cm<\/li>\n<li>Mannequin de corps flexible<\/li>\n<li>Avec 2 crampons pour une bonne stabilit\u00e9<\/li>\n<li><a href=\"https:\/\/ruckstuhlsport.ch\/fussball-platzausstattung-trainingsmaterial\/training\/freistossmauern\/sockel-fuer-freistoss-dummies\/\">Base de mannequin <\/a>pour l&rsquo;utilisation sur un gazon synth\u00e9tique vendu s\u00e9par\u00e9ment<\/li>\n<li>Compatible avec le <a href=\"https:\/\/ruckstuhlsport.ch\/fussball-platzausstattung-trainingsmaterial\/training\/freistossmauern\/transportwagen-fuer-freistoss-dummies\/\">chariot de transport pour mannequins de coup franc<\/a><\/li>\n<\/ul>\n<p>Optimisez votre entra\u00eenement avec ce mannequin de mur de coup franc indispensable.<\/p>\n","protected":false},"featured_media":13798,"template":"","meta":{"_crdt_document":"","_uag_custom_page_level_css":"","site-sidebar-layout":"default","site-content-layout":"default","ast-site-content-layout":"default","site-content-style":"default","site-sidebar-style":"default","ast-global-header-display":"","ast-banner-title-visibility":"","ast-main-header-display":"","ast-hfb-above-header-display":"","ast-hfb-below-header-display":"","ast-hfb-mobile-header-display":"","site-post-title":"","ast-breadcrumbs-content":"","ast-featured-img":"","footer-sml-layout":"","ast-disable-related-posts":"","theme-transparent-header-meta":"default","adv-header-id-meta":"","stick-header-meta":"default","header-above-stick-meta":"","header-main-stick-meta":"","header-below-stick-meta":"","astra-migrate-meta-layouts":"default","ast-page-background-enabled":"default","ast-page-background-meta":{"desktop":{"background-color":"","background-image":"","background-repeat":"repeat","background-position":"center center","background-size":"auto","background-attachment":"scroll","background-type":"","background-media":"","overlay-type":"","overlay-color":"","overlay-opacity":"","overlay-gradient":""},"tablet":{"background-color":"","background-image":"","background-repeat":"repeat","background-position":"center center","background-size":"auto","background-attachment":"scroll","background-type":"","background-media":"","overlay-type":"","overlay-color":"","overlay-opacity":"","overlay-gradient":""},"mobile":{"background-color":"","background-image":"","background-repeat":"repeat","background-position":"center center","background-size":"auto","background-attachment":"scroll","background-type":"","background-media":"","overlay-type":"","overlay-color":"","overlay-opacity":"","overlay-gradient":""}},"ast-content-background-meta":{"desktop":{"background-color":"var(--ast-global-color-5)","background-image":"","background-repeat":"repeat","background-position":"center center","background-size":"auto","background-attachment":"scroll","background-type":"","background-media":"","overlay-type":"","overlay-color":"","overlay-opacity":"","overlay-gradient":""},"tablet":{"background-color":"var(--ast-global-color-5)","background-image":"","background-repeat":"repeat","background-position":"center center","background-size":"auto","background-attachment":"scroll","background-type":"","background-media":"","overlay-type":"","overlay-color":"","overlay-opacity":"","overlay-gradient":""},"mobile":{"background-color":"var(--ast-global-color-5)","background-image":"","background-repeat":"repeat","background-position":"center center","background-size":"auto","background-attachment":"scroll","background-type":"","background-media":"","overlay-type":"","overlay-color":"","overlay-opacity":"","overlay-gradient":""}}},"product_brand":[],"product_cat":[967,932,933],"product_tag":[],"class_list":{"0":"post-15632","1":"product","2":"type-product","3":"status-publish","4":"has-post-thumbnail","6":"product_cat-murs-de-coup-franc","7":"product_cat-football","8":"product_cat-materiel-dentrainement-de-football","9":"product_shipping_class-marchandise-volumineuse","10":"pa_ausfuehrung-seul","11":"pa_hoehe-180-cm-fr","12":"desktop-align-center","13":"tablet-align-center","14":"mobile-align-center","15":"ast-product-gallery-layout-horizontal","16":"ast-product-tabs-layout-horizontal","18":"first","19":"onbackorder","20":"taxable","21":"shipping-taxable","22":"purchasable","23":"product-type-simple"},"uagb_featured_image_src":{"full":["https:\/\/ruckstuhlsport.ch\/wp-content\/uploads\/Freistoss-dummy-pro-plastic.jpg",800,500,false],"thumbnail":["https:\/\/ruckstuhlsport.ch\/wp-content\/uploads\/Freistoss-dummy-pro-plastic-150x150.jpg",150,150,true],"medium":["https:\/\/ruckstuhlsport.ch\/wp-content\/uploads\/Freistoss-dummy-pro-plastic-300x188.jpg",300,188,true],"medium_large":["https:\/\/ruckstuhlsport.ch\/wp-content\/uploads\/Freistoss-dummy-pro-plastic-768x480.jpg",768,480,true],"large":["https:\/\/ruckstuhlsport.ch\/wp-content\/uploads\/Freistoss-dummy-pro-plastic.jpg",800,500,false],"1536x1536":["https:\/\/ruckstuhlsport.ch\/wp-content\/uploads\/Freistoss-dummy-pro-plastic.jpg",800,500,false],"2048x2048":["https:\/\/ruckstuhlsport.ch\/wp-content\/uploads\/Freistoss-dummy-pro-plastic.jpg",800,500,false],"woocommerce_thumbnail":["https:\/\/ruckstuhlsport.ch\/wp-content\/uploads\/Freistoss-dummy-pro-plastic-300x188.jpg",300,188,true],"woocommerce_single":["https:\/\/ruckstuhlsport.ch\/wp-content\/uploads\/Freistoss-dummy-pro-plastic-600x375.jpg",600,375,true],"woocommerce_gallery_thumbnail":["https:\/\/ruckstuhlsport.ch\/wp-content\/uploads\/Freistoss-dummy-pro-plastic-100x100.jpg",100,100,true],"wc_order_status_icon":["https:\/\/ruckstuhlsport.ch\/wp-content\/uploads\/Freistoss-dummy-pro-plastic.jpg",32,20,false],"dgwt-wcas-product-suggestion":["https:\/\/ruckstuhlsport.ch\/wp-content\/uploads\/Freistoss-dummy-pro-plastic-64x40.jpg",64,40,true]},"uagb_author_info":{"display_name":"admin","author_link":"https:\/\/ruckstuhlsport.ch\/fr\/author\/"},"uagb_comment_info":0,"uagb_excerpt":"Ces mannequins d'entra\u00eenement de haute qualit\u00e9 sont utilis\u00e9s par de nombreuses \u00e9quipes professionnelles \u00e0 l'entra\u00eenement. Les mannequins d'entra\u00eenement de haute qualit\u00e9 sont fabriqu\u00e9s en plastique jaune r\u00e9sistant aux chocs et aux UV et sont id\u00e9aux pour l'entra\u00eenement des coups francs ou des dribbles. Hauteur de 180 cm Mannequin de corps flexible Avec 2 crampons pour\u2026","_links":{"self":[{"href":"https:\/\/ruckstuhlsport.ch\/fr\/wp-json\/wp\/v2\/product\/15632","targetHints":{"allow":["GET"]}}],"collection":[{"href":"https:\/\/ruckstuhlsport.ch\/fr\/wp-json\/wp\/v2\/product"}],"about":[{"href":"https:\/\/ruckstuhlsport.ch\/fr\/wp-json\/wp\/v2\/types\/product"}],"wp:featuredmedia":[{"embeddable":true,"href":"https:\/\/ruckstuhlsport.ch\/fr\/wp-json\/wp\/v2\/media\/13798"}],"wp:attachment":[{"href":"https:\/\/ruckstuhlsport.ch\/fr\/wp-json\/wp\/v2\/media?parent=15632"}],"wp:term":[{"taxonomy":"product_brand","embeddable":true,"href":"https:\/\/ruckstuhlsport.ch\/fr\/wp-json\/wp\/v2\/product_brand?post=15632"},{"taxonomy":"product_cat","embeddable":true,"href":"https:\/\/ruckstuhlsport.ch\/fr\/wp-json\/wp\/v2\/product_cat?post=15632"},{"taxonomy":"product_tag","embeddable":true,"href":"https:\/\/ruckstuhlsport.ch\/fr\/wp-json\/wp\/v2\/product_tag?post=15632"}],"curies":[{"name":"wp","href":"https:\/\/api.w.org\/{rel}","templated":true}]}}