{"id":15633,"date":"2021-09-23T10:14:00","date_gmt":"2021-09-23T08:14:00","guid":{"rendered":"https:\/\/ruckstuhlsport.ch\/non%20class\u00e9\/tableau-de-remplacement-electronique-recto-verso\/"},"modified":"2025-09-08T07:47:49","modified_gmt":"2025-09-08T05:47:49","slug":"tableau-remplacement-electronique-recto-verso","status":"publish","type":"product","link":"https:\/\/ruckstuhlsport.ch\/fr\/football\/arbitres-juges-de-lignes\/panneaux-de-substitution\/tableau-remplacement-electronique-recto-verso\/","title":{"rendered":"Panneau de changement \u00e9lectronique, recto-verso"},"content":{"rendered":"","protected":false},"excerpt":{"rendered":"<h3>Bo\u00eetier<\/h3>\n<ul>\n<li>Pour l&rsquo;ext\u00e9rieur, r\u00e9sistant \u00e0 l&rsquo;eau. Classe de protection : IP56<\/li>\n<li>Tr\u00e8s l\u00e9ger et fin<\/li>\n<li>Bo\u00eetier robuste en polycarbonate, antid\u00e9rapant.<\/li>\n<\/ul>\n<h3>Affichage<\/h3>\n<ul>\n<li>LED \u00e0 haute luminosit\u00e9 ( 6000cd\/m2) pour l&rsquo;affichage ext\u00e9rieur (rouge et vert)<\/li>\n<li>Hauteur des chiffres: 23.5cm<\/li>\n<li>Distance de lisibilit\u00e9: 100m.<\/li>\n<\/ul>\n<h3>Boutons<\/h3>\n<ul>\n<li>Clavier num\u00e9rique \u00e0 membrane robuste<\/li>\n<li>saisie facile et rapide des num\u00e9ros<\/li>\n<li>Dur\u00e9e de vie des touches : plus de 2 millions d&rsquo;activations<\/li>\n<\/ul>\n<h3>Batterie<\/h3>\n<ul>\n<li>Pile au lithium rechargeable int\u00e9gr\u00e9e<\/li>\n<li>Avec une batterie enti\u00e8rement charg\u00e9e, environ 260 affichages de 20 secondes chacun sont possibles.<\/li>\n<li>affichage de l&rsquo;\u00e9tat de charge de la batterie via un bouton d\u00e9di\u00e9<\/li>\n<li><span style=\"font-size: 16px;\">Fonction d&rsquo;arr\u00eat automatique pour une utilisation \u00e9conomique de la batterie<\/span><\/li>\n<li><span style=\"font-size: 16px;\">Chargeur de batterie fourni.<\/span><\/li>\n<\/ul>\n<h3>Autres caract\u00e9ristiques<\/h3>\n<ul>\n<li><strong>Enregistrer les \u00e9changes de joueurs.<\/strong> Il est possible d&rsquo;enregistrer jusqu&rsquo;\u00e0 6 changements de joueurs, qui peuvent ensuite \u00eatre rapidement rappel\u00e9s \u00e0 l&rsquo;aide des touches de 1 \u00e0 6.<\/li>\n<li>Espaces r\u00e9serv\u00e9s aux <strong>autocollants des sponsors<\/strong>:<br \/>\nZone inf\u00e9rieure : recto 48x9cm, verso 35x9cm<\/li>\n<li>Dimensions: 58,2&#215;38,3&#215;2,7cm<\/li>\n<\/ul>\n","protected":false},"featured_media":13770,"template":"","meta":{"_crdt_document":"","_uag_custom_page_level_css":"","site-sidebar-layout":"default","site-content-layout":"default","ast-site-content-layout":"default","site-content-style":"default","site-sidebar-style":"default","ast-global-header-display":"","ast-banner-title-visibility":"","ast-main-header-display":"","ast-hfb-above-header-display":"","ast-hfb-below-header-display":"","ast-hfb-mobile-header-display":"","site-post-title":"","ast-breadcrumbs-content":"","ast-featured-img":"","footer-sml-layout":"","ast-disable-related-posts":"","theme-transparent-header-meta":"default","adv-header-id-meta":"","stick-header-meta":"default","header-above-stick-meta":"","header-main-stick-meta":"","header-below-stick-meta":"","astra-migrate-meta-layouts":"default","ast-page-background-enabled":"default","ast-page-background-meta":{"desktop":{"background-color":"","background-image":"","background-repeat":"repeat","background-position":"center center","background-size":"auto","background-attachment":"scroll","background-type":"","background-media":"","overlay-type":"","overlay-color":"","overlay-opacity":"","overlay-gradient":""},"tablet":{"background-color":"","background-image":"","background-repeat":"repeat","background-position":"center center","background-size":"auto","background-attachment":"scroll","background-type":"","background-media":"","overlay-type":"","overlay-color":"","overlay-opacity":"","overlay-gradient":""},"mobile":{"background-color":"","background-image":"","background-repeat":"repeat","background-position":"center center","background-size":"auto","background-attachment":"scroll","background-type":"","background-media":"","overlay-type":"","overlay-color":"","overlay-opacity":"","overlay-gradient":""}},"ast-content-background-meta":{"desktop":{"background-color":"var(--ast-global-color-5)","background-image":"","background-repeat":"repeat","background-position":"center center","background-size":"auto","background-attachment":"scroll","background-type":"","background-media":"","overlay-type":"","overlay-color":"","overlay-opacity":"","overlay-gradient":""},"tablet":{"background-color":"var(--ast-global-color-5)","background-image":"","background-repeat":"repeat","background-position":"center center","background-size":"auto","background-attachment":"scroll","background-type":"","background-media":"","overlay-type":"","overlay-color":"","overlay-opacity":"","overlay-gradient":""},"mobile":{"background-color":"var(--ast-global-color-5)","background-image":"","background-repeat":"repeat","background-position":"center center","background-size":"auto","background-attachment":"scroll","background-type":"","background-media":"","overlay-type":"","overlay-color":"","overlay-opacity":"","overlay-gradient":""}}},"product_brand":[],"product_cat":[1731,932,1355],"product_tag":[],"class_list":{"0":"post-15633","1":"product","2":"type-product","3":"status-publish","4":"has-post-thumbnail","6":"product_cat-panneaux-de-substitution","7":"product_cat-football","8":"product_cat-arbitres-juges-de-lignes","9":"product_shipping_class-defaut","10":"pa_ausfuehrung-recto-verso","11":"desktop-align-center","12":"tablet-align-center","13":"mobile-align-center","14":"ast-product-gallery-layout-horizontal","15":"ast-product-tabs-layout-horizontal","17":"first","18":"instock","19":"taxable","20":"shipping-taxable","21":"purchasable","22":"product-type-simple"},"uagb_featured_image_src":{"full":["https:\/\/ruckstuhlsport.ch\/wp-content\/uploads\/Auswechseltafel-elektronisch-beidseitig-rueckseite.jpg",800,580,false],"thumbnail":["https:\/\/ruckstuhlsport.ch\/wp-content\/uploads\/Auswechseltafel-elektronisch-beidseitig-rueckseite-150x150.jpg",150,150,true],"medium":["https:\/\/ruckstuhlsport.ch\/wp-content\/uploads\/Auswechseltafel-elektronisch-beidseitig-rueckseite-300x218.jpg",300,218,true],"medium_large":["https:\/\/ruckstuhlsport.ch\/wp-content\/uploads\/Auswechseltafel-elektronisch-beidseitig-rueckseite-768x557.jpg",768,557,true],"large":["https:\/\/ruckstuhlsport.ch\/wp-content\/uploads\/Auswechseltafel-elektronisch-beidseitig-rueckseite.jpg",800,580,false],"1536x1536":["https:\/\/ruckstuhlsport.ch\/wp-content\/uploads\/Auswechseltafel-elektronisch-beidseitig-rueckseite.jpg",800,580,false],"2048x2048":["https:\/\/ruckstuhlsport.ch\/wp-content\/uploads\/Auswechseltafel-elektronisch-beidseitig-rueckseite.jpg",800,580,false],"woocommerce_thumbnail":["https:\/\/ruckstuhlsport.ch\/wp-content\/uploads\/Auswechseltafel-elektronisch-beidseitig-rueckseite-300x218.jpg",300,218,true],"woocommerce_single":["https:\/\/ruckstuhlsport.ch\/wp-content\/uploads\/Auswechseltafel-elektronisch-beidseitig-rueckseite-600x435.jpg",600,435,true],"woocommerce_gallery_thumbnail":["https:\/\/ruckstuhlsport.ch\/wp-content\/uploads\/Auswechseltafel-elektronisch-beidseitig-rueckseite-100x100.jpg",100,100,true],"wc_order_status_icon":["https:\/\/ruckstuhlsport.ch\/wp-content\/uploads\/Auswechseltafel-elektronisch-beidseitig-rueckseite.jpg",32,23,false],"dgwt-wcas-product-suggestion":["https:\/\/ruckstuhlsport.ch\/wp-content\/uploads\/Auswechseltafel-elektronisch-beidseitig-rueckseite-64x46.jpg",64,46,true]},"uagb_author_info":{"display_name":"admin","author_link":"https:\/\/ruckstuhlsport.ch\/fr\/author\/"},"uagb_comment_info":0,"uagb_excerpt":"Bo\u00eetier Pour l'ext\u00e9rieur, r\u00e9sistant \u00e0 l'eau. Classe de protection : IP56 Tr\u00e8s l\u00e9ger et fin Bo\u00eetier robuste en polycarbonate, antid\u00e9rapant. Affichage LED \u00e0 haute luminosit\u00e9 ( 6000cd\/m2) pour l'affichage ext\u00e9rieur (rouge et vert) Hauteur des chiffres: 23.5cm Distance de lisibilit\u00e9: 100m. Boutons Clavier num\u00e9rique \u00e0 membrane robuste saisie facile et rapide des num\u00e9ros Dur\u00e9e de\u2026","_links":{"self":[{"href":"https:\/\/ruckstuhlsport.ch\/fr\/wp-json\/wp\/v2\/product\/15633","targetHints":{"allow":["GET"]}}],"collection":[{"href":"https:\/\/ruckstuhlsport.ch\/fr\/wp-json\/wp\/v2\/product"}],"about":[{"href":"https:\/\/ruckstuhlsport.ch\/fr\/wp-json\/wp\/v2\/types\/product"}],"wp:featuredmedia":[{"embeddable":true,"href":"https:\/\/ruckstuhlsport.ch\/fr\/wp-json\/wp\/v2\/media\/13770"}],"wp:attachment":[{"href":"https:\/\/ruckstuhlsport.ch\/fr\/wp-json\/wp\/v2\/media?parent=15633"}],"wp:term":[{"taxonomy":"product_brand","embeddable":true,"href":"https:\/\/ruckstuhlsport.ch\/fr\/wp-json\/wp\/v2\/product_brand?post=15633"},{"taxonomy":"product_cat","embeddable":true,"href":"https:\/\/ruckstuhlsport.ch\/fr\/wp-json\/wp\/v2\/product_cat?post=15633"},{"taxonomy":"product_tag","embeddable":true,"href":"https:\/\/ruckstuhlsport.ch\/fr\/wp-json\/wp\/v2\/product_tag?post=15633"}],"curies":[{"name":"wp","href":"https:\/\/api.w.org\/{rel}","templated":true}]}}