{"id":15634,"date":"2021-09-23T10:17:15","date_gmt":"2021-09-23T08:17:15","guid":{"rendered":"https:\/\/ruckstuhlsport.ch\/non%20class\u00e9\/coffret-de-protection-pour-tableau-de-remplacement-electronique\/"},"modified":"2025-09-08T07:47:52","modified_gmt":"2025-09-08T05:47:52","slug":"coffret-tableau-remplacement-electronique","status":"publish","type":"product","link":"https:\/\/ruckstuhlsport.ch\/fr\/football\/coffret-tableau-remplacement-electronique\/","title":{"rendered":"Coffret de protection pour panneau de changement \u00e9lectronique"},"content":{"rendered":"","protected":false},"excerpt":{"rendered":"<p>Coffret de protection pour panneau de changement \u00e9lectronique<\/p>\n<p><a href=\"https:\/\/ruckstuhlsport.ch\/fr\/?post_type=product&#038;p=13745\">Panneau de changement \u00e9lectronique, simple face<\/a><\/p>\n<p><a href=\"https:\/\/ruckstuhlsport.ch\/fr\/football\/arbitres-juges-de-lignes\/panneaux-de-substitution\/tableau-remplacement-electronique-recto-verso\/\">Panneau de changement \u00e9lectronique, recto-verso<\/a><\/p>\n","protected":false},"featured_media":13772,"template":"","meta":{"_crdt_document":"","_uag_custom_page_level_css":"","site-sidebar-layout":"default","site-content-layout":"default","ast-site-content-layout":"default","site-content-style":"default","site-sidebar-style":"default","ast-global-header-display":"","ast-banner-title-visibility":"","ast-main-header-display":"","ast-hfb-above-header-display":"","ast-hfb-below-header-display":"","ast-hfb-mobile-header-display":"","site-post-title":"","ast-breadcrumbs-content":"","ast-featured-img":"","footer-sml-layout":"","ast-disable-related-posts":"","theme-transparent-header-meta":"default","adv-header-id-meta":"","stick-header-meta":"default","header-above-stick-meta":"","header-main-stick-meta":"","header-below-stick-meta":"","astra-migrate-meta-layouts":"default","ast-page-background-enabled":"default","ast-page-background-meta":{"desktop":{"background-color":"","background-image":"","background-repeat":"repeat","background-position":"center center","background-size":"auto","background-attachment":"scroll","background-type":"","background-media":"","overlay-type":"","overlay-color":"","overlay-opacity":"","overlay-gradient":""},"tablet":{"background-color":"","background-image":"","background-repeat":"repeat","background-position":"center center","background-size":"auto","background-attachment":"scroll","background-type":"","background-media":"","overlay-type":"","overlay-color":"","overlay-opacity":"","overlay-gradient":""},"mobile":{"background-color":"","background-image":"","background-repeat":"repeat","background-position":"center center","background-size":"auto","background-attachment":"scroll","background-type":"","background-media":"","overlay-type":"","overlay-color":"","overlay-opacity":"","overlay-gradient":""}},"ast-content-background-meta":{"desktop":{"background-color":"var(--ast-global-color-5)","background-image":"","background-repeat":"repeat","background-position":"center center","background-size":"auto","background-attachment":"scroll","background-type":"","background-media":"","overlay-type":"","overlay-color":"","overlay-opacity":"","overlay-gradient":""},"tablet":{"background-color":"var(--ast-global-color-5)","background-image":"","background-repeat":"repeat","background-position":"center center","background-size":"auto","background-attachment":"scroll","background-type":"","background-media":"","overlay-type":"","overlay-color":"","overlay-opacity":"","overlay-gradient":""},"mobile":{"background-color":"var(--ast-global-color-5)","background-image":"","background-repeat":"repeat","background-position":"center center","background-size":"auto","background-attachment":"scroll","background-type":"","background-media":"","overlay-type":"","overlay-color":"","overlay-opacity":"","overlay-gradient":""}}},"product_brand":[],"product_cat":[932,1355,1731],"product_tag":[1267],"class_list":{"0":"post-15634","1":"product","2":"type-product","3":"status-publish","4":"has-post-thumbnail","6":"product_cat-football","7":"product_cat-arbitres-juges-de-lignes","8":"product_cat-panneaux-de-substitution","9":"product_tag-quickplay-fr","10":"product_shipping_class-defaut","11":"desktop-align-center","12":"tablet-align-center","13":"mobile-align-center","14":"ast-product-gallery-layout-horizontal","15":"ast-product-gallery-with-no-image","16":"ast-product-tabs-layout-horizontal","18":"first","19":"instock","20":"taxable","21":"shipping-taxable","22":"purchasable","23":"product-type-simple"},"uagb_featured_image_src":{"full":["https:\/\/ruckstuhlsport.ch\/wp-content\/uploads\/schutzkoffer-auswechseltafel-elektronisch.jpg",800,580,false],"thumbnail":["https:\/\/ruckstuhlsport.ch\/wp-content\/uploads\/schutzkoffer-auswechseltafel-elektronisch-150x150.jpg",150,150,true],"medium":["https:\/\/ruckstuhlsport.ch\/wp-content\/uploads\/schutzkoffer-auswechseltafel-elektronisch-300x218.jpg",300,218,true],"medium_large":["https:\/\/ruckstuhlsport.ch\/wp-content\/uploads\/schutzkoffer-auswechseltafel-elektronisch-768x557.jpg",768,557,true],"large":["https:\/\/ruckstuhlsport.ch\/wp-content\/uploads\/schutzkoffer-auswechseltafel-elektronisch.jpg",800,580,false],"1536x1536":["https:\/\/ruckstuhlsport.ch\/wp-content\/uploads\/schutzkoffer-auswechseltafel-elektronisch.jpg",800,580,false],"2048x2048":["https:\/\/ruckstuhlsport.ch\/wp-content\/uploads\/schutzkoffer-auswechseltafel-elektronisch.jpg",800,580,false],"woocommerce_thumbnail":["https:\/\/ruckstuhlsport.ch\/wp-content\/uploads\/schutzkoffer-auswechseltafel-elektronisch-300x218.jpg",300,218,true],"woocommerce_single":["https:\/\/ruckstuhlsport.ch\/wp-content\/uploads\/schutzkoffer-auswechseltafel-elektronisch-600x435.jpg",600,435,true],"woocommerce_gallery_thumbnail":["https:\/\/ruckstuhlsport.ch\/wp-content\/uploads\/schutzkoffer-auswechseltafel-elektronisch-100x100.jpg",100,100,true],"wc_order_status_icon":["https:\/\/ruckstuhlsport.ch\/wp-content\/uploads\/schutzkoffer-auswechseltafel-elektronisch.jpg",32,23,false],"dgwt-wcas-product-suggestion":["https:\/\/ruckstuhlsport.ch\/wp-content\/uploads\/schutzkoffer-auswechseltafel-elektronisch-64x46.jpg",64,46,true]},"uagb_author_info":{"display_name":"admin","author_link":"https:\/\/ruckstuhlsport.ch\/fr\/author\/"},"uagb_comment_info":0,"uagb_excerpt":"Coffret de protection pour panneau de changement \u00e9lectronique Panneau de changement \u00e9lectronique, simple face Panneau de changement \u00e9lectronique, recto-verso","_links":{"self":[{"href":"https:\/\/ruckstuhlsport.ch\/fr\/wp-json\/wp\/v2\/product\/15634","targetHints":{"allow":["GET"]}}],"collection":[{"href":"https:\/\/ruckstuhlsport.ch\/fr\/wp-json\/wp\/v2\/product"}],"about":[{"href":"https:\/\/ruckstuhlsport.ch\/fr\/wp-json\/wp\/v2\/types\/product"}],"wp:featuredmedia":[{"embeddable":true,"href":"https:\/\/ruckstuhlsport.ch\/fr\/wp-json\/wp\/v2\/media\/13772"}],"wp:attachment":[{"href":"https:\/\/ruckstuhlsport.ch\/fr\/wp-json\/wp\/v2\/media?parent=15634"}],"wp:term":[{"taxonomy":"product_brand","embeddable":true,"href":"https:\/\/ruckstuhlsport.ch\/fr\/wp-json\/wp\/v2\/product_brand?post=15634"},{"taxonomy":"product_cat","embeddable":true,"href":"https:\/\/ruckstuhlsport.ch\/fr\/wp-json\/wp\/v2\/product_cat?post=15634"},{"taxonomy":"product_tag","embeddable":true,"href":"https:\/\/ruckstuhlsport.ch\/fr\/wp-json\/wp\/v2\/product_tag?post=15634"}],"curies":[{"name":"wp","href":"https:\/\/api.w.org\/{rel}","templated":true}]}}