{"id":15648,"date":"2022-03-01T15:53:47","date_gmt":"2022-03-01T14:53:47","guid":{"rendered":"https:\/\/ruckstuhlsport.ch\/?post_type=product&#038;p=15648"},"modified":"2023-12-30T10:29:56","modified_gmt":"2023-12-30T09:29:56","slug":"echelle-rythme-octagon","status":"publish","type":"product","link":"https:\/\/ruckstuhlsport.ch\/fr\/materiel-dentrainement\/entrainement-a-la-course\/echelles-de-rythme\/echelle-rythme-octagon\/","title":{"rendered":"Echelle de rythme Octagon"},"content":{"rendered":"","protected":false},"excerpt":{"rendered":"<p>\u00c9chelle de coordination robuste compos\u00e9e de 12 anneaux qui peuvent \u00eatre fix\u00e9s individuellement les uns aux autres.<\/p>\n<ul>\n<li>incl. sac de transport<\/li>\n<\/ul>\n","protected":false},"featured_media":15650,"template":"","meta":{"_crdt_document":"","_uag_custom_page_level_css":"","site-sidebar-layout":"default","site-content-layout":"default","ast-site-content-layout":"default","site-content-style":"default","site-sidebar-style":"default","ast-global-header-display":"","ast-banner-title-visibility":"","ast-main-header-display":"","ast-hfb-above-header-display":"","ast-hfb-below-header-display":"","ast-hfb-mobile-header-display":"","site-post-title":"","ast-breadcrumbs-content":"","ast-featured-img":"","footer-sml-layout":"","ast-disable-related-posts":"","theme-transparent-header-meta":"default","adv-header-id-meta":"","stick-header-meta":"default","header-above-stick-meta":"","header-main-stick-meta":"","header-below-stick-meta":"","astra-migrate-meta-layouts":"default","ast-page-background-enabled":"default","ast-page-background-meta":{"desktop":{"background-color":"","background-image":"","background-repeat":"repeat","background-position":"center center","background-size":"auto","background-attachment":"scroll","background-type":"","background-media":"","overlay-type":"","overlay-color":"","overlay-opacity":"","overlay-gradient":""},"tablet":{"background-color":"","background-image":"","background-repeat":"repeat","background-position":"center center","background-size":"auto","background-attachment":"scroll","background-type":"","background-media":"","overlay-type":"","overlay-color":"","overlay-opacity":"","overlay-gradient":""},"mobile":{"background-color":"","background-image":"","background-repeat":"repeat","background-position":"center center","background-size":"auto","background-attachment":"scroll","background-type":"","background-media":"","overlay-type":"","overlay-color":"","overlay-opacity":"","overlay-gradient":""}},"ast-content-background-meta":{"desktop":{"background-color":"var(--ast-global-color-5)","background-image":"","background-repeat":"repeat","background-position":"center center","background-size":"auto","background-attachment":"scroll","background-type":"","background-media":"","overlay-type":"","overlay-color":"","overlay-opacity":"","overlay-gradient":""},"tablet":{"background-color":"var(--ast-global-color-5)","background-image":"","background-repeat":"repeat","background-position":"center center","background-size":"auto","background-attachment":"scroll","background-type":"","background-media":"","overlay-type":"","overlay-color":"","overlay-opacity":"","overlay-gradient":""},"mobile":{"background-color":"var(--ast-global-color-5)","background-image":"","background-repeat":"repeat","background-position":"center center","background-size":"auto","background-attachment":"scroll","background-type":"","background-media":"","overlay-type":"","overlay-color":"","overlay-opacity":"","overlay-gradient":""}}},"product_brand":[],"product_cat":[1246,932,933,937,970,938,940,941,942,943,934,935,936],"product_tag":[],"class_list":{"0":"post-15648","1":"product","2":"type-product","3":"status-publish","4":"has-post-thumbnail","6":"product_cat-echelles-de-rythme","7":"product_cat-football","8":"product_cat-materiel-dentrainement-de-football","9":"product_cat-entrainement-de-course","10":"product_cat-echelles-coordination","11":"product_cat-handball","12":"product_cat-entrainement-de-handball","13":"product_cat-entrainement-de-course-handball","14":"product_cat-materiel-dentrainement","15":"product_cat-entrainement-a-la-course","16":"product_cat-tennis","17":"product_cat-materiel-dentrainement-tennis","18":"product_cat-coordination","19":"product_shipping_class-defaut","20":"pa_ausfuehrung-seul","21":"pa_laenge-4-m-fr","22":"desktop-align-center","23":"tablet-align-center","24":"mobile-align-center","25":"ast-product-gallery-layout-horizontal","26":"ast-product-tabs-layout-horizontal","28":"first","29":"instock","30":"taxable","31":"shipping-taxable","32":"purchasable","33":"product-type-simple"},"uagb_featured_image_src":{"full":["https:\/\/ruckstuhlsport.ch\/wp-content\/uploads\/Koordinationsleiter-Oktagon.jpg",800,470,false],"thumbnail":["https:\/\/ruckstuhlsport.ch\/wp-content\/uploads\/Koordinationsleiter-Oktagon-150x150.jpg",150,150,true],"medium":["https:\/\/ruckstuhlsport.ch\/wp-content\/uploads\/Koordinationsleiter-Oktagon-300x176.jpg",300,176,true],"medium_large":["https:\/\/ruckstuhlsport.ch\/wp-content\/uploads\/Koordinationsleiter-Oktagon-768x451.jpg",768,451,true],"large":["https:\/\/ruckstuhlsport.ch\/wp-content\/uploads\/Koordinationsleiter-Oktagon.jpg",800,470,false],"1536x1536":["https:\/\/ruckstuhlsport.ch\/wp-content\/uploads\/Koordinationsleiter-Oktagon.jpg",800,470,false],"2048x2048":["https:\/\/ruckstuhlsport.ch\/wp-content\/uploads\/Koordinationsleiter-Oktagon.jpg",800,470,false],"woocommerce_thumbnail":["https:\/\/ruckstuhlsport.ch\/wp-content\/uploads\/Koordinationsleiter-Oktagon-300x176.jpg",300,176,true],"woocommerce_single":["https:\/\/ruckstuhlsport.ch\/wp-content\/uploads\/Koordinationsleiter-Oktagon-600x353.jpg",600,353,true],"woocommerce_gallery_thumbnail":["https:\/\/ruckstuhlsport.ch\/wp-content\/uploads\/Koordinationsleiter-Oktagon-100x100.jpg",100,100,true],"wc_order_status_icon":["https:\/\/ruckstuhlsport.ch\/wp-content\/uploads\/Koordinationsleiter-Oktagon-32x32.jpg",32,32,true],"dgwt-wcas-product-suggestion":["https:\/\/ruckstuhlsport.ch\/wp-content\/uploads\/Koordinationsleiter-Oktagon-64x38.jpg",64,38,true]},"uagb_author_info":{"display_name":"admin","author_link":"https:\/\/ruckstuhlsport.ch\/fr\/author\/"},"uagb_comment_info":0,"uagb_excerpt":"\u00c9chelle de coordination robuste compos\u00e9e de 12 anneaux qui peuvent \u00eatre fix\u00e9s individuellement les uns aux autres. incl. sac de transport","_links":{"self":[{"href":"https:\/\/ruckstuhlsport.ch\/fr\/wp-json\/wp\/v2\/product\/15648","targetHints":{"allow":["GET"]}}],"collection":[{"href":"https:\/\/ruckstuhlsport.ch\/fr\/wp-json\/wp\/v2\/product"}],"about":[{"href":"https:\/\/ruckstuhlsport.ch\/fr\/wp-json\/wp\/v2\/types\/product"}],"wp:featuredmedia":[{"embeddable":true,"href":"https:\/\/ruckstuhlsport.ch\/fr\/wp-json\/wp\/v2\/media\/15650"}],"wp:attachment":[{"href":"https:\/\/ruckstuhlsport.ch\/fr\/wp-json\/wp\/v2\/media?parent=15648"}],"wp:term":[{"taxonomy":"product_brand","embeddable":true,"href":"https:\/\/ruckstuhlsport.ch\/fr\/wp-json\/wp\/v2\/product_brand?post=15648"},{"taxonomy":"product_cat","embeddable":true,"href":"https:\/\/ruckstuhlsport.ch\/fr\/wp-json\/wp\/v2\/product_cat?post=15648"},{"taxonomy":"product_tag","embeddable":true,"href":"https:\/\/ruckstuhlsport.ch\/fr\/wp-json\/wp\/v2\/product_tag?post=15648"}],"curies":[{"name":"wp","href":"https:\/\/api.w.org\/{rel}","templated":true}]}}