{"id":15654,"date":"2022-03-01T16:36:59","date_gmt":"2022-03-01T15:36:59","guid":{"rendered":"https:\/\/ruckstuhlsport.ch\/?post_type=product&#038;p=15654"},"modified":"2025-09-19T09:03:28","modified_gmt":"2025-09-19T07:03:28","slug":"marqueurs-geants","status":"publish","type":"product","link":"https:\/\/ruckstuhlsport.ch\/fr\/football\/marqueurs-geants\/","title":{"rendered":"Marqueurs g\u00e9ants avec encoches"},"content":{"rendered":"","protected":false},"excerpt":{"rendered":"<p>C\u00f4nes de marquage pratiques avec des encoches pour l&rsquo;utilisation comme haie<\/p>\n<ul>\n<li>Set de 12 pi\u00e8ces<\/li>\n<li>4 marqueurs de chaque couleur bleu, jaune et rouge<\/li>\n<li>poign\u00e9e de transport incluse <\/li>\n<li>peut \u00eatre utilis\u00e9 de mani\u00e8re optimale comme haie avec la <a href=\"https:\/\/ruckstuhlsport.ch\/fr\/materiel-dentrainement\/delimitations\/jalon-marquage-100cm\/\">barre de marquage<\/a> (non incluse)<\/li>\n<\/ul>\n","protected":false},"featured_media":15657,"template":"","meta":{"_crdt_document":"","_uag_custom_page_level_css":"","site-sidebar-layout":"default","site-content-layout":"default","ast-site-content-layout":"default","site-content-style":"default","site-sidebar-style":"default","ast-global-header-display":"","ast-banner-title-visibility":"","ast-main-header-display":"","ast-hfb-above-header-display":"","ast-hfb-below-header-display":"","ast-hfb-mobile-header-display":"","site-post-title":"","ast-breadcrumbs-content":"","ast-featured-img":"","footer-sml-layout":"","ast-disable-related-posts":"","theme-transparent-header-meta":"default","adv-header-id-meta":"","stick-header-meta":"default","header-above-stick-meta":"","header-main-stick-meta":"","header-below-stick-meta":"","astra-migrate-meta-layouts":"default","ast-page-background-enabled":"default","ast-page-background-meta":{"desktop":{"background-color":"","background-image":"","background-repeat":"repeat","background-position":"center center","background-size":"auto","background-attachment":"scroll","background-type":"","background-media":"","overlay-type":"","overlay-color":"","overlay-opacity":"","overlay-gradient":""},"tablet":{"background-color":"","background-image":"","background-repeat":"repeat","background-position":"center center","background-size":"auto","background-attachment":"scroll","background-type":"","background-media":"","overlay-type":"","overlay-color":"","overlay-opacity":"","overlay-gradient":""},"mobile":{"background-color":"","background-image":"","background-repeat":"repeat","background-position":"center center","background-size":"auto","background-attachment":"scroll","background-type":"","background-media":"","overlay-type":"","overlay-color":"","overlay-opacity":"","overlay-gradient":""}},"ast-content-background-meta":{"desktop":{"background-color":"var(--ast-global-color-5)","background-image":"","background-repeat":"repeat","background-position":"center center","background-size":"auto","background-attachment":"scroll","background-type":"","background-media":"","overlay-type":"","overlay-color":"","overlay-opacity":"","overlay-gradient":""},"tablet":{"background-color":"var(--ast-global-color-5)","background-image":"","background-repeat":"repeat","background-position":"center center","background-size":"auto","background-attachment":"scroll","background-type":"","background-media":"","overlay-type":"","overlay-color":"","overlay-opacity":"","overlay-gradient":""},"mobile":{"background-color":"var(--ast-global-color-5)","background-image":"","background-repeat":"repeat","background-position":"center center","background-size":"auto","background-attachment":"scroll","background-type":"","background-media":"","overlay-type":"","overlay-color":"","overlay-opacity":"","overlay-gradient":""}}},"product_brand":[],"product_cat":[932,933,937,969,938,940,1253,941,942,1262,943,1026,934,935,1251,936],"product_tag":[],"class_list":{"0":"post-15654","1":"product","2":"type-product","3":"status-publish","4":"has-post-thumbnail","6":"product_cat-football","7":"product_cat-materiel-dentrainement-de-football","8":"product_cat-entrainement-de-course","9":"product_cat-haies-entrainement","10":"product_cat-handball","11":"product_cat-entrainement-de-handball","12":"product_cat-delimitation","13":"product_cat-entrainement-de-course-handball","14":"product_cat-materiel-dentrainement","15":"product_cat-plots-de-marquage","16":"product_cat-entrainement-a-la-course","17":"product_cat-haies-dentrainement","18":"product_cat-tennis","19":"product_cat-materiel-dentrainement-tennis","20":"product_cat-cones-de-marquage","21":"product_cat-coordination","22":"product_shipping_class-defaut","23":"pa_ausfuehrung-seul","24":"pa_laenge-4-m-fr","25":"desktop-align-center","26":"tablet-align-center","27":"mobile-align-center","28":"ast-product-gallery-layout-horizontal","29":"ast-product-tabs-layout-horizontal","31":"first","32":"instock","33":"taxable","34":"shipping-taxable","35":"purchasable","36":"product-type-simple"},"uagb_featured_image_src":{"full":["https:\/\/ruckstuhlsport.ch\/wp-content\/uploads\/markierhuetchen-gross-.jpg",1177,1104,false],"thumbnail":["https:\/\/ruckstuhlsport.ch\/wp-content\/uploads\/markierhuetchen-gross--150x150.jpg",150,150,true],"medium":["https:\/\/ruckstuhlsport.ch\/wp-content\/uploads\/markierhuetchen-gross--300x281.jpg",300,281,true],"medium_large":["https:\/\/ruckstuhlsport.ch\/wp-content\/uploads\/markierhuetchen-gross--768x720.jpg",768,720,true],"large":["https:\/\/ruckstuhlsport.ch\/wp-content\/uploads\/markierhuetchen-gross--1024x960.jpg",1024,960,true],"1536x1536":["https:\/\/ruckstuhlsport.ch\/wp-content\/uploads\/markierhuetchen-gross-.jpg",1177,1104,false],"2048x2048":["https:\/\/ruckstuhlsport.ch\/wp-content\/uploads\/markierhuetchen-gross-.jpg",1177,1104,false],"woocommerce_thumbnail":["https:\/\/ruckstuhlsport.ch\/wp-content\/uploads\/markierhuetchen-gross--300x281.jpg",300,281,true],"woocommerce_single":["https:\/\/ruckstuhlsport.ch\/wp-content\/uploads\/markierhuetchen-gross--600x563.jpg",600,563,true],"woocommerce_gallery_thumbnail":["https:\/\/ruckstuhlsport.ch\/wp-content\/uploads\/markierhuetchen-gross--100x100.jpg",100,100,true],"wc_order_status_icon":["https:\/\/ruckstuhlsport.ch\/wp-content\/uploads\/markierhuetchen-gross--32x32.jpg",32,32,true],"dgwt-wcas-product-suggestion":["https:\/\/ruckstuhlsport.ch\/wp-content\/uploads\/markierhuetchen-gross--64x60.jpg",64,60,true]},"uagb_author_info":{"display_name":"admin","author_link":"https:\/\/ruckstuhlsport.ch\/fr\/author\/"},"uagb_comment_info":0,"uagb_excerpt":"C\u00f4nes de marquage pratiques avec des encoches pour l'utilisation comme haie Set de 12 pi\u00e8ces 4 marqueurs de chaque couleur bleu, jaune et rouge poign\u00e9e de transport incluse peut \u00eatre utilis\u00e9 de mani\u00e8re optimale comme haie avec la barre de marquage (non incluse)","_links":{"self":[{"href":"https:\/\/ruckstuhlsport.ch\/fr\/wp-json\/wp\/v2\/product\/15654","targetHints":{"allow":["GET"]}}],"collection":[{"href":"https:\/\/ruckstuhlsport.ch\/fr\/wp-json\/wp\/v2\/product"}],"about":[{"href":"https:\/\/ruckstuhlsport.ch\/fr\/wp-json\/wp\/v2\/types\/product"}],"wp:featuredmedia":[{"embeddable":true,"href":"https:\/\/ruckstuhlsport.ch\/fr\/wp-json\/wp\/v2\/media\/15657"}],"wp:attachment":[{"href":"https:\/\/ruckstuhlsport.ch\/fr\/wp-json\/wp\/v2\/media?parent=15654"}],"wp:term":[{"taxonomy":"product_brand","embeddable":true,"href":"https:\/\/ruckstuhlsport.ch\/fr\/wp-json\/wp\/v2\/product_brand?post=15654"},{"taxonomy":"product_cat","embeddable":true,"href":"https:\/\/ruckstuhlsport.ch\/fr\/wp-json\/wp\/v2\/product_cat?post=15654"},{"taxonomy":"product_tag","embeddable":true,"href":"https:\/\/ruckstuhlsport.ch\/fr\/wp-json\/wp\/v2\/product_tag?post=15654"}],"curies":[{"name":"wp","href":"https:\/\/api.w.org\/{rel}","templated":true}]}}