{"id":15752,"date":"2022-04-09T09:32:12","date_gmt":"2022-04-09T07:32:12","guid":{"rendered":"https:\/\/ruckstuhlsport.ch\/non%20class\u00e9\/quickplay-mini-but-pop-up-152-x-91-cm\/"},"modified":"2025-09-19T14:02:49","modified_gmt":"2025-09-19T12:02:49","slug":"quickplay-mini-but-popup-152x91cm","status":"publish","type":"product","link":"https:\/\/ruckstuhlsport.ch\/fr\/football\/materiel-dentrainement-de-football\/mini-buts\/quickplay-mini-but-popup-152x91cm\/","title":{"rendered":"Quickplay Mini-But Pop-Up, 152 x 91 cm"},"content":{"rendered":"<h3>Forme de but r\u00e9elle<\/h3>\n<p>Contrairement aux autres buts pop-up, le but pop-up r\u00e9volutionnaire QUICKPLAY a la forme d&rsquo;un vrai but de football, de sorte que vous n&rsquo;aurez plus jamais \u00e0 vous soucier de ces buts pop-up ronds !<\/p>\n<h3>Emballage fin &#8211; facile \u00e0 transporter<\/h3>\n<p>Gr\u00e2ce \u00e0 son nouveau design, cette porte pop-up se range dans un sac de transport fin, ce qui rend le transport de plusieurs portes vraiment facile.<\/p>\n<h3>10 secondes de temps d&rsquo;installation<\/h3>\n<p>Le montage se fait en un clin d&rsquo;\u0153il : il suffit de le sortir du sac, de mettre le cadre \u00e0 ressort en position, de placer les deux poteaux pr\u00e9mont\u00e9s et c&rsquo;est parti ! Tout cela prend moins de 10 secondes.<\/p>\n<h3>Le but d&rsquo;entra\u00eenement parfaite<\/h3>\n<p>Que vous souhaitiez jouer au foot avec votre enfant dans le jardin ou organiser des petits jeux pendant une s\u00e9ance d&rsquo;entra\u00eenement, le but pop-up QUICKPLAY est parfait. Sa taille pratique et son montage rapide en font le but d&rsquo;entra\u00eenement parfait.<\/p>\n<p><iframe width=\"1420\" height=\"799\" src=\"https:\/\/www.youtube.com\/embed\/hIkzbVddv7Q\" title=\"YouTube video player\" frameborder=\"0\" allow=\"accelerometer; autoplay; clipboard-write; encrypted-media; gyroscope; picture-in-picture\" allowfullscreen=\"\"><\/iframe><\/p>\n","protected":false},"excerpt":{"rendered":"<ul>\n<li>dimensions 152 x 91 cm<\/li>\n<li>mis en place en 10 secondes<\/li>\n<li>se d\u00e9compose en 10 secondes<\/li>\n<li>sardines incluses pour la fixation au sol<\/li>\n<li>avec sac de transport pratique<\/li>\n<\/ul>\n","protected":false},"featured_media":15751,"template":"","meta":{"_crdt_document":"","_uag_custom_page_level_css":"","site-sidebar-layout":"default","site-content-layout":"default","ast-site-content-layout":"default","site-content-style":"default","site-sidebar-style":"default","ast-global-header-display":"","ast-banner-title-visibility":"","ast-main-header-display":"","ast-hfb-above-header-display":"","ast-hfb-below-header-display":"","ast-hfb-mobile-header-display":"","site-post-title":"","ast-breadcrumbs-content":"","ast-featured-img":"","footer-sml-layout":"","ast-disable-related-posts":"","theme-transparent-header-meta":"default","adv-header-id-meta":"","stick-header-meta":"default","header-above-stick-meta":"","header-main-stick-meta":"","header-below-stick-meta":"","astra-migrate-meta-layouts":"default","ast-page-background-enabled":"default","ast-page-background-meta":{"desktop":{"background-color":"","background-image":"","background-repeat":"repeat","background-position":"center center","background-size":"auto","background-attachment":"scroll","background-type":"","background-media":"","overlay-type":"","overlay-color":"","overlay-opacity":"","overlay-gradient":""},"tablet":{"background-color":"","background-image":"","background-repeat":"repeat","background-position":"center center","background-size":"auto","background-attachment":"scroll","background-type":"","background-media":"","overlay-type":"","overlay-color":"","overlay-opacity":"","overlay-gradient":""},"mobile":{"background-color":"","background-image":"","background-repeat":"repeat","background-position":"center center","background-size":"auto","background-attachment":"scroll","background-type":"","background-media":"","overlay-type":"","overlay-color":"","overlay-opacity":"","overlay-gradient":""}},"ast-content-background-meta":{"desktop":{"background-color":"var(--ast-global-color-5)","background-image":"","background-repeat":"repeat","background-position":"center center","background-size":"auto","background-attachment":"scroll","background-type":"","background-media":"","overlay-type":"","overlay-color":"","overlay-opacity":"","overlay-gradient":""},"tablet":{"background-color":"var(--ast-global-color-5)","background-image":"","background-repeat":"repeat","background-position":"center center","background-size":"auto","background-attachment":"scroll","background-type":"","background-media":"","overlay-type":"","overlay-color":"","overlay-opacity":"","overlay-gradient":""},"mobile":{"background-color":"var(--ast-global-color-5)","background-image":"","background-repeat":"repeat","background-position":"center center","background-size":"auto","background-attachment":"scroll","background-type":"","background-media":"","overlay-type":"","overlay-color":"","overlay-opacity":"","overlay-gradient":""}}},"product_brand":[],"product_cat":[972,932,989,1496,1497,933],"product_tag":[],"class_list":{"0":"post-15752","1":"product","2":"type-product","3":"status-publish","4":"has-post-thumbnail","6":"product_cat-mini-buts","7":"product_cat-football","8":"product_cat-equipement-terrain-foot","9":"product_cat-buts-de-football","10":"product_cat-mini-buts-football","11":"product_cat-materiel-dentrainement-de-football","12":"product_shipping_class-defaut","13":"desktop-align-center","14":"tablet-align-center","15":"mobile-align-center","16":"ast-product-gallery-layout-horizontal","17":"ast-product-gallery-with-no-image","18":"ast-product-tabs-layout-horizontal","20":"first","21":"instock","22":"taxable","23":"shipping-taxable","24":"purchasable","25":"product-type-simple"},"uagb_featured_image_src":{"full":["https:\/\/ruckstuhlsport.ch\/wp-content\/uploads\/Quickplay-pop-up-tor-5-152x91cm.jpg",720,720,false],"thumbnail":["https:\/\/ruckstuhlsport.ch\/wp-content\/uploads\/Quickplay-pop-up-tor-5-152x91cm-150x150.jpg",150,150,true],"medium":["https:\/\/ruckstuhlsport.ch\/wp-content\/uploads\/Quickplay-pop-up-tor-5-152x91cm-300x300.jpg",300,300,true],"medium_large":["https:\/\/ruckstuhlsport.ch\/wp-content\/uploads\/Quickplay-pop-up-tor-5-152x91cm.jpg",720,720,false],"large":["https:\/\/ruckstuhlsport.ch\/wp-content\/uploads\/Quickplay-pop-up-tor-5-152x91cm.jpg",720,720,false],"1536x1536":["https:\/\/ruckstuhlsport.ch\/wp-content\/uploads\/Quickplay-pop-up-tor-5-152x91cm.jpg",720,720,false],"2048x2048":["https:\/\/ruckstuhlsport.ch\/wp-content\/uploads\/Quickplay-pop-up-tor-5-152x91cm.jpg",720,720,false],"woocommerce_thumbnail":["https:\/\/ruckstuhlsport.ch\/wp-content\/uploads\/Quickplay-pop-up-tor-5-152x91cm-300x300.jpg",300,300,true],"woocommerce_single":["https:\/\/ruckstuhlsport.ch\/wp-content\/uploads\/Quickplay-pop-up-tor-5-152x91cm-600x600.jpg",600,600,true],"woocommerce_gallery_thumbnail":["https:\/\/ruckstuhlsport.ch\/wp-content\/uploads\/Quickplay-pop-up-tor-5-152x91cm-100x100.jpg",100,100,true],"wc_order_status_icon":["https:\/\/ruckstuhlsport.ch\/wp-content\/uploads\/Quickplay-pop-up-tor-5-152x91cm-32x32.jpg",32,32,true],"dgwt-wcas-product-suggestion":["https:\/\/ruckstuhlsport.ch\/wp-content\/uploads\/Quickplay-pop-up-tor-5-152x91cm-64x64.jpg",64,64,true]},"uagb_author_info":{"display_name":"admin","author_link":"https:\/\/ruckstuhlsport.ch\/fr\/author\/"},"uagb_comment_info":0,"uagb_excerpt":"dimensions 152 x 91 cm mis en place en 10 secondes se d\u00e9compose en 10 secondes sardines incluses pour la fixation au sol avec sac de transport pratique","_links":{"self":[{"href":"https:\/\/ruckstuhlsport.ch\/fr\/wp-json\/wp\/v2\/product\/15752","targetHints":{"allow":["GET"]}}],"collection":[{"href":"https:\/\/ruckstuhlsport.ch\/fr\/wp-json\/wp\/v2\/product"}],"about":[{"href":"https:\/\/ruckstuhlsport.ch\/fr\/wp-json\/wp\/v2\/types\/product"}],"wp:featuredmedia":[{"embeddable":true,"href":"https:\/\/ruckstuhlsport.ch\/fr\/wp-json\/wp\/v2\/media\/15751"}],"wp:attachment":[{"href":"https:\/\/ruckstuhlsport.ch\/fr\/wp-json\/wp\/v2\/media?parent=15752"}],"wp:term":[{"taxonomy":"product_brand","embeddable":true,"href":"https:\/\/ruckstuhlsport.ch\/fr\/wp-json\/wp\/v2\/product_brand?post=15752"},{"taxonomy":"product_cat","embeddable":true,"href":"https:\/\/ruckstuhlsport.ch\/fr\/wp-json\/wp\/v2\/product_cat?post=15752"},{"taxonomy":"product_tag","embeddable":true,"href":"https:\/\/ruckstuhlsport.ch\/fr\/wp-json\/wp\/v2\/product_tag?post=15752"}],"curies":[{"name":"wp","href":"https:\/\/api.w.org\/{rel}","templated":true}]}}