{"id":16187,"date":"2023-01-20T13:09:00","date_gmt":"2023-01-20T12:09:00","guid":{"rendered":"https:\/\/ruckstuhlsport.ch\/?post_type=product&#038;p=16187"},"modified":"2025-09-19T14:03:07","modified_gmt":"2025-09-19T12:03:07","slug":"set-mannequin-football","status":"publish","type":"product","link":"https:\/\/ruckstuhlsport.ch\/fr\/football\/materiel-dentrainement-de-football\/murs-de-coup-franc\/set-mannequin-football\/","title":{"rendered":"Set de mur de francs-tireurs en m\u00e9tal"},"content":{"rendered":"","protected":false},"excerpt":{"rendered":"<p>Mannequins de football en m\u00e9tal jaune de haute qualit\u00e9, id\u00e9aux pour les exercices de coups francs professionnels. Ces mannequins robustes mesurent 180 cm de haut et offrent une bonne stabilit\u00e9 sur un terrain naturel gr\u00e2ce \u00e0 des ressorts de basculement et quatre crampons. <\/p>\n<ul>\n<li>Hauteur : 180 cm<\/li>\n<li>Mannequin avec ressorts de basculement pour des mouvements r\u00e9alistes<\/li>\n<li>Ancrage stable gr\u00e2ce \u00e0 4 crampons<\/li>\n<li>Lot de 5 pi\u00e8ces<\/li>\n<li><a href=\"https:\/\/ruckstuhlsport.ch\/fr\/football\/materiel-dentrainement-de-football\/murs-de-coup-franc\/embase-mannequin-de-coup-franc-en-metal\/\">Socles pour utilisation sur gazon synth\u00e9tique<\/a> vendus s\u00e9par\u00e9ment<\/li>\n<\/ul>\n<p>Optimisez votre entra\u00eenement avec ce kit de mur de coups francs en m\u00e9tal durable et fiable.<\/p>\n","protected":false},"featured_media":16193,"template":"","meta":{"_crdt_document":"","_uag_custom_page_level_css":"","site-sidebar-layout":"default","site-content-layout":"default","ast-site-content-layout":"default","site-content-style":"default","site-sidebar-style":"default","ast-global-header-display":"","ast-banner-title-visibility":"","ast-main-header-display":"","ast-hfb-above-header-display":"","ast-hfb-below-header-display":"","ast-hfb-mobile-header-display":"","site-post-title":"","ast-breadcrumbs-content":"","ast-featured-img":"","footer-sml-layout":"","ast-disable-related-posts":"","theme-transparent-header-meta":"default","adv-header-id-meta":"","stick-header-meta":"default","header-above-stick-meta":"","header-main-stick-meta":"","header-below-stick-meta":"","astra-migrate-meta-layouts":"set","ast-page-background-enabled":"default","ast-page-background-meta":{"desktop":{"background-color":"","background-image":"","background-repeat":"repeat","background-position":"center center","background-size":"auto","background-attachment":"scroll","background-type":"","background-media":"","overlay-type":"","overlay-color":"","overlay-opacity":"","overlay-gradient":""},"tablet":{"background-color":"","background-image":"","background-repeat":"repeat","background-position":"center center","background-size":"auto","background-attachment":"scroll","background-type":"","background-media":"","overlay-type":"","overlay-color":"","overlay-opacity":"","overlay-gradient":""},"mobile":{"background-color":"","background-image":"","background-repeat":"repeat","background-position":"center center","background-size":"auto","background-attachment":"scroll","background-type":"","background-media":"","overlay-type":"","overlay-color":"","overlay-opacity":"","overlay-gradient":""}},"ast-content-background-meta":{"desktop":{"background-color":"var(--ast-global-color-5)","background-image":"","background-repeat":"repeat","background-position":"center center","background-size":"auto","background-attachment":"scroll","background-type":"","background-media":"","overlay-type":"","overlay-color":"","overlay-opacity":"","overlay-gradient":""},"tablet":{"background-color":"var(--ast-global-color-5)","background-image":"","background-repeat":"repeat","background-position":"center center","background-size":"auto","background-attachment":"scroll","background-type":"","background-media":"","overlay-type":"","overlay-color":"","overlay-opacity":"","overlay-gradient":""},"mobile":{"background-color":"var(--ast-global-color-5)","background-image":"","background-repeat":"repeat","background-position":"center center","background-size":"auto","background-attachment":"scroll","background-type":"","background-media":"","overlay-type":"","overlay-color":"","overlay-opacity":"","overlay-gradient":""}}},"product_brand":[],"product_cat":[967,932,933],"product_tag":[],"class_list":{"0":"post-16187","1":"product","2":"type-product","3":"status-publish","4":"has-post-thumbnail","6":"product_cat-murs-de-coup-franc","7":"product_cat-football","8":"product_cat-materiel-dentrainement-de-football","9":"pa_farbe-jaune","10":"pa_hoehe-0-60-cm-fr","11":"pa_hoehe-1-m-fr","12":"pa_hoehe-1-5-m-fr","13":"pa_hoehe-10-30-cm-fr","14":"pa_hoehe-10-60-cm-fr","15":"pa_hoehe-10-cm-fr","16":"pa_hoehe-15-30-cm-fr","17":"pa_hoehe-15-cm-fr","18":"pa_hoehe-155-cm-telescopique","19":"pa_hoehe-175-195cm-fr","20":"pa_hoehe-175-cm-fr","21":"pa_hoehe-180-cm-fr","22":"pa_hoehe-20-cm-fr","23":"pa_hoehe-21-cm-fr","24":"pa_hoehe-23-cm-fr","25":"pa_hoehe-24-cm-fr","26":"pa_hoehe-26-cm-fr","27":"pa_hoehe-30-cm-fr","28":"pa_hoehe-31-cm-fr","29":"pa_hoehe-36-cm-fr","30":"pa_hoehe-40-cm-fr","31":"pa_hoehe-50-cm-fr","32":"pa_hoehe-60-cm-fr","33":"pa_hoehe-reglable-en-continu-jusqua-305-cm","34":"pa_hoehe-160-cm-fr","35":"pa_hoehe-205-cm-fr","36":"pa_hoehe-305-cm-fr","37":"pa_hoehe-55-cm-fr","38":"desktop-align-center","39":"tablet-align-center","40":"mobile-align-center","41":"ast-product-gallery-layout-horizontal","42":"ast-product-gallery-with-no-image","43":"ast-product-tabs-layout-horizontal","45":"first","46":"onbackorder","47":"taxable","48":"shipping-taxable","49":"purchasable","50":"product-type-simple"},"uagb_featured_image_src":{"full":["https:\/\/ruckstuhlsport.ch\/wp-content\/uploads\/freistossmauer-set-metall.jpg",1200,775,false],"thumbnail":["https:\/\/ruckstuhlsport.ch\/wp-content\/uploads\/freistossmauer-set-metall-150x150.jpg",150,150,true],"medium":["https:\/\/ruckstuhlsport.ch\/wp-content\/uploads\/freistossmauer-set-metall-300x194.jpg",300,194,true],"medium_large":["https:\/\/ruckstuhlsport.ch\/wp-content\/uploads\/freistossmauer-set-metall-768x496.jpg",768,496,true],"large":["https:\/\/ruckstuhlsport.ch\/wp-content\/uploads\/freistossmauer-set-metall-1024x661.jpg",1024,661,true],"1536x1536":["https:\/\/ruckstuhlsport.ch\/wp-content\/uploads\/freistossmauer-set-metall.jpg",1200,775,false],"2048x2048":["https:\/\/ruckstuhlsport.ch\/wp-content\/uploads\/freistossmauer-set-metall.jpg",1200,775,false],"woocommerce_thumbnail":["https:\/\/ruckstuhlsport.ch\/wp-content\/uploads\/freistossmauer-set-metall-300x194.jpg",300,194,true],"woocommerce_single":["https:\/\/ruckstuhlsport.ch\/wp-content\/uploads\/freistossmauer-set-metall-600x388.jpg",600,388,true],"woocommerce_gallery_thumbnail":["https:\/\/ruckstuhlsport.ch\/wp-content\/uploads\/freistossmauer-set-metall-100x100.jpg",100,100,true],"wc_order_status_icon":["https:\/\/ruckstuhlsport.ch\/wp-content\/uploads\/freistossmauer-set-metall-32x32.jpg",32,32,true],"dgwt-wcas-product-suggestion":["https:\/\/ruckstuhlsport.ch\/wp-content\/uploads\/freistossmauer-set-metall-64x41.jpg",64,41,true]},"uagb_author_info":{"display_name":"admin","author_link":"https:\/\/ruckstuhlsport.ch\/fr\/author\/"},"uagb_comment_info":0,"uagb_excerpt":"Mannequins de football en m\u00e9tal jaune de haute qualit\u00e9, id\u00e9aux pour les exercices de coups francs professionnels. Ces mannequins robustes mesurent 180 cm de haut et offrent une bonne stabilit\u00e9 sur un terrain naturel gr\u00e2ce \u00e0 des ressorts de basculement et quatre crampons. Hauteur : 180 cm Mannequin avec ressorts de basculement pour des mouvements\u2026","_links":{"self":[{"href":"https:\/\/ruckstuhlsport.ch\/fr\/wp-json\/wp\/v2\/product\/16187","targetHints":{"allow":["GET"]}}],"collection":[{"href":"https:\/\/ruckstuhlsport.ch\/fr\/wp-json\/wp\/v2\/product"}],"about":[{"href":"https:\/\/ruckstuhlsport.ch\/fr\/wp-json\/wp\/v2\/types\/product"}],"wp:featuredmedia":[{"embeddable":true,"href":"https:\/\/ruckstuhlsport.ch\/fr\/wp-json\/wp\/v2\/media\/16193"}],"wp:attachment":[{"href":"https:\/\/ruckstuhlsport.ch\/fr\/wp-json\/wp\/v2\/media?parent=16187"}],"wp:term":[{"taxonomy":"product_brand","embeddable":true,"href":"https:\/\/ruckstuhlsport.ch\/fr\/wp-json\/wp\/v2\/product_brand?post=16187"},{"taxonomy":"product_cat","embeddable":true,"href":"https:\/\/ruckstuhlsport.ch\/fr\/wp-json\/wp\/v2\/product_cat?post=16187"},{"taxonomy":"product_tag","embeddable":true,"href":"https:\/\/ruckstuhlsport.ch\/fr\/wp-json\/wp\/v2\/product_tag?post=16187"}],"curies":[{"name":"wp","href":"https:\/\/api.w.org\/{rel}","templated":true}]}}