{"id":16197,"date":"2023-01-20T13:15:14","date_gmt":"2023-01-20T12:15:14","guid":{"rendered":"https:\/\/ruckstuhlsport.ch\/?post_type=product&#038;p=16197"},"modified":"2025-09-19T14:03:04","modified_gmt":"2025-09-19T12:03:04","slug":"embase-mannequin-de-coup-franc-en-metal","status":"publish","type":"product","link":"https:\/\/ruckstuhlsport.ch\/fr\/football\/materiel-dentrainement-de-football\/murs-de-coup-franc\/embase-mannequin-de-coup-franc-en-metal\/","title":{"rendered":"Embase pour mannequin de coup franc en m\u00e9tal"},"content":{"rendered":"","protected":false},"excerpt":{"rendered":"<p>Offrez une stabilit\u00e9 maximale \u00e0 vos mannequins de coup franc gr\u00e2ce \u00e0 ce socle robuste en caoutchouc, sp\u00e9cialement con\u00e7u pour les <a href=\"https:\/\/ruckstuhlsport.ch\/fr\/football\/materiel-dentrainement-de-football\/murs-de-coup-franc\/set-mannequin-football\/\">mannequins de coup franc en m\u00e9tal<\/a>.<\/p>\n<ul>\n<li>Id\u00e9al pour les sols en salle ou les terrains en gazon synth\u00e9tique<\/li>\n<li>Poids d&rsquo;environ 12 kg pour une stabilit\u00e9 optimale<\/li>\n<\/ul>\n<p>Parfaitement adapt\u00e9 aux environnements de formation professionnelle o\u00f9 la stabilit\u00e9 et la durabilit\u00e9 sont n\u00e9cessaires.<\/p>\n","protected":false},"featured_media":16201,"template":"","meta":{"_crdt_document":"","_uag_custom_page_level_css":"","site-sidebar-layout":"default","site-content-layout":"default","ast-site-content-layout":"default","site-content-style":"default","site-sidebar-style":"default","ast-global-header-display":"","ast-banner-title-visibility":"","ast-main-header-display":"","ast-hfb-above-header-display":"","ast-hfb-below-header-display":"","ast-hfb-mobile-header-display":"","site-post-title":"","ast-breadcrumbs-content":"","ast-featured-img":"","footer-sml-layout":"","ast-disable-related-posts":"","theme-transparent-header-meta":"default","adv-header-id-meta":"","stick-header-meta":"default","header-above-stick-meta":"","header-main-stick-meta":"","header-below-stick-meta":"","astra-migrate-meta-layouts":"set","ast-page-background-enabled":"default","ast-page-background-meta":{"desktop":{"background-color":"","background-image":"","background-repeat":"repeat","background-position":"center center","background-size":"auto","background-attachment":"scroll","background-type":"","background-media":"","overlay-type":"","overlay-color":"","overlay-opacity":"","overlay-gradient":""},"tablet":{"background-color":"","background-image":"","background-repeat":"repeat","background-position":"center center","background-size":"auto","background-attachment":"scroll","background-type":"","background-media":"","overlay-type":"","overlay-color":"","overlay-opacity":"","overlay-gradient":""},"mobile":{"background-color":"","background-image":"","background-repeat":"repeat","background-position":"center center","background-size":"auto","background-attachment":"scroll","background-type":"","background-media":"","overlay-type":"","overlay-color":"","overlay-opacity":"","overlay-gradient":""}},"ast-content-background-meta":{"desktop":{"background-color":"var(--ast-global-color-5)","background-image":"","background-repeat":"repeat","background-position":"center center","background-size":"auto","background-attachment":"scroll","background-type":"","background-media":"","overlay-type":"","overlay-color":"","overlay-opacity":"","overlay-gradient":""},"tablet":{"background-color":"var(--ast-global-color-5)","background-image":"","background-repeat":"repeat","background-position":"center center","background-size":"auto","background-attachment":"scroll","background-type":"","background-media":"","overlay-type":"","overlay-color":"","overlay-opacity":"","overlay-gradient":""},"mobile":{"background-color":"var(--ast-global-color-5)","background-image":"","background-repeat":"repeat","background-position":"center center","background-size":"auto","background-attachment":"scroll","background-type":"","background-media":"","overlay-type":"","overlay-color":"","overlay-opacity":"","overlay-gradient":""}}},"product_brand":[],"product_cat":[967,932],"product_tag":[],"class_list":{"0":"post-16197","1":"product","2":"type-product","3":"status-publish","4":"has-post-thumbnail","6":"product_cat-murs-de-coup-franc","7":"product_cat-football","8":"product_shipping_class-defaut","9":"pa_ausfuehrung-accessoires","10":"desktop-align-center","11":"tablet-align-center","12":"mobile-align-center","13":"ast-product-gallery-layout-horizontal","14":"ast-product-gallery-with-no-image","15":"ast-product-tabs-layout-horizontal","17":"first","18":"onbackorder","19":"taxable","20":"shipping-taxable","21":"purchasable","22":"product-type-simple"},"uagb_featured_image_src":{"full":["https:\/\/ruckstuhlsport.ch\/wp-content\/uploads\/sockel-freistoss-dummy-metall.jpg",1464,1200,false],"thumbnail":["https:\/\/ruckstuhlsport.ch\/wp-content\/uploads\/sockel-freistoss-dummy-metall-150x150.jpg",150,150,true],"medium":["https:\/\/ruckstuhlsport.ch\/wp-content\/uploads\/sockel-freistoss-dummy-metall-300x246.jpg",300,246,true],"medium_large":["https:\/\/ruckstuhlsport.ch\/wp-content\/uploads\/sockel-freistoss-dummy-metall-768x630.jpg",768,630,true],"large":["https:\/\/ruckstuhlsport.ch\/wp-content\/uploads\/sockel-freistoss-dummy-metall-1024x839.jpg",1024,839,true],"1536x1536":["https:\/\/ruckstuhlsport.ch\/wp-content\/uploads\/sockel-freistoss-dummy-metall.jpg",1464,1200,false],"2048x2048":["https:\/\/ruckstuhlsport.ch\/wp-content\/uploads\/sockel-freistoss-dummy-metall.jpg",1464,1200,false],"woocommerce_thumbnail":["https:\/\/ruckstuhlsport.ch\/wp-content\/uploads\/sockel-freistoss-dummy-metall-300x246.jpg",300,246,true],"woocommerce_single":["https:\/\/ruckstuhlsport.ch\/wp-content\/uploads\/sockel-freistoss-dummy-metall-600x492.jpg",600,492,true],"woocommerce_gallery_thumbnail":["https:\/\/ruckstuhlsport.ch\/wp-content\/uploads\/sockel-freistoss-dummy-metall-100x100.jpg",100,100,true],"wc_order_status_icon":["https:\/\/ruckstuhlsport.ch\/wp-content\/uploads\/sockel-freistoss-dummy-metall-32x32.jpg",32,32,true],"dgwt-wcas-product-suggestion":["https:\/\/ruckstuhlsport.ch\/wp-content\/uploads\/sockel-freistoss-dummy-metall-64x52.jpg",64,52,true]},"uagb_author_info":{"display_name":"admin","author_link":"https:\/\/ruckstuhlsport.ch\/fr\/author\/"},"uagb_comment_info":0,"uagb_excerpt":"Offrez une stabilit\u00e9 maximale \u00e0 vos mannequins de coup franc gr\u00e2ce \u00e0 ce socle robuste en caoutchouc, sp\u00e9cialement con\u00e7u pour les mannequins de coup franc en m\u00e9tal. Id\u00e9al pour les sols en salle ou les terrains en gazon synth\u00e9tique Poids d'environ 12 kg pour une stabilit\u00e9 optimale Parfaitement adapt\u00e9 aux environnements de formation professionnelle o\u00f9\u2026","_links":{"self":[{"href":"https:\/\/ruckstuhlsport.ch\/fr\/wp-json\/wp\/v2\/product\/16197","targetHints":{"allow":["GET"]}}],"collection":[{"href":"https:\/\/ruckstuhlsport.ch\/fr\/wp-json\/wp\/v2\/product"}],"about":[{"href":"https:\/\/ruckstuhlsport.ch\/fr\/wp-json\/wp\/v2\/types\/product"}],"wp:featuredmedia":[{"embeddable":true,"href":"https:\/\/ruckstuhlsport.ch\/fr\/wp-json\/wp\/v2\/media\/16201"}],"wp:attachment":[{"href":"https:\/\/ruckstuhlsport.ch\/fr\/wp-json\/wp\/v2\/media?parent=16197"}],"wp:term":[{"taxonomy":"product_brand","embeddable":true,"href":"https:\/\/ruckstuhlsport.ch\/fr\/wp-json\/wp\/v2\/product_brand?post=16197"},{"taxonomy":"product_cat","embeddable":true,"href":"https:\/\/ruckstuhlsport.ch\/fr\/wp-json\/wp\/v2\/product_cat?post=16197"},{"taxonomy":"product_tag","embeddable":true,"href":"https:\/\/ruckstuhlsport.ch\/fr\/wp-json\/wp\/v2\/product_tag?post=16197"}],"curies":[{"name":"wp","href":"https:\/\/api.w.org\/{rel}","templated":true}]}}