{"id":16726,"date":"2023-05-03T14:41:58","date_gmt":"2023-05-05T11:26:01","guid":{"rendered":"https:\/\/ruckstuhlsport.ch\/non%20class\u00e9\/chasuble-2-couleurs\/"},"modified":"2023-12-30T10:45:49","modified_gmt":"2023-12-30T09:45:49","slug":"chasuble-2-couleurs","status":"publish","type":"product","link":"https:\/\/ruckstuhlsport.ch\/fr\/materiel-dentrainement\/chasubles-entrainement\/chasuble-2-couleurs\/","title":{"rendered":"Chasuble 2 couleurs"},"content":{"rendered":"<p>Le surmaillot bicolore est un accessoire d&rsquo;entra\u00eenement pratique pour diff\u00e9rentes activit\u00e9s, mais surtout pour les entra\u00eenements d&rsquo;\u00e9quipe Il est fabriqu\u00e9 dans un mat\u00e9riau l\u00e9ger et respirant qui est agr\u00e9able sur la peau et assure un port confortable. Le maillot est con\u00e7u en deux couleurs, ce qui permet de cr\u00e9er facilement une tenue ou de se distinguer des autres membres du groupe.<\/p>\n<p>Il est facile \u00e0 enfiler par-dessus d&rsquo;autres v\u00eatements et peut \u00eatre retir\u00e9 et remis rapidement en cas de besoin. Les couleurs vives du maillot.<\/p>\n<p>Le maillot est disponible en 4 combinaisons de couleurs diff\u00e9rentes<\/p>\n","protected":false},"excerpt":{"rendered":"<ul>\n<li>Maillot d&rsquo;entra\u00eenement en 2 couleurs<\/li>\n<li>\u00e0 l&rsquo;int\u00e9rieur avec une deuxi\u00e8me couleur<\/li>\n<li>pour les adultes<\/li>\n<li>perm\u00e9able au vent<\/li>\n<li>Dimensions: 76cm x 60cm (hauteur x largeur)<\/li>\n<\/ul>\n","protected":false},"featured_media":16703,"template":"","meta":{"_crdt_document":"","_uag_custom_page_level_css":"","site-sidebar-layout":"default","site-content-layout":"default","ast-site-content-layout":"default","site-content-style":"default","site-sidebar-style":"default","ast-global-header-display":"","ast-banner-title-visibility":"","ast-main-header-display":"","ast-hfb-above-header-display":"","ast-hfb-below-header-display":"","ast-hfb-mobile-header-display":"","site-post-title":"","ast-breadcrumbs-content":"","ast-featured-img":"","footer-sml-layout":"","ast-disable-related-posts":"","theme-transparent-header-meta":"default","adv-header-id-meta":"","stick-header-meta":"default","header-above-stick-meta":"","header-main-stick-meta":"","header-below-stick-meta":"","astra-migrate-meta-layouts":"default","ast-page-background-enabled":"default","ast-page-background-meta":{"desktop":{"background-color":"","background-image":"","background-repeat":"repeat","background-position":"center center","background-size":"auto","background-attachment":"scroll","background-type":"","background-media":"","overlay-type":"","overlay-color":"","overlay-opacity":"","overlay-gradient":""},"tablet":{"background-color":"","background-image":"","background-repeat":"repeat","background-position":"center center","background-size":"auto","background-attachment":"scroll","background-type":"","background-media":"","overlay-type":"","overlay-color":"","overlay-opacity":"","overlay-gradient":""},"mobile":{"background-color":"","background-image":"","background-repeat":"repeat","background-position":"center center","background-size":"auto","background-attachment":"scroll","background-type":"","background-media":"","overlay-type":"","overlay-color":"","overlay-opacity":"","overlay-gradient":""}},"ast-content-background-meta":{"desktop":{"background-color":"var(--ast-global-color-5)","background-image":"","background-repeat":"repeat","background-position":"center center","background-size":"auto","background-attachment":"scroll","background-type":"","background-media":"","overlay-type":"","overlay-color":"","overlay-opacity":"","overlay-gradient":""},"tablet":{"background-color":"var(--ast-global-color-5)","background-image":"","background-repeat":"repeat","background-position":"center center","background-size":"auto","background-attachment":"scroll","background-type":"","background-media":"","overlay-type":"","overlay-color":"","overlay-opacity":"","overlay-gradient":""},"mobile":{"background-color":"var(--ast-global-color-5)","background-image":"","background-repeat":"repeat","background-position":"center center","background-size":"auto","background-attachment":"scroll","background-type":"","background-media":"","overlay-type":"","overlay-color":"","overlay-opacity":"","overlay-gradient":""}}},"product_brand":[],"product_cat":[933,1551,942,1563],"product_tag":[],"class_list":{"0":"post-16726","1":"product","2":"type-product","3":"status-publish","4":"has-post-thumbnail","6":"product_cat-materiel-dentrainement-de-football","7":"product_cat-chasubles-dentrainement","8":"product_cat-materiel-dentrainement","9":"product_cat-chasubles-entrainement","10":"pa_farbe-bleu-rouge","11":"pa_farbe-bleu-vert","12":"pa_farbe-noir-gris","13":"pa_farbe-orange-jaune","14":"desktop-align-center","15":"tablet-align-center","16":"mobile-align-center","17":"ast-product-gallery-layout-horizontal","18":"ast-product-single-variable","19":"ast-product-tabs-layout-horizontal","21":"first","22":"onbackorder","23":"taxable","24":"shipping-taxable","25":"purchasable","26":"product-type-variable"},"uagb_featured_image_src":{"full":["https:\/\/ruckstuhlsport.ch\/wp-content\/uploads\/trainingsleibchen-2farbig-auswahl.png",1000,1000,false],"thumbnail":["https:\/\/ruckstuhlsport.ch\/wp-content\/uploads\/trainingsleibchen-2farbig-auswahl-150x150.png",150,150,true],"medium":["https:\/\/ruckstuhlsport.ch\/wp-content\/uploads\/trainingsleibchen-2farbig-auswahl-300x300.png",300,300,true],"medium_large":["https:\/\/ruckstuhlsport.ch\/wp-content\/uploads\/trainingsleibchen-2farbig-auswahl-768x768.png",768,768,true],"large":["https:\/\/ruckstuhlsport.ch\/wp-content\/uploads\/trainingsleibchen-2farbig-auswahl.png",1000,1000,false],"1536x1536":["https:\/\/ruckstuhlsport.ch\/wp-content\/uploads\/trainingsleibchen-2farbig-auswahl.png",1000,1000,false],"2048x2048":["https:\/\/ruckstuhlsport.ch\/wp-content\/uploads\/trainingsleibchen-2farbig-auswahl.png",1000,1000,false],"woocommerce_thumbnail":["https:\/\/ruckstuhlsport.ch\/wp-content\/uploads\/trainingsleibchen-2farbig-auswahl-300x300.png",300,300,true],"woocommerce_single":["https:\/\/ruckstuhlsport.ch\/wp-content\/uploads\/trainingsleibchen-2farbig-auswahl-600x600.png",600,600,true],"woocommerce_gallery_thumbnail":["https:\/\/ruckstuhlsport.ch\/wp-content\/uploads\/trainingsleibchen-2farbig-auswahl-100x100.png",100,100,true],"wc_order_status_icon":["https:\/\/ruckstuhlsport.ch\/wp-content\/uploads\/trainingsleibchen-2farbig-auswahl-32x32.png",32,32,true],"dgwt-wcas-product-suggestion":["https:\/\/ruckstuhlsport.ch\/wp-content\/uploads\/trainingsleibchen-2farbig-auswahl-64x64.png",64,64,true]},"uagb_author_info":{"display_name":"admin","author_link":"https:\/\/ruckstuhlsport.ch\/fr\/author\/"},"uagb_comment_info":0,"uagb_excerpt":"Maillot d'entra\u00eenement en 2 couleurs \u00e0 l'int\u00e9rieur avec une deuxi\u00e8me couleur pour les adultes perm\u00e9able au vent Dimensions: 76cm x 60cm (hauteur x largeur)","_links":{"self":[{"href":"https:\/\/ruckstuhlsport.ch\/fr\/wp-json\/wp\/v2\/product\/16726","targetHints":{"allow":["GET"]}}],"collection":[{"href":"https:\/\/ruckstuhlsport.ch\/fr\/wp-json\/wp\/v2\/product"}],"about":[{"href":"https:\/\/ruckstuhlsport.ch\/fr\/wp-json\/wp\/v2\/types\/product"}],"wp:featuredmedia":[{"embeddable":true,"href":"https:\/\/ruckstuhlsport.ch\/fr\/wp-json\/wp\/v2\/media\/16703"}],"wp:attachment":[{"href":"https:\/\/ruckstuhlsport.ch\/fr\/wp-json\/wp\/v2\/media?parent=16726"}],"wp:term":[{"taxonomy":"product_brand","embeddable":true,"href":"https:\/\/ruckstuhlsport.ch\/fr\/wp-json\/wp\/v2\/product_brand?post=16726"},{"taxonomy":"product_cat","embeddable":true,"href":"https:\/\/ruckstuhlsport.ch\/fr\/wp-json\/wp\/v2\/product_cat?post=16726"},{"taxonomy":"product_tag","embeddable":true,"href":"https:\/\/ruckstuhlsport.ch\/fr\/wp-json\/wp\/v2\/product_tag?post=16726"}],"curies":[{"name":"wp","href":"https:\/\/api.w.org\/{rel}","templated":true}]}}