{"id":16862,"date":"2023-08-21T13:31:18","date_gmt":"2023-11-11T06:44:36","guid":{"rendered":"https:\/\/ruckstuhlsport.ch\/?post_type=product&#038;p=16862"},"modified":"2023-12-30T10:45:51","modified_gmt":"2023-12-30T09:45:51","slug":"chasuble-2couleurs-juniors","status":"publish","type":"product","link":"https:\/\/ruckstuhlsport.ch\/fr\/materiel-dentrainement\/chasubles-entrainement\/chasuble-2couleurs-juniors\/","title":{"rendered":"Chasuble 2-couleurs, Junior"},"content":{"rendered":"<h2 id=\"trainingsleibchen-2-farbig-junior\">Chasuble 2-couleurs, Junior<\/h2>\n<p>Le chasuble d&rsquo;entra\u00eenement bicolore Junior est un must-have pour les jeunes sportifs. Avec son design bicolore accrocheur, il attirera \u00e0 coup s\u00fbr tous les regards. Que ce soit pour le football, le basket-ball ou d&rsquo;autres sports d&rsquo;\u00e9quipe, ce maillot veille \u00e0 ce que tu sois toujours bien visible \u00e0 l&rsquo;entra\u00eenement.<\/p>\n<p>Le mat\u00e9riau de haute qualit\u00e9 garantit un port confortable et une longue dur\u00e9e de vie. Gr\u00e2ce \u00e0 sa coupe optimale, il offre une libert\u00e9 de mouvement maximale et peut \u00eatre port\u00e9 sans probl\u00e8me par-dessus les v\u00eatements de sport. De plus, le maillot s&rsquo;enfile et s&rsquo;enl\u00e8ve rapidement et facilement.<\/p>\n<p>Les couleurs vives font de toi le point de mire sur le terrain et permettent de distinguer clairement les \u00e9quipes. La haute visibilit\u00e9 am\u00e9liore la communication et l&rsquo;interaction pendant l&rsquo;entra\u00eenement. Montre ton esprit d&rsquo;\u00e9quipe et am\u00e9liore tes performances avec le maillot d&rsquo;entra\u00eenement bicolore Junior.<\/p>\n<p>Commande maintenant et deviens une star sur le terrain ! ????<\/p>\n","protected":false},"excerpt":{"rendered":"<ul>\n<li>Maillot d&rsquo;entra\u00eenement en 2 couleurs<\/li>\n<li>\u00e0 l&rsquo;int\u00e9rieur avec une deuxi\u00e8me couleur<\/li>\n<li>pour les enfants<\/li>\n<li>perm\u00e9able au vent<\/li>\n<li>Taille : 56cm x 48cm (hauteur x largeur)<\/li>\n<\/ul>\n","protected":false},"featured_media":16872,"template":"","meta":{"_crdt_document":"","_uag_custom_page_level_css":"","site-sidebar-layout":"default","site-content-layout":"default","ast-site-content-layout":"default","site-content-style":"default","site-sidebar-style":"default","ast-global-header-display":"","ast-banner-title-visibility":"","ast-main-header-display":"","ast-hfb-above-header-display":"","ast-hfb-below-header-display":"","ast-hfb-mobile-header-display":"","site-post-title":"","ast-breadcrumbs-content":"","ast-featured-img":"","footer-sml-layout":"","ast-disable-related-posts":"","theme-transparent-header-meta":"default","adv-header-id-meta":"","stick-header-meta":"default","header-above-stick-meta":"","header-main-stick-meta":"","header-below-stick-meta":"","astra-migrate-meta-layouts":"default","ast-page-background-enabled":"default","ast-page-background-meta":{"desktop":{"background-color":"","background-image":"","background-repeat":"repeat","background-position":"center center","background-size":"auto","background-attachment":"scroll","background-type":"","background-media":"","overlay-type":"","overlay-color":"","overlay-opacity":"","overlay-gradient":""},"tablet":{"background-color":"","background-image":"","background-repeat":"repeat","background-position":"center center","background-size":"auto","background-attachment":"scroll","background-type":"","background-media":"","overlay-type":"","overlay-color":"","overlay-opacity":"","overlay-gradient":""},"mobile":{"background-color":"","background-image":"","background-repeat":"repeat","background-position":"center center","background-size":"auto","background-attachment":"scroll","background-type":"","background-media":"","overlay-type":"","overlay-color":"","overlay-opacity":"","overlay-gradient":""}},"ast-content-background-meta":{"desktop":{"background-color":"var(--ast-global-color-5)","background-image":"","background-repeat":"repeat","background-position":"center center","background-size":"auto","background-attachment":"scroll","background-type":"","background-media":"","overlay-type":"","overlay-color":"","overlay-opacity":"","overlay-gradient":""},"tablet":{"background-color":"var(--ast-global-color-5)","background-image":"","background-repeat":"repeat","background-position":"center center","background-size":"auto","background-attachment":"scroll","background-type":"","background-media":"","overlay-type":"","overlay-color":"","overlay-opacity":"","overlay-gradient":""},"mobile":{"background-color":"var(--ast-global-color-5)","background-image":"","background-repeat":"repeat","background-position":"center center","background-size":"auto","background-attachment":"scroll","background-type":"","background-media":"","overlay-type":"","overlay-color":"","overlay-opacity":"","overlay-gradient":""}}},"product_brand":[],"product_cat":[933,1551,942,1563],"product_tag":[],"class_list":{"0":"post-16862","1":"product","2":"type-product","3":"status-publish","4":"has-post-thumbnail","6":"product_cat-materiel-dentrainement-de-football","7":"product_cat-chasubles-dentrainement","8":"product_cat-materiel-dentrainement","9":"product_cat-chasubles-entrainement","10":"pa_farbe-bleu-rouge","11":"pa_farbe-bleu-vert","12":"pa_farbe-noir-gris","13":"pa_farbe-orange-jaune","14":"desktop-align-center","15":"tablet-align-center","16":"mobile-align-center","17":"ast-product-gallery-layout-horizontal","18":"ast-product-single-variable","19":"ast-product-tabs-layout-horizontal","21":"first","22":"onbackorder","23":"taxable","24":"shipping-taxable","25":"purchasable","26":"product-type-variable"},"uagb_featured_image_src":{"full":["https:\/\/ruckstuhlsport.ch\/wp-content\/uploads\/trainingsleibchen-2farbig-junior-auswahl.png",1512,1512,false],"thumbnail":["https:\/\/ruckstuhlsport.ch\/wp-content\/uploads\/trainingsleibchen-2farbig-junior-auswahl-150x150.png",150,150,true],"medium":["https:\/\/ruckstuhlsport.ch\/wp-content\/uploads\/trainingsleibchen-2farbig-junior-auswahl-300x300.png",300,300,true],"medium_large":["https:\/\/ruckstuhlsport.ch\/wp-content\/uploads\/trainingsleibchen-2farbig-junior-auswahl-768x768.png",768,768,true],"large":["https:\/\/ruckstuhlsport.ch\/wp-content\/uploads\/trainingsleibchen-2farbig-junior-auswahl-1024x1024.png",1024,1024,true],"1536x1536":["https:\/\/ruckstuhlsport.ch\/wp-content\/uploads\/trainingsleibchen-2farbig-junior-auswahl.png",1512,1512,false],"2048x2048":["https:\/\/ruckstuhlsport.ch\/wp-content\/uploads\/trainingsleibchen-2farbig-junior-auswahl.png",1512,1512,false],"woocommerce_thumbnail":["https:\/\/ruckstuhlsport.ch\/wp-content\/uploads\/trainingsleibchen-2farbig-junior-auswahl-300x300.png",300,300,true],"woocommerce_single":["https:\/\/ruckstuhlsport.ch\/wp-content\/uploads\/trainingsleibchen-2farbig-junior-auswahl-600x600.png",600,600,true],"woocommerce_gallery_thumbnail":["https:\/\/ruckstuhlsport.ch\/wp-content\/uploads\/trainingsleibchen-2farbig-junior-auswahl-100x100.png",100,100,true],"wc_order_status_icon":["https:\/\/ruckstuhlsport.ch\/wp-content\/uploads\/trainingsleibchen-2farbig-junior-auswahl-32x32.png",32,32,true],"dgwt-wcas-product-suggestion":["https:\/\/ruckstuhlsport.ch\/wp-content\/uploads\/trainingsleibchen-2farbig-junior-auswahl-64x64.png",64,64,true]},"uagb_author_info":{"display_name":"admin","author_link":"https:\/\/ruckstuhlsport.ch\/fr\/author\/"},"uagb_comment_info":0,"uagb_excerpt":"Maillot d'entra\u00eenement en 2 couleurs \u00e0 l'int\u00e9rieur avec une deuxi\u00e8me couleur pour les enfants perm\u00e9able au vent Taille : 56cm x 48cm (hauteur x largeur)","_links":{"self":[{"href":"https:\/\/ruckstuhlsport.ch\/fr\/wp-json\/wp\/v2\/product\/16862","targetHints":{"allow":["GET"]}}],"collection":[{"href":"https:\/\/ruckstuhlsport.ch\/fr\/wp-json\/wp\/v2\/product"}],"about":[{"href":"https:\/\/ruckstuhlsport.ch\/fr\/wp-json\/wp\/v2\/types\/product"}],"wp:featuredmedia":[{"embeddable":true,"href":"https:\/\/ruckstuhlsport.ch\/fr\/wp-json\/wp\/v2\/media\/16872"}],"wp:attachment":[{"href":"https:\/\/ruckstuhlsport.ch\/fr\/wp-json\/wp\/v2\/media?parent=16862"}],"wp:term":[{"taxonomy":"product_brand","embeddable":true,"href":"https:\/\/ruckstuhlsport.ch\/fr\/wp-json\/wp\/v2\/product_brand?post=16862"},{"taxonomy":"product_cat","embeddable":true,"href":"https:\/\/ruckstuhlsport.ch\/fr\/wp-json\/wp\/v2\/product_cat?post=16862"},{"taxonomy":"product_tag","embeddable":true,"href":"https:\/\/ruckstuhlsport.ch\/fr\/wp-json\/wp\/v2\/product_tag?post=16862"}],"curies":[{"name":"wp","href":"https:\/\/api.w.org\/{rel}","templated":true}]}}