{"id":16900,"date":"2023-09-05T16:03:02","date_gmt":"2023-09-05T14:03:02","guid":{"rendered":"https:\/\/ruckstuhlsport.ch\/?post_type=product&#038;p=16900"},"modified":"2023-12-30T10:30:12","modified_gmt":"2023-12-30T09:30:12","slug":"lobster-telecommande-apple-10fonctions","status":"publish","type":"product","link":"https:\/\/ruckstuhlsport.ch\/fr\/tennis\/materiel-dentrainement-tennis\/machine-lance-balles-tennis\/lobster-telecommande-apple-10fonctions\/","title":{"rendered":"Lobster Elite t\u00e9l\u00e9commande pour Apple, 10 fonctions"},"content":{"rendered":"","protected":false},"excerpt":{"rendered":"<p>En achetant ce produit, vous recevrez un r\u00e9cepteur radio qui vous permettra de commander votre machine \u00e0 balles Lobster avec votre appareil Apple.<br \/>\nAucune t\u00e9l\u00e9commande n&rsquo;est fournie. Au lieu de cela, vous pouvez t\u00e9l\u00e9charger l&rsquo;application Lobster Elite Remote Control sur l&rsquo;Apple Store :<br \/>\n<a href=\"https:\/\/apps.apple.com\/ch\/app\/lobster-elite-remote-control\/id1229304810\">Lobster elite remote control im App Store<\/a><\/p>\n<p>convient pour le machines lance-balles de tennis:<\/p>\n<ul>\n<li><a href=\"https:\/\/ruckstuhlsport.ch\/shop\/tennis\/trainingsmaterial-fuers-tennis\/ballwurfmaschinen\/ballmaschine-lobster-elite-2\/\">Lobster Elite 2 <\/a><\/li>\n<li><a href=\"https:\/\/ruckstuhlsport.ch\/shop\/tennis\/trainingsmaterial-fuers-tennis\/ballwurfmaschinen\/ballmaschine-lobster-elite-3\/\">Lobster Elite 3<\/a><\/li>\n<\/ul>\n<p>&nbsp;<\/p>\n","protected":false},"featured_media":16902,"template":"","meta":{"_crdt_document":"","_uag_custom_page_level_css":"","site-sidebar-layout":"default","site-content-layout":"default","ast-site-content-layout":"default","site-content-style":"default","site-sidebar-style":"default","ast-global-header-display":"","ast-banner-title-visibility":"","ast-main-header-display":"","ast-hfb-above-header-display":"","ast-hfb-below-header-display":"","ast-hfb-mobile-header-display":"","site-post-title":"","ast-breadcrumbs-content":"","ast-featured-img":"","footer-sml-layout":"","ast-disable-related-posts":"","theme-transparent-header-meta":"default","adv-header-id-meta":"","stick-header-meta":"default","header-above-stick-meta":"","header-main-stick-meta":"","header-below-stick-meta":"","astra-migrate-meta-layouts":"set","ast-page-background-enabled":"default","ast-page-background-meta":{"desktop":{"background-color":"","background-image":"","background-repeat":"repeat","background-position":"center center","background-size":"auto","background-attachment":"scroll","background-type":"","background-media":"","overlay-type":"","overlay-color":"","overlay-opacity":"","overlay-gradient":""},"tablet":{"background-color":"","background-image":"","background-repeat":"repeat","background-position":"center center","background-size":"auto","background-attachment":"scroll","background-type":"","background-media":"","overlay-type":"","overlay-color":"","overlay-opacity":"","overlay-gradient":""},"mobile":{"background-color":"","background-image":"","background-repeat":"repeat","background-position":"center center","background-size":"auto","background-attachment":"scroll","background-type":"","background-media":"","overlay-type":"","overlay-color":"","overlay-opacity":"","overlay-gradient":""}},"ast-content-background-meta":{"desktop":{"background-color":"var(--ast-global-color-5)","background-image":"","background-repeat":"repeat","background-position":"center center","background-size":"auto","background-attachment":"scroll","background-type":"","background-media":"","overlay-type":"","overlay-color":"","overlay-opacity":"","overlay-gradient":""},"tablet":{"background-color":"var(--ast-global-color-5)","background-image":"","background-repeat":"repeat","background-position":"center center","background-size":"auto","background-attachment":"scroll","background-type":"","background-media":"","overlay-type":"","overlay-color":"","overlay-opacity":"","overlay-gradient":""},"mobile":{"background-color":"var(--ast-global-color-5)","background-image":"","background-repeat":"repeat","background-position":"center center","background-size":"auto","background-attachment":"scroll","background-type":"","background-media":"","overlay-type":"","overlay-color":"","overlay-opacity":"","overlay-gradient":""}}},"product_brand":[],"product_cat":[1339,934,935],"product_tag":[],"class_list":{"0":"post-16900","1":"product","2":"type-product","3":"status-publish","4":"has-post-thumbnail","6":"product_cat-machine-lance-balles-tennis","7":"product_cat-tennis","8":"product_cat-materiel-dentrainement-tennis","9":"product_shipping_class-defaut","10":"desktop-align-center","11":"tablet-align-center","12":"mobile-align-center","13":"ast-product-gallery-layout-horizontal","14":"ast-product-gallery-with-no-image","15":"ast-product-tabs-layout-horizontal","17":"first","18":"onbackorder","19":"taxable","20":"shipping-taxable","21":"purchasable","22":"product-type-simple"},"uagb_featured_image_src":{"full":["https:\/\/ruckstuhlsport.ch\/wp-content\/uploads\/apple-fernbedienung-lobster.jpg",500,312,false],"thumbnail":["https:\/\/ruckstuhlsport.ch\/wp-content\/uploads\/apple-fernbedienung-lobster-150x150.jpg",150,150,true],"medium":["https:\/\/ruckstuhlsport.ch\/wp-content\/uploads\/apple-fernbedienung-lobster-300x187.jpg",300,187,true],"medium_large":["https:\/\/ruckstuhlsport.ch\/wp-content\/uploads\/apple-fernbedienung-lobster.jpg",500,312,false],"large":["https:\/\/ruckstuhlsport.ch\/wp-content\/uploads\/apple-fernbedienung-lobster.jpg",500,312,false],"1536x1536":["https:\/\/ruckstuhlsport.ch\/wp-content\/uploads\/apple-fernbedienung-lobster.jpg",500,312,false],"2048x2048":["https:\/\/ruckstuhlsport.ch\/wp-content\/uploads\/apple-fernbedienung-lobster.jpg",500,312,false],"woocommerce_thumbnail":["https:\/\/ruckstuhlsport.ch\/wp-content\/uploads\/apple-fernbedienung-lobster-300x187.jpg",300,187,true],"woocommerce_single":["https:\/\/ruckstuhlsport.ch\/wp-content\/uploads\/apple-fernbedienung-lobster.jpg",500,312,false],"woocommerce_gallery_thumbnail":["https:\/\/ruckstuhlsport.ch\/wp-content\/uploads\/apple-fernbedienung-lobster-100x100.jpg",100,100,true],"wc_order_status_icon":["https:\/\/ruckstuhlsport.ch\/wp-content\/uploads\/apple-fernbedienung-lobster-32x32.jpg",32,32,true],"dgwt-wcas-product-suggestion":["https:\/\/ruckstuhlsport.ch\/wp-content\/uploads\/apple-fernbedienung-lobster-64x40.jpg",64,40,true]},"uagb_author_info":{"display_name":"admin","author_link":"https:\/\/ruckstuhlsport.ch\/fr\/author\/"},"uagb_comment_info":0,"uagb_excerpt":"En achetant ce produit, vous recevrez un r\u00e9cepteur radio qui vous permettra de commander votre machine \u00e0 balles Lobster avec votre appareil Apple. Aucune t\u00e9l\u00e9commande n'est fournie. Au lieu de cela, vous pouvez t\u00e9l\u00e9charger l'application Lobster Elite Remote Control sur l'Apple Store : Lobster elite remote control im App Store convient pour le machines lance-balles\u2026","_links":{"self":[{"href":"https:\/\/ruckstuhlsport.ch\/fr\/wp-json\/wp\/v2\/product\/16900","targetHints":{"allow":["GET"]}}],"collection":[{"href":"https:\/\/ruckstuhlsport.ch\/fr\/wp-json\/wp\/v2\/product"}],"about":[{"href":"https:\/\/ruckstuhlsport.ch\/fr\/wp-json\/wp\/v2\/types\/product"}],"wp:featuredmedia":[{"embeddable":true,"href":"https:\/\/ruckstuhlsport.ch\/fr\/wp-json\/wp\/v2\/media\/16902"}],"wp:attachment":[{"href":"https:\/\/ruckstuhlsport.ch\/fr\/wp-json\/wp\/v2\/media?parent=16900"}],"wp:term":[{"taxonomy":"product_brand","embeddable":true,"href":"https:\/\/ruckstuhlsport.ch\/fr\/wp-json\/wp\/v2\/product_brand?post=16900"},{"taxonomy":"product_cat","embeddable":true,"href":"https:\/\/ruckstuhlsport.ch\/fr\/wp-json\/wp\/v2\/product_cat?post=16900"},{"taxonomy":"product_tag","embeddable":true,"href":"https:\/\/ruckstuhlsport.ch\/fr\/wp-json\/wp\/v2\/product_tag?post=16900"}],"curies":[{"name":"wp","href":"https:\/\/api.w.org\/{rel}","templated":true}]}}