{"id":16998,"date":"2019-10-30T15:32:40","date_gmt":"2019-10-30T15:32:40","guid":{"rendered":"https:\/\/ruckstuhlsport.ch\/non%20class\u00e9\/tdr-fieldscout-150\/"},"modified":"2023-12-30T10:45:52","modified_gmt":"2023-12-30T09:45:52","slug":"tdr-fieldscout-150","status":"publish","type":"product","link":"https:\/\/ruckstuhlsport.ch\/fr\/greenkeeping\/appareils-de-mesure\/tdr-fieldscout-150\/","title":{"rendered":"Humidim\u00e8tre de sol TDR Fieldscout 150"},"content":{"rendered":"","protected":false},"excerpt":{"rendered":"<p>Le nouveau TDR 150 offre un moyen simple et rapide de mesurer l&rsquo;humidit\u00e9 du sol et la temp\u00e9rature de surface. Mesurer l&rsquo;humidit\u00e9 et la temp\u00e9rature du sol n&rsquo;a jamais \u00e9t\u00e9 aussi simple.<\/p>\n<p>Avec la fonction Bluetooth et GPS en option, la g\u00e9or\u00e9f\u00e9rence est \u00e9galement saisie et enregistr\u00e9e comme partie des donn\u00e9es de mesure.<\/p>\n<ul>\n<li>avec caisse de transport<\/li>\n<li>Transfert de donn\u00e9es par cl\u00e9 USB<\/li>\n<li>compatible avec l&rsquo;application FieldScout App<\/li>\n<li><a href=\"https:\/\/ruckstuhlsport.ch\/greenkeeping\/nadeln-zu-tdr-fieldscout\/\">Pointes<\/a>disponibles s\u00e9par\u00e9ment<\/li>\n<li>en option avec Bluetooth et fonction GPS<\/li>\n<\/ul>\n","protected":false},"featured_media":2522,"template":"","meta":{"_crdt_document":"","_uag_custom_page_level_css":"","site-sidebar-layout":"default","site-content-layout":"default","ast-site-content-layout":"default","site-content-style":"default","site-sidebar-style":"default","ast-global-header-display":"","ast-banner-title-visibility":"","ast-main-header-display":"","ast-hfb-above-header-display":"","ast-hfb-below-header-display":"","ast-hfb-mobile-header-display":"","site-post-title":"","ast-breadcrumbs-content":"","ast-featured-img":"","footer-sml-layout":"","ast-disable-related-posts":"","theme-transparent-header-meta":"default","adv-header-id-meta":"","stick-header-meta":"default","header-above-stick-meta":"","header-main-stick-meta":"","header-below-stick-meta":"","astra-migrate-meta-layouts":"set","ast-page-background-enabled":"default","ast-page-background-meta":{"desktop":{"background-color":"","background-image":"","background-repeat":"repeat","background-position":"center center","background-size":"auto","background-attachment":"scroll","background-type":"","background-media":"","overlay-type":"","overlay-color":"","overlay-opacity":"","overlay-gradient":""},"tablet":{"background-color":"","background-image":"","background-repeat":"repeat","background-position":"center center","background-size":"auto","background-attachment":"scroll","background-type":"","background-media":"","overlay-type":"","overlay-color":"","overlay-opacity":"","overlay-gradient":""},"mobile":{"background-color":"","background-image":"","background-repeat":"repeat","background-position":"center center","background-size":"auto","background-attachment":"scroll","background-type":"","background-media":"","overlay-type":"","overlay-color":"","overlay-opacity":"","overlay-gradient":""}},"ast-content-background-meta":{"desktop":{"background-color":"var(--ast-global-color-5)","background-image":"","background-repeat":"repeat","background-position":"center center","background-size":"auto","background-attachment":"scroll","background-type":"","background-media":"","overlay-type":"","overlay-color":"","overlay-opacity":"","overlay-gradient":""},"tablet":{"background-color":"var(--ast-global-color-5)","background-image":"","background-repeat":"repeat","background-position":"center center","background-size":"auto","background-attachment":"scroll","background-type":"","background-media":"","overlay-type":"","overlay-color":"","overlay-opacity":"","overlay-gradient":""},"mobile":{"background-color":"var(--ast-global-color-5)","background-image":"","background-repeat":"repeat","background-position":"center center","background-size":"auto","background-attachment":"scroll","background-type":"","background-media":"","overlay-type":"","overlay-color":"","overlay-opacity":"","overlay-gradient":""}}},"product_brand":[],"product_cat":[1427,906],"product_tag":[],"class_list":{"0":"post-16998","1":"product","2":"type-product","3":"status-publish","4":"has-post-thumbnail","6":"product_cat-appareils-de-mesure","7":"product_cat-greenkeeping","8":"product_shipping_class-defaut","9":"pa_ausfuehrung-avec-gps-et-bluetooth","10":"pa_ausfuehrung-sans-gps-et-bluetooth-fr","11":"desktop-align-center","12":"tablet-align-center","13":"mobile-align-center","14":"ast-product-gallery-layout-horizontal","15":"ast-product-tabs-layout-horizontal","17":"first","18":"onbackorder","19":"taxable","20":"shipping-taxable","21":"purchasable","22":"product-type-simple"},"uagb_featured_image_src":{"full":["https:\/\/ruckstuhlsport.ch\/wp-content\/uploads\/Fieldscout-TDR-150-RS63150-e1603878464901.jpg",600,472,false],"thumbnail":["https:\/\/ruckstuhlsport.ch\/wp-content\/uploads\/Fieldscout-TDR-150-RS63150-e1603878464901-150x150.jpg",150,150,true],"medium":["https:\/\/ruckstuhlsport.ch\/wp-content\/uploads\/Fieldscout-TDR-150-RS63150-e1603878464901-300x236.jpg",300,236,true],"medium_large":["https:\/\/ruckstuhlsport.ch\/wp-content\/uploads\/Fieldscout-TDR-150-RS63150-e1603878464901.jpg",600,472,false],"large":["https:\/\/ruckstuhlsport.ch\/wp-content\/uploads\/Fieldscout-TDR-150-RS63150-e1603878464901.jpg",600,472,false],"1536x1536":["https:\/\/ruckstuhlsport.ch\/wp-content\/uploads\/Fieldscout-TDR-150-RS63150-e1603878464901.jpg",600,472,false],"2048x2048":["https:\/\/ruckstuhlsport.ch\/wp-content\/uploads\/Fieldscout-TDR-150-RS63150-e1603878464901.jpg",600,472,false],"woocommerce_thumbnail":["https:\/\/ruckstuhlsport.ch\/wp-content\/uploads\/Fieldscout-TDR-150-RS63150-e1603878464901-300x236.jpg",300,236,true],"woocommerce_single":["https:\/\/ruckstuhlsport.ch\/wp-content\/uploads\/Fieldscout-TDR-150-RS63150-e1603878464901.jpg",600,472,false],"woocommerce_gallery_thumbnail":["https:\/\/ruckstuhlsport.ch\/wp-content\/uploads\/Fieldscout-TDR-150-RS63150-e1603878464901-100x100.jpg",100,100,true],"wc_order_status_icon":["https:\/\/ruckstuhlsport.ch\/wp-content\/uploads\/Fieldscout-TDR-150-RS63150-e1603878464901.jpg",32,25,false],"dgwt-wcas-product-suggestion":["https:\/\/ruckstuhlsport.ch\/wp-content\/uploads\/Fieldscout-TDR-150-RS63150-e1603878464901-64x50.jpg",64,50,true]},"uagb_author_info":{"display_name":"admin","author_link":"https:\/\/ruckstuhlsport.ch\/fr\/author\/"},"uagb_comment_info":0,"uagb_excerpt":"Le nouveau TDR 150 offre un moyen simple et rapide de mesurer l'humidit\u00e9 du sol et la temp\u00e9rature de surface. Mesurer l'humidit\u00e9 et la temp\u00e9rature du sol n'a jamais \u00e9t\u00e9 aussi simple. Avec la fonction Bluetooth et GPS en option, la g\u00e9or\u00e9f\u00e9rence est \u00e9galement saisie et enregistr\u00e9e comme partie des donn\u00e9es de mesure. avec caisse\u2026","_links":{"self":[{"href":"https:\/\/ruckstuhlsport.ch\/fr\/wp-json\/wp\/v2\/product\/16998","targetHints":{"allow":["GET"]}}],"collection":[{"href":"https:\/\/ruckstuhlsport.ch\/fr\/wp-json\/wp\/v2\/product"}],"about":[{"href":"https:\/\/ruckstuhlsport.ch\/fr\/wp-json\/wp\/v2\/types\/product"}],"wp:featuredmedia":[{"embeddable":true,"href":"https:\/\/ruckstuhlsport.ch\/fr\/wp-json\/wp\/v2\/media\/2522"}],"wp:attachment":[{"href":"https:\/\/ruckstuhlsport.ch\/fr\/wp-json\/wp\/v2\/media?parent=16998"}],"wp:term":[{"taxonomy":"product_brand","embeddable":true,"href":"https:\/\/ruckstuhlsport.ch\/fr\/wp-json\/wp\/v2\/product_brand?post=16998"},{"taxonomy":"product_cat","embeddable":true,"href":"https:\/\/ruckstuhlsport.ch\/fr\/wp-json\/wp\/v2\/product_cat?post=16998"},{"taxonomy":"product_tag","embeddable":true,"href":"https:\/\/ruckstuhlsport.ch\/fr\/wp-json\/wp\/v2\/product_tag?post=16998"}],"curies":[{"name":"wp","href":"https:\/\/api.w.org\/{rel}","templated":true}]}}