{"id":17216,"date":"2023-10-31T09:49:09","date_gmt":"2023-10-31T08:49:09","guid":{"rendered":"https:\/\/ruckstuhlsport.ch\/?post_type=product&#038;p=17216"},"modified":"2026-02-11T12:37:55","modified_gmt":"2026-02-11T11:37:55","slug":"mini-but-1-20-x-0-80-m-play-more-football-entierement-soude-kopie","status":"publish","type":"product","link":"https:\/\/ruckstuhlsport.ch\/fr\/football\/equipement-terrain-foot\/buts-de-football\/mini-buts-football\/mini-but-1-20-x-0-80-m-play-more-football-entierement-soude-kopie\/","title":{"rendered":"Mini-but 1.20 x 0.80 m \u00ab\u00a0Play More Football\u00a0\u00bb, pliable"},"content":{"rendered":"<h2>Mini-but pour \u00ab\u00a0Play More Football\u00a0\u00bb<\/h2>\n<p>Ce mini but de 1,20 x 0,80 m est un excellent choix pour le nouveau mode de jeu \u00ab\u00a0Play More Football\u00a0\u00bb. Ce mode de jeu se caract\u00e9rise par des terrains plus petits, des \u00e9quipes plus petites et des matchs courts afin de mettre l&rsquo;accent sur la technique, la cr\u00e9ativit\u00e9 et le plaisir de jouer.<\/p>\n<p>La qualit\u00e9 sup\u00e9rieure du mini-but garantit qu&rsquo;il r\u00e9sistera aux demandes de ce mode de jeu et offrira une solution durable. Compar\u00e9 aux buts bon march\u00e9 et de courte dur\u00e9e qui se cassent souvent apr\u00e8s seulement quelques utilisations, le mini-but de Ruckstuhl Sport est un investissement pour l&rsquo;avenir du jeu.<\/p>\n<h2>Construction robuste<\/h2>\n<p>Le mini-but de football de 1.20 x 0.80 m est enti\u00e8rement soud\u00e9 et construit d&rsquo;un profil\u00e9 en aluminium avec un diam\u00e8tre de 80 mm. Par cons\u00e9quence, ce mini-but est tr\u00e8s stable et donc le but id\u00e9al pour les enfants. Le but est l\u00e9ger et facile \u00e0 transporter, ce qui vous permet de le placer sans probl\u00e8me \u00e0 diff\u00e9rents endroits. Le filet est fabriqu\u00e9 en PP de haute qualit\u00e9, qui r\u00e9siste aux intemp\u00e9ries et \u00e0 une utilisation intensive. La porte est facile \u00e0 monter et peut \u00eatre install\u00e9e en quelques minutes.<\/p>\n<h2>S\u00e9curit\u00e9 et plaisir<\/h2>\n<p>Gr\u00e2ce aux crochets de fixation en forme H inclus, il n&rsquo;y a pas de risque pour les joueurs de se blesser. Le mini-but de football 1.20 x 0.80 m offre ainsi non seulement une formidable possibilit\u00e9 de jouer au football, mais aussi une s\u00e9curit\u00e9 pour les adultes. La taille du but permet aux enfants d&rsquo;am\u00e9liorer plus facilement leurs comp\u00e9tences et d&rsquo;attiser leur passion pour le sport. Le but est s\u00fbr et facile \u00e0 manipuler, ce qui le rend accessible aux joueurs de tous \u00e2ges. Avec ce but, vous et votre famille pouvez passer des heures interminables \u00e0 vous amuser en plein air.<\/p>\n<p>Commandez d\u00e8s maintenant le mini-but de Ruckstuhl Sport et donnez \u00e0 votre jeu la qualit\u00e9 et la long\u00e9vit\u00e9 qu&rsquo;il m\u00e9rite.<\/p>\n","protected":false},"excerpt":{"rendered":"<p>L&rsquo;alternative avantageuse mais n\u00e9anmoins robuste pour le mode de jeu \u00ab\u00a0Play More Football\u00a0\u00bb.<\/p>\n<ul>\n<li>Dimensions: 1.20 x 0.80 m<\/li>\n<li>Profondeur en haut: 60 cm<\/li>\n<li>Profondeur en bas: 60 cm<\/li>\n<li>Suspension du filet : arceaux de filet pliables (\u00f8 38 mm)<\/li>\n<li>Profil: profil en aluminium rond (\u00f8 80 mm)<\/li>\n<li>Couleur: blanc<\/li>\n<li>Cadre au sol: profil en aluminium rond (\u00f8 80 mm)<\/li>\n<li>Ex\u00e9cution : enti\u00e8rement soud\u00e9e avec filets rabattables<\/li>\n<li>Fixation du filet : Crochet de filet<\/li>\n<li>Poids: 15.5 kg<\/li>\n<li>Contenu de la livraison : Mini-but, crochets pour filet, filet de but, ancrage au sol en forme de U<\/li>\n<\/ul>\n","protected":false},"featured_media":17218,"template":"","meta":{"_crdt_document":"","_uag_custom_page_level_css":"","site-sidebar-layout":"default","site-content-layout":"default","ast-site-content-layout":"default","site-content-style":"default","site-sidebar-style":"default","ast-global-header-display":"","ast-banner-title-visibility":"","ast-main-header-display":"","ast-hfb-above-header-display":"","ast-hfb-below-header-display":"","ast-hfb-mobile-header-display":"","site-post-title":"","ast-breadcrumbs-content":"","ast-featured-img":"","footer-sml-layout":"","ast-disable-related-posts":"","theme-transparent-header-meta":"default","adv-header-id-meta":"","stick-header-meta":"default","header-above-stick-meta":"","header-main-stick-meta":"","header-below-stick-meta":"","astra-migrate-meta-layouts":"default","ast-page-background-enabled":"default","ast-page-background-meta":{"desktop":{"background-color":"","background-image":"","background-repeat":"repeat","background-position":"center center","background-size":"auto","background-attachment":"scroll","background-type":"","background-media":"","overlay-type":"","overlay-color":"","overlay-opacity":"","overlay-gradient":""},"tablet":{"background-color":"","background-image":"","background-repeat":"repeat","background-position":"center center","background-size":"auto","background-attachment":"scroll","background-type":"","background-media":"","overlay-type":"","overlay-color":"","overlay-opacity":"","overlay-gradient":""},"mobile":{"background-color":"","background-image":"","background-repeat":"repeat","background-position":"center center","background-size":"auto","background-attachment":"scroll","background-type":"","background-media":"","overlay-type":"","overlay-color":"","overlay-opacity":"","overlay-gradient":""}},"ast-content-background-meta":{"desktop":{"background-color":"var(--ast-global-color-5)","background-image":"","background-repeat":"repeat","background-position":"center center","background-size":"auto","background-attachment":"scroll","background-type":"","background-media":"","overlay-type":"","overlay-color":"","overlay-opacity":"","overlay-gradient":""},"tablet":{"background-color":"var(--ast-global-color-5)","background-image":"","background-repeat":"repeat","background-position":"center center","background-size":"auto","background-attachment":"scroll","background-type":"","background-media":"","overlay-type":"","overlay-color":"","overlay-opacity":"","overlay-gradient":""},"mobile":{"background-color":"var(--ast-global-color-5)","background-image":"","background-repeat":"repeat","background-position":"center center","background-size":"auto","background-attachment":"scroll","background-type":"","background-media":"","overlay-type":"","overlay-color":"","overlay-opacity":"","overlay-gradient":""}}},"product_brand":[],"product_cat":[1497,932,989,1496,933,972],"product_tag":[],"class_list":{"0":"post-17216","1":"product","2":"type-product","3":"status-publish","4":"has-post-thumbnail","6":"product_cat-mini-buts-football","7":"product_cat-football","8":"product_cat-equipement-terrain-foot","9":"product_cat-buts-de-football","10":"product_cat-materiel-dentrainement-de-football","11":"product_cat-mini-buts","12":"product_shipping_class-marchandise-volumineuse","13":"pa_ausfuehrung-entierement-soude","14":"pa_befestigung-autoportant","15":"pa_farbe-blanc","16":"pa_netzaufhaengung-supports-de-filet","17":"pa_netzhaken-crochets-en-forme-h","18":"desktop-align-center","19":"tablet-align-center","20":"mobile-align-center","21":"ast-product-gallery-layout-horizontal","22":"ast-product-tabs-layout-horizontal","24":"first","25":"onbackorder","26":"taxable","27":"shipping-taxable","28":"purchasable","29":"product-type-simple"},"uagb_featured_image_src":{"full":["https:\/\/ruckstuhlsport.ch\/wp-content\/uploads\/mini-tor-120x80-klappbar-einsatz.jpg",1100,1100,false],"thumbnail":["https:\/\/ruckstuhlsport.ch\/wp-content\/uploads\/mini-tor-120x80-klappbar-einsatz-150x150.jpg",150,150,true],"medium":["https:\/\/ruckstuhlsport.ch\/wp-content\/uploads\/mini-tor-120x80-klappbar-einsatz-300x300.jpg",300,300,true],"medium_large":["https:\/\/ruckstuhlsport.ch\/wp-content\/uploads\/mini-tor-120x80-klappbar-einsatz-768x768.jpg",768,768,true],"large":["https:\/\/ruckstuhlsport.ch\/wp-content\/uploads\/mini-tor-120x80-klappbar-einsatz-1024x1024.jpg",1024,1024,true],"1536x1536":["https:\/\/ruckstuhlsport.ch\/wp-content\/uploads\/mini-tor-120x80-klappbar-einsatz.jpg",1100,1100,false],"2048x2048":["https:\/\/ruckstuhlsport.ch\/wp-content\/uploads\/mini-tor-120x80-klappbar-einsatz.jpg",1100,1100,false],"woocommerce_thumbnail":["https:\/\/ruckstuhlsport.ch\/wp-content\/uploads\/mini-tor-120x80-klappbar-einsatz-300x300.jpg",300,300,true],"woocommerce_single":["https:\/\/ruckstuhlsport.ch\/wp-content\/uploads\/mini-tor-120x80-klappbar-einsatz-600x600.jpg",600,600,true],"woocommerce_gallery_thumbnail":["https:\/\/ruckstuhlsport.ch\/wp-content\/uploads\/mini-tor-120x80-klappbar-einsatz-100x100.jpg",100,100,true],"wc_order_status_icon":["https:\/\/ruckstuhlsport.ch\/wp-content\/uploads\/mini-tor-120x80-klappbar-einsatz-32x32.jpg",32,32,true],"dgwt-wcas-product-suggestion":["https:\/\/ruckstuhlsport.ch\/wp-content\/uploads\/mini-tor-120x80-klappbar-einsatz-64x64.jpg",64,64,true]},"uagb_author_info":{"display_name":"admin","author_link":"https:\/\/ruckstuhlsport.ch\/fr\/author\/"},"uagb_comment_info":0,"uagb_excerpt":"L'alternative avantageuse mais n\u00e9anmoins robuste pour le mode de jeu \"Play More Football\". Dimensions: 1.20 x 0.80 m Profondeur en haut: 60 cm Profondeur en bas: 60 cm Suspension du filet : arceaux de filet pliables (\u00f8 38 mm) Profil: profil en aluminium rond (\u00f8 80 mm) Couleur: blanc Cadre au sol: profil en aluminium\u2026","_links":{"self":[{"href":"https:\/\/ruckstuhlsport.ch\/fr\/wp-json\/wp\/v2\/product\/17216","targetHints":{"allow":["GET"]}}],"collection":[{"href":"https:\/\/ruckstuhlsport.ch\/fr\/wp-json\/wp\/v2\/product"}],"about":[{"href":"https:\/\/ruckstuhlsport.ch\/fr\/wp-json\/wp\/v2\/types\/product"}],"wp:featuredmedia":[{"embeddable":true,"href":"https:\/\/ruckstuhlsport.ch\/fr\/wp-json\/wp\/v2\/media\/17218"}],"wp:attachment":[{"href":"https:\/\/ruckstuhlsport.ch\/fr\/wp-json\/wp\/v2\/media?parent=17216"}],"wp:term":[{"taxonomy":"product_brand","embeddable":true,"href":"https:\/\/ruckstuhlsport.ch\/fr\/wp-json\/wp\/v2\/product_brand?post=17216"},{"taxonomy":"product_cat","embeddable":true,"href":"https:\/\/ruckstuhlsport.ch\/fr\/wp-json\/wp\/v2\/product_cat?post=17216"},{"taxonomy":"product_tag","embeddable":true,"href":"https:\/\/ruckstuhlsport.ch\/fr\/wp-json\/wp\/v2\/product_tag?post=17216"}],"curies":[{"name":"wp","href":"https:\/\/api.w.org\/{rel}","templated":true}]}}