{"id":17236,"date":"2023-11-06T16:38:18","date_gmt":"2023-11-06T15:38:18","guid":{"rendered":"https:\/\/ruckstuhlsport.ch\/?post_type=product&#038;p=17236"},"modified":"2025-09-19T14:03:46","modified_gmt":"2025-09-19T12:03:46","slug":"protection-barre-tension-filet-foot","status":"publish","type":"product","link":"https:\/\/ruckstuhlsport.ch\/fr\/football\/autour-du-terrain\/matelas-de-protection\/protection-barre-tension-filet-foot\/","title":{"rendered":"Protection des poteaux pour les barres de tension du filet"},"content":{"rendered":"","protected":false},"excerpt":{"rendered":"<ul>\n<li>Protection des poteaux pour les barres de tension du filet derri\u00e8re les buts de football<\/li>\n<li>convient aux poteaux d&rsquo;un diam\u00e8tre de \u00f8 6 cm<\/li>\n<li>\u00c9paisseur de la mousse : 5 cm<\/li>\n<li>Hauteur du coussin : 200 cm<\/li>\n<li>un mat\u00e9riau de b\u00e2che de haute qualit\u00e9 est utilis\u00e9 comme enveloppe ext\u00e9rieure<\/li>\n<li>personnalisable par le logo de votre association ou de votre entreprise (moyennant un suppl\u00e9ment)<\/li>\n<\/ul>\n","protected":false},"featured_media":17243,"template":"","meta":{"_crdt_document":"","_uag_custom_page_level_css":"","site-sidebar-layout":"default","site-content-layout":"default","ast-site-content-layout":"default","site-content-style":"default","site-sidebar-style":"default","ast-global-header-display":"","ast-banner-title-visibility":"","ast-main-header-display":"","ast-hfb-above-header-display":"","ast-hfb-below-header-display":"","ast-hfb-mobile-header-display":"","site-post-title":"","ast-breadcrumbs-content":"","ast-featured-img":"","footer-sml-layout":"","ast-disable-related-posts":"","theme-transparent-header-meta":"default","adv-header-id-meta":"","stick-header-meta":"default","header-above-stick-meta":"","header-main-stick-meta":"","header-below-stick-meta":"","astra-migrate-meta-layouts":"set","ast-page-background-enabled":"default","ast-page-background-meta":{"desktop":{"background-color":"","background-image":"","background-repeat":"repeat","background-position":"center center","background-size":"auto","background-attachment":"scroll","background-type":"","background-media":"","overlay-type":"","overlay-color":"","overlay-opacity":"","overlay-gradient":""},"tablet":{"background-color":"","background-image":"","background-repeat":"repeat","background-position":"center center","background-size":"auto","background-attachment":"scroll","background-type":"","background-media":"","overlay-type":"","overlay-color":"","overlay-opacity":"","overlay-gradient":""},"mobile":{"background-color":"","background-image":"","background-repeat":"repeat","background-position":"center center","background-size":"auto","background-attachment":"scroll","background-type":"","background-media":"","overlay-type":"","overlay-color":"","overlay-opacity":"","overlay-gradient":""}},"ast-content-background-meta":{"desktop":{"background-color":"var(--ast-global-color-5)","background-image":"","background-repeat":"repeat","background-position":"center center","background-size":"auto","background-attachment":"scroll","background-type":"","background-media":"","overlay-type":"","overlay-color":"","overlay-opacity":"","overlay-gradient":""},"tablet":{"background-color":"var(--ast-global-color-5)","background-image":"","background-repeat":"repeat","background-position":"center center","background-size":"auto","background-attachment":"scroll","background-type":"","background-media":"","overlay-type":"","overlay-color":"","overlay-opacity":"","overlay-gradient":""},"mobile":{"background-color":"var(--ast-global-color-5)","background-image":"","background-repeat":"repeat","background-position":"center center","background-size":"auto","background-attachment":"scroll","background-type":"","background-media":"","overlay-type":"","overlay-color":"","overlay-opacity":"","overlay-gradient":""}}},"product_brand":[],"product_cat":[1364,932,1496,1523,1354],"product_tag":[],"class_list":{"0":"post-17236","1":"product","2":"type-product","3":"status-publish","4":"has-post-thumbnail","6":"product_cat-matelas-de-protection","7":"product_cat-football","8":"product_cat-buts-de-football","9":"product_cat-accessoires-buts-football","10":"product_cat-autour-du-terrain","11":"product_shipping_class-marchandise-volumineuse","12":"pa_farbe-blanc","13":"pa_farbe-bleu","14":"pa_farbe-bleu-fonce","15":"pa_farbe-gris","16":"pa_farbe-jaune","17":"pa_farbe-noir","18":"pa_farbe-orange-fr","19":"pa_farbe-rose","20":"pa_farbe-rouge","21":"pa_farbe-vert","22":"pa_menge-1-paire","23":"pa_menge-2-paires","24":"desktop-align-center","25":"tablet-align-center","26":"mobile-align-center","27":"ast-product-gallery-layout-horizontal","28":"ast-product-gallery-with-no-image","29":"ast-product-single-variable","30":"ast-product-tabs-layout-horizontal","32":"first","33":"onbackorder","34":"sale","35":"taxable","36":"shipping-taxable","37":"purchasable","38":"product-type-variable"},"uagb_featured_image_src":{"full":["https:\/\/ruckstuhlsport.ch\/wp-content\/uploads\/pfostenschutzpolster-fussalltor-netzspannstangen.jpg",636,800,false],"thumbnail":["https:\/\/ruckstuhlsport.ch\/wp-content\/uploads\/pfostenschutzpolster-fussalltor-netzspannstangen-150x150.jpg",150,150,true],"medium":["https:\/\/ruckstuhlsport.ch\/wp-content\/uploads\/pfostenschutzpolster-fussalltor-netzspannstangen-239x300.jpg",239,300,true],"medium_large":["https:\/\/ruckstuhlsport.ch\/wp-content\/uploads\/pfostenschutzpolster-fussalltor-netzspannstangen.jpg",636,800,false],"large":["https:\/\/ruckstuhlsport.ch\/wp-content\/uploads\/pfostenschutzpolster-fussalltor-netzspannstangen.jpg",636,800,false],"1536x1536":["https:\/\/ruckstuhlsport.ch\/wp-content\/uploads\/pfostenschutzpolster-fussalltor-netzspannstangen.jpg",636,800,false],"2048x2048":["https:\/\/ruckstuhlsport.ch\/wp-content\/uploads\/pfostenschutzpolster-fussalltor-netzspannstangen.jpg",636,800,false],"woocommerce_thumbnail":["https:\/\/ruckstuhlsport.ch\/wp-content\/uploads\/pfostenschutzpolster-fussalltor-netzspannstangen-300x377.jpg",300,377,true],"woocommerce_single":["https:\/\/ruckstuhlsport.ch\/wp-content\/uploads\/pfostenschutzpolster-fussalltor-netzspannstangen-600x755.jpg",600,755,true],"woocommerce_gallery_thumbnail":["https:\/\/ruckstuhlsport.ch\/wp-content\/uploads\/pfostenschutzpolster-fussalltor-netzspannstangen-100x100.jpg",100,100,true],"wc_order_status_icon":["https:\/\/ruckstuhlsport.ch\/wp-content\/uploads\/pfostenschutzpolster-fussalltor-netzspannstangen-32x32.jpg",32,32,true],"dgwt-wcas-product-suggestion":["https:\/\/ruckstuhlsport.ch\/wp-content\/uploads\/pfostenschutzpolster-fussalltor-netzspannstangen-64x81.jpg",64,81,true]},"uagb_author_info":{"display_name":"admin","author_link":"https:\/\/ruckstuhlsport.ch\/fr\/author\/"},"uagb_comment_info":0,"uagb_excerpt":"Protection des poteaux pour les barres de tension du filet derri\u00e8re les buts de football convient aux poteaux d'un diam\u00e8tre de \u00f8 6 cm \u00c9paisseur de la mousse : 5 cm Hauteur du coussin : 200 cm un mat\u00e9riau de b\u00e2che de haute qualit\u00e9 est utilis\u00e9 comme enveloppe ext\u00e9rieure personnalisable par le logo de votre\u2026","_links":{"self":[{"href":"https:\/\/ruckstuhlsport.ch\/fr\/wp-json\/wp\/v2\/product\/17236","targetHints":{"allow":["GET"]}}],"collection":[{"href":"https:\/\/ruckstuhlsport.ch\/fr\/wp-json\/wp\/v2\/product"}],"about":[{"href":"https:\/\/ruckstuhlsport.ch\/fr\/wp-json\/wp\/v2\/types\/product"}],"wp:featuredmedia":[{"embeddable":true,"href":"https:\/\/ruckstuhlsport.ch\/fr\/wp-json\/wp\/v2\/media\/17243"}],"wp:attachment":[{"href":"https:\/\/ruckstuhlsport.ch\/fr\/wp-json\/wp\/v2\/media?parent=17236"}],"wp:term":[{"taxonomy":"product_brand","embeddable":true,"href":"https:\/\/ruckstuhlsport.ch\/fr\/wp-json\/wp\/v2\/product_brand?post=17236"},{"taxonomy":"product_cat","embeddable":true,"href":"https:\/\/ruckstuhlsport.ch\/fr\/wp-json\/wp\/v2\/product_cat?post=17236"},{"taxonomy":"product_tag","embeddable":true,"href":"https:\/\/ruckstuhlsport.ch\/fr\/wp-json\/wp\/v2\/product_tag?post=17236"}],"curies":[{"name":"wp","href":"https:\/\/api.w.org\/{rel}","templated":true}]}}