{"id":17294,"date":"2023-11-11T06:29:33","date_gmt":"2023-11-11T05:29:33","guid":{"rendered":"https:\/\/ruckstuhlsport.ch\/non%20class\u00e9\/v-mini-flywheel-by-desmotec\/"},"modified":"2025-09-19T14:03:49","modified_gmt":"2025-09-19T12:03:49","slug":"v-mini","status":"publish","type":"product","link":"https:\/\/ruckstuhlsport.ch\/fr\/materiel-dentrainement\/v-mini\/","title":{"rendered":"V-Mini Flywheel by Desmotec"},"content":{"rendered":"<p>Dans le monde d&rsquo;aujourd&rsquo;hui, o\u00f9 tout va tr\u00e8s vite, il est plus important que jamais de trouver des moyens efficaces de rester en pleine forme et d&rsquo;atteindre nos objectifs de fitness. Le Flywheel V-Mini est la cl\u00e9 de votre succ\u00e8s. Gr\u00e2ce \u00e0 sa m\u00e9thode d&rsquo;entra\u00eenement par volant d&rsquo;inertie, il offre un moyen innovant de renforcer vos muscles, de d\u00e9velopper votre endurance et d&rsquo;am\u00e9liorer vos performances sportives.<\/p>\n<h2>Un appareil unique<\/h2>\n<p>D\u00e9couvrez le V-Mini, votre outil d&rsquo;entra\u00eenement ultime pour les exercices excentriques, qui vous aidera \u00e0 atteindre vos objectifs de fitness, \u00e0 faire passer vos performances au niveau sup\u00e9rieur ou \u00e0 vous \u00e9chauffer de mani\u00e8re optimale avant une comp\u00e9tition. Con\u00e7u pour rendre votre entra\u00eenement plus polyvalent, plus efficace et plus stimulant, cet appareil d&rsquo;entra\u00eenement innovant est le compl\u00e9ment parfait pour tout athl\u00e8te.<\/p>\n<p>V-MINI est un appareil multifonctionnel qui fonctionne avec une cha\u00eene cin\u00e9tique ouverte et permet de r\u00e9aliser une multitude d&rsquo;exercices. Son design compact, ainsi que sa l\u00e9g\u00e8ret\u00e9 et une s\u00e9rie d&#8217;embouts sp\u00e9cifiques qui se d\u00e9tachent rapidement, en font un outil id\u00e9al pour s&rsquo;entra\u00eener dans diff\u00e9rentes situations et sur diff\u00e9rents terrains : dans la neige, sur un terrain ou dans un gymnase, aussi bien pour les exercices de musculation que pour les exercices d&rsquo;\u00e9chauffement avant les comp\u00e9titions.<\/p>\n<h2><strong>Caract\u00e9ristiques exceptionnelles de la Flywheel V-Mini :<\/strong><\/h2>\n<ol>\n<li>De <strong>multiples possibilit\u00e9s d&rsquo;utilisation<\/strong> : Le V-Mini permet une large palette d&rsquo;exercices adapt\u00e9s \u00e0 vos objectifs d&rsquo;entra\u00eenement individuels. Que vous souhaitiez d\u00e9velopper votre masse musculaire, augmenter votre force et votre endurance ou am\u00e9liorer votre mobilit\u00e9, cet outil polyvalent est le bon choix.<\/li>\n<li><strong>Entra\u00eenement excentrique<\/strong> : le V-Mini se concentre sur les mouvements excentriques, dans lesquels les muscles sont davantage sollicit\u00e9s lorsqu&rsquo;ils s&rsquo;allongent. Cela permet d&rsquo;augmenter efficacement la force et l&rsquo;endurance musculaires, ce qui donne des r\u00e9sultats plus rapides.<\/li>\n<li><strong>Design compact et portable<\/strong> : le V-Mini est l\u00e9ger et maniable, ce qui vous permet de vous entra\u00eener partout et \u00e0 tout moment. Que vous vous entra\u00eeniez chez vous, dans une salle de sport ou \u00e0 l&rsquo;ext\u00e9rieur, cet outil est toujours pr\u00eat \u00e0 l&#8217;emploi.<\/li>\n<li><strong>Finition de haute qualit\u00e9<\/strong> : Fabriqu\u00e9 avec des mat\u00e9riaux durables qui r\u00e9sistent aux s\u00e9ances d&rsquo;entra\u00eenement les plus intenses, le V-Mini garantit une longue dur\u00e9e de vie et une grande fiabilit\u00e9.<\/li>\n<li><strong>Facile \u00e0 utiliser<\/strong> : Avec une utilisation et des instructions intuitives, les d\u00e9butants comme les sportifs exp\u00e9riment\u00e9s peuvent profiter des avantages du V-Mini.<\/li>\n<\/ol>\n<h2><strong>Contenu de la livraison<\/strong><\/h2>\n<div class=\"lieferumfang-v-mini\">\n<div class=\"lieferumfang-v-mini-text\">A l&rsquo;achat d&rsquo;un V-Mini Flywheel, vous recevez :<\/p>\n<ul>\n<li>1 flywheel complet avec poulie, cordes et sangles<\/li>\n<li>1 plaque de fixation pour montage mural ou sur poteau (WALL et RACK)<\/li>\n<li>1 plaque et 2 pointes BIG34 pour la fixation dans la neige\/le champ (GROUND)<\/li>\n<li>Sac de transport<\/li>\n<\/ul>\n<p>vendus s\u00e9par\u00e9ment, le support WALLBAR et le support UNIVERSAL.<\/p>\n<\/div>\n<figure id=\"attachment_17272\" aria-describedby=\"caption-attachment-17272\" style=\"width: 1024px\" class=\"wp-caption alignright\"><a href=\"https:\/\/ruckstuhlsport.ch\/wp-content\/uploads\/\/V-Mini-Befestigungsmoeglichkeiten-1024x515.jpg\"><img decoding=\"async\" class=\"wp-image-17271 size-large\" src=\"https:\/\/ruckstuhlsport.ch\/wp-content\/uploads\/\/V-Mini-Befestigungsmoeglichkeiten-1024x515.jpg\" alt=\"Possibilit\u00e9s de fixation du V-Mini Flywheel\" width=\"1024\" height=\"515\" srcset=\"https:\/\/ruckstuhlsport.ch\/wp-content\/uploads\/\/V-Mini-Befestigungsmoeglichkeiten-1024x515.jpg 1024w, https:\/\/ruckstuhlsport.ch\/wp-content\/uploads\/\/V-Mini-Befestigungsmoeglichkeiten-300x151.jpg 300w, https:\/\/ruckstuhlsport.ch\/wp-content\/uploads\/\/V-Mini-Befestigungsmoeglichkeiten-768x386.jpg 768w, https:\/\/ruckstuhlsport.ch\/wp-content\/uploads\/\/V-Mini-Befestigungsmoeglichkeiten-1536x772.jpg 1536w, https:\/\/ruckstuhlsport.ch\/wp-content\/uploads\/\/V-Mini-Befestigungsmoeglichkeiten-2048x1029.jpg 2048w, https:\/\/ruckstuhlsport.ch\/wp-content\/uploads\/\/V-Mini-Befestigungsmoeglichkeiten-600x302.jpg 600w, https:\/\/ruckstuhlsport.ch\/wp-content\/uploads\/\/V-Mini-Befestigungsmoeglichkeiten-64x32.jpg 64w\" sizes=\"(max-width: 1024px) 100vw, 1024px\" \/><\/a><figcaption id=\"caption-attachment-17272\" class=\"wp-caption-text\">Possibilit\u00e9s de fixation du V-Mini Flywheel<\/figcaption><\/figure>\n<\/div>\n<h2><strong>Pourquoi les entra\u00eenements sur volant d&rsquo;inertie valent-ils la peine ?<\/strong><\/h2>\n<p>La technique d&rsquo;entra\u00eenement excentrique que permet le V-Mini se concentre sur les muscles en phase d&rsquo;\u00e9tirement. Vos muscles sont ainsi sollicit\u00e9s plus intens\u00e9ment et se renforcent plus rapidement. Que vous souhaitiez vous \u00e9chauffer, d\u00e9velopper votre masse musculaire, vous r\u00e9\u00e9duquer apr\u00e8s une blessure ou am\u00e9liorer vos performances sportives, le V-Mini est le compagnon id\u00e9al.<\/p>\n<p>Investissez dans votre sant\u00e9 et votre forme en int\u00e9grant le V-Mini dans votre programme d&rsquo;entra\u00eenement. C&rsquo;est le choix parfait pour tous ceux qui cherchent un nouveau d\u00e9fi et qui veulent faire passer leur routine d&rsquo;entra\u00eenement au niveau sup\u00e9rieur.<\/p>\n<p>Commandez le V-Mini d\u00e8s aujourd&rsquo;hui et commencez votre voyage vers un soi plus fort, plus sain et plus en forme. D\u00e9couvrez la puissance de l&rsquo;entra\u00eenement excentrique avec le V-Mini !<\/p>\n","protected":false},"excerpt":{"rendered":"<p><strong>Le V-Mini en bref :<\/strong><\/p>\n<ul>\n<li>Outil d&rsquo;entra\u00eenement excentrique pour des entra\u00eenements et des \u00e9chauffements vari\u00e9s<\/li>\n<li>Focus sur la force et l&rsquo;endurance musculaires et l&rsquo;am\u00e9lioration des performances<\/li>\n<li>Design compact et portable pour un entra\u00eenement flexible<\/li>\n<li>Finition de haute qualit\u00e9 pour la durabilit\u00e9 et la fiabilit\u00e9<\/li>\n<li>Utilisation simple et instructions pour tous les niveaux de fitness<\/li>\n<li>Id\u00e9al pour le d\u00e9veloppement musculaire, la r\u00e9\u00e9ducation, l&rsquo;am\u00e9lioration des performances sportives et l&rsquo;\u00e9chauffement avant une comp\u00e9tition<\/li>\n<\/ul>\n<p><strong>Contenu de la livraison :<\/strong><\/p>\n<ul>\n<li>1 flywheel complet avec poulie, cordes et sangles<\/li>\n<li>1 plaque de fixation pour montage mural ou sur poteau<\/li>\n<li>1 plaque et 2 pointes BIG34 pour la fixation dans la neige\/le champ<\/li>\n<li>Sac de transport<\/li>\n<\/ul>\n<p>Le V-Mini &#8211; votre solution pour l&rsquo;entra\u00eenement excentrique et la voie vers une version plus forte et plus saine de vous-m\u00eame.<\/p>\n","protected":false},"featured_media":17256,"template":"","meta":{"_crdt_document":"","_uag_custom_page_level_css":"","site-sidebar-layout":"default","site-content-layout":"","ast-site-content-layout":"default","site-content-style":"default","site-sidebar-style":"default","ast-global-header-display":"","ast-banner-title-visibility":"","ast-main-header-display":"","ast-hfb-above-header-display":"","ast-hfb-below-header-display":"","ast-hfb-mobile-header-display":"","site-post-title":"","ast-breadcrumbs-content":"","ast-featured-img":"","footer-sml-layout":"","ast-disable-related-posts":"","theme-transparent-header-meta":"default","adv-header-id-meta":"","stick-header-meta":"default","header-above-stick-meta":"","header-main-stick-meta":"","header-below-stick-meta":"","astra-migrate-meta-layouts":"default","ast-page-background-enabled":"default","ast-page-background-meta":{"desktop":{"background-color":"","background-image":"","background-repeat":"repeat","background-position":"center center","background-size":"auto","background-attachment":"scroll","background-type":"","background-media":"","overlay-type":"","overlay-color":"","overlay-opacity":"","overlay-gradient":""},"tablet":{"background-color":"","background-image":"","background-repeat":"repeat","background-position":"center center","background-size":"auto","background-attachment":"scroll","background-type":"","background-media":"","overlay-type":"","overlay-color":"","overlay-opacity":"","overlay-gradient":""},"mobile":{"background-color":"","background-image":"","background-repeat":"repeat","background-position":"center center","background-size":"auto","background-attachment":"scroll","background-type":"","background-media":"","overlay-type":"","overlay-color":"","overlay-opacity":"","overlay-gradient":""}},"ast-content-background-meta":{"desktop":{"background-color":"var(--ast-global-color-5)","background-image":"","background-repeat":"repeat","background-position":"center center","background-size":"auto","background-attachment":"scroll","background-type":"","background-media":"","overlay-type":"","overlay-color":"","overlay-opacity":"","overlay-gradient":""},"tablet":{"background-color":"var(--ast-global-color-5)","background-image":"","background-repeat":"repeat","background-position":"center center","background-size":"auto","background-attachment":"scroll","background-type":"","background-media":"","overlay-type":"","overlay-color":"","overlay-opacity":"","overlay-gradient":""},"mobile":{"background-color":"var(--ast-global-color-5)","background-image":"","background-repeat":"repeat","background-position":"center center","background-size":"auto","background-attachment":"scroll","background-type":"","background-media":"","overlay-type":"","overlay-color":"","overlay-opacity":"","overlay-gradient":""}}},"product_brand":[],"product_cat":[942,933,935,1788],"product_tag":[],"class_list":{"0":"post-17294","1":"product","2":"type-product","3":"status-publish","4":"has-post-thumbnail","6":"product_cat-materiel-dentrainement","7":"product_cat-materiel-dentrainement-de-football","8":"product_cat-materiel-dentrainement-tennis","9":"product_cat-vitesse-force-endurance-fr-2","10":"product_shipping_class-defaut","11":"desktop-align-center","12":"tablet-align-center","13":"mobile-align-center","14":"ast-product-gallery-layout-horizontal","15":"ast-product-tabs-layout-horizontal","17":"first","18":"onbackorder","19":"sale","20":"taxable","21":"shipping-taxable","22":"purchasable","23":"product-type-simple"},"uagb_featured_image_src":{"full":["https:\/\/ruckstuhlsport.ch\/wp-content\/uploads\/V-Mini.png",4016,6016,false],"thumbnail":["https:\/\/ruckstuhlsport.ch\/wp-content\/uploads\/V-Mini-150x150.png",150,150,true],"medium":["https:\/\/ruckstuhlsport.ch\/wp-content\/uploads\/V-Mini-200x300.png",200,300,true],"medium_large":["https:\/\/ruckstuhlsport.ch\/wp-content\/uploads\/V-Mini-768x1150.png",768,1150,true],"large":["https:\/\/ruckstuhlsport.ch\/wp-content\/uploads\/V-Mini-684x1024.png",684,1024,true],"1536x1536":["https:\/\/ruckstuhlsport.ch\/wp-content\/uploads\/V-Mini-1025x1536.png",1025,1536,true],"2048x2048":["https:\/\/ruckstuhlsport.ch\/wp-content\/uploads\/V-Mini-1367x2048.png",1367,2048,true],"woocommerce_thumbnail":["https:\/\/ruckstuhlsport.ch\/wp-content\/uploads\/V-Mini-300x449.png",300,449,true],"woocommerce_single":["https:\/\/ruckstuhlsport.ch\/wp-content\/uploads\/V-Mini-600x899.png",600,899,true],"woocommerce_gallery_thumbnail":["https:\/\/ruckstuhlsport.ch\/wp-content\/uploads\/V-Mini-100x100.png",100,100,true],"wc_order_status_icon":["https:\/\/ruckstuhlsport.ch\/wp-content\/uploads\/V-Mini-32x32.png",32,32,true],"dgwt-wcas-product-suggestion":["https:\/\/ruckstuhlsport.ch\/wp-content\/uploads\/V-Mini-64x96.png",64,96,true]},"uagb_author_info":{"display_name":"admin","author_link":"https:\/\/ruckstuhlsport.ch\/fr\/author\/"},"uagb_comment_info":0,"uagb_excerpt":"Le V-Mini en bref : Outil d'entra\u00eenement excentrique pour des entra\u00eenements et des \u00e9chauffements vari\u00e9s Focus sur la force et l'endurance musculaires et l'am\u00e9lioration des performances Design compact et portable pour un entra\u00eenement flexible Finition de haute qualit\u00e9 pour la durabilit\u00e9 et la fiabilit\u00e9 Utilisation simple et instructions pour tous les niveaux de fitness Id\u00e9al\u2026","_links":{"self":[{"href":"https:\/\/ruckstuhlsport.ch\/fr\/wp-json\/wp\/v2\/product\/17294","targetHints":{"allow":["GET"]}}],"collection":[{"href":"https:\/\/ruckstuhlsport.ch\/fr\/wp-json\/wp\/v2\/product"}],"about":[{"href":"https:\/\/ruckstuhlsport.ch\/fr\/wp-json\/wp\/v2\/types\/product"}],"wp:featuredmedia":[{"embeddable":true,"href":"https:\/\/ruckstuhlsport.ch\/fr\/wp-json\/wp\/v2\/media\/17256"}],"wp:attachment":[{"href":"https:\/\/ruckstuhlsport.ch\/fr\/wp-json\/wp\/v2\/media?parent=17294"}],"wp:term":[{"taxonomy":"product_brand","embeddable":true,"href":"https:\/\/ruckstuhlsport.ch\/fr\/wp-json\/wp\/v2\/product_brand?post=17294"},{"taxonomy":"product_cat","embeddable":true,"href":"https:\/\/ruckstuhlsport.ch\/fr\/wp-json\/wp\/v2\/product_cat?post=17294"},{"taxonomy":"product_tag","embeddable":true,"href":"https:\/\/ruckstuhlsport.ch\/fr\/wp-json\/wp\/v2\/product_tag?post=17294"}],"curies":[{"name":"wp","href":"https:\/\/api.w.org\/{rel}","templated":true}]}}