{"id":18448,"date":"2024-03-15T10:56:06","date_gmt":"2024-03-15T09:56:06","guid":{"rendered":"https:\/\/ruckstuhlsport.ch\/non%20class\u00e9\/filet-pare-ballons-football-sans-noeuds-sur-mesure\/"},"modified":"2025-09-19T15:02:56","modified_gmt":"2025-09-19T13:02:56","slug":"filet-pare-ballons-football-sans-noeuds-sur-mesure","status":"publish","type":"product","link":"https:\/\/ruckstuhlsport.ch\/fr\/football\/autour-du-terrain\/filets-pare-ballons-football\/filet-pare-ballons-football-sans-noeuds-sur-mesure\/","title":{"rendered":"Filet pare-ballons football, sans noeuds &#8211; sur mesure"},"content":{"rendered":"","protected":false},"excerpt":{"rendered":"<p>Ces filets pare-ballons sans n\u0153uds sont sp\u00e9cialement adapt\u00e9s aux terrains de football en raison de la taille des mailles. Fabriqu\u00e9s avec des mat\u00e9riaux de qualit\u00e9, ces filets vous offrent une solution durable. La construction robuste garantit que la balle est arr\u00eat\u00e9e de mani\u00e8re fiable et \u00e9vite ainsi d&rsquo;endommager les objets environnants.<\/p>\n<ul>\n<li>fabriqu\u00e9 en polypropyl\u00e8ne (PP) de haute qualit\u00e9<\/li>\n<li>sans n\u0153uds<\/li>\n<li>Les filets sont fabriqu\u00e9s sur mesure<\/li>\n<li>tout autour avec une finition propre et un renforcement des bords (\u00f8 8 mm)<\/li>\n<li>Suppl\u00e9ment pour petite quantit\u00e9 sur les filets de moins de 10m\u00b2 : 23 Fr.<\/li>\n<li>Suppl\u00e9ment pour petite quantit\u00e9 pour les filets de moins de 20m\u00b2 : 14 Fr.<\/li>\n<\/ul>\n","protected":false},"featured_media":18395,"template":"","meta":{"_crdt_document":"","_uag_custom_page_level_css":"","site-sidebar-layout":"default","site-content-layout":"","ast-site-content-layout":"default","site-content-style":"default","site-sidebar-style":"default","ast-global-header-display":"","ast-banner-title-visibility":"","ast-main-header-display":"","ast-hfb-above-header-display":"","ast-hfb-below-header-display":"","ast-hfb-mobile-header-display":"","site-post-title":"","ast-breadcrumbs-content":"","ast-featured-img":"","footer-sml-layout":"","ast-disable-related-posts":"","theme-transparent-header-meta":"default","adv-header-id-meta":"","stick-header-meta":"default","header-above-stick-meta":"","header-main-stick-meta":"","header-below-stick-meta":"","astra-migrate-meta-layouts":"set","ast-page-background-enabled":"default","ast-page-background-meta":{"desktop":{"background-color":"","background-image":"","background-repeat":"repeat","background-position":"center center","background-size":"auto","background-attachment":"scroll","background-type":"","background-media":"","overlay-type":"","overlay-color":"","overlay-opacity":"","overlay-gradient":""},"tablet":{"background-color":"","background-image":"","background-repeat":"repeat","background-position":"center center","background-size":"auto","background-attachment":"scroll","background-type":"","background-media":"","overlay-type":"","overlay-color":"","overlay-opacity":"","overlay-gradient":""},"mobile":{"background-color":"","background-image":"","background-repeat":"repeat","background-position":"center center","background-size":"auto","background-attachment":"scroll","background-type":"","background-media":"","overlay-type":"","overlay-color":"","overlay-opacity":"","overlay-gradient":""}},"ast-content-background-meta":{"desktop":{"background-color":"var(--ast-global-color-5)","background-image":"","background-repeat":"repeat","background-position":"center center","background-size":"auto","background-attachment":"scroll","background-type":"","background-media":"","overlay-type":"","overlay-color":"","overlay-opacity":"","overlay-gradient":""},"tablet":{"background-color":"var(--ast-global-color-5)","background-image":"","background-repeat":"repeat","background-position":"center center","background-size":"auto","background-attachment":"scroll","background-type":"","background-media":"","overlay-type":"","overlay-color":"","overlay-opacity":"","overlay-gradient":""},"mobile":{"background-color":"var(--ast-global-color-5)","background-image":"","background-repeat":"repeat","background-position":"center center","background-size":"auto","background-attachment":"scroll","background-type":"","background-media":"","overlay-type":"","overlay-color":"","overlay-opacity":"","overlay-gradient":""}}},"product_brand":[],"product_cat":[932,1354,1379],"product_tag":[],"class_list":{"0":"post-18448","1":"product","2":"type-product","3":"status-publish","4":"has-post-thumbnail","6":"product_cat-football","7":"product_cat-autour-du-terrain","8":"product_cat-filets-pare-ballons-football","9":"pa_farbe-blanc","10":"pa_farbe-noir","11":"pa_farbe-vert","12":"pa_maschenweite-45-mm-fr","13":"pa_maschenweite-100-mm-fr","14":"pa_maschenweite-120-mm-fr","15":"pa_materialstaerke-3-0-mm","16":"pa_materialstaerke-4-0-mm-fr","17":"desktop-align-center","18":"tablet-align-center","19":"mobile-align-center","20":"ast-product-gallery-layout-horizontal","21":"ast-product-gallery-with-no-image","22":"ast-product-single-variable","23":"ast-product-tabs-layout-horizontal","25":"first","26":"instock","27":"taxable","28":"shipping-taxable","29":"purchasable","30":"product-type-variable"},"uagb_featured_image_src":{"full":["https:\/\/ruckstuhlsport.ch\/wp-content\/uploads\/ballfangnetz-fussball-knotenlos-pp-4mm-schwarz-gruen-weiss-1.jpg",1000,1000,false],"thumbnail":["https:\/\/ruckstuhlsport.ch\/wp-content\/uploads\/ballfangnetz-fussball-knotenlos-pp-4mm-schwarz-gruen-weiss-1-150x150.jpg",150,150,true],"medium":["https:\/\/ruckstuhlsport.ch\/wp-content\/uploads\/ballfangnetz-fussball-knotenlos-pp-4mm-schwarz-gruen-weiss-1-300x300.jpg",300,300,true],"medium_large":["https:\/\/ruckstuhlsport.ch\/wp-content\/uploads\/ballfangnetz-fussball-knotenlos-pp-4mm-schwarz-gruen-weiss-1-768x768.jpg",768,768,true],"large":["https:\/\/ruckstuhlsport.ch\/wp-content\/uploads\/ballfangnetz-fussball-knotenlos-pp-4mm-schwarz-gruen-weiss-1.jpg",1000,1000,false],"1536x1536":["https:\/\/ruckstuhlsport.ch\/wp-content\/uploads\/ballfangnetz-fussball-knotenlos-pp-4mm-schwarz-gruen-weiss-1.jpg",1000,1000,false],"2048x2048":["https:\/\/ruckstuhlsport.ch\/wp-content\/uploads\/ballfangnetz-fussball-knotenlos-pp-4mm-schwarz-gruen-weiss-1.jpg",1000,1000,false],"woocommerce_thumbnail":["https:\/\/ruckstuhlsport.ch\/wp-content\/uploads\/ballfangnetz-fussball-knotenlos-pp-4mm-schwarz-gruen-weiss-1-300x300.jpg",300,300,true],"woocommerce_single":["https:\/\/ruckstuhlsport.ch\/wp-content\/uploads\/ballfangnetz-fussball-knotenlos-pp-4mm-schwarz-gruen-weiss-1-600x600.jpg",600,600,true],"woocommerce_gallery_thumbnail":["https:\/\/ruckstuhlsport.ch\/wp-content\/uploads\/ballfangnetz-fussball-knotenlos-pp-4mm-schwarz-gruen-weiss-1-100x100.jpg",100,100,true],"wc_order_status_icon":["https:\/\/ruckstuhlsport.ch\/wp-content\/uploads\/ballfangnetz-fussball-knotenlos-pp-4mm-schwarz-gruen-weiss-1-32x32.jpg",32,32,true],"dgwt-wcas-product-suggestion":["https:\/\/ruckstuhlsport.ch\/wp-content\/uploads\/ballfangnetz-fussball-knotenlos-pp-4mm-schwarz-gruen-weiss-1-64x64.jpg",64,64,true]},"uagb_author_info":{"display_name":"admin","author_link":"https:\/\/ruckstuhlsport.ch\/fr\/author\/"},"uagb_comment_info":0,"uagb_excerpt":"Ces filets pare-ballons sans n\u0153uds sont sp\u00e9cialement adapt\u00e9s aux terrains de football en raison de la taille des mailles. Fabriqu\u00e9s avec des mat\u00e9riaux de qualit\u00e9, ces filets vous offrent une solution durable. La construction robuste garantit que la balle est arr\u00eat\u00e9e de mani\u00e8re fiable et \u00e9vite ainsi d'endommager les objets environnants. fabriqu\u00e9 en polypropyl\u00e8ne (PP)\u2026","_links":{"self":[{"href":"https:\/\/ruckstuhlsport.ch\/fr\/wp-json\/wp\/v2\/product\/18448","targetHints":{"allow":["GET"]}}],"collection":[{"href":"https:\/\/ruckstuhlsport.ch\/fr\/wp-json\/wp\/v2\/product"}],"about":[{"href":"https:\/\/ruckstuhlsport.ch\/fr\/wp-json\/wp\/v2\/types\/product"}],"wp:featuredmedia":[{"embeddable":true,"href":"https:\/\/ruckstuhlsport.ch\/fr\/wp-json\/wp\/v2\/media\/18395"}],"wp:attachment":[{"href":"https:\/\/ruckstuhlsport.ch\/fr\/wp-json\/wp\/v2\/media?parent=18448"}],"wp:term":[{"taxonomy":"product_brand","embeddable":true,"href":"https:\/\/ruckstuhlsport.ch\/fr\/wp-json\/wp\/v2\/product_brand?post=18448"},{"taxonomy":"product_cat","embeddable":true,"href":"https:\/\/ruckstuhlsport.ch\/fr\/wp-json\/wp\/v2\/product_cat?post=18448"},{"taxonomy":"product_tag","embeddable":true,"href":"https:\/\/ruckstuhlsport.ch\/fr\/wp-json\/wp\/v2\/product_tag?post=18448"}],"curies":[{"name":"wp","href":"https:\/\/api.w.org\/{rel}","templated":true}]}}