{"id":18539,"date":"2024-05-15T06:39:17","date_gmt":"2024-05-15T04:39:17","guid":{"rendered":"https:\/\/ruckstuhlsport.ch\/?post_type=product&#038;p=18539"},"modified":"2025-09-19T15:03:05","modified_gmt":"2025-09-19T13:03:05","slug":"telecommande-lobster-elite-10-fonctions-kopie","status":"publish","type":"product","link":"https:\/\/ruckstuhlsport.ch\/fr\/tennis\/materiel-dentrainement-tennis\/machine-lance-balles-tennis\/telecommande-lobster-elite-10-fonctions-kopie\/","title":{"rendered":"Balles de tennis Tretorn Micro X"},"content":{"rendered":"<p>Les balles de tennis Tretorn Micro-X sont reconnues dans le monde entier comme le choix pr\u00e9f\u00e9r\u00e9 pour les machines \u00e0 balles de tennis.<\/p>\n<p>Gr\u00e2ce \u00e0 une technologie brevet\u00e9e, les balles de tennis Tretorn Micro X sont les balles micro-cellulaires originales haute performance &#8211; aliment\u00e9es par 700 millions de micro-cellules remplies d&rsquo;air pour une jouabilit\u00e9 am\u00e9lior\u00e9e. Le Flex-Felt exclusif \u00e0 haute visibilit\u00e9 offre la meilleure dynamique de noyau et la meilleure durabilit\u00e9. Gr\u00e2ce \u00e0 leur construction, ces balles conviennent \u00e9galement bien aux matchs dans des climats plus froids, en haute altitude et sont id\u00e9ales pour toutes les surfaces de terrain, y compris les surfaces \u00e0 faible rebond.<\/p>\n<p>Lobster Sports recommande vivement l&rsquo;utilisation des balles de tennis Tretorn&rsquo;s Micro X pour les machines \u00e0 balles, car les balles de tennis standard deviennent rapidement molles et perdent leur pression. Ni pressuris\u00e9es ni non pressuris\u00e9es, les balles Micro X simulent les performances des balles pressuris\u00e9es tout en conservant la dur\u00e9e de vie des balles non pressuris\u00e9es.<\/p>\n<p>Les 72 solides balles jaunes Micro X sont marqu\u00e9es ensemble avec le logo Lobster.<\/p>\n","protected":false},"excerpt":{"rendered":"<ul>\n<li>Premier choix mondial pour les <a href=\"https:\/\/ruckstuhlsport.ch\/tennis-ballmaschinen\/\">machines \u00e0 balles de tennis.<\/a><\/li>\n<li>Conception brevet\u00e9e avec 700 millions de microcellules.<\/li>\n<li>Flex-Felt haute visibilit\u00e9 pour une longue dur\u00e9e de vie<\/li>\n<li>Sac \u00e0 72 balles<\/li>\n<li>marqu\u00e9 avec le logo de Lobster Sports<\/li>\n<li>recommand\u00e9 par Lobster Sports pour des performances de longue dur\u00e9e<\/li>\n<\/ul>\n","protected":false},"featured_media":18541,"template":"","meta":{"_crdt_document":"","_uag_custom_page_level_css":"","site-sidebar-layout":"default","site-content-layout":"default","ast-site-content-layout":"default","site-content-style":"default","site-sidebar-style":"default","ast-global-header-display":"","ast-banner-title-visibility":"","ast-main-header-display":"","ast-hfb-above-header-display":"","ast-hfb-below-header-display":"","ast-hfb-mobile-header-display":"","site-post-title":"","ast-breadcrumbs-content":"","ast-featured-img":"","footer-sml-layout":"","ast-disable-related-posts":"","theme-transparent-header-meta":"default","adv-header-id-meta":"","stick-header-meta":"default","header-above-stick-meta":"","header-main-stick-meta":"","header-below-stick-meta":"","astra-migrate-meta-layouts":"set","ast-page-background-enabled":"default","ast-page-background-meta":{"desktop":{"background-color":"","background-image":"","background-repeat":"repeat","background-position":"center center","background-size":"auto","background-attachment":"scroll","background-type":"","background-media":"","overlay-type":"","overlay-color":"","overlay-opacity":"","overlay-gradient":""},"tablet":{"background-color":"","background-image":"","background-repeat":"repeat","background-position":"center center","background-size":"auto","background-attachment":"scroll","background-type":"","background-media":"","overlay-type":"","overlay-color":"","overlay-opacity":"","overlay-gradient":""},"mobile":{"background-color":"","background-image":"","background-repeat":"repeat","background-position":"center center","background-size":"auto","background-attachment":"scroll","background-type":"","background-media":"","overlay-type":"","overlay-color":"","overlay-opacity":"","overlay-gradient":""}},"ast-content-background-meta":{"desktop":{"background-color":"var(--ast-global-color-5)","background-image":"","background-repeat":"repeat","background-position":"center center","background-size":"auto","background-attachment":"scroll","background-type":"","background-media":"","overlay-type":"","overlay-color":"","overlay-opacity":"","overlay-gradient":""},"tablet":{"background-color":"var(--ast-global-color-5)","background-image":"","background-repeat":"repeat","background-position":"center center","background-size":"auto","background-attachment":"scroll","background-type":"","background-media":"","overlay-type":"","overlay-color":"","overlay-opacity":"","overlay-gradient":""},"mobile":{"background-color":"var(--ast-global-color-5)","background-image":"","background-repeat":"repeat","background-position":"center center","background-size":"auto","background-attachment":"scroll","background-type":"","background-media":"","overlay-type":"","overlay-color":"","overlay-opacity":"","overlay-gradient":""}}},"product_brand":[],"product_cat":[1339,934,935],"product_tag":[],"class_list":{"0":"post-18539","1":"product","2":"type-product","3":"status-publish","4":"has-post-thumbnail","6":"product_cat-machine-lance-balles-tennis","7":"product_cat-tennis","8":"product_cat-materiel-dentrainement-tennis","9":"product_shipping_class-defaut","10":"desktop-align-center","11":"tablet-align-center","12":"mobile-align-center","13":"ast-product-gallery-layout-horizontal","14":"ast-product-tabs-layout-horizontal","16":"first","17":"onbackorder","18":"taxable","19":"shipping-taxable","20":"purchasable","21":"product-type-simple"},"uagb_featured_image_src":{"full":["https:\/\/ruckstuhlsport.ch\/wp-content\/uploads\/Tennisball-Tretorn-Micro-X-Lobster.webp",800,800,false],"thumbnail":["https:\/\/ruckstuhlsport.ch\/wp-content\/uploads\/Tennisball-Tretorn-Micro-X-Lobster-150x150.webp",150,150,true],"medium":["https:\/\/ruckstuhlsport.ch\/wp-content\/uploads\/Tennisball-Tretorn-Micro-X-Lobster-300x300.webp",300,300,true],"medium_large":["https:\/\/ruckstuhlsport.ch\/wp-content\/uploads\/Tennisball-Tretorn-Micro-X-Lobster-768x768.webp",768,768,true],"large":["https:\/\/ruckstuhlsport.ch\/wp-content\/uploads\/Tennisball-Tretorn-Micro-X-Lobster.webp",800,800,false],"1536x1536":["https:\/\/ruckstuhlsport.ch\/wp-content\/uploads\/Tennisball-Tretorn-Micro-X-Lobster.webp",800,800,false],"2048x2048":["https:\/\/ruckstuhlsport.ch\/wp-content\/uploads\/Tennisball-Tretorn-Micro-X-Lobster.webp",800,800,false],"woocommerce_thumbnail":["https:\/\/ruckstuhlsport.ch\/wp-content\/uploads\/Tennisball-Tretorn-Micro-X-Lobster-300x300.webp",300,300,true],"woocommerce_single":["https:\/\/ruckstuhlsport.ch\/wp-content\/uploads\/Tennisball-Tretorn-Micro-X-Lobster-600x600.webp",600,600,true],"woocommerce_gallery_thumbnail":["https:\/\/ruckstuhlsport.ch\/wp-content\/uploads\/Tennisball-Tretorn-Micro-X-Lobster-100x100.webp",100,100,true],"wc_order_status_icon":["https:\/\/ruckstuhlsport.ch\/wp-content\/uploads\/Tennisball-Tretorn-Micro-X-Lobster-32x32.webp",32,32,true],"dgwt-wcas-product-suggestion":["https:\/\/ruckstuhlsport.ch\/wp-content\/uploads\/Tennisball-Tretorn-Micro-X-Lobster-64x64.webp",64,64,true]},"uagb_author_info":{"display_name":"admin","author_link":"https:\/\/ruckstuhlsport.ch\/fr\/author\/"},"uagb_comment_info":0,"uagb_excerpt":"Premier choix mondial pour les machines \u00e0 balles de tennis. Conception brevet\u00e9e avec 700 millions de microcellules. Flex-Felt haute visibilit\u00e9 pour une longue dur\u00e9e de vie Sac \u00e0 72 balles marqu\u00e9 avec le logo de Lobster Sports recommand\u00e9 par Lobster Sports pour des performances de longue dur\u00e9e","_links":{"self":[{"href":"https:\/\/ruckstuhlsport.ch\/fr\/wp-json\/wp\/v2\/product\/18539","targetHints":{"allow":["GET"]}}],"collection":[{"href":"https:\/\/ruckstuhlsport.ch\/fr\/wp-json\/wp\/v2\/product"}],"about":[{"href":"https:\/\/ruckstuhlsport.ch\/fr\/wp-json\/wp\/v2\/types\/product"}],"wp:featuredmedia":[{"embeddable":true,"href":"https:\/\/ruckstuhlsport.ch\/fr\/wp-json\/wp\/v2\/media\/18541"}],"wp:attachment":[{"href":"https:\/\/ruckstuhlsport.ch\/fr\/wp-json\/wp\/v2\/media?parent=18539"}],"wp:term":[{"taxonomy":"product_brand","embeddable":true,"href":"https:\/\/ruckstuhlsport.ch\/fr\/wp-json\/wp\/v2\/product_brand?post=18539"},{"taxonomy":"product_cat","embeddable":true,"href":"https:\/\/ruckstuhlsport.ch\/fr\/wp-json\/wp\/v2\/product_cat?post=18539"},{"taxonomy":"product_tag","embeddable":true,"href":"https:\/\/ruckstuhlsport.ch\/fr\/wp-json\/wp\/v2\/product_tag?post=18539"}],"curies":[{"name":"wp","href":"https:\/\/api.w.org\/{rel}","templated":true}]}}