{"id":18624,"date":"2024-05-27T08:29:59","date_gmt":"2024-05-27T06:30:01","guid":{"rendered":"https:\/\/ruckstuhlsport.ch\/?post_type=product&#038;p=18624"},"modified":"2024-05-27T08:50:39","modified_gmt":"2024-05-27T06:50:39","slug":"socle-pour-socle-tableau-de-score-match-counter-kopie","status":"publish","type":"product","link":"https:\/\/ruckstuhlsport.ch\/fr\/tennis\/equipement-courts-tennis\/panneau-daffichage-score-tennis\/socle-pour-socle-tableau-de-score-match-counter-kopie\/","title":{"rendered":"Spray de s\u00e9paration et de glissement pour les indicateurs de score MATCH POINTER"},"content":{"rendered":"<p>Ce spray sp\u00e9cial de s\u00e9paration et de glissement a \u00e9t\u00e9 con\u00e7u pour garantir la fonctionnalit\u00e9 des indicateurs de score MATCH POINTER. Les disques rotatifs peuvent \u00eatre plus difficiles \u00e0 d\u00e9placer en cas de forte pluie ou de forte poussi\u00e8re. Pour le nettoyage, vaporisez soigneusement les disques rotatifs avec un jet d&rsquo;eau puissant, puis appliquez le spray de s\u00e9paration et de glissement sur le MATCH POINTER par les c\u00f4t\u00e9s. L&rsquo;exc\u00e9dent de spray est \u00e9limin\u00e9 \u00e0 l&rsquo;aide d&rsquo;un chiffon. Ce traitement est g\u00e9n\u00e9ralement suffisant pour toute une saison.<\/p>\n<p>Une utilisation r\u00e9guli\u00e8re permet de conserver la souplesse de fonctionnement des disques rotatifs MATCH POINTER pendant de nombreuses ann\u00e9es.<\/p>\n<p><strong>Remarque importante<\/strong> : utilisez exclusivement ce spray de s\u00e9paration et de glissement pour les indicateurs de score originaux MATCH POINTER. D&rsquo;autres produits ou huiles peuvent entra\u00eener un collage et rendre le MATCH POINTER inutilisable.<\/p>\n<p><strong>Contenu de la bombe<\/strong> : 400 ml<\/p>\n","protected":false},"excerpt":{"rendered":"<ul>\n<li>Spray de s\u00e9paration et de glissement sp\u00e9cial pour <a href=\"https:\/\/ruckstuhlsport.ch\/shop\/tennis\/platzausruestung\/spielstandanzeigen\/spielstandanzeige-match-pointer\/\">l&rsquo;affichage du score Match Pointer<\/a><\/li>\n<li>Assure un mouvement sans effort des disques rotatifs<\/li>\n<li>Facile \u00e0 appliquer, dure toute une saison<\/li>\n<li>Emp\u00eache le collage d\u00fb aux intemp\u00e9ries<\/li>\n<li>Contenu : 400 ml<\/li>\n<\/ul>\n","protected":false},"featured_media":18628,"template":"","meta":{"_crdt_document":"","_uag_custom_page_level_css":"","site-sidebar-layout":"default","site-content-layout":"default","ast-site-content-layout":"default","site-content-style":"default","site-sidebar-style":"default","ast-global-header-display":"","ast-banner-title-visibility":"","ast-main-header-display":"","ast-hfb-above-header-display":"","ast-hfb-below-header-display":"","ast-hfb-mobile-header-display":"","site-post-title":"","ast-breadcrumbs-content":"","ast-featured-img":"","footer-sml-layout":"","ast-disable-related-posts":"","theme-transparent-header-meta":"default","adv-header-id-meta":"","stick-header-meta":"default","header-above-stick-meta":"","header-main-stick-meta":"","header-below-stick-meta":"","astra-migrate-meta-layouts":"set","ast-page-background-enabled":"default","ast-page-background-meta":{"desktop":{"background-color":"","background-image":"","background-repeat":"repeat","background-position":"center center","background-size":"auto","background-attachment":"scroll","background-type":"","background-media":"","overlay-type":"","overlay-color":"","overlay-opacity":"","overlay-gradient":""},"tablet":{"background-color":"","background-image":"","background-repeat":"repeat","background-position":"center center","background-size":"auto","background-attachment":"scroll","background-type":"","background-media":"","overlay-type":"","overlay-color":"","overlay-opacity":"","overlay-gradient":""},"mobile":{"background-color":"","background-image":"","background-repeat":"repeat","background-position":"center center","background-size":"auto","background-attachment":"scroll","background-type":"","background-media":"","overlay-type":"","overlay-color":"","overlay-opacity":"","overlay-gradient":""}},"ast-content-background-meta":{"desktop":{"background-color":"var(--ast-global-color-5)","background-image":"","background-repeat":"repeat","background-position":"center center","background-size":"auto","background-attachment":"scroll","background-type":"","background-media":"","overlay-type":"","overlay-color":"","overlay-opacity":"","overlay-gradient":""},"tablet":{"background-color":"var(--ast-global-color-5)","background-image":"","background-repeat":"repeat","background-position":"center center","background-size":"auto","background-attachment":"scroll","background-type":"","background-media":"","overlay-type":"","overlay-color":"","overlay-opacity":"","overlay-gradient":""},"mobile":{"background-color":"var(--ast-global-color-5)","background-image":"","background-repeat":"repeat","background-position":"center center","background-size":"auto","background-attachment":"scroll","background-type":"","background-media":"","overlay-type":"","overlay-color":"","overlay-opacity":"","overlay-gradient":""}}},"product_brand":[],"product_cat":[934,1296,1305],"product_tag":[],"class_list":{"0":"post-18624","1":"product","2":"type-product","3":"status-publish","4":"has-post-thumbnail","6":"product_cat-tennis","7":"product_cat-equipement-courts-tennis","8":"product_cat-panneau-daffichage-score-tennis","9":"product_shipping_class-marchandise-volumineuse","10":"pa_groesse-l-fr","11":"pa_groesse-m-fr","12":"desktop-align-center","13":"tablet-align-center","14":"mobile-align-center","15":"ast-product-gallery-layout-horizontal","16":"ast-product-gallery-with-no-image","17":"ast-product-tabs-layout-horizontal","19":"first","20":"onbackorder","21":"taxable","22":"shipping-taxable","23":"purchasable","24":"product-type-simple"},"uagb_featured_image_src":{"full":["https:\/\/ruckstuhlsport.ch\/wp-content\/uploads\/trenn-gleitspray-match-pointer.webp",1000,1000,false],"thumbnail":["https:\/\/ruckstuhlsport.ch\/wp-content\/uploads\/trenn-gleitspray-match-pointer-150x150.webp",150,150,true],"medium":["https:\/\/ruckstuhlsport.ch\/wp-content\/uploads\/trenn-gleitspray-match-pointer-300x300.webp",300,300,true],"medium_large":["https:\/\/ruckstuhlsport.ch\/wp-content\/uploads\/trenn-gleitspray-match-pointer-768x768.webp",768,768,true],"large":["https:\/\/ruckstuhlsport.ch\/wp-content\/uploads\/trenn-gleitspray-match-pointer.webp",1000,1000,false],"1536x1536":["https:\/\/ruckstuhlsport.ch\/wp-content\/uploads\/trenn-gleitspray-match-pointer.webp",1000,1000,false],"2048x2048":["https:\/\/ruckstuhlsport.ch\/wp-content\/uploads\/trenn-gleitspray-match-pointer.webp",1000,1000,false],"woocommerce_thumbnail":["https:\/\/ruckstuhlsport.ch\/wp-content\/uploads\/trenn-gleitspray-match-pointer-300x300.webp",300,300,true],"woocommerce_single":["https:\/\/ruckstuhlsport.ch\/wp-content\/uploads\/trenn-gleitspray-match-pointer-600x600.webp",600,600,true],"woocommerce_gallery_thumbnail":["https:\/\/ruckstuhlsport.ch\/wp-content\/uploads\/trenn-gleitspray-match-pointer-100x100.webp",100,100,true],"wc_order_status_icon":["https:\/\/ruckstuhlsport.ch\/wp-content\/uploads\/trenn-gleitspray-match-pointer-32x32.webp",32,32,true],"dgwt-wcas-product-suggestion":["https:\/\/ruckstuhlsport.ch\/wp-content\/uploads\/trenn-gleitspray-match-pointer-64x64.webp",64,64,true]},"uagb_author_info":{"display_name":"admin","author_link":"https:\/\/ruckstuhlsport.ch\/fr\/author\/"},"uagb_comment_info":0,"uagb_excerpt":"Spray de s\u00e9paration et de glissement sp\u00e9cial pour l'affichage du score Match Pointer Assure un mouvement sans effort des disques rotatifs Facile \u00e0 appliquer, dure toute une saison Emp\u00eache le collage d\u00fb aux intemp\u00e9ries Contenu : 400 ml","_links":{"self":[{"href":"https:\/\/ruckstuhlsport.ch\/fr\/wp-json\/wp\/v2\/product\/18624","targetHints":{"allow":["GET"]}}],"collection":[{"href":"https:\/\/ruckstuhlsport.ch\/fr\/wp-json\/wp\/v2\/product"}],"about":[{"href":"https:\/\/ruckstuhlsport.ch\/fr\/wp-json\/wp\/v2\/types\/product"}],"wp:featuredmedia":[{"embeddable":true,"href":"https:\/\/ruckstuhlsport.ch\/fr\/wp-json\/wp\/v2\/media\/18628"}],"wp:attachment":[{"href":"https:\/\/ruckstuhlsport.ch\/fr\/wp-json\/wp\/v2\/media?parent=18624"}],"wp:term":[{"taxonomy":"product_brand","embeddable":true,"href":"https:\/\/ruckstuhlsport.ch\/fr\/wp-json\/wp\/v2\/product_brand?post=18624"},{"taxonomy":"product_cat","embeddable":true,"href":"https:\/\/ruckstuhlsport.ch\/fr\/wp-json\/wp\/v2\/product_cat?post=18624"},{"taxonomy":"product_tag","embeddable":true,"href":"https:\/\/ruckstuhlsport.ch\/fr\/wp-json\/wp\/v2\/product_tag?post=18624"}],"curies":[{"name":"wp","href":"https:\/\/api.w.org\/{rel}","templated":true}]}}